{"id":144,"date":"2016-04-26T09:14:13","date_gmt":"2016-04-26T13:14:13","guid":{"rendered":"https:\/\/site.csdessommets.qc.ca\/aide\/pages\/"},"modified":"2019-01-31T13:51:48","modified_gmt":"2019-01-31T18:51:48","slug":"pages","status":"publish","type":"page","link":"https:\/\/site.csdessommets.qc.ca\/aide\/pages\/","title":{"rendered":"Pages"},"content":{"rendered":"<h3>\n\t\tTypes de page<br \/>\n\t<\/h3>\n<p>On retrouve principalement deux diff\u00e9rents type de pages.<\/p>\n<ol>\n<li>La page standard\n<ol>\n<li>C&rsquo;est une page pr\u00eate \u00e0 \u00eatre construite avec le constructeur de page.<\/li>\n<\/ol>\n<\/li>\n<li>L&rsquo;\u00e9l\u00e9ment de menu d\u00e9roulant\n<ol>\n<li>C&rsquo;est un \u00e9l\u00e9ment de menu qui permettra d&rsquo;ordonner des pages sous cet \u00e9l\u00e9ment. \u00a0Cliquez sur cette item du menu n&rsquo;a aucun effet.<\/li>\n<\/ol>\n<\/li>\n<li>La page reli\u00e9e \u00e0 des articles.\n<ol>\n<li>C&rsquo;est une page qui affiche les articles d&rsquo;une cat\u00e9gorie pr\u00e9cises. \u00a0On ne peut la modifier avec le constructeur de pages.<\/li>\n<li>Pour plus de souplesses, vous pouvez utiliser la page standard, avec le module \u00ab\u00a0<a href=\"https:\/\/site.csdessommets.qc.ca\/aide\/articles\/\" target=\"_blank\">articles<\/a>\u00ab\u00a0.<\/li>\n<\/ol>\n<\/li>\n<\/ol>\n<p><strong>Tutoriels sur la gestion des pages<\/strong><\/p>\n<p>Plusieurs articles se r\u00e9f\u00e8rent \u00e0 la gestion des pages.<\/p>\n<p>Utilisez les boutons en bas de page pour\u00a0consulter les articles \u00e9tape par \u00e9tape ou acc\u00e9der directement \u00e0 un article via le menu ci-bas :<\/p>\n<ul>\n<li><a href=\"..\/creation-dune-page-standard\/\">Cr\u00e9er d&rsquo;une page standard<\/a><\/li>\n<li><a href=\"..\/renommer-une-page-standard\/\">Renommer une page standard<\/a><\/li>\n<li><a href=\"..\/ne-pas-afficher-une-page-ou-une-categorie-dans-le-menu\/\">Cacher une page du menu<\/a><\/li>\n<li><a href=\"..\/creer-un-menu-deroulant\/\">Cr\u00e9er un menu d\u00e9roulant<\/a><\/li>\n<li><a href=\"https:\/\/site.csdessommets.qc.ca\/aide\/ne-pas-afficher-une-page-ou-une-categorie-dans-le-menu\/\">Cacher un item du menu<\/a><\/li>\n<\/ul>\n<p>\t\t\t<a href=\"https:\/\/site.csdessommets.qc.ca\/aide\/creation-dune-page-standard\/\" target=\"_self\" role=\"button\"><br \/>\n\t\t\t\t\t\t\tCr\u00e9ation d&rsquo;une page standard<br \/>\n\t\t\t<\/a><\/p>\n","protected":false},"excerpt":{"rendered":"<p>Types de page On retrouve principalement deux diff\u00e9rents type de pages. La page standard C&rsquo;est une page pr\u00eate \u00e0 \u00eatre construite avec le constructeur de page. L&rsquo;\u00e9l\u00e9ment de menu d\u00e9roulant C&rsquo;est un \u00e9l\u00e9ment de menu qui permettra d&rsquo;ordonner des pages sous cet \u00e9l\u00e9ment. \u00a0Cliquez sur cette item du menu n&rsquo;a aucun effet. La page reli\u00e9e&hellip;<\/p>\n","protected":false},"author":2,"featured_media":0,"parent":0,"menu_order":0,"comment_status":"closed","ping_status":"closed","template":"","meta":{"footnotes":""},"class_list":["post-144","page","type-page","status-publish","hentry"],"_links":{"self":[{"href":"https:\/\/site.csdessommets.qc.ca\/aide\/wp-json\/wp\/v2\/pages\/144","targetHints":{"allow":["GET"]}}],"collection":[{"href":"https:\/\/site.csdessommets.qc.ca\/aide\/wp-json\/wp\/v2\/pages"}],"about":[{"href":"https:\/\/site.csdessommets.qc.ca\/aide\/wp-json\/wp\/v2\/types\/page"}],"author":[{"embeddable":true,"href":"https:\/\/site.csdessommets.qc.ca\/aide\/wp-json\/wp\/v2\/users\/2"}],"replies":[{"embeddable":true,"href":"https:\/\/site.csdessommets.qc.ca\/aide\/wp-json\/wp\/v2\/comments?post=144"}],"version-history":[{"count":9,"href":"https:\/\/site.csdessommets.qc.ca\/aide\/wp-json\/wp\/v2\/pages\/144\/revisions"}],"predecessor-version":[{"id":918,"href":"https:\/\/site.csdessommets.qc.ca\/aide\/wp-json\/wp\/v2\/pages\/144\/revisions\/918"}],"wp:attachment":[{"href":"https:\/\/site.csdessommets.qc.ca\/aide\/wp-json\/wp\/v2\/media?parent=144"}],"curies":[{"name":"wp","href":"https:\/\/api.w.org\/{rel}","templated":true}]}}