{"id":3,"date":"2015-10-27T18:43:51","date_gmt":"2015-10-27T17:43:51","guid":{"rendered":"http:\/\/classessync.csdessommets.qc.ca\/aide\/accueil\/"},"modified":"2019-01-31T09:08:48","modified_gmt":"2019-01-31T14:08:48","slug":"accueil","status":"publish","type":"page","link":"https:\/\/site.csdessommets.qc.ca\/aide\/","title":{"rendered":"Accueil"},"content":{"rendered":"<h5>\n\t\tConstruire et publier un site web avec SITE<br \/>\n\t<\/h5>\n<h5>\n\t\tDes nouvelles de l&rsquo;\u00e9quipe<br \/>\n\t<\/h5>\n<p><em>Passez le curseur sur les tuiles pour voir le contenu!<\/em><\/p>\n<h4>Cr\u00e9er votre site<\/h4>\n<p>Lors de votre arriv\u00e9e sur SITE, cliquez sur \u00ab\u00a0Cr\u00e9er un nouveau site\u00a0\u00bb<\/p>\n<p><a href=\"https:\/\/site.csdessommets.qc.ca\/aide\/wp-content\/uploads\/sites\/4\/2018\/08\/aide1.png\"><img loading=\"lazy\" decoding=\"async\" src=\"https:\/\/site.csdessommets.qc.ca\/aide\/wp-content\/uploads\/sites\/4\/2018\/08\/aide1.png\" alt=\"\" width=\"396\" height=\"167\" \/><\/a><\/p>\n<p>La fen\u00eatre qui vous appara\u00eet alors vous permet de nommer votre site et de d\u00e9terminer ce qui sera ajout\u00e9 \u00e0 la fin de l&rsquo;URL.<\/p>\n<p><a href=\"https:\/\/site.csdessommets.qc.ca\/aide\/wp-content\/uploads\/sites\/4\/2018\/08\/2018-08-23-08_26_53-SITE-\u2013-Syst\u00e8me-int\u00e9gr\u00e9-de-technologies-\u00e9ducatives.png\"><img loading=\"lazy\" decoding=\"async\" src=\"https:\/\/site.csdessommets.qc.ca\/aide\/wp-content\/uploads\/sites\/4\/2018\/08\/2018-08-23-08_26_53-SITE-\u2013-Syst\u00e8me-int\u00e9gr\u00e9-de-technologies-\u00e9ducatives.png\" alt=\"\" width=\"1139\" height=\"148\" \/><\/a><\/p>\n<p>Cliquez dans la case vide vis-\u00e0-vis \u00ab\u00a0Nom\u00a0\u00bb pour ajouter le nom de votre site. Le nom du site, c&rsquo;est ce qui sera affich\u00e9 en haut de votre page d&rsquo;accueil.<\/p>\n<p>En cliquant dans la case \u00ab\u00a0URL du site\u00a0\u00bb une fonction reprendra le nom de votre site en enlevant les majuscules, les espaces et les caract\u00e8res sp\u00e9ciaux. Cette contraction pourrait devenir la fin de l&rsquo;URL de votre site. Toutefois, vous pouvez la modifier, mais n&rsquo;oubliez pas d&rsquo;utiliser uniquement des caract\u00e8res alphanum\u00e9riques minuscules, sans espaces, sans accents ni caract\u00e8res sp\u00e9ciaux. Optez pour quelque chose de court et de facile \u00e0 retenir.<\/p>\n<p>*Voici un exemple d&rsquo;une URL dans SITE:\u00a0https:\/\/site.csdessommets.qc.ca\/<strong>lenomdevotresite <br \/><\/strong>La partie en caract\u00e8res gras correspond \u00e0 ce que vous aurez ajout\u00e9 \u00e0 \u00ab\u00a0URL du site\u00a0\u00bb<\/p>\n<p>Lorsque c\u2019est fait, cliquez sur \u00ab\u00a0OK\u00a0\u00bb dans le bas de la fen\u00eatre. Il y aura un petit temps d\u2019attente et ensuite\u2026Le site est cr\u00e9\u00e9!<\/p>\n<h4>Le personnaliser<\/h4>\n<p>Afin de \u00ab\u00a0Personnaliser\u00a0\u00bb rapidement votre nouveau site, cliquez sur \u00ab\u00a0Personnaliser\u00a0\u00bb dans la barre de menus en haut de la page et suivez les directives ci-dessous. Pour des r\u00e9glages plus pouss\u00e9s, r\u00e9f\u00e9rez-vous \u00e0 l\u2019article du site d\u2019Aide portant sur ce sujet.<\/p>\n<p>Vous devez maintenant s\u00e9lectionner le \u00ab\u00a0Pr\u00e9r\u00e9glage\u00a0\u00bb de votre site. Le pr\u00e9r\u00e9glage est un th\u00e8me visuel qui sera appliqu\u00e9 \u00e0 toutes vos pages. Parfois il est assez \u00e9labor\u00e9 (ex.\u00a0: primaire, corporatif, etc.) de sorte qu\u2019il vous propose des images en haut et en bas des pages ainsi que certains choix esth\u00e9tiques comme les couleurs du site et le choix des polices de caract\u00e8res qui ne pourront \u00eatre modifi\u00e9es en cours de route. D\u2019autres \u00ab\u00a0Pr\u00e9r\u00e9glages\u00a0\u00bb (ex.\u00a0: Base, Fonc\u00e9, etc.) vous permettront de partir d\u2019un th\u00e8me \u00e9pur\u00e9 et de b\u00e2tir votre site selon votre go\u00fbt, mais aussi en fonction de votre niveau d\u2019expertise!<\/p>\n<p>Cliquez sur \u00ab\u00a0Pr\u00e9r\u00e9glages\u00a0\u00bb dans la Barre de menu lat\u00e9ral gauche.<\/p>\n<p>S\u00e9lectionnez dans la liste un des pr\u00e9r\u00e9glages afin de visualiser son rendu.<\/p>\n<p><a href=\"https:\/\/site.csdessommets.qc.ca\/aide\/wp-content\/uploads\/sites\/4\/2018\/08\/2018-08-23-15_47_45-Personnalisez-testyl.png\"><img loading=\"lazy\" decoding=\"async\" src=\"https:\/\/site.csdessommets.qc.ca\/aide\/wp-content\/uploads\/sites\/4\/2018\/08\/2018-08-23-15_47_45-Personnalisez-testyl.png\" alt=\"\" width=\"370\" height=\"314\" \/><\/a><\/p>\n<p>Lorsque vous avez arr\u00eat\u00e9 votre choix, cliquez sur \u00ab\u00a0Publier\u00a0\u00bb et ensuite sur le \u00ab\u00a0X\u00a0\u00bb pour fermer le menu lat\u00e9ral.<\/p>\n<p><strong><em>Pour aller plus loin&#8230;<\/em><\/strong><\/p>\n<ul>\n<li>\n<p><a href=\"https:\/\/site.csdessommets.qc.ca\/aide\/ajouter-une-image-dans-mon-entete\/\" target=\"_blank\" rel=\"noopener\">Ajouter une image \u00e0 mon ent\u00eate<\/a><\/p>\n<\/li>\n<\/ul>\n<h4>Y mettre du contenu<\/h4>\n<p>Vous avez maintenant un site avec une seule page et vous allez y ajouter du contenu.<\/p>\n<p>Le principe de l\u2019ajout de contenu est assez simple dans SITE. Pour \u00ab\u00a0Construire\u00a0\u00bb la page que vous avez \u00e0 l\u2019\u00e9cran, vous devez cliquer sur le menu d\u2019acc\u00e8s \u00ab\u00a0Constructeur de page\u00a0\u00bb .<\/p>\n<p><a href=\"https:\/\/site.csdessommets.qc.ca\/aide\/wp-content\/uploads\/sites\/4\/2018\/08\/2018-08-27-09_50_20-testyl.png\"><img loading=\"lazy\" decoding=\"async\" src=\"https:\/\/site.csdessommets.qc.ca\/aide\/wp-content\/uploads\/sites\/4\/2018\/08\/2018-08-27-09_50_20-testyl.png\" alt=\"\" width=\"635\" height=\"28\" \/><\/a><\/p>\n<p>Un menu lat\u00e9ral apparaitra \u00e0 droite de l\u2019\u00e9cran. Pour ajouter des \u00e9l\u00e9ments \u00e0 votre page, vous devez les s\u00e9lectionner et les glisser dans votre page.<\/p>\n<p>Une page web est un tableau avec un assemblage de cellules dont les contours ne sont pas visibles. Lors de la conception d\u2019une page, vous devez donc vous demander comment l\u2019espace sera divis\u00e9. Dans SITE, l\u2019organisation de la page se traduit par l\u2019ajout de rang\u00e9es dans lesquelles viennent se placer des colonnes. En cliquand sur le \u00ab\u00a0Constructeur de pages\u00a0\u00bb SITE ajoute automatiquement une rang\u00e9 avec 1 colonne. Il est donc possible d\u2019ajouter directement des modules si vous n\u2019avez pas besoin d\u2019une division particuli\u00e8re de la page.<\/p>\n<p><a href=\"https:\/\/site.csdessommets.qc.ca\/aide\/wp-content\/uploads\/sites\/4\/2018\/08\/2018-08-27-15_01_43-aide.docx-Word.png\"><img loading=\"lazy\" decoding=\"async\" src=\"https:\/\/site.csdessommets.qc.ca\/aide\/wp-content\/uploads\/sites\/4\/2018\/08\/2018-08-27-15_01_43-aide.docx-Word.png\" alt=\"\" width=\"963\" height=\"497\" \/><\/a><\/p>\n<p>Pour une disposition particuli\u00e8re des \u00e9l\u00e9ments, il faut alors faire appel au menu \u00ab\u00a0Rang\u00e9es\u00a0\u00bb. Ce dernier vous propose des rang\u00e9es comportant 1 ou plusieurs colonnes. Vous pouvez empiler dans votre page le nombre de rang\u00e9es souhait\u00e9.<\/p>\n<p><a href=\"https:\/\/site.csdessommets.qc.ca\/aide\/wp-content\/uploads\/sites\/4\/2018\/08\/2018-08-27-10_17_01-aide.docx-Word.png\"><img loading=\"lazy\" decoding=\"async\" src=\"https:\/\/site.csdessommets.qc.ca\/aide\/wp-content\/uploads\/sites\/4\/2018\/08\/2018-08-27-10_17_01-aide.docx-Word.png\" alt=\"\" width=\"355\" height=\"585\" \/><\/a><\/p>\n<p>Pour ajouter du contenu dans une cellule de votre page, vous y glissez un module dans lequel vous devrez ajouter les \u00e9l\u00e9ments textes ou visuels de votre choix. La plupart des modules sont d\u00e9crits dans la section \u00ab\u00a0Modules\u00a0\u00bb du site d\u2019Aide.<\/p>\n<p><a href=\"https:\/\/site.csdessommets.qc.ca\/aide\/wp-content\/uploads\/sites\/4\/2018\/08\/2018-08-27-10_13_19-testyl.png\"><img loading=\"lazy\" decoding=\"async\" src=\"https:\/\/site.csdessommets.qc.ca\/aide\/wp-content\/uploads\/sites\/4\/2018\/08\/2018-08-27-10_13_19-testyl.png\" alt=\"\" width=\"1430\" height=\"463\" \/><\/a><\/p>\n<p>Prenons par exemple l\u2019ajout d\u2019une s\u00e9quence audio. Vous glissez le module \u00ab\u00a0Audio\u00a0\u00bb dans la page. La fen\u00eatre de configuration du module vous offre d\u2019ajouter \u00e0 la \u00ab\u00a0M\u00e9diath\u00e8que\u00a0\u00bb de votre site une s\u00e9quence en format mp3 que vous avez dans votre ordinateur ou de faire un \u00ab\u00a0Lien\u00a0\u00bb vers un fichier audio qui se trouve sur le web.<\/p>\n<p><a href=\"https:\/\/site.csdessommets.qc.ca\/aide\/wp-content\/uploads\/sites\/4\/2018\/08\/2018-08-27-10_26_21-testyl.png\"><img loading=\"lazy\" decoding=\"async\" src=\"https:\/\/site.csdessommets.qc.ca\/aide\/wp-content\/uploads\/sites\/4\/2018\/08\/2018-08-27-10_26_21-testyl.png\" alt=\"\" width=\"520\" height=\"247\" \/><\/a><\/p>\n<p>Lors de l\u2019ajout d\u2019une image, d\u2019une vid\u00e9o ou d\u2019une s\u00e9quence sonore que vous avez dans votre ordinateur, la fa\u00e7on de faire est \u00e0 habituellement toujours la m\u00eame\u00a0: Vous cliquez sur \u00ab\u00a0Ajouter\u00a0\u00bb l\u2019\u00e9l\u00e9ment \u00e0 votre m\u00e9diath\u00e8que et ensuite vous s\u00e9lectionnez cet \u00e9l\u00e9ment pour l\u2019ajouter \u00e0 votre site.<\/p>\n<p><a href=\"https:\/\/site.csdessommets.qc.ca\/aide\/wp-content\/uploads\/sites\/4\/2018\/08\/2018-08-27-10_26_48-testyl.png\"><img loading=\"lazy\" decoding=\"async\" src=\"https:\/\/site.csdessommets.qc.ca\/aide\/wp-content\/uploads\/sites\/4\/2018\/08\/2018-08-27-10_26_48-testyl.png\" alt=\"\" width=\"508\" height=\"257\" \/><\/a><\/p>\n<p>Pour chaque module, plusieurs autres param\u00e8tres peuvent \u00eatre ajust\u00e9s, vous les d\u00e9couvrirez lors d\u2019une formation ou dans les multiples capsules d\u2019aides que nous vous proposons.<\/p>\n<p>Lorsque vous voulez ajouter du texte \u00e0 votre site, vous devez s\u00e9lectionner le module \u00ab\u00a0Zone de texte\u00a0\u00bb. Il vous apparait alors une fen\u00eatre d\u2019\u00e9dition standard dans laquelle vous pouvez formater les texte comme vous le d\u00e9sirez. Ce module vous permet aussi d\u2019ajouter des images ou d\u2019autres m\u00e9dias (Ajouter un m\u00e9dia).<\/p>\n<p><a href=\"https:\/\/site.csdessommets.qc.ca\/aide\/wp-content\/uploads\/sites\/4\/2018\/08\/2018-08-27-10_52_57-testyl.png\"><img loading=\"lazy\" decoding=\"async\" src=\"https:\/\/site.csdessommets.qc.ca\/aide\/wp-content\/uploads\/sites\/4\/2018\/08\/2018-08-27-10_52_57-testyl.png\" alt=\"\" width=\"970\" height=\"847\" \/><\/a><\/p>\n<p>Une fois votre travail termin\u00e9, vous devez \u00ab\u00a0Publier\u00a0\u00bb votre page. Pour ce faire, cliquez sur \u00ab\u00a0Terminer\u00a0\u00bb en haut \u00e0 droite et ensuite sur \u00ab\u00a0Publier les changements\u00a0\u00bb.<\/p>\n<p><a href=\"https:\/\/site.csdessommets.qc.ca\/aide\/wp-content\/uploads\/sites\/4\/2018\/08\/2018-08-27-10_49_17-testyl.png\"><img loading=\"lazy\" decoding=\"async\" src=\"https:\/\/site.csdessommets.qc.ca\/aide\/wp-content\/uploads\/sites\/4\/2018\/08\/2018-08-27-10_49_17-testyl.png\" alt=\"\" width=\"442\" height=\"113\" \/><\/a><\/p>\n<p>Vous pouvez revenir dans une page publi\u00e9e pour y faire des changements sans probl\u00e8me. Il vous suffit de cliquer sur \u00ab\u00a0Constructeur de pages\u00a0\u00bb et de cliquer sur le module qui demande \u00e0 \u00eatre modifi\u00e9. Vous pouvez aussi cliquer sur la \u00ab\u00a0Cl\u00e9 anglaise\u00a0\u00bb afin de modifier le contenu d\u2019un module.<\/p>\n<p><a href=\"https:\/\/site.csdessommets.qc.ca\/aide\/wp-content\/uploads\/sites\/4\/2018\/08\/2018-08-27-11_01_17-testyl.png\"><img loading=\"lazy\" decoding=\"async\" src=\"https:\/\/site.csdessommets.qc.ca\/aide\/wp-content\/uploads\/sites\/4\/2018\/08\/2018-08-27-11_01_17-testyl.png\" alt=\"\" width=\"202\" height=\"53\" \/><\/a><\/p>\n<p><strong>Attention<\/strong>\u00a0: La cl\u00e9 anglaise est aussi l\u2019ic\u00f4ne d\u2019acc\u00e8s permettant de modifier les param\u00e8tres d\u2019une rang\u00e9e.<\/p>\n<p><strong><em>Pour aller plus loin&#8230;<\/em><\/strong><\/p>\n<ul>\n<li><a href=\"https:\/\/site.csdessommets.qc.ca\/aide\/ajouter-un-pdf-dans-une-page\/\" target=\"_blank\" rel=\"noopener\">Ajouter un PDF dans une page<\/a><\/li>\n<li><a href=\"https:\/\/site.csdessommets.qc.ca\/aide\/ajouter-un-lien-web-ou-video\/\" target=\"_blank\" rel=\"noopener\">Ajouter un lien web ou vid\u00e9o<\/a><\/li>\n<li><a href=\"https:\/\/site.csdessommets.qc.ca\/aide\/ajouter-ou-modifier-un-titre-dans-une-page\/\" target=\"_blank\" rel=\"noopener\">Ajouter ou modifier un titre dans une page<\/a><\/li>\n<li><a href=\"https:\/\/site.csdessommets.qc.ca\/aide\/ajouter-du-texte-dans-une-page\/\" target=\"_blank\" rel=\"noopener\">Ajouter du texte dans une page<\/a><\/li>\n<li><a href=\"https:\/\/site.csdessommets.qc.ca\/aide\/faire-un-lien-vers-un-document\/\" target=\"_blank\" rel=\"noopener\">Faire un lien vers un document<\/a><\/li>\n<li><a href=\"https:\/\/site.csdessommets.qc.ca\/aide\/video\/\" target=\"_blank\" rel=\"noopener\">Ins\u00e9rer un vid\u00e9o dans une page<\/a><\/li>\n<\/ul>\n<h4>Y ajouter des pages<\/h4>\n<p><a href=\"https:\/\/site.csdessommets.qc.ca\/aide\/wp-content\/uploads\/sites\/4\/2018\/08\/2018-08-27-11_21_35-testyl.png\"><img loading=\"lazy\" decoding=\"async\" src=\"https:\/\/site.csdessommets.qc.ca\/aide\/wp-content\/uploads\/sites\/4\/2018\/08\/2018-08-27-11_21_35-testyl.png\" alt=\"\" width=\"624\" height=\"37\" \/><\/a><\/p>\n<p>Le menu \u00ab\u00a0Pages\u00a0\u00bb vous permet d\u2019ajouter et de g\u00e9rer les pages de votre site.<\/p>\n<p>Une fois dans l\u2019interface de gestion des pages vous n\u2019avez qu\u2019\u00e0 cliquer sur \u00ab\u00a0Ajouter\u00a0\u00bb et sur \u00ab\u00a0Page standard\u00a0\u00bb pour ajouter une nouvelle page \u00e0 votre site.<\/p>\n<p><a href=\"https:\/\/site.csdessommets.qc.ca\/aide\/wp-content\/uploads\/sites\/4\/2018\/08\/2018-08-27-11_24_23-testyl.png\"><img loading=\"lazy\" decoding=\"async\" src=\"https:\/\/site.csdessommets.qc.ca\/aide\/wp-content\/uploads\/sites\/4\/2018\/08\/2018-08-27-11_24_23-testyl.png\" alt=\"\" width=\"1333\" height=\"425\" \/><\/a><\/p>\n<p>D\u00e9terminez le nom de cette page, cliquez sur \u00ab\u00a0OK\u00a0\u00bb et fermez la fen\u00eatre ou cliquez encore sur \u00ab\u00a0OK\u00a0\u00bb. Le nom de cette nouvelle page s\u2019affichera dans le menu situ\u00e9 en haut de la fen\u00eatre et apparaitra sur toutes vos pages. Pour \u00e9diter la page, cliquez sur son nom dans le menu sup\u00e9rieur de votre site et ensuite sur \u00ab\u00a0Constructeur de pages\u00a0\u00bb.<\/p>\n<p><a href=\"https:\/\/site.csdessommets.qc.ca\/aide\/wp-content\/uploads\/sites\/4\/2018\/08\/2018-08-27-15_09_06-aide.docx-Word.png\"><img loading=\"lazy\" decoding=\"async\" src=\"https:\/\/site.csdessommets.qc.ca\/aide\/wp-content\/uploads\/sites\/4\/2018\/08\/2018-08-27-15_09_06-aide.docx-Word.png\" alt=\"\" width=\"788\" height=\"510\" \/><\/a><\/p>\n<p>Lorsque vous \u00eates dans l\u2019interface de gestion des pages, en plus de pouvoir ajouter plusieurs types de pages, vous pouvez effectuer d\u2019autres op\u00e9rations comme modifier l\u2019ordre des pages, ajouter un mot de passe sur une page, etc. Plusieurs articles du site d\u2019aide portent sur ce sujet.<\/p>\n<p><strong><em>Pour aller plus loin&#8230;<\/em><\/strong><\/p>\n<ul>\n<li><a href=\"https:\/\/site.csdessommets.qc.ca\/aide\/creer-un-menu-deroulant\/\" target=\"_blank\" rel=\"noopener\">Cr\u00e9er un menu d\u00e9roulant<\/a><\/li>\n<li><a href=\"https:\/\/site.csdessommets.qc.ca\/aide\/pages\/\" target=\"_blank\" rel=\"noopener\">Gestion des pages<\/a><\/li>\n<\/ul>\n<h4>Y acc\u00e9der<\/h4>\n<p>L\u2019adresse qui apparait en haut de votre site lorsque vous \u00eates sortie du \u00ab\u00a0Constructeur de pages\u00a0\u00bb est l\u2019adresse que vous pouvez partager avec vos coll\u00e8gues, les parents de vos \u00e9l\u00e8ves, etc. Le site est public et peut \u00eatre accessible de partout. Si vous d\u00e9sirez en restreindre l\u2019acc\u00e8s, consultez la section suivante de l\u2019aide \u00ab\u00a0<a href=\"https:\/\/site.csdessommets.qc.ca\/aide\/blog\/categorie\/gestion\/utilisateurssecurite\/\">Utilisateurs et s\u00e9curit\u00e9\u00a0<\/a>\u00bb.<\/p>\n<p><strong><em>Pour aller plus loin&#8230;<\/em><\/strong><\/p>\n<ul>\n<li><a href=\"https:\/\/site.csdessommets.qc.ca\/aide\/permettre-a-google-de-referencer-mon-site\/\" target=\"_blank\" rel=\"noopener\">Permettre \u00e0 Google de r\u00e9f\u00e9rencer mon site<\/a><\/li>\n<\/ul>\n<p>\u00a0<\/p>\n<p><sup><a href=\"https:\/\/site.csdessommets.qc.ca\/aide\/wp-content\/uploads\/sites\/4\/2018\/08\/aide.pdf\" target=\"_blank\" rel=\"noopener\">Document complet en format PDF<\/a><\/sup><\/p>\n<h5>Votre plateforme de site web pr\u00e9f\u00e9r\u00e9e fait peau neuve!<\/h5>\n<p>\t\t\t<!-- END .front --><\/p>\n<h5>\u00c9poustouflant!<\/h5>\n<p>Nous avons travaill\u00e9 fort l&rsquo;an dernier pour modifier l&rsquo;interface d&rsquo;accueil mais bien plus que cela! Nous avons \u00e9galement ajout\u00e9 des modules avanc\u00e9s qui vous permettront de faire des choses encore plus \u00ab\u00a0HOT\u00a0\u00bb dans SITE!\u00a0 Vous serez un peu d\u00e9sorient\u00e9 au d\u00e9but, mais vous allez rapidement vous y faire car la logique des op\u00e9rations est encore la m\u00eame. Bienvenue dans SITE 2.0!<\/p>\n<p>\t\t\t<!-- END .back --><br \/>\n\t\t <!-- ifb-flip-box --><br \/>\n\t <!-- flip-box --><\/p>\n<h5>Recherche multisites<br \/><\/h5>\n<p>\t\t\t<!-- END .front --><\/p>\n<h5>Chercher dans plus d&rsquo;un site<\/h5>\n<p>Il est maintenant possible de faire une recherche dans plusieurs sites \u00e0 partir d&rsquo;un portail ou d&rsquo;un \u00ab\u00a0site m\u00e8re\u00a0\u00bb. Mais o\u00f9 fait-on la chose? \u00c0 partir de votre tableau bord. Acc\u00e9dez \u00e0 l&rsquo;article en utilisant la recherche!<\/p>\n<p>\t\t\t<!-- END .back --><br \/>\n\t\t <!-- ifb-flip-box --><br \/>\n\t <!-- flip-box --><\/p>\n<h1>\n\t\tDerniers articles<br \/>\n\t<\/h1>\n","protected":false},"excerpt":{"rendered":"<p>Construire et publier un site web avec SITE Des nouvelles de l&rsquo;\u00e9quipe Passez le curseur sur les tuiles pour voir le contenu! Cr\u00e9er votre site Lors de votre arriv\u00e9e sur SITE, cliquez sur \u00ab\u00a0Cr\u00e9er un nouveau site\u00a0\u00bb La fen\u00eatre qui vous appara\u00eet alors vous permet de nommer votre site et de d\u00e9terminer ce qui sera&hellip;<\/p>\n","protected":false},"author":3,"featured_media":0,"parent":0,"menu_order":1,"comment_status":"closed","ping_status":"closed","template":"","meta":{"footnotes":""},"class_list":["post-3","page","type-page","status-publish","hentry"],"_links":{"self":[{"href":"https:\/\/site.csdessommets.qc.ca\/aide\/wp-json\/wp\/v2\/pages\/3","targetHints":{"allow":["GET"]}}],"collection":[{"href":"https:\/\/site.csdessommets.qc.ca\/aide\/wp-json\/wp\/v2\/pages"}],"about":[{"href":"https:\/\/site.csdessommets.qc.ca\/aide\/wp-json\/wp\/v2\/types\/page"}],"author":[{"embeddable":true,"href":"https:\/\/site.csdessommets.qc.ca\/aide\/wp-json\/wp\/v2\/users\/3"}],"replies":[{"embeddable":true,"href":"https:\/\/site.csdessommets.qc.ca\/aide\/wp-json\/wp\/v2\/comments?post=3"}],"version-history":[{"count":38,"href":"https:\/\/site.csdessommets.qc.ca\/aide\/wp-json\/wp\/v2\/pages\/3\/revisions"}],"predecessor-version":[{"id":738,"href":"https:\/\/site.csdessommets.qc.ca\/aide\/wp-json\/wp\/v2\/pages\/3\/revisions\/738"}],"wp:attachment":[{"href":"https:\/\/site.csdessommets.qc.ca\/aide\/wp-json\/wp\/v2\/media?parent=3"}],"curies":[{"name":"wp","href":"https:\/\/api.w.org\/{rel}","templated":true}]}}