{"id":99,"date":"2016-04-18T18:01:10","date_gmt":"2016-04-18T17:01:10","guid":{"rendered":"https:\/\/site.csdessommets.qc.ca\/aide\/video\/"},"modified":"2017-12-01T11:56:40","modified_gmt":"2017-12-01T16:56:40","slug":"video","status":"publish","type":"page","link":"https:\/\/site.csdessommets.qc.ca\/aide\/video\/","title":{"rendered":"Vid\u00e9o"},"content":{"rendered":"<h3>\n\t\tIns\u00e9rer un vid\u00e9o dans une page<br \/>\n\t<\/h3>\n<p>Glisser un vid\u00e9o depuis la barre d&rsquo;outils du constructeur de page.<\/p>\n<p>\t\t\t\t<img loading=\"lazy\" decoding=\"async\" src=\"https:\/\/site.csdessommets.qc.ca\/aide\/wp-content\/uploads\/sites\/4\/2016\/04\/video1.png\" alt=\"video1\" itemprop=\"image\" height=\"378\" width=\"307\"  \/><\/p>\n<p>Vous pouvez choisir un vid\u00e9o dans la m\u00e9diath\u00e8que. Le format mp4 avec encodage AVCHD est recommand\u00e9. \u00a0Le petit logiciel Format Factory permet de convertir un vid\u00e9o facilement.<\/p>\n<p>Ou encore, vous pouvez encastrer un vid\u00e9o depuis Internet.<\/p>\n<p>Par exemple, pour le faire depuis Youtube, faites un clique droit sur la vid\u00e9o, puis s\u00e9lectionner \u00ab\u00a0copier le code d&rsquo;int\u00e9gration.\u00a0\u00bb<\/p>\n<p>\t\t\t\t<img loading=\"lazy\" decoding=\"async\" src=\"https:\/\/site.csdessommets.qc.ca\/aide\/wp-content\/uploads\/sites\/4\/2017\/12\/encastrerDepuisYoutube.png\" alt=\"encastrerDepuisYoutube\" itemprop=\"image\" height=\"594\" width=\"1184\"  \/><\/p>\n<p>Vous pouvez alors copier code dans la fen\u00eatre des param\u00e8tres du module.<\/p>\n<p>\t\t\t\t<img loading=\"lazy\" decoding=\"async\" src=\"https:\/\/site.csdessommets.qc.ca\/aide\/wp-content\/uploads\/sites\/4\/2017\/12\/embedVideo.png\" alt=\"embedVideo\" itemprop=\"image\" height=\"706\" width=\"756\"  \/><\/p>\n","protected":false},"excerpt":{"rendered":"<p>Ins\u00e9rer un vid\u00e9o dans une page Glisser un vid\u00e9o depuis la barre d&rsquo;outils du constructeur de page. Vous pouvez choisir un vid\u00e9o dans la m\u00e9diath\u00e8que. Le format mp4 avec encodage AVCHD est recommand\u00e9. \u00a0Le petit logiciel Format Factory permet de convertir un vid\u00e9o facilement. Ou encore, vous pouvez encastrer un vid\u00e9o depuis Internet. Par exemple,&hellip;<\/p>\n","protected":false},"author":3,"featured_media":0,"parent":0,"menu_order":0,"comment_status":"closed","ping_status":"closed","template":"","meta":{"footnotes":""},"class_list":["post-99","page","type-page","status-publish","hentry"],"_links":{"self":[{"href":"https:\/\/site.csdessommets.qc.ca\/aide\/wp-json\/wp\/v2\/pages\/99","targetHints":{"allow":["GET"]}}],"collection":[{"href":"https:\/\/site.csdessommets.qc.ca\/aide\/wp-json\/wp\/v2\/pages"}],"about":[{"href":"https:\/\/site.csdessommets.qc.ca\/aide\/wp-json\/wp\/v2\/types\/page"}],"author":[{"embeddable":true,"href":"https:\/\/site.csdessommets.qc.ca\/aide\/wp-json\/wp\/v2\/users\/3"}],"replies":[{"embeddable":true,"href":"https:\/\/site.csdessommets.qc.ca\/aide\/wp-json\/wp\/v2\/comments?post=99"}],"version-history":[{"count":3,"href":"https:\/\/site.csdessommets.qc.ca\/aide\/wp-json\/wp\/v2\/pages\/99\/revisions"}],"predecessor-version":[{"id":519,"href":"https:\/\/site.csdessommets.qc.ca\/aide\/wp-json\/wp\/v2\/pages\/99\/revisions\/519"}],"wp:attachment":[{"href":"https:\/\/site.csdessommets.qc.ca\/aide\/wp-json\/wp\/v2\/media?parent=99"}],"curies":[{"name":"wp","href":"https:\/\/api.w.org\/{rel}","templated":true}]}}