{"id":12,"date":"2016-04-18T16:10:44","date_gmt":"2016-04-18T15:10:44","guid":{"rendered":"https:\/\/site.csdessommets.qc.ca\/biblio_prim\/info\/"},"modified":"2022-09-14T11:25:17","modified_gmt":"2022-09-14T15:25:17","slug":"info","status":"publish","type":"page","link":"https:\/\/site.csdessommets.qc.ca\/biblio_prim\/info\/","title":{"rendered":"Information"},"content":{"rendered":"\n\n\t<h4><strong>Evelyne Girouard est la biblioth\u00e9caire responsable du dossier des biblioth\u00e8ques scolaires au primaire et au secondaire.<\/strong><\/h4>\n\t\t\t\t<img loading=\"lazy\" decoding=\"async\" src=\"https:\/\/site.csdessommets.qc.ca\/biblio_prim\/wp-content\/uploads\/sites\/15\/2022\/09\/Photo-1.jpg\" alt=\"Photo 1\" height=\"2048\" width=\"1536\" title=\"Photo 1\" \/>\n<h2>\n\t\tDossiers\n\t<\/h2>\n\t<p>Achats de livres pour les biblioth\u00e8ques scolaires et les coins lecture de classe, int\u00e9gration de la litt\u00e9rature jeunesse \u00e0 l&rsquo;enseignement, formation et soutien \u00e0 l&rsquo;utilisation du logiciel Regard, formation sur les bonnes pratiques en r\u00e9paration de livres,\u00a0am\u00e9nagement de biblioth\u00e8ques et de coin lecture, etc.<\/p>\n<h2>\n\t\tCoordonn\u00e9es\n\t<\/h2>\n\t<p>Nom de la biblioth\u00e9caire :\u00a0Evelyne Girouard<\/p>\n<p>Adresse postale: 449 Percy, Magog, Qu\u00e9bec, J1X1B5<\/p>\n<p>T\u00e9l\u00e9phone: (819) 847-1610 poste\u00a018862<\/p>\n<p>T\u00e9l\u00e9copieur: (829) 868-2845<\/p>\n<p>Adresse de courriel: evelyne.girouard@cssds.gouv.qc.ca<\/p>\n<p>&nbsp;<\/p>\n\n","protected":false},"excerpt":{"rendered":"<p>Evelyne Girouard est la biblioth\u00e9caire responsable du dossier des biblioth\u00e8ques scolaires au primaire et au secondaire. Dossiers Achats de livres pour les biblioth\u00e8ques scolaires et les coins lecture de classe, int\u00e9gration de la litt\u00e9rature jeunesse \u00e0 l&rsquo;enseignement, formation et soutien \u00e0 l&rsquo;utilisation du logiciel Regard, formation sur les bonnes pratiques en r\u00e9paration de livres,\u00a0am\u00e9nagement de&hellip;<\/p>\n","protected":false},"author":122,"featured_media":0,"parent":0,"menu_order":0,"comment_status":"closed","ping_status":"closed","template":"","meta":{"footnotes":""},"class_list":["post-12","page","type-page","status-publish","hentry"],"_links":{"self":[{"href":"https:\/\/site.csdessommets.qc.ca\/biblio_prim\/wp-json\/wp\/v2\/pages\/12","targetHints":{"allow":["GET"]}}],"collection":[{"href":"https:\/\/site.csdessommets.qc.ca\/biblio_prim\/wp-json\/wp\/v2\/pages"}],"about":[{"href":"https:\/\/site.csdessommets.qc.ca\/biblio_prim\/wp-json\/wp\/v2\/types\/page"}],"author":[{"embeddable":true,"href":"https:\/\/site.csdessommets.qc.ca\/biblio_prim\/wp-json\/wp\/v2\/users\/122"}],"replies":[{"embeddable":true,"href":"https:\/\/site.csdessommets.qc.ca\/biblio_prim\/wp-json\/wp\/v2\/comments?post=12"}],"version-history":[{"count":9,"href":"https:\/\/site.csdessommets.qc.ca\/biblio_prim\/wp-json\/wp\/v2\/pages\/12\/revisions"}],"predecessor-version":[{"id":888,"href":"https:\/\/site.csdessommets.qc.ca\/biblio_prim\/wp-json\/wp\/v2\/pages\/12\/revisions\/888"}],"wp:attachment":[{"href":"https:\/\/site.csdessommets.qc.ca\/biblio_prim\/wp-json\/wp\/v2\/media?parent=12"}],"curies":[{"name":"wp","href":"https:\/\/api.w.org\/{rel}","templated":true}]}}