{"id":235,"date":"2016-08-18T09:47:28","date_gmt":"2016-08-18T13:47:28","guid":{"rendered":"https:\/\/site.csdessommets.qc.ca\/biblio_prim\/outils-lecture-pree\/"},"modified":"2016-08-18T13:14:46","modified_gmt":"2016-08-18T17:14:46","slug":"outils-lecture-pree","status":"publish","type":"page","link":"https:\/\/site.csdessommets.qc.ca\/biblio_prim\/outils-lecture-pree\/","title":{"rendered":"Outils-lecture PR\u00c9\u00c9"},"content":{"rendered":"<h3 class='zoneFichierTitre'>Outils lecture &#8211; PR\u00c9\u00c9<\/h3>\n","protected":false},"excerpt":{"rendered":"<p>Outils lecture &#8211; PR\u00c9\u00c9<\/p>\n","protected":false},"author":122,"featured_media":0,"parent":0,"menu_order":0,"comment_status":"closed","ping_status":"closed","template":"","meta":{"footnotes":""},"class_list":["post-235","page","type-page","status-publish","hentry"],"_links":{"self":[{"href":"https:\/\/site.csdessommets.qc.ca\/biblio_prim\/wp-json\/wp\/v2\/pages\/235","targetHints":{"allow":["GET"]}}],"collection":[{"href":"https:\/\/site.csdessommets.qc.ca\/biblio_prim\/wp-json\/wp\/v2\/pages"}],"about":[{"href":"https:\/\/site.csdessommets.qc.ca\/biblio_prim\/wp-json\/wp\/v2\/types\/page"}],"author":[{"embeddable":true,"href":"https:\/\/site.csdessommets.qc.ca\/biblio_prim\/wp-json\/wp\/v2\/users\/122"}],"replies":[{"embeddable":true,"href":"https:\/\/site.csdessommets.qc.ca\/biblio_prim\/wp-json\/wp\/v2\/comments?post=235"}],"version-history":[{"count":3,"href":"https:\/\/site.csdessommets.qc.ca\/biblio_prim\/wp-json\/wp\/v2\/pages\/235\/revisions"}],"predecessor-version":[{"id":241,"href":"https:\/\/site.csdessommets.qc.ca\/biblio_prim\/wp-json\/wp\/v2\/pages\/235\/revisions\/241"}],"wp:attachment":[{"href":"https:\/\/site.csdessommets.qc.ca\/biblio_prim\/wp-json\/wp\/v2\/media?parent=235"}],"curies":[{"name":"wp","href":"https:\/\/api.w.org\/{rel}","templated":true}]}}