{"id":246,"date":"2016-08-23T09:18:55","date_gmt":"2016-08-23T13:18:55","guid":{"rendered":"https:\/\/site.csdessommets.qc.ca\/biblio_prim\/direction-lecture\/"},"modified":"2016-09-02T11:15:11","modified_gmt":"2016-09-02T15:15:11","slug":"direction-lecture","status":"publish","type":"page","link":"https:\/\/site.csdessommets.qc.ca\/biblio_prim\/direction-lecture\/","title":{"rendered":"Direction lecture"},"content":{"rendered":"<p>\t\t\tDirection lecture &#8211; S&rsquo;adresse \u00e0 l&rsquo;\u00e9quipe \u00e9cole<\/p>\n<table style=\"height: 197px\" width=\"367\">\n<tbody>\n<tr>\n<td><a href=\"https:\/\/site.csdessommets.qc.ca\/biblio_prim\/wp-content\/uploads\/sites\/15\/2016\/08\/Pr\u00e9sentation-pour-directions.ppt\">Pr\u00e9sentation pour directions<\/a><\/td>\n<\/tr>\n<tr>\n<td><a href=\"https:\/\/site.csdessommets.qc.ca\/biblio_prim\/wp-content\/uploads\/sites\/15\/2016\/08\/Direction-lecture-biblioth\u00e8que.docx\">Direction lecture biblioth\u00e8que<\/a><\/td>\n<\/tr>\n<tr>\n<td><a href=\"https:\/\/site.csdessommets.qc.ca\/biblio_prim\/wp-content\/uploads\/sites\/15\/2016\/08\/La-lecture-\u00e0-l\u00e9cole-Facteurs.doc\">La lecture \u00e0 l&rsquo;\u00e9cole &#8211; Facteurs<\/a><\/td>\n<\/tr>\n<tr>\n<td><a href=\"https:\/\/site.csdessommets.qc.ca\/biblio_prim\/wp-content\/uploads\/sites\/15\/2016\/08\/Mythes-et-r\u00e9alit\u00e9-en-lecture.doc\">Mythes et r\u00e9alit\u00e9 en lecture<\/a><\/td>\n<\/tr>\n<tr>\n<td><a href=\"https:\/\/site.csdessommets.qc.ca\/biblio_prim\/wp-content\/uploads\/sites\/15\/2016\/08\/Outil-dobservation.doc\">Outil d&rsquo;observation<\/a><\/td>\n<\/tr>\n<\/tbody>\n<\/table>\n<p>\t\t\tQuestionnaire sur les perceptions &#8211; S&rsquo;adresse aux \u00e9l\u00e8ves<\/p>\n<table style=\"height: 94px\" width=\"349\">\n<tbody>\n<tr>\n<td><a href=\"https:\/\/site.csdessommets.qc.ca\/biblio_prim\/wp-content\/uploads\/sites\/15\/2016\/08\/Pr\u00e9sentation-du-questionnaire-aux-\u00e9l\u00e8ves.pdf\" target=\"_blank\">Pr\u00e9sentation du questionnaire<\/a><\/td>\n<\/tr>\n<tr>\n<td><a href=\"https:\/\/site.csdessommets.qc.ca\/biblio_prim\/wp-content\/uploads\/sites\/15\/2016\/08\/\u00c9tapes-pour-mettre-le-questionnaire-en-route.docx\" target=\"_blank\">\u00c9tapes pour mettre le questionnaire en route<\/a><\/td>\n<\/tr>\n<\/tbody>\n<\/table>\n","protected":false},"excerpt":{"rendered":"<p>Direction lecture &#8211; S&rsquo;adresse \u00e0 l&rsquo;\u00e9quipe \u00e9cole Pr\u00e9sentation pour directions Direction lecture biblioth\u00e8que La lecture \u00e0 l&rsquo;\u00e9cole &#8211; Facteurs Mythes et r\u00e9alit\u00e9 en lecture Outil d&rsquo;observation Questionnaire sur les perceptions &#8211; S&rsquo;adresse aux \u00e9l\u00e8ves Pr\u00e9sentation du questionnaire \u00c9tapes pour mettre le questionnaire en route<\/p>\n","protected":false},"author":122,"featured_media":0,"parent":0,"menu_order":0,"comment_status":"closed","ping_status":"closed","template":"","meta":{"footnotes":""},"class_list":["post-246","page","type-page","status-publish","hentry"],"_links":{"self":[{"href":"https:\/\/site.csdessommets.qc.ca\/biblio_prim\/wp-json\/wp\/v2\/pages\/246","targetHints":{"allow":["GET"]}}],"collection":[{"href":"https:\/\/site.csdessommets.qc.ca\/biblio_prim\/wp-json\/wp\/v2\/pages"}],"about":[{"href":"https:\/\/site.csdessommets.qc.ca\/biblio_prim\/wp-json\/wp\/v2\/types\/page"}],"author":[{"embeddable":true,"href":"https:\/\/site.csdessommets.qc.ca\/biblio_prim\/wp-json\/wp\/v2\/users\/122"}],"replies":[{"embeddable":true,"href":"https:\/\/site.csdessommets.qc.ca\/biblio_prim\/wp-json\/wp\/v2\/comments?post=246"}],"version-history":[{"count":3,"href":"https:\/\/site.csdessommets.qc.ca\/biblio_prim\/wp-json\/wp\/v2\/pages\/246\/revisions"}],"predecessor-version":[{"id":315,"href":"https:\/\/site.csdessommets.qc.ca\/biblio_prim\/wp-json\/wp\/v2\/pages\/246\/revisions\/315"}],"wp:attachment":[{"href":"https:\/\/site.csdessommets.qc.ca\/biblio_prim\/wp-json\/wp\/v2\/media?parent=246"}],"curies":[{"name":"wp","href":"https:\/\/api.w.org\/{rel}","templated":true}]}}