{"id":25,"date":"2016-04-18T16:22:41","date_gmt":"2016-04-18T15:22:41","guid":{"rendered":"https:\/\/site.csdessommets.qc.ca\/biblio_prim\/encadrements\/"},"modified":"2023-08-28T13:28:50","modified_gmt":"2023-08-28T17:28:50","slug":"encadrements","status":"publish","type":"page","link":"https:\/\/site.csdessommets.qc.ca\/biblio_prim\/encadrements\/","title":{"rendered":"Encadrements"},"content":{"rendered":"\n\n\t\t\t\t\t<a href=\"#\" id=\"fl-accordion--label-0\">La loi du livre<\/a>\n\t\t\t\t\t\t\t\t\t\t\t<a href=\"#\" id=\"fl-accordion--icon-0\"><i>Expand<\/i><\/a>\n\t\t\t\t\t<table width=\"394\">\n<tbody>\n<tr>\n<td><a href=\"https:\/\/site.csdessommets.qc.ca\/biblio_prim\/wp-content\/uploads\/sites\/15\/2022\/09\/La-loi-du-livre.pdf\" target=\"_blank\" rel=\"noopener\">La loi du livre<\/a><\/td>\n<\/tr>\n<tr>\n<td><a href=\"https:\/\/www.mcc.gouv.qc.ca\/index.php?id=4436\" target=\"_blank\" rel=\"noopener\">La loi du livre &#8211; Site du MELS<\/a><\/td>\n<\/tr>\n<tr>\n\n<\/tr>\n<\/tbody>\n<\/table>\n\t\t\t\t\t<a href=\"#\" id=\"fl-accordion--label-1\">Rapport annuel sur l&rsquo;acquisition de livres<\/a>\n\t\t\t\t\t\t\t\t\t\t\t<a href=\"#\" id=\"fl-accordion--icon-1\"><i>Expand<\/i><\/a>\n\t\t\t\t\t<p><a href=\"https:\/\/cdn-contenu.quebec.ca\/cdn-contenu\/adm\/min\/culture-communications\/documents\/livre\/FO-rapport-acquisition-livres-acheteurs.pdf\" target=\"_blank\" rel=\"noopener\">Fichier \u00e0 remplir par \u00e9cole<\/a><\/p>\n<p><a href=\"https:\/\/site.csdessommets.qc.ca\/biblio_prim\/wp-content\/uploads\/sites\/15\/2023\/08\/Rapport-sur-lacquisition-de-livres_etablissements.docx\" target=\"_blank\" rel=\"noopener\">Consignes pour les \u00e9coles<\/a><\/p>\n\t\t\t\t\t<a href=\"#\" id=\"fl-accordion--label-2\">Le droit d&rsquo;auteur<\/a>\n\t\t\t\t\t\t\t\t\t\t\t<a href=\"#\" id=\"fl-accordion--icon-2\"><i>Expand<\/i><\/a>\n\t\t\t\t\t<p><a href=\"https:\/\/site.csdessommets.qc.ca\/biblio_prim\/wp-content\/uploads\/sites\/15\/2016\/04\/BD_Droits-auteur.pdf\" target=\"_blank\" rel=\"noopener\">Une bande dessin\u00e9e sur le droit d&rsquo;auteur r\u00e9alis\u00e9e par Alain M. Bergeron et Sampar!<\/a><\/p>\n\n","protected":false},"excerpt":{"rendered":"<p>La loi du livre Expand La loi du livre La loi du livre &#8211; Site du MELS Rapport annuel sur l&rsquo;acquisition de livres Expand Fichier \u00e0 remplir par \u00e9cole Consignes pour les \u00e9coles Le droit d&rsquo;auteur Expand Une bande dessin\u00e9e sur le droit d&rsquo;auteur r\u00e9alis\u00e9e par Alain M. Bergeron et Sampar!<\/p>\n","protected":false},"author":122,"featured_media":0,"parent":0,"menu_order":0,"comment_status":"closed","ping_status":"closed","template":"","meta":{"footnotes":""},"class_list":["post-25","page","type-page","status-publish","hentry"],"_links":{"self":[{"href":"https:\/\/site.csdessommets.qc.ca\/biblio_prim\/wp-json\/wp\/v2\/pages\/25","targetHints":{"allow":["GET"]}}],"collection":[{"href":"https:\/\/site.csdessommets.qc.ca\/biblio_prim\/wp-json\/wp\/v2\/pages"}],"about":[{"href":"https:\/\/site.csdessommets.qc.ca\/biblio_prim\/wp-json\/wp\/v2\/types\/page"}],"author":[{"embeddable":true,"href":"https:\/\/site.csdessommets.qc.ca\/biblio_prim\/wp-json\/wp\/v2\/users\/122"}],"replies":[{"embeddable":true,"href":"https:\/\/site.csdessommets.qc.ca\/biblio_prim\/wp-json\/wp\/v2\/comments?post=25"}],"version-history":[{"count":10,"href":"https:\/\/site.csdessommets.qc.ca\/biblio_prim\/wp-json\/wp\/v2\/pages\/25\/revisions"}],"predecessor-version":[{"id":960,"href":"https:\/\/site.csdessommets.qc.ca\/biblio_prim\/wp-json\/wp\/v2\/pages\/25\/revisions\/960"}],"wp:attachment":[{"href":"https:\/\/site.csdessommets.qc.ca\/biblio_prim\/wp-json\/wp\/v2\/media?parent=25"}],"curies":[{"name":"wp","href":"https:\/\/api.w.org\/{rel}","templated":true}]}}