{"id":3,"date":"2016-04-18T14:21:22","date_gmt":"2016-04-18T13:21:22","guid":{"rendered":"https:\/\/site.csdessommets.qc.ca\/biblio_prim\/accueil\/"},"modified":"2025-06-06T14:29:43","modified_gmt":"2025-06-06T18:29:43","slug":"accueil","status":"publish","type":"page","link":"https:\/\/site.csdessommets.qc.ca\/biblio_prim\/","title":{"rendered":"Accueil"},"content":{"rendered":"\n\n\t<p><strong>Bienvenue sur le site consacr\u00e9 aux biblioth\u00e8ques du primaire.\u00a0<\/strong><strong>Vous y trouverez une foule de renseignements relatifs aux biblioth\u00e8ques, aux ressources disponibles pour les enseignants, de nombreuses suggestions de lecture ainsi que des animations cl\u00e9 en main!<\/strong><\/p>\n<p><strong>Biblioth\u00e8ques: <a href=\"https:\/\/site.csdessommets.qc.ca\/biblio_prim\/wp-content\/uploads\/sites\/15\/2022\/09\/Offre-de-service_primaire.pdf\" target=\"_blank\" rel=\"noopener\">Offre de service_primaire<\/a><\/strong><\/p>\n<p>&nbsp;<\/p>\n<p><strong><a href=\"https:\/\/site.csdessommets.qc.ca\/biblio_prim\/wp-content\/uploads\/sites\/15\/2023\/11\/Coordonnees_Librairies-agreees.docx\" target=\"_blank\" rel=\"noopener\">Liste des librairies agr\u00e9\u00e9es de l&rsquo;Estrie<\/a><\/strong><\/p>\n<h3>\n\t\t<a href=\"https:\/\/regard.csdessommets.qc.ca\/sommets\/Pages\/Front\/Accueil\/Accueil.aspx#lisucc\" title=\"Lien vers Regard Web\" target=\"_blank\" rel=\"noopener\">\n\t\tLien vers Regard Web\n\t\t<\/a>\n\t<\/h3>\n\t\n\n","protected":false},"excerpt":{"rendered":"<p>Bienvenue sur le site consacr\u00e9 aux biblioth\u00e8ques du primaire.\u00a0Vous y trouverez une foule de renseignements relatifs aux biblioth\u00e8ques, aux ressources disponibles pour les enseignants, de nombreuses suggestions de lecture ainsi que des animations cl\u00e9 en main! Biblioth\u00e8ques: Offre de service_primaire &nbsp; Liste des librairies agr\u00e9\u00e9es de l&rsquo;Estrie Lien vers Regard Web<\/p>\n","protected":false},"author":122,"featured_media":0,"parent":0,"menu_order":1,"comment_status":"closed","ping_status":"closed","template":"","meta":{"footnotes":""},"class_list":["post-3","page","type-page","status-publish","hentry"],"_links":{"self":[{"href":"https:\/\/site.csdessommets.qc.ca\/biblio_prim\/wp-json\/wp\/v2\/pages\/3","targetHints":{"allow":["GET"]}}],"collection":[{"href":"https:\/\/site.csdessommets.qc.ca\/biblio_prim\/wp-json\/wp\/v2\/pages"}],"about":[{"href":"https:\/\/site.csdessommets.qc.ca\/biblio_prim\/wp-json\/wp\/v2\/types\/page"}],"author":[{"embeddable":true,"href":"https:\/\/site.csdessommets.qc.ca\/biblio_prim\/wp-json\/wp\/v2\/users\/122"}],"replies":[{"embeddable":true,"href":"https:\/\/site.csdessommets.qc.ca\/biblio_prim\/wp-json\/wp\/v2\/comments?post=3"}],"version-history":[{"count":40,"href":"https:\/\/site.csdessommets.qc.ca\/biblio_prim\/wp-json\/wp\/v2\/pages\/3\/revisions"}],"predecessor-version":[{"id":1008,"href":"https:\/\/site.csdessommets.qc.ca\/biblio_prim\/wp-json\/wp\/v2\/pages\/3\/revisions\/1008"}],"wp:attachment":[{"href":"https:\/\/site.csdessommets.qc.ca\/biblio_prim\/wp-json\/wp\/v2\/media?parent=3"}],"curies":[{"name":"wp","href":"https:\/\/api.w.org\/{rel}","templated":true}]}}