{"id":357,"date":"2016-12-02T10:54:28","date_gmt":"2016-12-02T15:54:28","guid":{"rendered":"https:\/\/site.csdessommets.qc.ca\/biblio_prim\/livres-par-matiere\/"},"modified":"2016-12-02T11:27:02","modified_gmt":"2016-12-02T16:27:02","slug":"livres-par-matiere","status":"publish","type":"page","link":"https:\/\/site.csdessommets.qc.ca\/biblio_prim\/livres-par-matiere\/","title":{"rendered":"Livres par mati\u00e8re"},"content":{"rendered":"<p><a href=\"https:\/\/site.csdessommets.qc.ca\/biblio_prim\/wp-content\/uploads\/sites\/15\/2016\/12\/\u00c9criture-1.pdf\" target=\"_blank\">Fran\u00e7ais &#8211; \u00c9criture<\/a><\/p>\n<p><a href=\"https:\/\/site.csdessommets.qc.ca\/biblio_prim\/wp-content\/uploads\/sites\/15\/2016\/12\/Univers-social.pdf\" target=\"_blank\">Univers social<\/a><\/p>\n<p><a href=\"https:\/\/site.csdessommets.qc.ca\/biblio_prim\/wp-content\/uploads\/sites\/15\/2016\/12\/\u00c9thique-et-culture-religieuse.pdf\" target=\"_blank\">\u00c9thique et culture religieuse<\/a><\/p>\n<p><a href=\"https:\/\/site.csdessommets.qc.ca\/biblio_prim\/wp-content\/uploads\/sites\/15\/2016\/12\/Maths.pdf\" target=\"_blank\">Maths et sciences<\/a><\/p>\n<p><a href=\"https:\/\/site.csdessommets.qc.ca\/biblio_prim\/wp-content\/uploads\/sites\/15\/2016\/12\/Arts.pdf\" target=\"_blank\">Arts<\/a><\/p>\n","protected":false},"excerpt":{"rendered":"<p>Fran\u00e7ais &#8211; \u00c9criture Univers social \u00c9thique et culture religieuse Maths et sciences Arts<\/p>\n","protected":false},"author":122,"featured_media":0,"parent":0,"menu_order":0,"comment_status":"closed","ping_status":"closed","template":"","meta":{"footnotes":""},"class_list":["post-357","page","type-page","status-publish","hentry"],"_links":{"self":[{"href":"https:\/\/site.csdessommets.qc.ca\/biblio_prim\/wp-json\/wp\/v2\/pages\/357","targetHints":{"allow":["GET"]}}],"collection":[{"href":"https:\/\/site.csdessommets.qc.ca\/biblio_prim\/wp-json\/wp\/v2\/pages"}],"about":[{"href":"https:\/\/site.csdessommets.qc.ca\/biblio_prim\/wp-json\/wp\/v2\/types\/page"}],"author":[{"embeddable":true,"href":"https:\/\/site.csdessommets.qc.ca\/biblio_prim\/wp-json\/wp\/v2\/users\/122"}],"replies":[{"embeddable":true,"href":"https:\/\/site.csdessommets.qc.ca\/biblio_prim\/wp-json\/wp\/v2\/comments?post=357"}],"version-history":[{"count":3,"href":"https:\/\/site.csdessommets.qc.ca\/biblio_prim\/wp-json\/wp\/v2\/pages\/357\/revisions"}],"predecessor-version":[{"id":367,"href":"https:\/\/site.csdessommets.qc.ca\/biblio_prim\/wp-json\/wp\/v2\/pages\/357\/revisions\/367"}],"wp:attachment":[{"href":"https:\/\/site.csdessommets.qc.ca\/biblio_prim\/wp-json\/wp\/v2\/media?parent=357"}],"curies":[{"name":"wp","href":"https:\/\/api.w.org\/{rel}","templated":true}]}}