{"id":36,"date":"2016-06-14T10:42:44","date_gmt":"2016-06-14T14:42:44","guid":{"rendered":"https:\/\/site.csdessommets.qc.ca\/biblio_prim\/centre-de-doc\/"},"modified":"2017-08-23T14:03:52","modified_gmt":"2017-08-23T18:03:52","slug":"centre-de-doc","status":"publish","type":"page","link":"https:\/\/site.csdessommets.qc.ca\/biblio_prim\/centre-de-doc\/","title":{"rendered":"Centre de documentation"},"content":{"rendered":"<p style=\"text-align: justify\"><strong>Le centre de documentation, situ\u00e9 dans la salle des ressources \u00e9ducatives du centre administratif, contient une foule de livres pouvant \u00eatre emprunt\u00e9s par les enseignants. Livres p\u00e9dagogiques, albums, documentaires, bandes dessin\u00e9es, romans, et depuis peu, des livres en anglais!<\/strong><\/p>\n<p style=\"text-align: justify\"><strong>Comment faire pour emprunter un livre?<\/strong><\/p>\n<p style=\"text-align: justify\"><a href=\"https:\/\/site.csdessommets.qc.ca\/biblio_prim\/wp-content\/uploads\/sites\/15\/2016\/06\/Emprunt-de-livres-disponibles-2.pdf\" target=\"_blank\" rel=\"noopener\">Emprunter des livres du centre de documentation<\/a><\/p>\n<p style=\"text-align: justify\">Si vous souhaitez emprunter des livres dans le but de faire des d\u00e9couvertes, <a href=\"https:\/\/site.csdessommets.qc.ca\/biblio_prim\/paniers-biblio\/\">demandez un panier biblio<\/a>.<\/p>\n<p style=\"text-align: justify\">Si vous souhaitez emprunter une trousse litt\u00e9raire afin de travailler les livres en r\u00e9seaux, <a href=\"https:\/\/site.csdessommets.qc.ca\/biblio_prim\/trousses-de-livres\/\">r\u00e9servez votre trousse<\/a>.<\/p>\n","protected":false},"excerpt":{"rendered":"<p>Le centre de documentation, situ\u00e9 dans la salle des ressources \u00e9ducatives du centre administratif, contient une foule de livres pouvant \u00eatre emprunt\u00e9s par les enseignants. Livres p\u00e9dagogiques, albums, documentaires, bandes dessin\u00e9es, romans, et depuis peu, des livres en anglais! Comment faire pour emprunter un livre? Emprunter des livres du centre de documentation Si vous souhaitez&hellip;<\/p>\n","protected":false},"author":122,"featured_media":0,"parent":0,"menu_order":0,"comment_status":"closed","ping_status":"closed","template":"","meta":{"footnotes":""},"class_list":["post-36","page","type-page","status-publish","hentry"],"_links":{"self":[{"href":"https:\/\/site.csdessommets.qc.ca\/biblio_prim\/wp-json\/wp\/v2\/pages\/36","targetHints":{"allow":["GET"]}}],"collection":[{"href":"https:\/\/site.csdessommets.qc.ca\/biblio_prim\/wp-json\/wp\/v2\/pages"}],"about":[{"href":"https:\/\/site.csdessommets.qc.ca\/biblio_prim\/wp-json\/wp\/v2\/types\/page"}],"author":[{"embeddable":true,"href":"https:\/\/site.csdessommets.qc.ca\/biblio_prim\/wp-json\/wp\/v2\/users\/122"}],"replies":[{"embeddable":true,"href":"https:\/\/site.csdessommets.qc.ca\/biblio_prim\/wp-json\/wp\/v2\/comments?post=36"}],"version-history":[{"count":12,"href":"https:\/\/site.csdessommets.qc.ca\/biblio_prim\/wp-json\/wp\/v2\/pages\/36\/revisions"}],"predecessor-version":[{"id":605,"href":"https:\/\/site.csdessommets.qc.ca\/biblio_prim\/wp-json\/wp\/v2\/pages\/36\/revisions\/605"}],"wp:attachment":[{"href":"https:\/\/site.csdessommets.qc.ca\/biblio_prim\/wp-json\/wp\/v2\/media?parent=36"}],"curies":[{"name":"wp","href":"https:\/\/api.w.org\/{rel}","templated":true}]}}