{"id":45,"date":"2016-06-14T10:52:18","date_gmt":"2016-06-14T14:52:18","guid":{"rendered":"https:\/\/site.csdessommets.qc.ca\/biblio_prim\/paniers-biblio\/"},"modified":"2017-08-23T13:32:19","modified_gmt":"2017-08-23T17:32:19","slug":"paniers-biblio","status":"publish","type":"page","link":"https:\/\/site.csdessommets.qc.ca\/biblio_prim\/paniers-biblio\/","title":{"rendered":"Paniers biblio"},"content":{"rendered":"<h2><strong>Les paniers biblio, qu&rsquo;est-ce que c&rsquo;est?<\/strong><\/h2>\n<p style=\"text-align: justify\">Les paniers biblio sont compos\u00e9s de 5 \u00e0 7 livres jeunesse (albums, romans, bandes dessin\u00e9es ou documentaires), envoy\u00e9s dans votre classe pour une dur\u00e9e d\u2019un mois. L\u2019id\u00e9e est de vous donner acc\u00e8s \u00e0 davantage de ressources, tout en faisant de belles d\u00e9couvertes!<\/p>\n<p style=\"text-align: justify\">En remplissant ce formulaire, vous vous garantissez un envoi plein de belles surprises, selon la disponibilit\u00e9 des ressources. Vous trouverez dans votre panier des livres \u00e0 animer et des livres pour le simple plaisir des \u00e9l\u00e8ves, \u00e0 d\u00e9poser dans votre coin lecture.<\/p>\n<p style=\"text-align: justify\">Ces livres seront envoy\u00e9s dans votre \u00e9cole par le courrier interne d\u00e8s r\u00e9ception du formulaire.\u00a0Bonnes d\u00e9couvertes, bonne lecture et surtout, amusez-vous!<\/p>\n<p style=\"text-align: justify\"><strong>Des livres en anglais sont maintenant disponibles. Demandez-les!<\/strong><\/p>\n<p style=\"text-align: justify\">Si vous souhaitez avoir un aper\u00e7u des titres disponibles dans la collection, il est possible de faire des recherches dans le\u00a0<a href=\"http:\/\/regard.csdessommets.qc.ca\/sommets\/Pages\/Front\/Accueil\/Accueil.aspx?SessionTerminated=true#lisucc\" target=\"_blank\" rel=\"noopener\"><strong>catalogue Regard<\/strong><\/a>, en s\u00e9lectionnant la succursale<strong> Centre administratif<\/strong>.<\/p>\n<p style=\"text-align: justify\">\n<h4 style=\"text-align: justify\"><strong>Demandez d\u00e8s maintenant votre panier biblio en remplissant <a href=\"https:\/\/docs.google.com\/forms\/d\/1R6DvTHokDq748hRNX-imIv68ng4IeVgyE4aC0DLz1UY\/viewform\" target=\"_blank\">le formulaire\u00a0suivant<\/a>!<\/strong><\/h4>\n<p>\t\t\t\t<img decoding=\"async\" src=\"https:\/\/site.csdessommets.qc.ca\/biblio_prim\/wp-content\/uploads\/sites\/15\/2016\/06\/Logo_panier_biblio.png\" alt=\"Logo_panier_biblio\" \/><\/p>\n","protected":false},"excerpt":{"rendered":"<p>Les paniers biblio, qu&rsquo;est-ce que c&rsquo;est? Les paniers biblio sont compos\u00e9s de 5 \u00e0 7 livres jeunesse (albums, romans, bandes dessin\u00e9es ou documentaires), envoy\u00e9s dans votre classe pour une dur\u00e9e d\u2019un mois. L\u2019id\u00e9e est de vous donner acc\u00e8s \u00e0 davantage de ressources, tout en faisant de belles d\u00e9couvertes! En remplissant ce formulaire, vous vous garantissez&hellip;<\/p>\n","protected":false},"author":122,"featured_media":0,"parent":0,"menu_order":0,"comment_status":"closed","ping_status":"closed","template":"","meta":{"footnotes":""},"class_list":["post-45","page","type-page","status-publish","hentry"],"_links":{"self":[{"href":"https:\/\/site.csdessommets.qc.ca\/biblio_prim\/wp-json\/wp\/v2\/pages\/45","targetHints":{"allow":["GET"]}}],"collection":[{"href":"https:\/\/site.csdessommets.qc.ca\/biblio_prim\/wp-json\/wp\/v2\/pages"}],"about":[{"href":"https:\/\/site.csdessommets.qc.ca\/biblio_prim\/wp-json\/wp\/v2\/types\/page"}],"author":[{"embeddable":true,"href":"https:\/\/site.csdessommets.qc.ca\/biblio_prim\/wp-json\/wp\/v2\/users\/122"}],"replies":[{"embeddable":true,"href":"https:\/\/site.csdessommets.qc.ca\/biblio_prim\/wp-json\/wp\/v2\/comments?post=45"}],"version-history":[{"count":19,"href":"https:\/\/site.csdessommets.qc.ca\/biblio_prim\/wp-json\/wp\/v2\/pages\/45\/revisions"}],"predecessor-version":[{"id":597,"href":"https:\/\/site.csdessommets.qc.ca\/biblio_prim\/wp-json\/wp\/v2\/pages\/45\/revisions\/597"}],"wp:attachment":[{"href":"https:\/\/site.csdessommets.qc.ca\/biblio_prim\/wp-json\/wp\/v2\/media?parent=45"}],"curies":[{"name":"wp","href":"https:\/\/api.w.org\/{rel}","templated":true}]}}