{"id":55,"date":"2016-06-29T10:15:53","date_gmt":"2016-06-29T14:15:53","guid":{"rendered":"https:\/\/site.csdessommets.qc.ca\/biblio_prim\/utilisation-de-regard\/"},"modified":"2017-03-27T14:41:22","modified_gmt":"2017-03-27T18:41:22","slug":"utilisation-de-regard","status":"publish","type":"page","link":"https:\/\/site.csdessommets.qc.ca\/biblio_prim\/utilisation-de-regard\/","title":{"rendered":"Utilisation de Regard"},"content":{"rendered":"<table style=\"height: 259px\" width=\"483\">\n<tbody>\n<tr>\n<td>\n<h4><strong>Proc\u00e9duriers sur l&rsquo;utilisation de Regard<\/strong><\/h4>\n<\/td>\n<td><\/td>\n<\/tr>\n<tr>\n<td><a href=\"https:\/\/site.csdessommets.qc.ca\/biblio_prim\/wp-content\/uploads\/sites\/15\/2016\/06\/Proc\u00e9durier-complet-Regard_mise-\u00e0-jour.pdf\" target=\"_blank\">Proc\u00e9durier complet sur l&rsquo;utilisation de Regard<\/a><\/td>\n<td><\/td>\n<\/tr>\n<tr>\n<td>\n<h5>Autres actions utiles<\/h5>\n<\/td>\n<td><\/td>\n<\/tr>\n<tr>\n<td><a href=\"https:\/\/site.csdessommets.qc.ca\/biblio_prim\/wp-content\/uploads\/sites\/15\/2016\/06\/Changer-la-date-de-retour.pdf\" target=\"_blank\">Changer la date de retour<\/a><\/td>\n<td><\/td>\n<\/tr>\n<tr>\n<td><a href=\"https:\/\/site.csdessommets.qc.ca\/biblio_prim\/wp-content\/uploads\/sites\/15\/2016\/06\/Imprimer-quelques-cotes.pdf\" target=\"_blank\">Imprimer quelques cotes<\/a><\/td>\n<td><\/td>\n<\/tr>\n<tr>\n<td><a href=\"https:\/\/site.csdessommets.qc.ca\/biblio_prim\/wp-content\/uploads\/sites\/15\/2016\/06\/Rechercher-par-titre.pdf\" target=\"_blank\">Rechercher par titre<\/a><\/td>\n<td><\/td>\n<\/tr>\n<tr>\n<td> <a href=\"https:\/\/site.csdessommets.qc.ca\/biblio_prim\/wp-content\/uploads\/sites\/15\/2016\/06\/Remplacer-un-code-barre-abim\u00e9.pdf\" target=\"_blank\">Remplacer un code-barre abim\u00e9<\/a><\/td>\n<td><\/td>\n<\/tr>\n<tr>\n<td><a href=\"https:\/\/site.csdessommets.qc.ca\/biblio_prim\/wp-content\/uploads\/sites\/15\/2016\/06\/Retracer-les-emprunteurs-dun-document.pdf\" target=\"_blank\">Retracer les emprunteurs d&rsquo;un document<\/a><\/td>\n<td><\/td>\n<\/tr>\n<tr>\n<td><a href=\"https:\/\/site.csdessommets.qc.ca\/biblio_prim\/wp-content\/uploads\/sites\/15\/2016\/06\/Trouver-un-\u00e9l\u00e8ve-par-son-nom.pdf\" target=\"_blank\">Trouver un \u00e9l\u00e8ve par son nom<\/a><\/td>\n<td><\/td>\n<\/tr>\n<tr>\n<td><a href=\"https:\/\/site.csdessommets.qc.ca\/biblio_prim\/wp-content\/uploads\/sites\/15\/2016\/06\/Voir-le-nombre-de-pr\u00eat-dun-document.pdf\" target=\"_blank\">Voir le nombre de pr\u00eat d&rsquo;un document<\/a><\/td>\n<td><\/td>\n<\/tr>\n<\/tbody>\n<\/table>\n<p>&nbsp;<\/p>\n","protected":false},"excerpt":{"rendered":"<p>Proc\u00e9duriers sur l&rsquo;utilisation de Regard Proc\u00e9durier complet sur l&rsquo;utilisation de Regard Autres actions utiles Changer la date de retour Imprimer quelques cotes Rechercher par titre Remplacer un code-barre abim\u00e9 Retracer les emprunteurs d&rsquo;un document Trouver un \u00e9l\u00e8ve par son nom Voir le nombre de pr\u00eat d&rsquo;un document &nbsp;<\/p>\n","protected":false},"author":122,"featured_media":0,"parent":0,"menu_order":0,"comment_status":"closed","ping_status":"closed","template":"","meta":{"footnotes":""},"class_list":["post-55","page","type-page","status-publish","hentry"],"_links":{"self":[{"href":"https:\/\/site.csdessommets.qc.ca\/biblio_prim\/wp-json\/wp\/v2\/pages\/55","targetHints":{"allow":["GET"]}}],"collection":[{"href":"https:\/\/site.csdessommets.qc.ca\/biblio_prim\/wp-json\/wp\/v2\/pages"}],"about":[{"href":"https:\/\/site.csdessommets.qc.ca\/biblio_prim\/wp-json\/wp\/v2\/types\/page"}],"author":[{"embeddable":true,"href":"https:\/\/site.csdessommets.qc.ca\/biblio_prim\/wp-json\/wp\/v2\/users\/122"}],"replies":[{"embeddable":true,"href":"https:\/\/site.csdessommets.qc.ca\/biblio_prim\/wp-json\/wp\/v2\/comments?post=55"}],"version-history":[{"count":4,"href":"https:\/\/site.csdessommets.qc.ca\/biblio_prim\/wp-json\/wp\/v2\/pages\/55\/revisions"}],"predecessor-version":[{"id":167,"href":"https:\/\/site.csdessommets.qc.ca\/biblio_prim\/wp-json\/wp\/v2\/pages\/55\/revisions\/167"}],"wp:attachment":[{"href":"https:\/\/site.csdessommets.qc.ca\/biblio_prim\/wp-json\/wp\/v2\/media?parent=55"}],"curies":[{"name":"wp","href":"https:\/\/api.w.org\/{rel}","templated":true}]}}