{"id":59,"date":"2016-06-29T10:16:12","date_gmt":"2016-06-29T14:16:12","guid":{"rendered":"https:\/\/site.csdessommets.qc.ca\/biblio_prim\/gestion-et-developpement-des-collections\/"},"modified":"2016-09-02T11:35:38","modified_gmt":"2016-09-02T15:35:38","slug":"gestion-et-developpement-des-collections","status":"publish","type":"page","link":"https:\/\/site.csdessommets.qc.ca\/biblio_prim\/gestion-et-developpement-des-collections\/","title":{"rendered":"Gestion et d\u00e9veloppement des collections"},"content":{"rendered":"<p>\t\t\tGestion<\/p>\n<table style=\"height: 145px\" width=\"471\">\n<tbody>\n<tr>\n<td><a href=\"https:\/\/site.csdessommets.qc.ca\/biblio_prim\/wp-content\/uploads\/sites\/15\/2016\/06\/Mission-et-plan-daction_primaire.docx\" target=\"_blank\">Mission et plan d&rsquo;action de la biblioth\u00e8que scolaire<\/a><\/td>\n<\/tr>\n<tr>\n<td><a href=\"https:\/\/site.csdessommets.qc.ca\/biblio_prim\/wp-content\/uploads\/sites\/15\/2016\/06\/R\u00f4les_acteurs_biblioth\u00e8que.pdf\" target=\"_blank\">Les r\u00f4les des diff\u00e9rents acteurs en biblioth\u00e8que scolaire<\/a><\/td>\n<\/tr>\n<tr>\n<td><a href=\"https:\/\/site.csdessommets.qc.ca\/biblio_prim\/wp-content\/uploads\/sites\/15\/2016\/06\/Calendrier-des-t\u00e2ches_biblioth\u00e8que.pdf\" target=\"_blank\">Calendrier des t\u00e2ches en biblioth\u00e8que scolaire<\/a><\/td>\n<\/tr>\n<tr>\n<td><a href=\"https:\/\/site.csdessommets.qc.ca\/biblio_prim\/wp-content\/uploads\/sites\/15\/2016\/06\/R\u00e8glements-de-la-biblioth\u00e8que.pdf\" target=\"_blank\">R\u00e8gles de vie en biblioth\u00e8que &#8211; Exemple<\/a><\/td>\n<\/tr>\n<\/tbody>\n<\/table>\n<p>\t\t\tSignalisation (affiches)<\/p>\n<table style=\"height: 339px\" width=\"856\">\n<tbody>\n<tr>\n<td style=\"text-align: justify\">\n<p>Voici quelques exemples d&rsquo;affiches qui peuvent agr\u00e9menter la biblioth\u00e8que tout en aidant les \u00e9l\u00e8ves \u00e0 se rep\u00e9rer. <strong>Demandez les v\u00f4tres sur mesure!<\/strong><\/p>\n<\/td>\n<\/tr>\n<tr>\n<td><a href=\"https:\/\/site.csdessommets.qc.ca\/biblio_prim\/wp-content\/uploads\/sites\/15\/2016\/06\/Guide-des-sujets_DEWEY_\u00c0-jour.pdf\" target=\"_blank\">Guide des sujets pour le documentaire<\/a><\/td>\n<\/tr>\n<tr>\n<td><a href=\"https:\/\/site.csdessommets.qc.ca\/biblio_prim\/wp-content\/uploads\/sites\/15\/2016\/06\/Albums.docx\" target=\"_blank\">Identifier la section des albums<\/a><\/td>\n<\/tr>\n<tr>\n<td><a href=\"https:\/\/site.csdessommets.qc.ca\/biblio_prim\/wp-content\/uploads\/sites\/15\/2016\/06\/Bandes-dessin\u00e9es.docx\" target=\"_blank\">Identifier la section des\u00a0bandes dessin\u00e9es<\/a><\/td>\n<\/tr>\n<tr>\n<td><a href=\"https:\/\/site.csdessommets.qc.ca\/biblio_prim\/wp-content\/uploads\/sites\/15\/2016\/06\/Documentaires.docx\" target=\"_blank\">Identifier la section des documentaires<\/a><\/td>\n<\/tr>\n<tr>\n<td><a href=\"https:\/\/site.csdessommets.qc.ca\/biblio_prim\/wp-content\/uploads\/sites\/15\/2016\/06\/Romans.docx\" target=\"_blank\">Identifier la section des romans<\/a><\/td>\n<\/tr>\n<tr>\n<td><a href=\"https:\/\/site.csdessommets.qc.ca\/biblio_prim\/wp-content\/uploads\/sites\/15\/2016\/06\/English.docx\" target=\"_blank\">Identifier la section des livres en anglais<\/a><\/td>\n<\/tr>\n<tr>\n<td><a href=\"https:\/\/site.csdessommets.qc.ca\/biblio_prim\/wp-content\/uploads\/sites\/15\/2016\/06\/Collections_bandes-dessinees.docx\" target=\"_blank\">Identifier les collections de bandes dessin\u00e9es<\/a><\/td>\n<\/tr>\n<\/tbody>\n<\/table>\n<p>\t\t\tSyst\u00e8me de classification (cotes)<\/p>\n<table style=\"height: 544px\" width=\"976\">\n<tbody>\n<tr>\n<td colspan=\"3\">Le syst\u00e8me qui fonctionne le mieux est par <strong>sujets pour le documentaire<\/strong> (Dewey), par <strong>noms d&rsquo;auteurs pour la fiction<\/strong> (albums et romans) et par noms de<strong> collections pour les bandes dessin\u00e9es<\/strong>. Voici quelques exemples.\u00a0<\/td>\n<\/tr>\n<tr>\n<td><img loading=\"lazy\" decoding=\"async\" src=\"https:\/\/site.csdessommets.qc.ca\/biblio_prim\/wp-content\/uploads\/sites\/15\/2016\/06\/St-Pie-X-3-300x169.jpg\" alt=\"St-Pie-X 3\" width=\"300\" height=\"169\" \/><\/td>\n<td><img loading=\"lazy\" decoding=\"async\" src=\"https:\/\/site.csdessommets.qc.ca\/biblio_prim\/wp-content\/uploads\/sites\/15\/2016\/06\/St-Pat-13-300x169.jpg\" alt=\"St-Pat 13\" width=\"300\" height=\"169\" \/><\/td>\n<td><img loading=\"lazy\" decoding=\"async\" src=\"https:\/\/site.csdessommets.qc.ca\/biblio_prim\/wp-content\/uploads\/sites\/15\/2016\/06\/St-Pat-14-300x169.jpg\" alt=\"St-Pat 14\" width=\"300\" height=\"169\" \/><\/td>\n<\/tr>\n<tr>\n<td><img loading=\"lazy\" decoding=\"async\" src=\"https:\/\/site.csdessommets.qc.ca\/biblio_prim\/wp-content\/uploads\/sites\/15\/2016\/06\/St-Pat-12-300x169.jpg\" alt=\"St-Pat 12\" width=\"300\" height=\"169\" \/><\/td>\n<td><img loading=\"lazy\" decoding=\"async\" src=\"https:\/\/site.csdessommets.qc.ca\/biblio_prim\/wp-content\/uploads\/sites\/15\/2016\/06\/St-Pie-X-5-300x169.jpg\" alt=\"St-Pie-X 5\" width=\"300\" height=\"169\" \/><\/td>\n<td><img loading=\"lazy\" decoding=\"async\" src=\"https:\/\/site.csdessommets.qc.ca\/biblio_prim\/wp-content\/uploads\/sites\/15\/2016\/06\/St-Pie-X-6-300x169.jpg\" alt=\"St-Pie-X 6\" width=\"300\" height=\"169\" \/><\/td>\n<\/tr>\n<tr>\n<td><img loading=\"lazy\" decoding=\"async\" src=\"https:\/\/site.csdessommets.qc.ca\/biblio_prim\/wp-content\/uploads\/sites\/15\/2016\/06\/St-Pie-X-9-300x169.jpg\" alt=\"St-Pie-X 9\" width=\"300\" height=\"169\" \/><\/td>\n<td><img loading=\"lazy\" decoding=\"async\" src=\"https:\/\/site.csdessommets.qc.ca\/biblio_prim\/wp-content\/uploads\/sites\/15\/2016\/06\/St-Pie-X-2-300x169.jpg\" alt=\"St-Pie-X 2\" width=\"300\" height=\"169\" \/><\/td>\n<td><img loading=\"lazy\" decoding=\"async\" src=\"https:\/\/site.csdessommets.qc.ca\/biblio_prim\/wp-content\/uploads\/sites\/15\/2016\/06\/St-Pat-8-300x169.jpg\" alt=\"St-Pat 8\" width=\"300\" height=\"169\" \/><\/td>\n<\/tr>\n<tr>\n<td><img loading=\"lazy\" decoding=\"async\" src=\"https:\/\/site.csdessommets.qc.ca\/biblio_prim\/wp-content\/uploads\/sites\/15\/2016\/06\/St-Pie-X-8-300x169.jpg\" alt=\"St-Pie-X 8\" width=\"300\" height=\"169\" \/><\/td>\n<td><img loading=\"lazy\" decoding=\"async\" src=\"https:\/\/site.csdessommets.qc.ca\/biblio_prim\/wp-content\/uploads\/sites\/15\/2016\/06\/St-Pat-10-300x169.jpg\" alt=\"St-Pat 10\" width=\"300\" height=\"169\" \/><\/td>\n<td>\u00a0<img loading=\"lazy\" decoding=\"async\" src=\"https:\/\/site.csdessommets.qc.ca\/biblio_prim\/wp-content\/uploads\/sites\/15\/2016\/06\/St-Pat-9-300x169.jpg\" alt=\"St-Pat 9\" width=\"300\" height=\"169\" \/><\/td>\n<\/tr>\n<tr>\n<td>\u00a0<\/td>\n<td>\u00a0<\/td>\n<td>\u00a0<\/td>\n<\/tr>\n<\/tbody>\n<\/table>\n<p>\u00a0<\/p>\n<p>\u00a0<\/p>\n","protected":false},"excerpt":{"rendered":"<p>Gestion Mission et plan d&rsquo;action de la biblioth\u00e8que scolaire Les r\u00f4les des diff\u00e9rents acteurs en biblioth\u00e8que scolaire Calendrier des t\u00e2ches en biblioth\u00e8que scolaire R\u00e8gles de vie en biblioth\u00e8que &#8211; Exemple Signalisation (affiches) Voici quelques exemples d&rsquo;affiches qui peuvent agr\u00e9menter la biblioth\u00e8que tout en aidant les \u00e9l\u00e8ves \u00e0 se rep\u00e9rer. Demandez les v\u00f4tres sur mesure! Guide&hellip;<\/p>\n","protected":false},"author":122,"featured_media":0,"parent":0,"menu_order":0,"comment_status":"closed","ping_status":"closed","template":"","meta":{"footnotes":""},"class_list":["post-59","page","type-page","status-publish","hentry"],"_links":{"self":[{"href":"https:\/\/site.csdessommets.qc.ca\/biblio_prim\/wp-json\/wp\/v2\/pages\/59","targetHints":{"allow":["GET"]}}],"collection":[{"href":"https:\/\/site.csdessommets.qc.ca\/biblio_prim\/wp-json\/wp\/v2\/pages"}],"about":[{"href":"https:\/\/site.csdessommets.qc.ca\/biblio_prim\/wp-json\/wp\/v2\/types\/page"}],"author":[{"embeddable":true,"href":"https:\/\/site.csdessommets.qc.ca\/biblio_prim\/wp-json\/wp\/v2\/users\/122"}],"replies":[{"embeddable":true,"href":"https:\/\/site.csdessommets.qc.ca\/biblio_prim\/wp-json\/wp\/v2\/comments?post=59"}],"version-history":[{"count":22,"href":"https:\/\/site.csdessommets.qc.ca\/biblio_prim\/wp-json\/wp\/v2\/pages\/59\/revisions"}],"predecessor-version":[{"id":333,"href":"https:\/\/site.csdessommets.qc.ca\/biblio_prim\/wp-json\/wp\/v2\/pages\/59\/revisions\/333"}],"wp:attachment":[{"href":"https:\/\/site.csdessommets.qc.ca\/biblio_prim\/wp-json\/wp\/v2\/media?parent=59"}],"curies":[{"name":"wp","href":"https:\/\/api.w.org\/{rel}","templated":true}]}}