{"id":61,"date":"2016-06-29T10:16:29","date_gmt":"2016-06-29T14:16:29","guid":{"rendered":"https:\/\/site.csdessommets.qc.ca\/biblio_prim\/optimiser-la-periode-bibliotheque\/"},"modified":"2018-11-07T15:33:21","modified_gmt":"2018-11-07T20:33:21","slug":"optimiser-la-periode-bibliotheque","status":"publish","type":"page","link":"https:\/\/site.csdessommets.qc.ca\/biblio_prim\/optimiser-la-periode-bibliotheque\/","title":{"rendered":"Activit\u00e9s pour bonifier la p\u00e9riode de biblioth\u00e8que"},"content":{"rendered":"<p>\t\t\tOptimiser la p\u00e9riode de biblioth\u00e8que<\/p>\n<p><strong>Pourquoi proposer d&rsquo;optimiser la p\u00e9riode biblioth\u00e8que \u00e0 l&rsquo;aide d&rsquo;activit\u00e9s cl\u00e9 en main?<\/strong>\u00a0Pour mettre en pratique des strat\u00e9gies gagnantes!<\/p>\n<ul>\n<li>Pour aider les enseignants \u00e0 planifier la p\u00e9riode biblioth\u00e8que afin d\u2019en faire un moment constructif et enrichissant pour toute la classe.<\/li>\n<li>Pour r\u00e9fl\u00e9chir \u00e0 une fa\u00e7on de maximiser les apprentissages des \u00e9l\u00e8ves lors de la p\u00e9riode biblioth\u00e8que. Comment la p\u00e9riode biblioth\u00e8que peut servir la planification globale?<\/li>\n<li>Placer l\u2019utilisation de la biblioth\u00e8que et de la litt\u00e9rature jeunesse au c\u0153ur de l\u2019\u00e9cole et des pratiques d\u2019enseignement. Valoriser le lieu et le livre.<\/li>\n<\/ul>\n<p>Voici une affiche \u00e0 mettre \u00e0 la biblioth\u00e8que et qui peut servir \u00e0 alimenter les discussions de l&rsquo;\u00e9quipe au sujet de l&rsquo;utilisation de la biblioth\u00e8que.\u00a0<\/p>\n<p><a href=\"https:\/\/site.csdessommets.qc.ca\/biblio_prim\/wp-content\/uploads\/sites\/15\/2016\/06\/Diagramme_visite_bibliotheque.pdf\" target=\"_blank\">Diagramme d&rsquo;une visite \u00e0 la biblioth\u00e8que de l&rsquo;\u00e9cole<\/a><\/p>\n<p>\t\t\tActivit\u00e9s pour le 1er cycle<\/p>\n<table width=\"492\">\n<tbody>\n<tr>\n<td><a href=\"https:\/\/site.csdessommets.qc.ca\/biblio_prim\/wp-content\/uploads\/sites\/15\/2016\/06\/Chasse-au-tr\u00e9sor.pdf\" target=\"_blank\">Chasse au tr\u00e9sor<\/a><\/td>\n<td>\u00a0<a href=\"https:\/\/site.csdessommets.qc.ca\/biblio_prim\/wp-content\/uploads\/sites\/15\/2016\/06\/Les-auteurs-a-lhonneur.pdf\" target=\"_blank\">Les auteurs \u00e0 l&rsquo;honneur<\/a><\/td>\n<\/tr>\n<tr>\n<td><a href=\"https:\/\/site.csdessommets.qc.ca\/biblio_prim\/wp-content\/uploads\/sites\/15\/2016\/06\/D\u00e9couvrons-les-livres.pdf\" target=\"_blank\">D\u00e9couvrons les livres<\/a><\/td>\n<td>\u00a0<a href=\"https:\/\/site.csdessommets.qc.ca\/biblio_prim\/wp-content\/uploads\/sites\/15\/2016\/06\/Mon-coup-de-coeur.pdf\" target=\"_blank\">Mon coup de coeur<\/a><\/td>\n<\/tr>\n<tr>\n<td><a href=\"https:\/\/site.csdessommets.qc.ca\/biblio_prim\/wp-content\/uploads\/sites\/15\/2016\/06\/\u00c9coute-l\u2019histoire.pdf\" target=\"_blank\">\u00c9coute l\u2019histoire<\/a><\/td>\n<td>\u00a0<a href=\"https:\/\/site.csdessommets.qc.ca\/biblio_prim\/wp-content\/uploads\/sites\/15\/2016\/06\/Qui-suis-je.pdf\" target=\"_blank\">Qui suis-je?<\/a><\/td>\n<\/tr>\n<tr>\n<td>\u00a0<a href=\"https:\/\/site.csdessommets.qc.ca\/biblio_prim\/wp-content\/uploads\/sites\/15\/2016\/06\/La-galerie-des-heros_1er-cycle.pdf\" target=\"_blank\">La galerie des h\u00e9ros<\/a><\/td>\n<td>\u00a0<\/td>\n<\/tr>\n<\/tbody>\n<\/table>\n<p>\t\t\tActivit\u00e9s pour le 2e cycle<\/p>\n<table width=\"459\">\n<tbody>\n<tr>\n<td><a href=\"https:\/\/site.csdessommets.qc.ca\/biblio_prim\/wp-content\/uploads\/sites\/15\/2016\/06\/2X2.pdf\" target=\"_blank\">2 X 2<\/a><\/td>\n<td><a href=\"https:\/\/site.csdessommets.qc.ca\/biblio_prim\/wp-content\/uploads\/sites\/15\/2016\/06\/Lhabit-ne-fait-pas-le-moine.pdf\" target=\"_blank\">L&rsquo;habit ne fait pas le moine<\/a><\/td>\n<\/tr>\n<tr>\n<td><a href=\"https:\/\/site.csdessommets.qc.ca\/biblio_prim\/wp-content\/uploads\/sites\/15\/2016\/06\/Embellissons-notre-biblioth\u00e8que.pdf\" target=\"_blank\">Embellissons notre biblioth\u00e8que<\/a><\/td>\n<td><a href=\"https:\/\/site.csdessommets.qc.ca\/biblio_prim\/wp-content\/uploads\/sites\/15\/2016\/06\/Mission-biblioth\u00e8que.pdf\" target=\"_blank\">Mission biblioth\u00e8que<\/a><\/td>\n<\/tr>\n<tr>\n<td><a href=\"https:\/\/site.csdessommets.qc.ca\/biblio_prim\/wp-content\/uploads\/sites\/15\/2016\/06\/La-galerie-des-heros_2e-cycle.pdf\" target=\"_blank\">La galerie des h\u00e9ros<\/a><\/td>\n<td><a href=\"https:\/\/site.csdessommets.qc.ca\/biblio_prim\/wp-content\/uploads\/sites\/15\/2016\/06\/Rallye-Regard.pdf\" target=\"_blank\">Rallye Regard<\/a><\/td>\n<\/tr>\n<tr>\n<td><a href=\"https:\/\/site.csdessommets.qc.ca\/biblio_prim\/wp-content\/uploads\/sites\/15\/2016\/06\/Les-mots-dans-le-sac.pdf\" target=\"_blank\">Les mots dans le sac<\/a><\/td>\n<td><a href=\"https:\/\/site.csdessommets.qc.ca\/biblio_prim\/wp-content\/uploads\/sites\/15\/2016\/06\/Un-livre-pour-chaque-intention.pdf\" target=\"_blank\">Un livre pour chaque intention<\/a><\/td>\n<\/tr>\n<\/tbody>\n<\/table>\n<p>\t\t\tActivit\u00e9s pour le 3e cycle<\/p>\n<table width=\"486\">\n<tbody>\n<tr>\n<td><a href=\"https:\/\/site.csdessommets.qc.ca\/biblio_prim\/wp-content\/uploads\/sites\/15\/2016\/06\/2X2-1.pdf\" target=\"_blank\" rel=\"noopener\">2 x 2<\/a><\/td>\n<td><a href=\"https:\/\/site.csdessommets.qc.ca\/biblio_prim\/wp-content\/uploads\/sites\/15\/2016\/06\/Trouve-ton-style.pdf\" target=\"_blank\" rel=\"noopener\">Trouve ton style<\/a><\/td>\n<\/tr>\n<tr>\n<td><a href=\"https:\/\/site.csdessommets.qc.ca\/biblio_prim\/wp-content\/uploads\/sites\/15\/2016\/06\/Cest-mon-choix.pdf\" target=\"_blank\" rel=\"noopener\">C&rsquo;est mon choix<\/a><\/td>\n<td>\u00a0<a href=\"https:\/\/site.csdessommets.qc.ca\/biblio_prim\/wp-content\/uploads\/sites\/15\/2016\/06\/Wouah-une-BD.pdf\" target=\"_blank\" rel=\"noopener\">Wouah une BD!<\/a><\/td>\n<\/tr>\n<tr>\n<td><a href=\"https:\/\/site.csdessommets.qc.ca\/biblio_prim\/wp-content\/uploads\/sites\/15\/2016\/06\/La-galerie-des-heros_3e-cycle.pdf\" target=\"_blank\" rel=\"noopener\">La galerie des h\u00e9ros<\/a><\/td>\n<td>\u00a0<a href=\"https:\/\/site.csdessommets.qc.ca\/biblio_prim\/wp-content\/uploads\/sites\/15\/2016\/06\/Mission-auteurs-qu\u00e9b\u00e9cois-1.pdf\" target=\"_blank\" rel=\"noopener\">Mission auteurs qu\u00e9b\u00e9cois<\/a><\/td>\n<\/tr>\n<\/tbody>\n<\/table>\n<p>\t\t\tId\u00e9es d&rsquo;activit\u00e9s courtes pour tous<\/p>\n<p><a href=\"https:\/\/site.csdessommets.qc.ca\/biblio_prim\/wp-content\/uploads\/sites\/15\/2016\/06\/Appreciation-oeuvres-litteraires.docx\" target=\"_blank\" rel=\"noopener\">Objectif: D\u00e9velopper l&rsquo;appr\u00e9ciation d\u2019\u0153uvres litt\u00e9raires<\/a><\/p>\n<p><a href=\"https:\/\/site.csdessommets.qc.ca\/biblio_prim\/wp-content\/uploads\/sites\/15\/2016\/06\/Autonomie-et-habilete-a-choisir.docx\" target=\"_blank\" rel=\"noopener\">Objectif: D\u00e9velopper l&rsquo;autonomie et l&rsquo;habilet\u00e9 \u00e0 choisir des \u00e9l\u00e8ves<\/a><\/p>\n<p><a href=\"https:\/\/site.csdessommets.qc.ca\/biblio_prim\/wp-content\/uploads\/sites\/15\/2016\/06\/Chercher-en-bibliotheque.docx\">Objectif: D\u00e9velopper la comp\u00e9tence \u00e0 chercher en biblioth\u00e8que<\/a><\/p>\n<p><a href=\"https:\/\/site.csdessommets.qc.ca\/biblio_prim\/wp-content\/uploads\/sites\/15\/2016\/06\/D\u00e9velopper-gout-lecture-1.docx\" target=\"_blank\" rel=\"noopener\">Objectif: D\u00e9velopper le go\u00fbt de la lecture<\/a><\/p>\n<p><a href=\"https:\/\/site.csdessommets.qc.ca\/biblio_prim\/wp-content\/uploads\/sites\/15\/2016\/06\/Promotion-et-animation-du-livre.docx\" target=\"_blank\" rel=\"noopener\">Objectif: Viser la promotion et l&rsquo;animation du livre<\/a><\/p>\n<p>\t\t\tDocuments utiles<\/p>\n<p><a href=\"https:\/\/site.csdessommets.qc.ca\/biblio_prim\/wp-content\/uploads\/sites\/15\/2016\/06\/Ma-prochaine-visite-\u00e0-la-biblioth\u00e8que.docx\" target=\"_blank\" rel=\"noopener\">Ma prochaine visite \u00e0 la biblioth\u00e8que<\/a><\/p>\n<p><a href=\"https:\/\/site.csdessommets.qc.ca\/biblio_prim\/wp-content\/uploads\/sites\/15\/2016\/06\/Liste-des-livres-abandonn\u00e9s.docx\" target=\"_blank\" rel=\"noopener\">Liste des livres abandonn\u00e9s<\/a><\/p>\n<p><a href=\"https:\/\/site.csdessommets.qc.ca\/biblio_prim\/wp-content\/uploads\/sites\/15\/2016\/06\/Liste-des-livres-lus.docx\" target=\"_blank\" rel=\"noopener\">Liste des livres lus<\/a><\/p>\n<h5>\n\t\tVid\u00e9os<br \/>\n\t<\/h5>\n<p>Activit\u00e9 du 1er cycle<\/p>\n<div style=\"width: 100px;\" class=\"wp-video\"><video class=\"wp-video-shortcode\" id=\"video-61-1\" width=\"100\" height=\"100\" preload=\"none\" controls=\"controls\"><source type=\"video\/mp4\" src=\"https:\/\/site.csdessommets.qc.ca\/biblio_prim\/wp-content\/uploads\/sites\/15\/2016\/06\/Act_biblio_1er-cycle_r\u00e9duit.mp4?_=1\" \/><a href=\"https:\/\/site.csdessommets.qc.ca\/biblio_prim\/wp-content\/uploads\/sites\/15\/2016\/06\/Act_biblio_1er-cycle_r\u00e9duit.mp4\">https:\/\/site.csdessommets.qc.ca\/biblio_prim\/wp-content\/uploads\/sites\/15\/2016\/06\/Act_biblio_1er-cycle_r\u00e9duit.mp4<\/a><\/video><\/div>\n<p>Activit\u00e9 du 2e cycle<\/p>\n<div style=\"width: 100px;\" class=\"wp-video\"><video class=\"wp-video-shortcode\" id=\"video-61-2\" width=\"100\" height=\"100\" preload=\"none\" controls=\"controls\"><source type=\"video\/mp4\" src=\"https:\/\/site.csdessommets.qc.ca\/biblio_prim\/wp-content\/uploads\/sites\/15\/2016\/06\/act_biblio_2e-cycle_b.mp4?_=2\" \/><a href=\"https:\/\/site.csdessommets.qc.ca\/biblio_prim\/wp-content\/uploads\/sites\/15\/2016\/06\/act_biblio_2e-cycle_b.mp4\">https:\/\/site.csdessommets.qc.ca\/biblio_prim\/wp-content\/uploads\/sites\/15\/2016\/06\/act_biblio_2e-cycle_b.mp4<\/a><\/video><\/div>\n<p>Activit\u00e9 du 3e cycle<\/p>\n<div style=\"width: 100px;\" class=\"wp-video\"><video class=\"wp-video-shortcode\" id=\"video-61-3\" width=\"100\" height=\"100\" preload=\"none\" controls=\"controls\"><source type=\"video\/mp4\" src=\"https:\/\/site.csdessommets.qc.ca\/biblio_prim\/wp-content\/uploads\/sites\/15\/2016\/06\/Act_biblio_3e-cycle_r\u00e9duit-1.mp4?_=3\" \/><a href=\"https:\/\/site.csdessommets.qc.ca\/biblio_prim\/wp-content\/uploads\/sites\/15\/2016\/06\/Act_biblio_3e-cycle_r\u00e9duit-1.mp4\">https:\/\/site.csdessommets.qc.ca\/biblio_prim\/wp-content\/uploads\/sites\/15\/2016\/06\/Act_biblio_3e-cycle_r\u00e9duit-1.mp4<\/a><\/video><\/div>\n","protected":false},"excerpt":{"rendered":"<p>Optimiser la p\u00e9riode de biblioth\u00e8que Pourquoi proposer d&rsquo;optimiser la p\u00e9riode biblioth\u00e8que \u00e0 l&rsquo;aide d&rsquo;activit\u00e9s cl\u00e9 en main?\u00a0Pour mettre en pratique des strat\u00e9gies gagnantes! Pour aider les enseignants \u00e0 planifier la p\u00e9riode biblioth\u00e8que afin d\u2019en faire un moment constructif et enrichissant pour toute la classe. Pour r\u00e9fl\u00e9chir \u00e0 une fa\u00e7on de maximiser les apprentissages des \u00e9l\u00e8ves&hellip;<\/p>\n","protected":false},"author":122,"featured_media":0,"parent":0,"menu_order":0,"comment_status":"closed","ping_status":"closed","template":"","meta":{"footnotes":""},"class_list":["post-61","page","type-page","status-publish","hentry"],"_links":{"self":[{"href":"https:\/\/site.csdessommets.qc.ca\/biblio_prim\/wp-json\/wp\/v2\/pages\/61","targetHints":{"allow":["GET"]}}],"collection":[{"href":"https:\/\/site.csdessommets.qc.ca\/biblio_prim\/wp-json\/wp\/v2\/pages"}],"about":[{"href":"https:\/\/site.csdessommets.qc.ca\/biblio_prim\/wp-json\/wp\/v2\/types\/page"}],"author":[{"embeddable":true,"href":"https:\/\/site.csdessommets.qc.ca\/biblio_prim\/wp-json\/wp\/v2\/users\/122"}],"replies":[{"embeddable":true,"href":"https:\/\/site.csdessommets.qc.ca\/biblio_prim\/wp-json\/wp\/v2\/comments?post=61"}],"version-history":[{"count":38,"href":"https:\/\/site.csdessommets.qc.ca\/biblio_prim\/wp-json\/wp\/v2\/pages\/61\/revisions"}],"predecessor-version":[{"id":724,"href":"https:\/\/site.csdessommets.qc.ca\/biblio_prim\/wp-json\/wp\/v2\/pages\/61\/revisions\/724"}],"wp:attachment":[{"href":"https:\/\/site.csdessommets.qc.ca\/biblio_prim\/wp-json\/wp\/v2\/media?parent=61"}],"curies":[{"name":"wp","href":"https:\/\/api.w.org\/{rel}","templated":true}]}}