{"id":64,"date":"2016-06-29T10:55:11","date_gmt":"2016-06-29T14:55:11","guid":{"rendered":"https:\/\/site.csdessommets.qc.ca\/biblio_prim\/competences-informationnelles\/"},"modified":"2022-09-14T11:18:03","modified_gmt":"2022-09-14T15:18:03","slug":"competences-informationnelles","status":"publish","type":"page","link":"https:\/\/site.csdessommets.qc.ca\/biblio_prim\/competences-informationnelles\/","title":{"rendered":"Comp\u00e9tences informationnelles"},"content":{"rendered":"\n\n\t<h3><strong>Qu&rsquo;est-ce que les\u00a0comp\u00e9tences informationnelles?<\/strong><\/h3>\n<p>Les comp\u00e9tences informationnelles repr\u00e9sentent la capacit\u00e9 d&rsquo;une personne \u00e0 d\u00e9finir ses besoins d&rsquo;information, \u00e0 chercher et trouver l&rsquo;information dont elle a besoin, \u00e0 l&rsquo;\u00e9valuer puis \u00e0 l&rsquo;utiliser de fa\u00e7on \u00e9thique.<\/p>\n<p>Pour plus d&rsquo;informations, consultez le site d\u00e9di\u00e9 au Continuum pour le d\u00e9veloppement des comp\u00e9tences informationnelles\u00a0en biblioth\u00e8que scolaire:<\/p>\n<p><a href=\"https:\/\/www.competencesinformationnelles.ca\/\" target=\"_blank\" rel=\"noopener\">https:\/\/www.competencesinformationnelles.ca\/<\/a><\/p>\n<p>Vous trouverez ici quelques activit\u00e9s pour aider vos \u00e9l\u00e8ves \u00e0 acqu\u00e9rir ces comp\u00e9tences.<\/p>\n\t\t\t<a href=\"#\" id=\"fl-accordion--label-0\">Recherche en biblioth\u00e8que<\/a>\n\t\t\t\t\t\t\t<a href=\"#\" id=\"fl-accordion--icon-0\"><i>Expand<\/i><\/a>\n\t\t<p><a href=\"https:\/\/site.csdessommets.qc.ca\/biblio_prim\/wp-content\/uploads\/sites\/15\/2016\/06\/Rallye-Regard.pdf\" target=\"_blank\" rel=\"noopener\">Rallye Regard<\/a><\/p>\n\t\t\t<a href=\"#\" id=\"fl-accordion--label-1\">ABC de la recherche<\/a>\n\t\t\t\t\t\t\t<a href=\"#\" id=\"fl-accordion--icon-1\"><i>Expand<\/i><\/a>\n\t\t<table width=\"486\">\n<tbody>\n<tr>\n<td><a href=\"https:\/\/site.csdessommets.qc.ca\/biblio_prim\/wp-content\/uploads\/sites\/15\/2016\/06\/ABC-bonne-recherche.pdf\" target=\"_blank\" rel=\"noopener\">L&rsquo;ABC d&rsquo;une bonne recherche<\/a><\/td>\n<\/tr>\n<tr>\n<td><a href=\"https:\/\/site.csdessommets.qc.ca\/biblio_prim\/wp-content\/uploads\/sites\/15\/2016\/06\/Abc-de-la-recherche_Regles-dor.pdf\" target=\"_blank\" rel=\"noopener\">Les r\u00e8gles d&rsquo;or d&rsquo;une bonne recherche<\/a><\/td>\n<\/tr>\n<tr>\n<td><a href=\"https:\/\/site.csdessommets.qc.ca\/biblio_prim\/wp-content\/uploads\/sites\/15\/2016\/06\/Guide-agent-bon-chercheur.pdf\" target=\"_blank\" rel=\"noopener\">Le guide de l&rsquo;Agent Bon Chercheur<\/a><\/td>\n<\/tr>\n<tr>\n<td><a href=\"https:\/\/site.csdessommets.qc.ca\/biblio_prim\/wp-content\/uploads\/sites\/15\/2016\/06\/Journal-de-rechercheABC.pdf\" target=\"_blank\" rel=\"noopener\">Le journal de recherche de l&rsquo;Agent Bon Chercheur<\/a><\/td>\n<\/tr>\n<tr>\n<td><a href=\"https:\/\/site.csdessommets.qc.ca\/biblio_prim\/wp-content\/uploads\/sites\/15\/2016\/06\/Diplome_bon-chercheur.pdf\" target=\"_blank\" rel=\"noopener\">Le dipl\u00f4me de l&rsquo;Agent Bon Chercheur<\/a><\/td>\n<\/tr>\n<tr>\n<td>\u00a0<\/td>\n<\/tr>\n<\/tbody>\n<\/table>\n\t\t\t<a href=\"#\" id=\"fl-accordion--label-2\">Exploitation des documentaires en classe<\/a>\n\t\t\t\t\t\t\t<a href=\"#\" id=\"fl-accordion--icon-2\"><i>Expand<\/i><\/a>\n\t\t<table width=\"465\">\n<tbody>\n<tr>\n<td><a href=\"https:\/\/site.csdessommets.qc.ca\/biblio_prim\/wp-content\/uploads\/sites\/15\/2016\/06\/Exploitation-des-documentaires.pptx\" target=\"_blank\" rel=\"noopener\">Exploitation des documentaires &#8211; Formation<\/a><\/td>\n<\/tr>\n<tr>\n<td><a href=\"https:\/\/site.csdessommets.qc.ca\/biblio_prim\/wp-content\/uploads\/sites\/15\/2016\/06\/Rallye-recherche.pdf\" target=\"_blank\" rel=\"noopener\">Rallye de recherche<\/a><\/td>\n<\/tr>\n<tr>\n<td><a href=\"https:\/\/site.csdessommets.qc.ca\/biblio_prim\/wp-content\/uploads\/sites\/15\/2016\/06\/Cernerlesujet-m\u00e9thodesoleil.docx\" target=\"_blank\" rel=\"noopener\">Cerner le sujet &#8211; m\u00e9thode soleil<\/a><\/td>\n<\/tr>\n<tr>\n<td><a href=\"https:\/\/site.csdessommets.qc.ca\/biblio_prim\/wp-content\/uploads\/sites\/15\/2016\/06\/Afficheprocessusderecherche.docx\" target=\"_blank\" rel=\"noopener\">Affiche du processus de recherche<\/a><\/td>\n<\/tr>\n<tr>\n<td>\u00a0<\/td>\n<\/tr>\n<\/tbody>\n<\/table>\n\n","protected":false},"excerpt":{"rendered":"<p>Qu&rsquo;est-ce que les\u00a0comp\u00e9tences informationnelles? Les comp\u00e9tences informationnelles repr\u00e9sentent la capacit\u00e9 d&rsquo;une personne \u00e0 d\u00e9finir ses besoins d&rsquo;information, \u00e0 chercher et trouver l&rsquo;information dont elle a besoin, \u00e0 l&rsquo;\u00e9valuer puis \u00e0 l&rsquo;utiliser de fa\u00e7on \u00e9thique. Pour plus d&rsquo;informations, consultez le site d\u00e9di\u00e9 au Continuum pour le d\u00e9veloppement des comp\u00e9tences informationnelles\u00a0en biblioth\u00e8que scolaire:  Vous trouverez ici&hellip;<\/p>\n","protected":false},"author":122,"featured_media":0,"parent":0,"menu_order":0,"comment_status":"closed","ping_status":"closed","template":"","meta":{"footnotes":""},"class_list":["post-64","page","type-page","status-publish","hentry"],"_links":{"self":[{"href":"https:\/\/site.csdessommets.qc.ca\/biblio_prim\/wp-json\/wp\/v2\/pages\/64","targetHints":{"allow":["GET"]}}],"collection":[{"href":"https:\/\/site.csdessommets.qc.ca\/biblio_prim\/wp-json\/wp\/v2\/pages"}],"about":[{"href":"https:\/\/site.csdessommets.qc.ca\/biblio_prim\/wp-json\/wp\/v2\/types\/page"}],"author":[{"embeddable":true,"href":"https:\/\/site.csdessommets.qc.ca\/biblio_prim\/wp-json\/wp\/v2\/users\/122"}],"replies":[{"embeddable":true,"href":"https:\/\/site.csdessommets.qc.ca\/biblio_prim\/wp-json\/wp\/v2\/comments?post=64"}],"version-history":[{"count":11,"href":"https:\/\/site.csdessommets.qc.ca\/biblio_prim\/wp-json\/wp\/v2\/pages\/64\/revisions"}],"predecessor-version":[{"id":884,"href":"https:\/\/site.csdessommets.qc.ca\/biblio_prim\/wp-json\/wp\/v2\/pages\/64\/revisions\/884"}],"wp:attachment":[{"href":"https:\/\/site.csdessommets.qc.ca\/biblio_prim\/wp-json\/wp\/v2\/media?parent=64"}],"curies":[{"name":"wp","href":"https:\/\/api.w.org\/{rel}","templated":true}]}}