{"id":68,"date":"2016-06-29T10:57:46","date_gmt":"2016-06-29T14:57:46","guid":{"rendered":"https:\/\/site.csdessommets.qc.ca\/biblio_prim\/le-livre-en-cadeau\/"},"modified":"2023-08-13T10:35:29","modified_gmt":"2023-08-13T14:35:29","slug":"le-livre-en-cadeau","status":"publish","type":"page","link":"https:\/\/site.csdessommets.qc.ca\/biblio_prim\/le-livre-en-cadeau\/","title":{"rendered":"Le livre en cadeau"},"content":{"rendered":"\n\n\t\t\t\t\t<a href=\"#\" id=\"fl-accordion--label-0\">Le programme \u00ab\u00a0Un livre \u00e0 moi!\u00a0\u00bb<\/a>\n\t\t\t\t\t\t\t\t\t\t\t<a href=\"#\" id=\"fl-accordion--icon-0\"><i>Expand<\/i><\/a>\n\t\t\t\t\t<table width=\"720\">\n<tbody>\n<tr>\n<td>\u00a0Le programme <strong>Un livre \u00e0 moi! pour le plaisir de lire<\/strong> est soutenu par Le Centre canadien du livre jeunesse et offre gratuitement et \u00e0 chaque ann\u00e9e un livre \u00e0 tous les \u00e9l\u00e8ves de 1<sup>\u00e8re<\/sup> ann\u00e9e. Ce livre appartient \u00e0 l&rsquo;enfant, qui peut le ramener \u00e0 la maison et le lire avec ses parents. Si toutefois les enseignants souhaitent l&rsquo;exploiter en classe, des activit\u00e9s d&rsquo;animation sont disponibles ci-dessous.<\/td>\n<td>\u00a0<\/td>\n<\/tr>\n<tr>\n<td>Pour en savoir plus sur le programme, visitez le <a href=\"http:\/\/bookcentre.ca\/programmes-et-ressources\/un-livre-a-moi-td\/\" target=\"_blank\" rel=\"noopener\">site du Centre canadien du livre jeunesse<\/a>.\u00a0<\/td>\n<td>\u00a0<\/td>\n<\/tr>\n<\/tbody>\n<\/table>\n\t\t\t\t\t<a href=\"#\" id=\"fl-accordion--label-1\">Amis instantan\u00e9s (2022-2023)<\/a>\n\t\t\t\t\t\t\t\t\t\t\t<a href=\"#\" id=\"fl-accordion--icon-1\"><i>Expand<\/i><\/a>\n\t\t\t\t\t<a href=\"#\" id=\"fl-accordion--label-2\">Le costume de Mala\u00efka (2021-2022)<\/a>\n\t\t\t\t\t\t\t\t\t\t\t<a href=\"#\" id=\"fl-accordion--icon-2\"><i>Expand<\/i><\/a>\n\t\t\t\t\t<a href=\"#\" id=\"fl-accordion--label-3\">L&rsquo;anniversaire (2020-2021)<\/a>\n\t\t\t\t\t\t\t\t\t\t\t<a href=\"#\" id=\"fl-accordion--icon-3\"><i>Expand<\/i><\/a>\n\t\t\t\t\t<a href=\"#\" id=\"fl-accordion--label-4\">J&rsquo;ai le c\u0153ur rempli de bonheur (2019-2020)<\/a>\n\t\t\t\t\t\t\t\t\t\t\t<a href=\"#\" id=\"fl-accordion--icon-4\"><i>Expand<\/i><\/a>\n\t\t\t\t\t<a href=\"#\" id=\"fl-accordion--label-5\">La girafe et l&rsquo;oiseau (2018-2019)<\/a>\n\t\t\t\t\t\t\t\t\t\t\t<a href=\"#\" id=\"fl-accordion--icon-5\"><i>Expand<\/i><\/a>\n\t\t\t\t\t<p><a href=\"https:\/\/site.csdessommets.qc.ca\/biblio_prim\/la-girafe-et-loiseau\/\" target=\"_blank\" rel=\"noopener\">Pour en savoir plus sur le livre La girafe et l&rsquo;oiseau!<\/a><\/p>\n\t\t\t\t\t<a href=\"#\" id=\"fl-accordion--label-6\">Bonjour Canada! (2017-2018)<\/a>\n\t\t\t\t\t\t\t\t\t\t\t<a href=\"#\" id=\"fl-accordion--icon-6\"><i>Expand<\/i><\/a>\n\t\t\t\t\t<p><a href=\"https:\/\/site.csdessommets.qc.ca\/biblio_prim\/wp-content\/uploads\/sites\/15\/2017\/11\/Guide_BonjourCanada.pdf\" target=\"_blank\" rel=\"noopener\">Pistes d&rsquo;exploitation pour le livre Bonjour Canada!<\/a><\/p>\n\t\t\t\t\t<a href=\"#\" id=\"fl-accordion--label-7\">Petit Paul (2016-2017)<\/a>\n\t\t\t\t\t\t\t\t\t\t\t<a href=\"#\" id=\"fl-accordion--icon-7\"><i>Expand<\/i><\/a>\n\t\t\t\t\t<p><a href=\"https:\/\/site.csdessommets.qc.ca\/biblio_prim\/wp-content\/uploads\/sites\/15\/2016\/06\/Lecture-interactive_Petit_Paul.pdf\" target=\"_blank\" rel=\"noopener\">Lecture interactive du livre Petit Paul <\/a><\/p>\n\t\t\t\t\t<a href=\"#\" id=\"fl-accordion--label-8\">Le chapeau de M. Zinger (2015-2016)<\/a>\n\t\t\t\t\t\t\t\t\t\t\t<a href=\"#\" id=\"fl-accordion--icon-8\"><i>Expand<\/i><\/a>\n\t\t\t\t\t<p><a href=\"https:\/\/site.csdessommets.qc.ca\/biblio_prim\/wp-content\/uploads\/sites\/15\/2016\/06\/Activit\u00e9-Le-chapeau-de-M.-Zinger.pdf\" target=\"_blank\" rel=\"noopener\">Pistes d&rsquo;exploitation pour le\u00a0livre Le chapeau de M. Zinger<\/a><\/p>\n\t\t\t\t\t<a href=\"#\" id=\"fl-accordion--label-9\">Des portes dans les airs (2014-2015)<\/a>\n\t\t\t\t\t\t\t\t\t\t\t<a href=\"#\" id=\"fl-accordion--icon-9\"><i>Expand<\/i><\/a>\n\t\t\t\t\t<p><a href=\"https:\/\/site.csdessommets.qc.ca\/biblio_prim\/wp-content\/uploads\/sites\/15\/2016\/06\/Activit\u00e9-Des-portes-dans-les-airs.pdf\" target=\"_blank\" rel=\"noopener\">Pistes d&rsquo;exploitation pour le\u00a0livre Des portes dans les airs<\/a><\/p>\n\t\t\t\t\t<a href=\"#\" id=\"fl-accordion--label-10\">La soupe de gar\u00e7ons (2013-2014)<\/a>\n\t\t\t\t\t\t\t\t\t\t\t<a href=\"#\" id=\"fl-accordion--icon-10\"><i>Expand<\/i><\/a>\n\t\t\t\t\t<p><a href=\"https:\/\/site.csdessommets.qc.ca\/biblio_prim\/wp-content\/uploads\/sites\/15\/2016\/06\/lect_inter_LaSoupeDeGarcons.docx\" target=\"_blank\" rel=\"noopener\">Lecture interactive avec le livre La soupe de gar\u00e7ons<\/a><\/p>\n\t\t\t\t\t<a href=\"#\" id=\"fl-accordion--label-11\">J&rsquo;ai perdu mon chat (2012-2013)<\/a>\n\t\t\t\t\t\t\t\t\t\t\t<a href=\"#\" id=\"fl-accordion--icon-11\"><i>Expand<\/i><\/a>\n\t\t\t\t\t<p><a href=\"https:\/\/site.csdessommets.qc.ca\/biblio_prim\/wp-content\/uploads\/sites\/15\/2016\/06\/Activit\u00e9-Jai-perdu-mon-chat.pdf\" target=\"_blank\" rel=\"noopener\">Pistes d&rsquo;exploitation pour\u00a0le livre J&rsquo;ai perdu mon chat<\/a><\/p>\n<table width=\"322\">\n<tbody>\n<tr>\n<td><a href=\"https:\/\/site.csdessommets.qc.ca\/biblio_prim\/wp-content\/uploads\/sites\/15\/2016\/06\/Cahier-de-l\u00e9l\u00e8ve_Philippe-B\u00e9ha.pdf\" target=\"_blank\" rel=\"noopener\">Activit\u00e9 sur le livre J&rsquo;ai perdu mon chat<\/a><\/td>\n<\/tr>\n<\/tbody>\n<\/table>\n\t\t\t\t\t<a href=\"#\" id=\"fl-accordion--label-12\">Cadeaux (2011-2012)<\/a>\n\t\t\t\t\t\t\t\t\t\t\t<a href=\"#\" id=\"fl-accordion--icon-12\"><i>Expand<\/i><\/a>\n\t\t\t\t\t<p><a href=\"https:\/\/site.csdessommets.qc.ca\/biblio_prim\/wp-content\/uploads\/sites\/15\/2016\/06\/Animation-livre-Cadeaux-derniere-version.pdf\" target=\"_blank\" rel=\"noopener\">Pistes d&rsquo;exploitation\u00a0pour le livre Cadeaux<\/a><\/p>\n<p><a href=\"https:\/\/site.csdessommets.qc.ca\/biblio_prim\/wp-content\/uploads\/sites\/15\/2016\/06\/Cadeaux_Annexe2.pdf\" target=\"_blank\" rel=\"noopener\">Activit\u00e9 sur le livre Cadeaux<\/a><\/p>\n<p>\u00a0<\/p>\n\n","protected":false},"excerpt":{"rendered":"<p>Le programme \u00ab\u00a0Un livre \u00e0 moi!\u00a0\u00bb Expand \u00a0Le programme Un livre \u00e0 moi! pour le plaisir de lire est soutenu par Le Centre canadien du livre jeunesse et offre gratuitement et \u00e0 chaque ann\u00e9e un livre \u00e0 tous les \u00e9l\u00e8ves de 1\u00e8re ann\u00e9e. Ce livre appartient \u00e0 l&rsquo;enfant, qui peut le ramener \u00e0 la maison&hellip;<\/p>\n","protected":false},"author":122,"featured_media":0,"parent":0,"menu_order":0,"comment_status":"closed","ping_status":"closed","template":"","meta":{"footnotes":""},"class_list":["post-68","page","type-page","status-publish","hentry"],"_links":{"self":[{"href":"https:\/\/site.csdessommets.qc.ca\/biblio_prim\/wp-json\/wp\/v2\/pages\/68","targetHints":{"allow":["GET"]}}],"collection":[{"href":"https:\/\/site.csdessommets.qc.ca\/biblio_prim\/wp-json\/wp\/v2\/pages"}],"about":[{"href":"https:\/\/site.csdessommets.qc.ca\/biblio_prim\/wp-json\/wp\/v2\/types\/page"}],"author":[{"embeddable":true,"href":"https:\/\/site.csdessommets.qc.ca\/biblio_prim\/wp-json\/wp\/v2\/users\/122"}],"replies":[{"embeddable":true,"href":"https:\/\/site.csdessommets.qc.ca\/biblio_prim\/wp-json\/wp\/v2\/comments?post=68"}],"version-history":[{"count":24,"href":"https:\/\/site.csdessommets.qc.ca\/biblio_prim\/wp-json\/wp\/v2\/pages\/68\/revisions"}],"predecessor-version":[{"id":899,"href":"https:\/\/site.csdessommets.qc.ca\/biblio_prim\/wp-json\/wp\/v2\/pages\/68\/revisions\/899"}],"wp:attachment":[{"href":"https:\/\/site.csdessommets.qc.ca\/biblio_prim\/wp-json\/wp\/v2\/media?parent=68"}],"curies":[{"name":"wp","href":"https:\/\/api.w.org\/{rel}","templated":true}]}}