{"id":821,"date":"2021-10-27T11:15:37","date_gmt":"2021-10-27T15:15:37","guid":{"rendered":"https:\/\/site.csdessommets.qc.ca\/biblio_prim\/biblius\/"},"modified":"2022-09-14T10:20:59","modified_gmt":"2022-09-14T14:20:59","slug":"biblius","status":"publish","type":"page","link":"https:\/\/site.csdessommets.qc.ca\/biblio_prim\/biblius\/","title":{"rendered":"Biblius"},"content":{"rendered":"\n\n\t<p><strong>Qu&rsquo;est-ce que Biblius?<\/strong><\/p>\n<p>Biblius est une plateforme de <strong>pr\u00eat de livres num\u00e9riques<\/strong> con\u00e7ue sp\u00e9cifiquement pour le milieu scolaire, contenant\u00a0406 livres disponibles gratuitement!<\/p>\n<p>Les <strong>pr\u00eats sont illimit\u00e9s<\/strong>, et l&#8217;emprunt des livres peut se faire \u00e0 partir de n&rsquo;importe quelle plateforme ayant acc\u00e8s \u00e0 Internet: ordinateur, tablette, cellulaire. etc.<\/p>\n<p>Des fonctions particuli\u00e8res y sont directement int\u00e9gr\u00e9es : <strong>synth\u00e8se vocale<\/strong>, assignation de lecture \u00e0 un groupe d&rsquo;\u00e9l\u00e8ves, lecture hors ligne.<\/p>\n\t\t\t\t<img loading=\"lazy\" decoding=\"async\" src=\"https:\/\/site.csdessommets.qc.ca\/biblio_prim\/wp-content\/uploads\/sites\/15\/2021\/10\/BP-logo_biblius_hor_tagline_couleur_rgb-2019.png\" alt=\"BP - logo_biblius_hor_tagline_couleur_rgb - 2019\" height=\"860\" width=\"2400\" title=\"BP - logo_biblius_hor_tagline_couleur_rgb - 2019\" \/>\n\t<p>&nbsp;<\/p>\n<p><strong>\u00c0 qui s&rsquo;adresse Biblius?<\/strong><\/p>\n<p>Cette plateforme de pr\u00eat de livres num\u00e9riques s&rsquo;adresse <strong>aux enseignants et aux \u00e9l\u00e8ves<\/strong> du pr\u00e9scolaire, du primaire, du secondaire, de la FGA et de la FP.<\/p>\n<p><strong>Comment y acc\u00e9der?<\/strong><\/p>\n<p>Par Mozaik portail (cliquez sur la tuile Biblius)<\/p>\n<p>Directement \u00e0 cette adresse\u00a0: <strong><a href=\"https:\/\/cssds.biblius.ca\/\" target=\"_blank\" rel=\"noopener\">https:\/\/cssds.biblius.ca\/<\/a><\/strong><\/p>\n<p><strong>Pour en savoir plus<\/strong><\/p>\n<p>Visionnez les courtes capsules d&rsquo;<strong>autoformation<\/strong> \u00e0 l&rsquo;adresse suivante\u00a0: <a href=\"https:\/\/projetbiblius.ca\/outils-formation\/#enseignants-outils\" target=\"_blank\" rel=\"noopener\">https:\/\/projetbiblius.ca\/outils-formation\/#enseignants-outils<\/a><\/p>\n<p><a href=\"https:\/\/site.csdessommets.qc.ca\/biblio_prim\/wp-content\/uploads\/sites\/15\/2022\/09\/Biblius_EnBref.pdf\" target=\"_blank\" rel=\"noopener\">Biblius_EnBref<\/a><\/p>\n<p><a href=\"https:\/\/site.csdessommets.qc.ca\/biblio_prim\/wp-content\/uploads\/sites\/15\/2021\/10\/Presentation-de-Biblius.pptx\" target=\"_blank\" rel=\"noopener\">Pr\u00e9sentation Power Point<\/a><\/p>\n<p><a href=\"https:\/\/site.csdessommets.qc.ca\/biblio_prim\/wp-content\/uploads\/sites\/15\/2021\/10\/Biblius_Parents-1.pdf\" target=\"_blank\" rel=\"noopener\">Document pour les parents<\/a><\/p>\n<strong><br \/>\nIl est possible d&rsquo;ajouter d&rsquo;autres titres pour des besoins pr\u00e9cis li\u00e9s \u00e0 un projet p\u00e9dagogique. Le livre doit \u00eatre disponible sur le site suivant :\u00a0 <\/strong><a href=\"https:\/\/collectivites.leslibraires.ca\/scolaire\" target=\"_blank\" rel=\"noopener\">https:\/\/collectivites.leslibraires.ca\/scolaire.<\/a>\n<p><strong>Remplissez ce formulaire pour en faire la demande : <a href=\"https:\/\/forms.gle\/1DK2NYV4CsxEtdUe7\" target=\"_blank\" rel=\"noopener\">https:\/\/forms.gle\/1DK2NYV4CsxEtdUe7<\/a><\/strong><\/p>\n\n","protected":false},"excerpt":{"rendered":"<p>Qu&rsquo;est-ce que Biblius? Biblius est une plateforme de pr\u00eat de livres num\u00e9riques con\u00e7ue sp\u00e9cifiquement pour le milieu scolaire, contenant\u00a0406 livres disponibles gratuitement! Les pr\u00eats sont illimit\u00e9s, et l&#8217;emprunt des livres peut se faire \u00e0 partir de n&rsquo;importe quelle plateforme ayant acc\u00e8s \u00e0 Internet: ordinateur, tablette, cellulaire. etc. Des fonctions particuli\u00e8res y sont directement int\u00e9gr\u00e9es :&hellip;<\/p>\n","protected":false},"author":122,"featured_media":0,"parent":0,"menu_order":0,"comment_status":"closed","ping_status":"closed","template":"","meta":{"footnotes":""},"class_list":["post-821","page","type-page","status-publish","hentry"],"_links":{"self":[{"href":"https:\/\/site.csdessommets.qc.ca\/biblio_prim\/wp-json\/wp\/v2\/pages\/821","targetHints":{"allow":["GET"]}}],"collection":[{"href":"https:\/\/site.csdessommets.qc.ca\/biblio_prim\/wp-json\/wp\/v2\/pages"}],"about":[{"href":"https:\/\/site.csdessommets.qc.ca\/biblio_prim\/wp-json\/wp\/v2\/types\/page"}],"author":[{"embeddable":true,"href":"https:\/\/site.csdessommets.qc.ca\/biblio_prim\/wp-json\/wp\/v2\/users\/122"}],"replies":[{"embeddable":true,"href":"https:\/\/site.csdessommets.qc.ca\/biblio_prim\/wp-json\/wp\/v2\/comments?post=821"}],"version-history":[{"count":9,"href":"https:\/\/site.csdessommets.qc.ca\/biblio_prim\/wp-json\/wp\/v2\/pages\/821\/revisions"}],"predecessor-version":[{"id":882,"href":"https:\/\/site.csdessommets.qc.ca\/biblio_prim\/wp-json\/wp\/v2\/pages\/821\/revisions\/882"}],"wp:attachment":[{"href":"https:\/\/site.csdessommets.qc.ca\/biblio_prim\/wp-json\/wp\/v2\/media?parent=821"}],"curies":[{"name":"wp","href":"https:\/\/api.w.org\/{rel}","templated":true}]}}