{"id":894,"date":"2023-08-13T10:15:00","date_gmt":"2023-08-13T14:15:00","guid":{"rendered":"https:\/\/site.csdessommets.qc.ca\/biblio_prim\/suggestions-achat-mesure-15103-volet-2\/"},"modified":"2024-11-14T09:12:52","modified_gmt":"2024-11-14T14:12:52","slug":"suggestions-achat-mesure-15103-volet-2","status":"publish","type":"page","link":"https:\/\/site.csdessommets.qc.ca\/biblio_prim\/suggestions-achat-mesure-15103-volet-2\/","title":{"rendered":"Suggestions achats &#8211; Mesure 15103 volet 2"},"content":{"rendered":"\n\n\t<h3><strong>Optimiser l&rsquo;achat de livres pour la mesure 15103 &#8211; volet 2<\/strong><\/h3>\n<p>Comment optimiser vos achats? <a href=\"https:\/\/site.csdessommets.qc.ca\/biblio_prim\/wp-content\/uploads\/sites\/15\/2023\/08\/Optimiser-lachat-de-livres-Mesure-15103-volet-2-2.pdf\" target=\"_blank\" rel=\"noopener\"><strong>Ce document<\/strong><\/a>\u00a0r\u00e9sume l&rsquo;essentiel \u00e0 savoir concernant la nouvelle mesure pour l&rsquo;achat de livres!<\/p>\n<p>Voici quelques pistes \u00e0 explorer pour soutenir votre r\u00e9flexion:<\/p>\n<ul>\n<li>Avez-vous des auteurs invit\u00e9s durant l&rsquo;ann\u00e9e?<\/li>\n<li>Des projets particuliers propres \u00e0 l&rsquo;\u00e9cole?\n<ul>\n<li><a href=\"https:\/\/site.csdessommets.qc.ca\/biblio_prim\/wp-content\/uploads\/sites\/15\/2023\/08\/Classes-Commun-Plan_violence_et_habiletes_sociales.pdf\" target=\"_blank\" rel=\"noopener\">Plan violence<\/a> (Intimidation, vivre ensemble, habilet\u00e9s sociales, savoir-\u00eatre, etc.)<\/li>\n<li>\u00c9coles vertes<\/li>\n<li>Saines habitudes de vie<\/li>\n<\/ul>\n<\/li>\n<li>Des \u00e9l\u00e9ments du programme que vous souhaitez travailler?\n<ul>\n<li>\u00c9ducation \u00e0 la sexualit\u00e9 (Voir suggestions par cycle)<\/li>\n<li>Nouveau programme CCQ<\/li>\n<li><a href=\"https:\/\/site.csdessommets.qc.ca\/biblio_prim\/wp-content\/uploads\/sites\/15\/2023\/08\/Classes-Commun-Competences_informationnelles.pdf\" target=\"_blank\" rel=\"noopener\">Comp\u00e9tences informationnelles<\/a><\/li>\n<\/ul>\n<\/li>\n<li>Des pratiques que vous souhaitez alimenter ou mettre en place?\n<ul>\n<li>Cercles de lecture<\/li>\n<li>Lire \u00e0 deux<\/li>\n<li>Travailler les albums r\u00e9sistants<\/li>\n<\/ul>\n<\/li>\n<li>Sujets sensibles\n<ul>\n<li><a href=\"https:\/\/site.csdessommets.qc.ca\/biblio_prim\/wp-content\/uploads\/sites\/15\/2023\/11\/Classes-Commun-Anxiete.pdf\" target=\"_blank\" rel=\"noopener\">Anxi\u00e9t\u00e9<\/a><\/li>\n<li><a href=\"https:\/\/site.csdessommets.qc.ca\/biblio_prim\/wp-content\/uploads\/sites\/15\/2023\/11\/Classes-Commun-Deuil.pdf\" target=\"_blank\" rel=\"noopener\">Deuil<\/a><\/li>\n<li>Troubles d&rsquo;apprentissage<\/li>\n<\/ul>\n<\/li>\n<\/ul>\n\n<h4><strong>Autres suggestions de livres par cycle :<\/strong><\/h4>\n\t\t\t\t\t<a href=\"void(0);\" id=\"fl-accordion--label-0\" aria-controls=\"fl-accordion--panel-0\">Pr\u00e9scolaire<\/a>\n\t\t\t\t\t\t\t\t\t\t\t<a href=\"#\" id=\"fl-accordion--icon-0\" aria-controls=\"fl-accordion--panel-0\"><i>Expand<\/i><\/a>\n\t\t\t\t\t<p>\u00c9ducation \u00e0 la sexualit\u00e9<\/p>\n<p><a href=\"https:\/\/site.csdessommets.qc.ca\/biblio_prim\/wp-content\/uploads\/sites\/15\/2023\/11\/Classes-Presco-Livres_a_manipuler.pdf\" target=\"_blank\" rel=\"noopener\">Livres \u00e0 manipuler<\/a>\u00a0(\u00ab\u00a0interactifs\u00a0\u00bb et\/ou r\u00e9sistants, \u00e0 mettre entre les mains des enfants)<\/p>\n<p><a href=\"https:\/\/site.csdessommets.qc.ca\/biblio_prim\/wp-content\/uploads\/sites\/15\/2023\/11\/Classes-Presco-Gestion_des_emotions.pdf\" target=\"_blank\" rel=\"noopener\">Gestion des \u00e9motions<\/a><\/p>\n\t\t\t\t\t<a href=\"void(0);\" id=\"fl-accordion--label-1\" aria-controls=\"fl-accordion--panel-1\">1er cycle<\/a>\n\t\t\t\t\t\t\t\t\t\t\t<a href=\"#\" id=\"fl-accordion--icon-1\" aria-controls=\"fl-accordion--panel-1\"><i>Expand<\/i><\/a>\n\t\t\t\t\t<p><a href=\"https:\/\/site.csdessommets.qc.ca\/biblio_prim\/wp-content\/uploads\/sites\/15\/2023\/11\/Classes-1er_cycle-Lecture-graduee.pdf\" target=\"_blank\" rel=\"noopener\">Livrets de lecture gradu\u00e9e<\/a><\/p>\n<p><a href=\"https:\/\/site.csdessommets.qc.ca\/biblio_prim\/wp-content\/uploads\/sites\/15\/2024\/08\/Classes-1er_cycle_Gestion_des_emotions.pdf\" target=\"_blank\" rel=\"noopener\">Gestion des \u00e9motions<\/a><\/p>\n<p><a href=\"https:\/\/site.csdessommets.qc.ca\/biblio_prim\/wp-content\/uploads\/sites\/15\/2023\/08\/Classes-1er_cycle-Poesie.pdf\" target=\"_blank\" rel=\"noopener\">Po\u00e9sie<\/a><\/p>\n<p><a href=\"https:\/\/site.csdessommets.qc.ca\/biblio_prim\/wp-content\/uploads\/sites\/15\/2023\/11\/Classes-1ere_annee-Education_a_la_sexualite.pdf\" target=\"_blank\" rel=\"noopener\">\u00c9ducation \u00e0 la sexualit\u00e9 &#8211; 1\u00e8re ann\u00e9e<\/a><\/p>\n<p><a href=\"https:\/\/site.csdessommets.qc.ca\/biblio_prim\/wp-content\/uploads\/sites\/15\/2023\/11\/Classes-2e_annee-Education_a_la_sexualite.pdf\" target=\"_blank\" rel=\"noopener\">\u00c9ducation \u00e0 la sexualit\u00e9 &#8211; 2e ann\u00e9e<\/a><\/p>\n<p><a href=\"https:\/\/site.csdessommets.qc.ca\/biblio_prim\/wp-content\/uploads\/sites\/15\/2024\/11\/Classes_1er_cycle_CCQ.pdf\" target=\"_blank\" rel=\"noopener\">Citoyennet\u00e9 et Culture Qu\u00e9b\u00e9coise<\/a><\/p>\n\t\t\t\t\t<a href=\"void(0);\" id=\"fl-accordion--label-2\" aria-controls=\"fl-accordion--panel-2\">2e cycle<\/a>\n\t\t\t\t\t\t\t\t\t\t\t<a href=\"#\" id=\"fl-accordion--icon-2\" aria-controls=\"fl-accordion--panel-2\"><i>Expand<\/i><\/a>\n\t\t\t\t\t<table>\n<tbody>\n<tr>\n<td><a href=\"https:\/\/site.csdessommets.qc.ca\/biblio_prim\/wp-content\/uploads\/sites\/15\/2023\/08\/Classes-2e_cycle-Jerome_Camil.pdf\" target=\"_blank\" rel=\"noopener\">Auteur &#8211; J\u00e9r\u00f4me Camil<\/a><\/td>\n<td><a href=\"https:\/\/site.csdessommets.qc.ca\/biblio_prim\/wp-content\/uploads\/sites\/15\/2023\/08\/Jerome-Camil_par-livre.pdf\" target=\"_blank\" rel=\"noopener\">Mat\u00e9riel p\u00e9dagogique<\/a><\/td>\n<\/tr>\n<\/tbody>\n<\/table>\n<p>D\u00e9fi Lis avec moi<\/p>\n<p><a href=\"https:\/\/site.csdessommets.qc.ca\/biblio_prim\/wp-content\/uploads\/sites\/15\/2023\/10\/Classes-2e_cycle-Philo.pdf\" target=\"_blank\" rel=\"noopener\">Philo pour enfants (\u00e9thique)<\/a><\/p>\n<p><a href=\"https:\/\/site.csdessommets.qc.ca\/biblio_prim\/wp-content\/uploads\/sites\/15\/2023\/11\/Classes-3e_annee-Education_a_la_sexualite.pdf\" target=\"_blank\" rel=\"noopener\">\u00c9ducation \u00e0 la sexualit\u00e9<\/a><\/p>\n<p><a href=\"https:\/\/site.csdessommets.qc.ca\/biblio_prim\/wp-content\/uploads\/sites\/15\/2024\/01\/Classes-2e_cycle-Romans.pdf\" target=\"_blank\" rel=\"noopener\">Romans<\/a><\/p>\n<p><a href=\"https:\/\/site.csdessommets.qc.ca\/biblio_prim\/wp-content\/uploads\/sites\/15\/2024\/01\/Classes-2e_cycle-BD.pdf\" target=\"_blank\" rel=\"noopener\">Bandes dessin\u00e9es<\/a><\/p>\n\t\t\t\t\t<a href=\"void(0);\" id=\"fl-accordion--label-3\" aria-controls=\"fl-accordion--panel-3\">3e cycle<\/a>\n\t\t\t\t\t\t\t\t\t\t\t<a href=\"#\" id=\"fl-accordion--icon-3\" aria-controls=\"fl-accordion--panel-3\"><i>Expand<\/i><\/a>\n\t\t\t\t\t<p>&nbsp;<\/p>\n<table>\n<tbody>\n<tr>\n<td>\u00c9ducation \u00e0 la sexualit\u00e9<\/td>\n\n<\/tr>\n<tr>\n<td><a href=\"https:\/\/site.csdessommets.qc.ca\/biblio_prim\/wp-content\/uploads\/sites\/15\/2023\/08\/Classes-3e_cycle-Contes_et_legendes.pdf\" target=\"_blank\" rel=\"noopener\">Contes et l\u00e9gendes qu\u00e9b\u00e9cois<\/a><\/td>\n\n<\/tr>\n<tr>\n<td><a href=\"https:\/\/site.csdessommets.qc.ca\/biblio_prim\/wp-content\/uploads\/sites\/15\/2023\/08\/Classes-3e_cycle-Poesie.pdf\" target=\"_blank\" rel=\"noopener\">Po\u00e9sie<\/a><\/td>\n\n<\/tr>\n<tr>\n<td><a href=\"https:\/\/site.csdessommets.qc.ca\/biblio_prim\/wp-content\/uploads\/sites\/15\/2023\/08\/Classes-3e_cycle-Projet_Societe_Inuit.pdf\" target=\"_blank\" rel=\"noopener\">Projet soci\u00e9t\u00e9 Inuit<\/a><\/td>\n<td><a href=\"https:\/\/site.csdessommets.qc.ca\/biblio_prim\/wp-content\/uploads\/sites\/15\/2023\/08\/SequencesUS_mondeInuit_Sueurs-froides.pdf\" target=\"_blank\" rel=\"noopener\">S\u00e9quence d&rsquo;enseignement<\/a><\/td>\n<\/tr>\n<tr>\n<td><a href=\"https:\/\/site.csdessommets.qc.ca\/biblio_prim\/wp-content\/uploads\/sites\/15\/2023\/08\/Classes-3e_cycle-Projet_fantastique.pdf\" target=\"_blank\" rel=\"noopener\">Projet fantastique<\/a><\/td>\n<td><a href=\"https:\/\/drive.google.com\/drive\/folders\/1_j2WGn4SSvwq3ptEMKklc4iyjzSrDvUG\" target=\"_blank\" rel=\"noopener\">Mat\u00e9riel p\u00e9dagogique<\/a><\/td>\n<\/tr>\n<tr>\n<td><a href=\"https:\/\/site.csdessommets.qc.ca\/biblio_prim\/wp-content\/uploads\/sites\/15\/2023\/10\/Classes-3e_cycle-Romans.pdf\" target=\"_blank\" rel=\"noopener\">Romans<\/a><\/td>\n\n<\/tr>\n<tr>\n<td><a href=\"https:\/\/site.csdessommets.qc.ca\/biblio_prim\/wp-content\/uploads\/sites\/15\/2023\/10\/Classes-3e_cycle-Romans_denquete.pdf\" target=\"_blank\" rel=\"noopener\">Romans d&rsquo;enqu\u00eate<\/a><\/td>\n\n<\/tr>\n<tr>\n<td><a href=\"https:\/\/site.csdessommets.qc.ca\/biblio_prim\/wp-content\/uploads\/sites\/15\/2024\/04\/Classes_3e_cycle_Bandes_dessinees.pdf\" target=\"_blank\" rel=\"noopener\">Bandes dessin\u00e9es<\/a><\/td>\n\n<\/tr>\n<\/tbody>\n<\/table>\n<p>&nbsp;<\/p>\n<p>&nbsp;<\/p>\n\n","protected":false},"excerpt":{"rendered":"<p>Optimiser l&rsquo;achat de livres pour la mesure 15103 &#8211; volet 2 Comment optimiser vos achats? Ce document\u00a0r\u00e9sume l&rsquo;essentiel \u00e0 savoir concernant la nouvelle mesure pour l&rsquo;achat de livres! Voici quelques pistes \u00e0 explorer pour soutenir votre r\u00e9flexion: Avez-vous des auteurs invit\u00e9s durant l&rsquo;ann\u00e9e? Des projets particuliers propres \u00e0 l&rsquo;\u00e9cole? Plan violence (Intimidation, vivre ensemble, habilet\u00e9s&hellip;<\/p>\n","protected":false},"author":122,"featured_media":0,"parent":0,"menu_order":0,"comment_status":"closed","ping_status":"closed","template":"","meta":{"footnotes":""},"class_list":["post-894","page","type-page","status-publish","hentry"],"_links":{"self":[{"href":"https:\/\/site.csdessommets.qc.ca\/biblio_prim\/wp-json\/wp\/v2\/pages\/894","targetHints":{"allow":["GET"]}}],"collection":[{"href":"https:\/\/site.csdessommets.qc.ca\/biblio_prim\/wp-json\/wp\/v2\/pages"}],"about":[{"href":"https:\/\/site.csdessommets.qc.ca\/biblio_prim\/wp-json\/wp\/v2\/types\/page"}],"author":[{"embeddable":true,"href":"https:\/\/site.csdessommets.qc.ca\/biblio_prim\/wp-json\/wp\/v2\/users\/122"}],"replies":[{"embeddable":true,"href":"https:\/\/site.csdessommets.qc.ca\/biblio_prim\/wp-json\/wp\/v2\/comments?post=894"}],"version-history":[{"count":47,"href":"https:\/\/site.csdessommets.qc.ca\/biblio_prim\/wp-json\/wp\/v2\/pages\/894\/revisions"}],"predecessor-version":[{"id":996,"href":"https:\/\/site.csdessommets.qc.ca\/biblio_prim\/wp-json\/wp\/v2\/pages\/894\/revisions\/996"}],"wp:attachment":[{"href":"https:\/\/site.csdessommets.qc.ca\/biblio_prim\/wp-json\/wp\/v2\/media?parent=894"}],"curies":[{"name":"wp","href":"https:\/\/api.w.org\/{rel}","templated":true}]}}