{"id":997,"date":"2024-11-14T09:16:51","date_gmt":"2024-11-14T14:16:51","guid":{"rendered":"https:\/\/site.csdessommets.qc.ca\/biblio_prim\/?page_id=997"},"modified":"2024-11-19T11:49:05","modified_gmt":"2024-11-19T16:49:05","slug":"ccq","status":"publish","type":"page","link":"https:\/\/site.csdessommets.qc.ca\/biblio_prim\/ccq\/","title":{"rendered":"CCQ"},"content":{"rendered":"\n\n\t<p><strong>Utiliser la litt\u00e9rature jeunesse en CCQ<\/strong><\/p>\n<p>Vous trouverez sur cette page quelques outils et ressources pour utiliser la litt\u00e9rature jeunesse dans l&rsquo;enseignement du programme CCQ.<\/p>\n<p>&nbsp;<\/p>\n<p>Liste de livres disponibles dans Biblius en lien avec CCQ: <a href=\"https:\/\/site.csdessommets.qc.ca\/biblio_prim\/wp-content\/uploads\/sites\/15\/2024\/11\/CSSDS_CCQ_propositions_litteraires_primaire_BIBLIUS.pdf\">CSSDS_CCQ_propositions_litteraires_primaire_BIBLIUS.pdf<\/a><\/p>\n<p>&nbsp;<\/p>\n<p>Liste de mots-cl\u00e9s \u00e0 utiliser pour rechercher des livres dans votre biblioth\u00e8que scolaire: <a href=\"https:\/\/site.csdessommets.qc.ca\/biblio_prim\/wp-content\/uploads\/sites\/15\/2024\/11\/CSSRS_CCQ_primaire_Sujets.pdf\">CSSRS_CCQ_primaire_Sujets<\/a><\/p>\n<p>Cette liste a \u00e9t\u00e9 cr\u00e9\u00e9e par les coll\u00e8gues de Sherbrooke, donc le lien vers Regard n&rsquo;est pas le bon dans le document. Dirigez-vous plut\u00f4t ici pour trouver votre succursale: <a href=\"https:\/\/regard.csdessommets.qc.ca\/sommets\" target=\"_blank\" rel=\"noopener\">https:\/\/regard.csdessommets.qc.ca\/sommets<\/a><\/p>\n<p>&nbsp;<\/p>\n<p>Suggestions par cycle<\/p>\n<p><a href=\"https:\/\/site.csdessommets.qc.ca\/biblio_prim\/wp-content\/uploads\/sites\/15\/2024\/11\/Classes_1er_cycle_CCQ.pdf\">Classes_1er_cycle_CCQ<\/a><\/p>\n<p><a href=\"https:\/\/site.csdessommets.qc.ca\/biblio_prim\/wp-content\/uploads\/sites\/15\/2024\/11\/Classes_2e_cycle_CCQ.pdf\" target=\"_blank\" rel=\"noopener\">Classes_2e_cycle_CCQ<\/a><\/p>\n<p><a href=\"https:\/\/site.csdessommets.qc.ca\/biblio_prim\/wp-content\/uploads\/sites\/15\/2024\/11\/Classes_3e_cycle_CCQ.pdf\" target=\"_blank\" rel=\"noopener\">Classes_3e_cycle_CCQ<\/a><\/p>\n\n","protected":false},"excerpt":{"rendered":"<p>Utiliser la litt\u00e9rature jeunesse en CCQ Vous trouverez sur cette page quelques outils et ressources pour utiliser la litt\u00e9rature jeunesse dans l&rsquo;enseignement du programme CCQ. &nbsp; Liste de livres disponibles dans Biblius en lien avec CCQ: CSSDS_CCQ_propositions_litteraires_primaire_BIBLIUS.pdf &nbsp; Liste de mots-cl\u00e9s \u00e0 utiliser pour rechercher des livres dans votre biblioth\u00e8que scolaire: CSSRS_CCQ_primaire_Sujets Cette liste a&hellip;<\/p>\n","protected":false},"author":122,"featured_media":0,"parent":0,"menu_order":0,"comment_status":"closed","ping_status":"closed","template":"","meta":{"footnotes":""},"class_list":["post-997","page","type-page","status-publish","hentry"],"_links":{"self":[{"href":"https:\/\/site.csdessommets.qc.ca\/biblio_prim\/wp-json\/wp\/v2\/pages\/997","targetHints":{"allow":["GET"]}}],"collection":[{"href":"https:\/\/site.csdessommets.qc.ca\/biblio_prim\/wp-json\/wp\/v2\/pages"}],"about":[{"href":"https:\/\/site.csdessommets.qc.ca\/biblio_prim\/wp-json\/wp\/v2\/types\/page"}],"author":[{"embeddable":true,"href":"https:\/\/site.csdessommets.qc.ca\/biblio_prim\/wp-json\/wp\/v2\/users\/122"}],"replies":[{"embeddable":true,"href":"https:\/\/site.csdessommets.qc.ca\/biblio_prim\/wp-json\/wp\/v2\/comments?post=997"}],"version-history":[{"count":4,"href":"https:\/\/site.csdessommets.qc.ca\/biblio_prim\/wp-json\/wp\/v2\/pages\/997\/revisions"}],"predecessor-version":[{"id":1006,"href":"https:\/\/site.csdessommets.qc.ca\/biblio_prim\/wp-json\/wp\/v2\/pages\/997\/revisions\/1006"}],"wp:attachment":[{"href":"https:\/\/site.csdessommets.qc.ca\/biblio_prim\/wp-json\/wp\/v2\/media?parent=997"}],"curies":[{"name":"wp","href":"https:\/\/api.w.org\/{rel}","templated":true}]}}