{"id":130,"date":"2023-03-01T14:37:29","date_gmt":"2023-03-01T19:37:29","guid":{"rendered":"https:\/\/site.csdessommets.qc.ca\/brouillonresnum\/accueil-3\/"},"modified":"2025-11-12T09:32:31","modified_gmt":"2025-11-12T14:32:31","slug":"accueil-3","status":"publish","type":"page","link":"https:\/\/site.csdessommets.qc.ca\/brouillonresnum\/","title":{"rendered":"Accueil"},"content":{"rendered":"\n<h2>\n\t\t\tLes \u00e9l\u00e8ves au c\u0153ur de la r\u00e9volution num\u00e9rique\t<\/h2>\n\t\t\t<img decoding=\"async\" loading='false' src=\"https:\/\/site.csdessommets.qc.ca\/brouillonresnum\/wp-content\/uploads\/sites\/504\/2023\/06\/Carrousel-Competence-numerique.jpg\" alt=\"\" \/><a href=\"https:\/\/site.csdessommets.qc.ca\/brouillonresnum\/competence-numerique\/\" target=\"_self\" aria-label=\"Comp\u00e9tence num\u00e9rique\"><\/a>\t\t\t\n\t\t\t<img decoding=\"async\" loading='false' src=\"https:\/\/site.csdessommets.qc.ca\/brouillonresnum\/wp-content\/uploads\/sites\/504\/2025\/11\/Carrousel-Guide-IAG-Personnel-enseignant-scaled.png\" alt=\"\" \/><a href=\"https:\/\/cdn-contenu.quebec.ca\/cdn-contenu\/education\/Numerique\/Guide-utilisation-pedagogique-ethique-legale-IA-personnel-enseignant.pdf\" target=\"_blank\" aria-label=\"\"><\/a>\t\t\t\n\t\t\t<img decoding=\"async\" loading='false' src=\"https:\/\/site.csdessommets.qc.ca\/brouillonresnum\/wp-content\/uploads\/sites\/504\/2025\/11\/Carrousel-AQUOPS-2-scaled.png\" alt=\"\" \/><a href=\"https:\/\/www.aquops.qc.ca\/fr\/programmation\" target=\"_blank\" aria-label=\"\"><\/a>\t\t\t\n\t\t\t<img decoding=\"async\" loading='false' src=\"https:\/\/site.csdessommets.qc.ca\/brouillonresnum\/wp-content\/uploads\/sites\/504\/2023\/06\/Carrousel-Offres-de-formation-1.jpg\" alt=\"\" \/><a href=\"https:\/\/portail.csqc.ca\/gif#\/offredeservices\" target=\"_blank\" aria-label=\"Offres de formation disponibles sur GIF\"><\/a>\t\t\t\n\t\t\t<img decoding=\"async\" loading='false' src=\"https:\/\/site.csdessommets.qc.ca\/brouillonresnum\/wp-content\/uploads\/sites\/504\/2023\/06\/Carrousel-AJAT-1.jpg\" alt=\"\" \/><a href=\"https:\/\/site.csdessommets.qc.ca\/carrefourpedagogique\/ajat\/\" target=\"_blank\" aria-label=\"\"><\/a>\t\t\t\n\t\t\t<img decoding=\"async\" loading='false' src=\"https:\/\/site.csdessommets.qc.ca\/brouillonresnum\/wp-content\/uploads\/sites\/504\/2023\/06\/Carrousel-RECIT.jpg\" alt=\"\" \/><a href=\"https:\/\/recit.qc.ca\/\" target=\"_blank\" aria-label=\"\"><\/a>\t\t\t\n\t\t\t\t<a href=\"#\" aria-label=\"previous\" role=\"button\">\n<\/a>\n\t\t\t\t<a href=\"#\" aria-label=\"next\" role=\"button\">\n<\/a>\n\t<p><strong>Nous avons aussi plusieurs ressources dans cette \u00e9quipe:<\/strong><\/p>\n<p><a href=\"https:\/\/teams.microsoft.com\/l\/team\/19%3Ad33e886d217e4f179436b9a72189bd95%40thread.tacv2\/conversations?groupId=03ccb883-b427-4863-a3ca-9da4828d059d&amp;tenantId=cede1faa-9b42-4798-8ad0-2620f045f81d\" target=\"_blank\" rel=\"noopener\"><strong>Enseigner avec les TICS | G\u00e9n\u00e9ral | Microsoft Teams<\/strong><\/a><\/p>\n\t<p>D\u00e9velopper les comp\u00e9tences du XXI<sup>e<\/sup> si\u00e8cle<\/p>\n\t<p>Former des citoyens \u00e0 l&rsquo;\u00e8re du num\u00e9rique<\/p>\n\t<p>Des approches p\u00e9dagogiques innovantes favorisant la r\u00e9ussite \u00e9ducative<\/p>\n\t<p>Des apprenants plus engag\u00e9s et autonomes dans leur d\u00e9marche d&rsquo;apprentissage<\/p>\n\t<h5>Acc\u00e9dez aux <strong>formation du CSSDS<\/strong>, aux <strong>autoformations<\/strong><strong> du Minist\u00e8re<\/strong> et<\/h5>\n<h5>d\u00e9couvrez votre \u00e9quipe d&rsquo;<strong>agents de d\u00e9veloppement p\u00e9dagonum\u00e9rique<\/strong>.<\/h5>\n\t\t\t<a href=\"https:\/\/site.csdessommets.qc.ca\/brouillonresnum\/offre-de-services\/\" target=\"_self\">\n\t\t\t\t\t\tOffre de services\n\t\t\t\t\t<\/a>\n\t<h5>Acc\u00e9dez au <strong>cadre de r\u00e9f\u00e9rence<\/strong>, au <strong>c<\/strong><strong>ontinuum de d\u00e9veloppement<\/strong> ainsi qu&rsquo;\u00e0 divers <strong>o<\/strong><strong>utils<\/strong>.<\/h5>\n\t\t\t<a href=\"https:\/\/site.csdessommets.qc.ca\/brouillonresnum\/competence-numerique\/\" target=\"_self\">\n\t\t\t\t\t\tComp\u00e9tence num\u00e9rique\n\t\t\t\t\t<\/a>\n\t<h5>Acc\u00e9dez au <strong>mat\u00e9riel disponible<\/strong> qu&rsquo;il est possible d&rsquo;<strong>emprunter<\/strong> ainsi qu&rsquo;\u00e0 <strong>diverses ressources<\/strong>.<\/h5>\n\t\t\t<a href=\"https:\/\/site.csdessommets.qc.ca\/brouillonresnum\/robotique-programmation\/\" target=\"_self\">\n\t\t\t\t\t\tRobotique\/programmation\n\t\t\t\t\t<\/a>\n\t<h5>Acc\u00e9dez \u00e0 <strong>diverses ressources <\/strong>pour d\u00e9velopper les comp\u00e9tences num\u00e9riques des \u00e9l\u00e8ves.<\/h5>\n\t\t\t<a href=\"https:\/\/site.csdessommets.qc.ca\/brouillonresnum\/outils-et-ressources-numeriques\/\" target=\"_self\">\n\t\t\t\t\t\tOutils et ressources num\u00e9riques\n\t\t\t\t\t<\/a>\n\t<h5>Acc\u00e9dez aux coordonn\u00e9es de vos conseillers technop\u00e9dagogiques.<\/h5>\n\t\t\t<a href=\"https:\/\/site.csdessommets.qc.ca\/brouillonresnum\/equipe-de-soutien-pedagonumerique\/\" target=\"_blank\" rel=\"noopener\">\n\t\t\t\t\t\t\u00c9quipe de soutien p\u00e9dagonum\u00e9rique\n\t\t\t\t\t<\/a>\n\n","protected":false},"excerpt":{"rendered":"<p>Les \u00e9l\u00e8ves au c\u0153ur de la r\u00e9volution num\u00e9rique Nous avons aussi plusieurs ressources dans cette \u00e9quipe: Enseigner avec les TICS | G\u00e9n\u00e9ral | Microsoft Teams D\u00e9velopper les comp\u00e9tences du XXIe si\u00e8cle Former des citoyens \u00e0 l&rsquo;\u00e8re du num\u00e9rique Des approches p\u00e9dagogiques innovantes favorisant la r\u00e9ussite \u00e9ducative Des apprenants plus engag\u00e9s et autonomes dans leur d\u00e9marche&hellip;<\/p>\n","protected":false},"author":1281,"featured_media":0,"parent":0,"menu_order":0,"comment_status":"closed","ping_status":"closed","template":"","meta":{"footnotes":""},"class_list":["post-130","page","type-page","status-publish","hentry"],"_links":{"self":[{"href":"https:\/\/site.csdessommets.qc.ca\/brouillonresnum\/wp-json\/wp\/v2\/pages\/130","targetHints":{"allow":["GET"]}}],"collection":[{"href":"https:\/\/site.csdessommets.qc.ca\/brouillonresnum\/wp-json\/wp\/v2\/pages"}],"about":[{"href":"https:\/\/site.csdessommets.qc.ca\/brouillonresnum\/wp-json\/wp\/v2\/types\/page"}],"author":[{"embeddable":true,"href":"https:\/\/site.csdessommets.qc.ca\/brouillonresnum\/wp-json\/wp\/v2\/users\/1281"}],"replies":[{"embeddable":true,"href":"https:\/\/site.csdessommets.qc.ca\/brouillonresnum\/wp-json\/wp\/v2\/comments?post=130"}],"version-history":[{"count":63,"href":"https:\/\/site.csdessommets.qc.ca\/brouillonresnum\/wp-json\/wp\/v2\/pages\/130\/revisions"}],"predecessor-version":[{"id":489,"href":"https:\/\/site.csdessommets.qc.ca\/brouillonresnum\/wp-json\/wp\/v2\/pages\/130\/revisions\/489"}],"wp:attachment":[{"href":"https:\/\/site.csdessommets.qc.ca\/brouillonresnum\/wp-json\/wp\/v2\/media?parent=130"}],"curies":[{"name":"wp","href":"https:\/\/api.w.org\/{rel}","templated":true}]}}