{"id":145,"date":"2023-03-01T15:58:25","date_gmt":"2023-03-01T20:58:25","guid":{"rendered":"https:\/\/site.csdessommets.qc.ca\/brouillonresnum\/offre-de-services\/"},"modified":"2023-08-16T13:21:45","modified_gmt":"2023-08-16T17:21:45","slug":"offre-de-services","status":"publish","type":"page","link":"https:\/\/site.csdessommets.qc.ca\/brouillonresnum\/offre-de-services\/","title":{"rendered":"Offre de services"},"content":{"rendered":"\n<h2>\n\t\tOffre de formations du CSS des Sommets\n\t<\/h2>\n\t<h2>Informations \u00e0 venir&#8230;<\/h2>\n<h2>\n\t\tOffre d&rsquo;autoformations\n\t<\/h2>\n\t\t\t\t<a href=\"https:\/\/campus.recit.qc.ca\/\" target=\"_blank\" rel=\"noopener\">\n\t\t\t\t<img loading=\"lazy\" decoding=\"async\" src=\"https:\/\/site.csdessommets.qc.ca\/brouillonresnum\/wp-content\/uploads\/sites\/504\/2023\/08\/campus_recit.png\" alt=\"campus_recit\" height=\"150\" width=\"319\" title=\"campus_recit\" \/>\n\t\t\t\t<\/a>\n\t\t\t\t<a href=\"https:\/\/www.cadre21.org\/\" target=\"_blank\" rel=\"noopener\">\n\t\t\t\t<img loading=\"lazy\" decoding=\"async\" src=\"https:\/\/site.csdessommets.qc.ca\/brouillonresnum\/wp-content\/uploads\/sites\/504\/2023\/08\/cadre21.png\" alt=\"cadre21\" height=\"100\" width=\"400\" title=\"cadre21\" \/>\n\t\t\t\t<\/a>\n\t\t\t\t<a href=\"https:\/\/www.learnquebec.ca\/fr\/home\" target=\"_blank\" rel=\"noopener\">\n\t\t\t\t<img loading=\"lazy\" decoding=\"async\" src=\"https:\/\/site.csdessommets.qc.ca\/brouillonresnum\/wp-content\/uploads\/sites\/504\/2023\/08\/layout_set_logo.png\" alt=\"layout_set_logo\" height=\"140\" width=\"151\" title=\"layout_set_logo\" \/>\n\t\t\t\t<\/a>\n<h2>\n\t\t\u00c9quipe des agents DPN\n\t<\/h2>\n\t<h2>Informations \u00e0 venir&#8230;<\/h2>\n\n","protected":false},"excerpt":{"rendered":"<p>Offre de formations du CSS des Sommets Informations \u00e0 venir&#8230; Offre d&rsquo;autoformations \u00c9quipe des agents DPN Informations \u00e0 venir&#8230;<\/p>\n","protected":false},"author":1281,"featured_media":0,"parent":0,"menu_order":0,"comment_status":"closed","ping_status":"closed","template":"","meta":{"footnotes":""},"class_list":["post-145","page","type-page","status-publish","hentry"],"_links":{"self":[{"href":"https:\/\/site.csdessommets.qc.ca\/brouillonresnum\/wp-json\/wp\/v2\/pages\/145","targetHints":{"allow":["GET"]}}],"collection":[{"href":"https:\/\/site.csdessommets.qc.ca\/brouillonresnum\/wp-json\/wp\/v2\/pages"}],"about":[{"href":"https:\/\/site.csdessommets.qc.ca\/brouillonresnum\/wp-json\/wp\/v2\/types\/page"}],"author":[{"embeddable":true,"href":"https:\/\/site.csdessommets.qc.ca\/brouillonresnum\/wp-json\/wp\/v2\/users\/1281"}],"replies":[{"embeddable":true,"href":"https:\/\/site.csdessommets.qc.ca\/brouillonresnum\/wp-json\/wp\/v2\/comments?post=145"}],"version-history":[{"count":7,"href":"https:\/\/site.csdessommets.qc.ca\/brouillonresnum\/wp-json\/wp\/v2\/pages\/145\/revisions"}],"predecessor-version":[{"id":401,"href":"https:\/\/site.csdessommets.qc.ca\/brouillonresnum\/wp-json\/wp\/v2\/pages\/145\/revisions\/401"}],"wp:attachment":[{"href":"https:\/\/site.csdessommets.qc.ca\/brouillonresnum\/wp-json\/wp\/v2\/media?parent=145"}],"curies":[{"name":"wp","href":"https:\/\/api.w.org\/{rel}","templated":true}]}}