{"id":147,"date":"2023-03-01T15:58:41","date_gmt":"2023-03-01T20:58:41","guid":{"rendered":"https:\/\/site.csdessommets.qc.ca\/brouillonresnum\/competence-numerique\/"},"modified":"2024-10-15T15:07:44","modified_gmt":"2024-10-15T19:07:44","slug":"competence-numerique","status":"publish","type":"page","link":"https:\/\/site.csdessommets.qc.ca\/brouillonresnum\/competence-numerique\/","title":{"rendered":"Comp\u00e9tence num\u00e9rique"},"content":{"rendered":"\n<h2>\n\t\tDocuments de r\u00e9f\u00e9rence\n\t<\/h2>\n\t\t\t<a href=\"https:\/\/cdn-contenu.quebec.ca\/cdn-contenu\/education\/Numerique\/Cadre-reference-competence-num.pdf\" target=\"_blank\" rel=\"noopener\">\n\t\t\t\t\t\t\tCadre de r\u00e9f\u00e9rence\n\t\t\t\t\t<\/a>\n\t\t\t<a href=\"https:\/\/cdn-contenu.quebec.ca\/cdn-contenu\/education\/Numerique\/continuum-cadre-reference-num.pdf\" target=\"_blank\" rel=\"noopener\">\n\t\t\t\t\t\t\tContinuum de d\u00e9veloppement\n\t\t\t\t\t<\/a>\n\t\t\t<a href=\"https:\/\/cdn-contenu.quebec.ca\/cdn-contenu\/education\/Numerique\/guide-cadre-reference-num.pdf\" target=\"_blank\" rel=\"noopener\">\n\t\t\t\t\t\t\tGuide p\u00e9dagogique\n\t\t\t\t\t<\/a>\n\t\t\t<a href=\"https:\/\/cdn-contenu.quebec.ca\/cdn-contenu\/education\/Numerique\/affiche-cadre-ref-competence-num.pdf\" target=\"_blank\" rel=\"noopener\">\n\t\t\t\t\t\t\tAffiche\n\t\t\t\t\t<\/a>\n\t\t\t<a href=\"https:\/\/cdn-contenu.quebec.ca\/cdn-contenu\/education\/Numerique\/gabarit-planification-activites-pedago-competence-num.pdf\" target=\"_blank\" rel=\"noopener\">\n\t\t\t\t\t\t\tGabarit de planification\n\t\t\t\t\t<\/a>\n\t\t\t\t<img loading=\"lazy\" decoding=\"async\" src=\"https:\/\/site.csdessommets.qc.ca\/brouillonresnum\/wp-content\/uploads\/sites\/504\/2023\/08\/competence_numerique-1.png\" alt=\"competence_numerique\" height=\"1228\" width=\"1319\" title=\"competence_numerique\" \/>\n\t\t\t<a href=\"https:\/\/site.csdessommets.qc.ca\/comp_tic_primaire\/\" target=\"_blank\" rel=\"noopener\">\n\t\t\t\t\t\t\tComp\u00e9tence TIC au primaire\n\t\t\t\t\t<\/a>\n<h2>\n\t\tRessources\n\t<\/h2>\n\t\t\t<a href=\"https:\/\/competencenumerique.ca\/fr\" target=\"_blank\" rel=\"noopener\">\n\t\t\t\t\t\t\tPlateforme intelligente\n\t\t\t\t\t<\/a>\n\t\t\t<a href=\"https:\/\/sites.google.com\/cssdn.gouv.qc.ca\/competencenumerique\/documents-de-r%C3%A9f%C3%A9rence\/capsules-destin%C3%A9es-aux-%C3%A9l%C3%A8ves?authuser=0\" target=\"_blank\" rel=\"noopener\">\n\t\t\t\t\t\t\tCapsules vid\u00e9os destin\u00e9es aux \u00e9l\u00e8ves\n\t\t\t\t\t<\/a>\n\t\t\t<a href=\"https:\/\/view.genial.ly\/645bde244a7fc000132d120a\/interactive-content-affiches-version-francaise\" target=\"_blank\" rel=\"noopener\">\n\t\t\t\t\t\t\tAffiches interactives (fran\u00e7ais)\n\t\t\t\t\t<\/a>\n\t\t\t<a href=\"https:\/\/view.genial.ly\/645cef00c9997f00196b307d\/interactive-content-posters-english-version\" target=\"_blank\" rel=\"noopener\">\n\t\t\t\t\t\t\tAffiches interactives (anglais)\n\t\t\t\t\t<\/a>\n\t\t\t<a href=\"https:\/\/dca.learnquebec.ca\/fr\/cadre-de-reference-de-la-competence-numerique\/\" target=\"_blank\" rel=\"noopener\">\n\t\t\t\t\t\t\tComp\u00e9tence num\u00e9rique en action\n\t\t\t\t\t<\/a>\n\n","protected":false},"excerpt":{"rendered":"<p>Documents de r\u00e9f\u00e9rence Cadre de r\u00e9f\u00e9rence Continuum de d\u00e9veloppement Guide p\u00e9dagogique Affiche Gabarit de planification Comp\u00e9tence TIC au primaire Ressources Plateforme intelligente Capsules vid\u00e9os destin\u00e9es aux \u00e9l\u00e8ves Affiches interactives (fran\u00e7ais) Affiches interactives (anglais) Comp\u00e9tence num\u00e9rique en action<\/p>\n","protected":false},"author":1281,"featured_media":0,"parent":0,"menu_order":0,"comment_status":"closed","ping_status":"closed","template":"","meta":{"footnotes":""},"class_list":["post-147","page","type-page","status-publish","hentry"],"_links":{"self":[{"href":"https:\/\/site.csdessommets.qc.ca\/brouillonresnum\/wp-json\/wp\/v2\/pages\/147","targetHints":{"allow":["GET"]}}],"collection":[{"href":"https:\/\/site.csdessommets.qc.ca\/brouillonresnum\/wp-json\/wp\/v2\/pages"}],"about":[{"href":"https:\/\/site.csdessommets.qc.ca\/brouillonresnum\/wp-json\/wp\/v2\/types\/page"}],"author":[{"embeddable":true,"href":"https:\/\/site.csdessommets.qc.ca\/brouillonresnum\/wp-json\/wp\/v2\/users\/1281"}],"replies":[{"embeddable":true,"href":"https:\/\/site.csdessommets.qc.ca\/brouillonresnum\/wp-json\/wp\/v2\/comments?post=147"}],"version-history":[{"count":7,"href":"https:\/\/site.csdessommets.qc.ca\/brouillonresnum\/wp-json\/wp\/v2\/pages\/147\/revisions"}],"predecessor-version":[{"id":466,"href":"https:\/\/site.csdessommets.qc.ca\/brouillonresnum\/wp-json\/wp\/v2\/pages\/147\/revisions\/466"}],"wp:attachment":[{"href":"https:\/\/site.csdessommets.qc.ca\/brouillonresnum\/wp-json\/wp\/v2\/media?parent=147"}],"curies":[{"name":"wp","href":"https:\/\/api.w.org\/{rel}","templated":true}]}}