{"id":149,"date":"2023-03-01T15:58:58","date_gmt":"2023-03-01T20:58:58","guid":{"rendered":"https:\/\/site.csdessommets.qc.ca\/brouillonresnum\/robotique-programmation\/"},"modified":"2025-11-17T12:06:26","modified_gmt":"2025-11-17T17:06:26","slug":"robotique-programmation","status":"publish","type":"page","link":"https:\/\/site.csdessommets.qc.ca\/brouillonresnum\/robotique-programmation\/","title":{"rendered":"Robotique\/Programmation"},"content":{"rendered":"\n<h2>\n\t\t\tMat\u00e9riel p\u00e9dagonum\u00e9rique disponible au CSSDS\t<\/h2>\n\t\t\t<a href=\"https:\/\/csdessommets.sharepoint.com\/:w:\/s\/CollaborationCPRCIT\/EVO2s4fmbZBCmIkmWZyfh6EBTOW_9XRWgytTiTlbhFAxnA?e=X69lKC\" target=\"_blank\" rel=\"noopener\">\n\t\t\t\t\t\tListe du mat\u00e9riel disponible\n\t\t\t\t\t<\/a>\n\t\t\t<a href=\"https:\/\/csdessommets.sharepoint.com\/:u:\/s\/CollaborationCPRCIT\/ET_CpZhRdFBAk_FyG09quUABbqOsQB2Wt2cN14wAlJyrRQ?e=1XPxa9\" target=\"_blank\" rel=\"noopener\">\n\t\t\t\t\t\tFormulaire d&#8217;emprunt\n\t\t\t\t\t<\/a>\n\t<h1>Page en d\u00e9veloppement<\/h1>\n\n","protected":false},"excerpt":{"rendered":"<p>Mat\u00e9riel p\u00e9dagonum\u00e9rique disponible au CSSDS Liste du mat\u00e9riel disponible Formulaire d&#8217;emprunt Page en d\u00e9veloppement<\/p>\n","protected":false},"author":1281,"featured_media":0,"parent":0,"menu_order":0,"comment_status":"closed","ping_status":"closed","template":"","meta":{"footnotes":""},"class_list":["post-149","page","type-page","status-publish","hentry"],"_links":{"self":[{"href":"https:\/\/site.csdessommets.qc.ca\/brouillonresnum\/wp-json\/wp\/v2\/pages\/149","targetHints":{"allow":["GET"]}}],"collection":[{"href":"https:\/\/site.csdessommets.qc.ca\/brouillonresnum\/wp-json\/wp\/v2\/pages"}],"about":[{"href":"https:\/\/site.csdessommets.qc.ca\/brouillonresnum\/wp-json\/wp\/v2\/types\/page"}],"author":[{"embeddable":true,"href":"https:\/\/site.csdessommets.qc.ca\/brouillonresnum\/wp-json\/wp\/v2\/users\/1281"}],"replies":[{"embeddable":true,"href":"https:\/\/site.csdessommets.qc.ca\/brouillonresnum\/wp-json\/wp\/v2\/comments?post=149"}],"version-history":[{"count":8,"href":"https:\/\/site.csdessommets.qc.ca\/brouillonresnum\/wp-json\/wp\/v2\/pages\/149\/revisions"}],"predecessor-version":[{"id":498,"href":"https:\/\/site.csdessommets.qc.ca\/brouillonresnum\/wp-json\/wp\/v2\/pages\/149\/revisions\/498"}],"wp:attachment":[{"href":"https:\/\/site.csdessommets.qc.ca\/brouillonresnum\/wp-json\/wp\/v2\/media?parent=149"}],"curies":[{"name":"wp","href":"https:\/\/api.w.org\/{rel}","templated":true}]}}