{"id":209,"date":"2023-05-15T10:50:24","date_gmt":"2023-05-15T14:50:24","guid":{"rendered":"https:\/\/site.csdessommets.qc.ca\/brouillonresnum\/universalis-junior\/"},"modified":"2023-06-30T13:01:49","modified_gmt":"2023-06-30T17:01:49","slug":"universalis-junior","status":"publish","type":"page","link":"https:\/\/site.csdessommets.qc.ca\/brouillonresnum\/universalis-junior\/","title":{"rendered":"Universalis junior"},"content":{"rendered":"\n\n\t\t\t\t<img loading=\"lazy\" decoding=\"async\" src=\"https:\/\/site.csdessommets.qc.ca\/brouillonresnum\/wp-content\/uploads\/sites\/504\/2023\/05\/logo-junior-fr-300x66.png\" alt=\"logo-junior-fr\" height=\"66\" width=\"300\" title=\"logo-junior-fr\" \/>\n\t<p>Encyclop\u00e9die illustr\u00e9e, adapt\u00e9e aux \u00e9l\u00e8ves du primaire. Permet de faire des recherches sur de nombreux th\u00e8mes et, comme enseignant, de se constituer un dossier personnalis\u00e9 de contenus choisis, tir\u00e9s de l&rsquo;encyclop\u00e9die en tant que tel (articles et m\u00e9dias). Universalis Junior est accessible en fran\u00e7ais et en anglais. En compl\u00e9ment, un atlas est propos\u00e9 ainsi que l&rsquo;acc\u00e8s \u00e0 une image du jour.<\/p>\n<p>&nbsp;<\/p>\n<ul>\n<li>Des\u00a0<strong>cartes mentales<\/strong> sur les articles pour contextualiser et \u00e9largir les recherches;<\/li>\n<li>L&rsquo;<strong>atlas<\/strong>\u00a0et l&rsquo;outil<strong>\u00a0Data Pays<\/strong> pour enrichir les cours de g\u00e9ographie en cartes et donn\u00e9es cl\u00e9s;<\/li>\n<li>Le <strong>dictionnaire<\/strong> accessible directement sur tous les articles en double-cliquant sur un nom commun;<\/li>\n<li>Le site met l&rsquo;accent sur l&rsquo;accessibilit\u00e9 et en proposant des outils inclusifs :\n<ul>\n<li>La fonction\u00a0<strong>\u00c9couter<\/strong>\u00a0et les\u00a0<strong>podcasts<\/strong> permettent la lecture audio des articles;<\/li>\n<li>La police\u00a0<em><strong>Open-Dyslexic<\/strong><\/em> favorise l&rsquo;acc\u00e8s des contenus au plus grand nombre;<\/li>\n<li>Une option d&rsquo;affichage proposant un<strong> th\u00e8me sombre;<\/strong><\/li>\n<\/ul>\n<\/li>\n<li>Un site accessible partout et sur tous les \u00e9crans (mobiles, tablettes, ordinateurs);<\/li>\n<li>Des droits lib\u00e9r\u00e9s pour un usage p\u00e9dagogique interactif : modification, exportation en PDF et impression;<\/li>\n<li>\u00c0 la fin de chaque article, une r\u00e9f\u00e9rence est propos\u00e9e pour\u00a0<strong>citer ses sources;<\/strong><\/li>\n<li>L&rsquo;encyclop\u00e9die contient un glossaire assurant la bonne compr\u00e9hension des principaux mots contenus dans ses articles;<\/li>\n<li>Le dossier personnalis\u00e9 de l&rsquo;enseignant est disponible depuis l&rsquo;int\u00e9rieur ou l&rsquo;ext\u00e9rieur de l&rsquo;\u00e9tablissement;<\/li>\n<li>Le contenu personnalis\u00e9, cr\u00e9\u00e9 \u00e0 partir de l&rsquo;encyclop\u00e9die et destin\u00e9 \u00e0 un usage p\u00e9dagogique, peut \u00eatre partag\u00e9 aux \u00e9l\u00e8ves, par le biais de liens URL.<\/li>\n<\/ul>\n\t<p><strong>Client\u00e8les vis\u00e9es<\/strong><\/p>\n<ul>\n<li>Pour \u00e9l\u00e8ves du primaire et de l&rsquo;adaptation scolaire.<\/li>\n<li>Pour les enseignants.<\/li>\n<\/ul>\n\t<p><strong>Pistes d&rsquo;exploitation p\u00e9dagogiques<\/strong><\/p>\n<p>Liste provenant de Manon Desrosiers de la CSDM \u00a0(RECIT &#8211; Cybersavoir)<\/p>\n<ul>\n<li>Int\u00e9grer l&rsquo;article du jour en d\u00e9but de p\u00e9riode et faire lire les \u00e9l\u00e8ves, faire discuter du sujet par le biais de l&rsquo;image affich\u00e9e ou la vid\u00e9o.<\/li>\n<li>Int\u00e9ressant de partir de l&rsquo;article du jour pour aller vers les m\u00e9dias li\u00e9s et d\u00e9couvrir des sujets connexes.<\/li>\n<li>L&rsquo;atlas est param\u00e9trable l&rsquo;enseignant peut faire des cartes muettes.<br \/>\nOn peut afficher le drapeau, la situation g\u00e9ographique, etc.<\/li>\n<li>Prendre Universalis junior avec les \u00e9l\u00e8ves et pour des compl\u00e9ments d&rsquo;information l&rsquo;enseignant peut aller dans Universalis.<\/li>\n<\/ul>\n\t<p><strong>Documents d&rsquo;aide ou tutoriels<\/strong><\/p>\n<ul>\n<li><strong><a href=\"http:\/\/resnum.csdessommets.qc.ca\/wp-content\/uploads\/2015\/01\/universalisjunior.pdf\" target=\"_blank\" rel=\"noopener noreferrer\">Tutoriel simplifi\u00e9<\/a><\/strong>\u00a0propos\u00e9 par le\u00a0<strong><a href=\"http:\/\/www.mabibliotheque.ca\/monteregie\/fr\/index.aspx\" target=\"_blank\" rel=\"noopener noreferrer\">R\u00e9seau BIBLIO Mont\u00e9r\u00e9gie<\/a><\/strong>.<\/li>\n<li><strong><a href=\"http:\/\/resnum.csdessommets.qc.ca\/wp-content\/uploads\/2015\/01\/Tutoriel_couleurs_Universalis.pdf\" target=\"_blank\" rel=\"noopener noreferrer\">Tutoriel<\/a><\/strong>\u00a0s&rsquo;adressant aux \u00e9l\u00e8ves propos\u00e9 par le\u00a0<a href=\"http:\/\/ressources.pedagogiques.csphares.qc.ca\/\"><strong>Centre de ressources p\u00e9dagogiques<\/strong><\/a>\u00a0de la Commission scolaire des Phares.<\/li>\n<li><strong><a href=\"http:\/\/resnum.csdessommets.qc.ca\/wp-content\/uploads\/2015\/01\/aide_universalis.pdf\" target=\"_blank\" rel=\"noopener noreferrer\">Document d&rsquo;aide<\/a><\/strong>\u00a0r\u00e9alis\u00e9 par \u00c9velyne Girouard de la Commission scolaire des Sommets.<\/li>\n<li><a href=\"https:\/\/junior.universalis-edu.com\/guides\/guide-junior.pdf\" target=\"_blank\" rel=\"noopener\"><b>Guide d&rsquo;utilisation<\/b><\/a><\/li>\n<\/ul>\n<p>&nbsp;<\/p>\n<p><strong>Tutoriels en vid\u00e9o<\/strong><\/p>\n<ul>\n<li><strong><a href=\"http:\/\/cameleon.tv\/app\/index.php\/share\/formation\/a7f25a90d7b83d140717d9e2e58c4422\" target=\"_blank\" rel=\"noopener noreferrer\">Universalis dans Cam\u00e9l\u00e9on<\/a><\/strong>\u00a0produite par le site\u00a0<a href=\"http:\/\/cameleon.tv\/index.php\" target=\"_blank\" rel=\"noopener noreferrer\"><strong>Cam\u00e9l\u00e9on<\/strong>\u00a0<\/a>de la CSSMI.<\/li>\n<\/ul>\n<p>*Attention: L&rsquo;acc\u00e8s \u00e0 Universalis se fait par <a href=\"https:\/\/mozaikportail.ca\/\" target=\"_blank\" rel=\"noopener\"><strong>Moza\u00efk-Portail<\/strong><\/a> au Centre de services scolaire des Sommets.<\/p>\n\t\t\t<a href=\"https:\/\/www.youtube.com\/watch?v=6Gh1mGG0jB0\" target=\"_blank\" rel=\"noopener\">\n\t\t\t\t\t\tVid\u00e9o de pr\u00e9sentation\n\t\t\t\t\t<\/a>\n\t\t\t\t<img loading=\"lazy\" decoding=\"async\" src=\"https:\/\/site.csdessommets.qc.ca\/brouillonresnum\/wp-content\/uploads\/sites\/504\/2023\/05\/Mockup-EU-Junior-1024x522.png\" alt=\"Mockup-EU-Junior\" height=\"522\" width=\"1024\" title=\"Mockup-EU-Junior\" \/>\n\n","protected":false},"excerpt":{"rendered":"<p>Encyclop\u00e9die illustr\u00e9e, adapt\u00e9e aux \u00e9l\u00e8ves du primaire. Permet de faire des recherches sur de nombreux th\u00e8mes et, comme enseignant, de se constituer un dossier personnalis\u00e9 de contenus choisis, tir\u00e9s de l&rsquo;encyclop\u00e9die en tant que tel (articles et m\u00e9dias). Universalis Junior est accessible en fran\u00e7ais et en anglais. En compl\u00e9ment, un atlas est propos\u00e9 ainsi que&hellip;<\/p>\n","protected":false},"author":1281,"featured_media":0,"parent":0,"menu_order":0,"comment_status":"closed","ping_status":"closed","template":"","meta":{"footnotes":""},"class_list":["post-209","page","type-page","status-publish","hentry"],"_links":{"self":[{"href":"https:\/\/site.csdessommets.qc.ca\/brouillonresnum\/wp-json\/wp\/v2\/pages\/209","targetHints":{"allow":["GET"]}}],"collection":[{"href":"https:\/\/site.csdessommets.qc.ca\/brouillonresnum\/wp-json\/wp\/v2\/pages"}],"about":[{"href":"https:\/\/site.csdessommets.qc.ca\/brouillonresnum\/wp-json\/wp\/v2\/types\/page"}],"author":[{"embeddable":true,"href":"https:\/\/site.csdessommets.qc.ca\/brouillonresnum\/wp-json\/wp\/v2\/users\/1281"}],"replies":[{"embeddable":true,"href":"https:\/\/site.csdessommets.qc.ca\/brouillonresnum\/wp-json\/wp\/v2\/comments?post=209"}],"version-history":[{"count":12,"href":"https:\/\/site.csdessommets.qc.ca\/brouillonresnum\/wp-json\/wp\/v2\/pages\/209\/revisions"}],"predecessor-version":[{"id":358,"href":"https:\/\/site.csdessommets.qc.ca\/brouillonresnum\/wp-json\/wp\/v2\/pages\/209\/revisions\/358"}],"wp:attachment":[{"href":"https:\/\/site.csdessommets.qc.ca\/brouillonresnum\/wp-json\/wp\/v2\/media?parent=209"}],"curies":[{"name":"wp","href":"https:\/\/api.w.org\/{rel}","templated":true}]}}