{"id":224,"date":"2023-05-15T15:24:53","date_gmt":"2023-05-15T19:24:53","guid":{"rendered":"https:\/\/site.csdessommets.qc.ca\/brouillonresnum\/universalis-edu\/"},"modified":"2023-06-30T13:01:03","modified_gmt":"2023-06-30T17:01:03","slug":"universalis-edu","status":"publish","type":"page","link":"https:\/\/site.csdessommets.qc.ca\/brouillonresnum\/universalis-edu\/","title":{"rendered":"Universalis.edu"},"content":{"rendered":"\n\n\t\t\t\t<img loading=\"lazy\" decoding=\"async\" src=\"https:\/\/site.csdessommets.qc.ca\/brouillonresnum\/wp-content\/uploads\/sites\/504\/2023\/05\/Universalis-edu-300x65.png\" alt=\"Universalis edu\" height=\"65\" width=\"300\" title=\"Universalis edu\" \/>\n\t<p>Encyclop\u00e9die illustr\u00e9e, adapt\u00e9e aux \u00e9l\u00e8ves du secondaire. Permet de faire des recherches sur de nombreux th\u00e8mes et, comme enseignant, de se constituer un dossier personnalis\u00e9 de contenus choisis, tir\u00e9s de l&rsquo;encyclop\u00e9die en tant que tel (articles et m\u00e9dias). En compl\u00e9ment, un atlas est propos\u00e9 ainsi que l&rsquo;acc\u00e8s \u00e0 une image du jour.<\/p>\n<p>&nbsp;<\/p>\n<ul>\n<li>Des\u00a0<strong>cartes mentales<\/strong> sur les articles pour contextualiser et \u00e9largir les recherches;<\/li>\n<li>L&rsquo;<strong>atlas<\/strong>\u00a0et l&rsquo;outil<strong>\u00a0Data Pays<\/strong> pour enrichir les cours de g\u00e9ographie en cartes et donn\u00e9es cl\u00e9s;<\/li>\n<li>Le <strong>dictionnaire<\/strong> accessible directement sur tous les articles en double-cliquant sur un nom commun;<\/li>\n<li>Le site met l&rsquo;accent sur l&rsquo;accessibilit\u00e9 et en proposant des outils inclusifs :\n<ul>\n<li>La fonction\u00a0<strong>\u00c9couter<\/strong>\u00a0et les\u00a0<strong>podcasts<\/strong> permettent la lecture audio des articles;<\/li>\n<li>La police\u00a0<em><strong>Open-Dyslexic<\/strong><\/em> favorise l&rsquo;acc\u00e8s des contenus au plus grand nombre;<\/li>\n<li>Une option d&rsquo;affichage proposant un<strong> th\u00e8me sombre;<\/strong><\/li>\n<\/ul>\n<\/li>\n<li>Un site accessible partout et sur tous les \u00e9crans (mobiles, tablettes, ordinateurs);<\/li>\n<li>Des droits lib\u00e9r\u00e9s pour un usage p\u00e9dagogique interactif : modification, exportation en PDF et impression;<\/li>\n<li>\u00c0 la fin de chaque article, une r\u00e9f\u00e9rence est propos\u00e9e pour\u00a0<strong>citer ses sources;<\/strong><\/li>\n<li>L&rsquo;encyclop\u00e9die contient un glossaire assurant la bonne compr\u00e9hension des principaux mots contenus dans ses articles;<\/li>\n<li>Le dossier personnalis\u00e9 de l&rsquo;enseignant est disponible depuis l&rsquo;int\u00e9rieur ou l&rsquo;ext\u00e9rieur de l&rsquo;\u00e9tablissement;<\/li>\n<li>Le contenu personnalis\u00e9, cr\u00e9\u00e9 \u00e0 partir de l&rsquo;encyclop\u00e9die et destin\u00e9 \u00e0 un usage p\u00e9dagogique, peut \u00eatre partag\u00e9 aux \u00e9l\u00e8ves, par le biais de liens URL.<\/li>\n<\/ul>\n\t<p><strong>Client\u00e8les vis\u00e9es<\/strong><\/p>\n<ul>\n<li>Pour \u00e9l\u00e8ves du secondaire<\/li>\n<li>Pour les enseignants<\/li>\n<\/ul>\n\t<p><strong>Pistes d&rsquo;exploitation p\u00e9dagogiques<\/strong><\/p>\n<ul>\n<li>Le <strong><a href=\"https:\/\/www.encyclopaedia-universalis.fr\/blog\/\" target=\"_blank\" rel=\"noopener\">blog \u00e9ducation d&rsquo;Universalis<\/a><\/strong>.<\/li>\n<li><a href=\"https:\/\/www.encyclopaedia-universalis.fr\/sujet\/activites-pedagogiques\/secondaire-export\/\" target=\"_blank\" rel=\"noopener\"><strong>Activit\u00e9s p\u00e9dagogiques<\/strong><\/a> pour le secondaire.<\/li>\n<\/ul>\n\t<p><strong>Documents d&rsquo;aide ou tutoriels<\/strong><\/p>\n<ul>\n<li><strong><a href=\"http:\/\/www.universalis-edu.com\/guides\/guide-edu.pdf\" target=\"_blank\" rel=\"noopener\">Guide d&rsquo;utilisation<\/a><\/strong><\/li>\n<\/ul>\n\t\t\t<a href=\"https:\/\/www.youtube.com\/watch?v=NE2Qo1rBrnE\" target=\"_blank\" rel=\"noopener\">\n\t\t\t\t\t\tVid\u00e9o de pr\u00e9sentation\n\t\t\t\t\t<\/a>\n\t\t\t\t<img loading=\"lazy\" decoding=\"async\" src=\"https:\/\/site.csdessommets.qc.ca\/brouillonresnum\/wp-content\/uploads\/sites\/504\/2023\/05\/Mockup-EU-Edu-1024x522.png\" alt=\"Mockup-EU-Edu\" height=\"522\" width=\"1024\" title=\"Mockup-EU-Edu\" \/>\n\n","protected":false},"excerpt":{"rendered":"<p>Encyclop\u00e9die illustr\u00e9e, adapt\u00e9e aux \u00e9l\u00e8ves du secondaire. Permet de faire des recherches sur de nombreux th\u00e8mes et, comme enseignant, de se constituer un dossier personnalis\u00e9 de contenus choisis, tir\u00e9s de l&rsquo;encyclop\u00e9die en tant que tel (articles et m\u00e9dias). En compl\u00e9ment, un atlas est propos\u00e9 ainsi que l&rsquo;acc\u00e8s \u00e0 une image du jour. &nbsp; Des\u00a0cartes mentales&hellip;<\/p>\n","protected":false},"author":1281,"featured_media":0,"parent":0,"menu_order":0,"comment_status":"closed","ping_status":"closed","template":"","meta":{"footnotes":""},"class_list":["post-224","page","type-page","status-publish","hentry"],"_links":{"self":[{"href":"https:\/\/site.csdessommets.qc.ca\/brouillonresnum\/wp-json\/wp\/v2\/pages\/224","targetHints":{"allow":["GET"]}}],"collection":[{"href":"https:\/\/site.csdessommets.qc.ca\/brouillonresnum\/wp-json\/wp\/v2\/pages"}],"about":[{"href":"https:\/\/site.csdessommets.qc.ca\/brouillonresnum\/wp-json\/wp\/v2\/types\/page"}],"author":[{"embeddable":true,"href":"https:\/\/site.csdessommets.qc.ca\/brouillonresnum\/wp-json\/wp\/v2\/users\/1281"}],"replies":[{"embeddable":true,"href":"https:\/\/site.csdessommets.qc.ca\/brouillonresnum\/wp-json\/wp\/v2\/comments?post=224"}],"version-history":[{"count":8,"href":"https:\/\/site.csdessommets.qc.ca\/brouillonresnum\/wp-json\/wp\/v2\/pages\/224\/revisions"}],"predecessor-version":[{"id":357,"href":"https:\/\/site.csdessommets.qc.ca\/brouillonresnum\/wp-json\/wp\/v2\/pages\/224\/revisions\/357"}],"wp:attachment":[{"href":"https:\/\/site.csdessommets.qc.ca\/brouillonresnum\/wp-json\/wp\/v2\/media?parent=224"}],"curies":[{"name":"wp","href":"https:\/\/api.w.org\/{rel}","templated":true}]}}