{"id":250,"date":"2023-05-16T14:48:01","date_gmt":"2023-05-16T18:48:01","guid":{"rendered":"https:\/\/site.csdessommets.qc.ca\/brouillonresnum\/mindomo\/"},"modified":"2023-06-30T12:41:06","modified_gmt":"2023-06-30T16:41:06","slug":"mindomo","status":"publish","type":"page","link":"https:\/\/site.csdessommets.qc.ca\/brouillonresnum\/mindomo\/","title":{"rendered":"Mindomo"},"content":{"rendered":"\n\n\t\t\t\t<img loading=\"lazy\" decoding=\"async\" src=\"https:\/\/site.csdessommets.qc.ca\/brouillonresnum\/wp-content\/uploads\/sites\/504\/2023\/05\/Mindomo-300x86.jpg\" alt=\"Mindomo\" height=\"86\" width=\"300\" title=\"Mindomo\" \/>\n\t<p>Application servant \u00e0 r\u00e9aliser des cartes heuristiques collaboratives (<em>mindmaps<\/em>). L&rsquo;application comprend \u00e9galement une interface pour les classes.<\/p>\n<ul>\n<li>Plusieurs structures disponibles : organigrammes hauts et bas, ishikawa (cause\/effet), arbres logiques droits et gauches, cartes conceptuelles, etc..<\/li>\n<li>On peut facilement inclure des liens internet, des images et des vid\u00e9os dans nos cartes mentales.<\/li>\n<li>Application multiplateforme (PC, MAC, tablettes PC, Android et Ipad, etc.)<\/li>\n<li>Outil collaboratif.<\/li>\n<\/ul>\n\t<p><strong>Client\u00e8les cibl\u00e9es<\/strong><\/p>\n<ul>\n<li>\u00c9l\u00e8ves du primaire, secondaire, adaptation scolaire<\/li>\n<li>Enseignants<\/li>\n<\/ul>\n\t<strong>Pistes d&rsquo;exploitation p\u00e9dagogiques<br \/>\n<\/strong>\n<ul>\n<li>Sur le site de Mme Chantal Beaucher, vous retrouverez plusieurs information pertinentes \u00e0 propos des cartes heuristiques et aussi des\u00a0<a href=\"http:\/\/www.cartes-mindmaps.com\/#!classe\/c1vud\" target=\"_blank\" rel=\"noopener noreferrer\"><strong>exemples d&rsquo;utilisation en classe<\/strong>.<\/a><\/li>\n<li>Possible d&rsquo;utilise Mindomo en classe au tableau int\u00e9ractif, au laboratoire informatique ou en enseignement \u00e0 distance.<\/li>\n<li>L&rsquo;acad\u00e9mie de Besan\u00e7on vous propose un\u00a0<strong><a href=\"http:\/\/www.cndp.fr\/crdp-besancon\/?id=cartes-heuristiques\" target=\"_blank\" rel=\"noopener noreferrer\">dossier complet<\/a><\/strong>\u00a0comprenant des pistes d&rsquo;exploitation p\u00e9dagogiques.<\/li>\n<li>\u00c0 votre arriv\u00e9e dans Mindomo, cliquez sur \u00ab\u00a0Cartes intelligentes\u00a0\u00bb vous aurez alors acc\u00e8s \u00e0 plusieurs types de cartes \u00e0 r\u00e9aliser avec Mindomo (anglais).<\/li>\n<\/ul>\n\t<p><strong>Documents d&rsquo;aide ou tutoriels<\/strong><\/p>\n<ul>\n<li><strong><a href=\"http:\/\/www.mindomo.com\/fr\/mindmap\/c53ffb4244c43e80794c38d707b89e54\" target=\"_blank\" rel=\"noopener noreferrer\">Carte heuristique \u00ab\u00a0Aide\u00a0\u00bb de Mindomo<\/a><\/strong>\u00a0r\u00e9alis\u00e9 par\u00a0<strong><a href=\"http:\/\/www.mindmanagement.org\/\" target=\"_blank\" rel=\"noopener noreferrer\">Pierre Mongin<\/a><\/strong><\/li>\n<li><strong><a href=\"https:\/\/www.mindomo.com\/fr\/help\/index.htm\" target=\"_blank\" rel=\"noopener noreferrer\">La section \u00ab\u00a0Aide\u00a0\u00bb de Mindomo<\/a><\/strong><\/li>\n<li><strong><a href=\"http:\/\/resnum.csdessommets.qc.ca\/wp-content\/uploads\/2015\/01\/Lexique_Mindomo.pdf\">Lexique_Mindomo<\/a><\/strong><\/li>\n<li><strong><a href=\"http:\/\/resnum.csdessommets.qc.ca\/wp-content\/uploads\/2015\/01\/mindomo_import_texte.pdf\">Cr\u00e9er une carte dans Mindomo \u00e0 partir d&rsquo;un fichier texte<\/a><\/strong><\/li>\n<li><strong><a href=\"http:\/\/resnum.csdessommets.qc.ca\/wp-content\/uploads\/2015\/01\/carte-heuristique_definition.pdf\">Carte heuristique d\u00e9finition<\/a><\/strong><\/li>\n<li><strong><a href=\"http:\/\/resnum.csdessommets.qc.ca\/wp-content\/uploads\/2015\/01\/Mindomo_fonctions-de-base.pdf\">Fonctions de base de Mindomo<\/a><\/strong><\/li>\n<li><strong><a href=\"http:\/\/resnum.csdessommets.qc.ca\/wp-content\/uploads\/2015\/01\/Mindomo_fonctions-enseignant.pdf\">Fonctions mode enseignants de Mindomo<\/a><\/strong><\/li>\n<li><strong><a href=\"http:\/\/resnum.csdessommets.qc.ca\/wp-content\/uploads\/2015\/01\/Mindomo_Scenario-presentation-eleves1.pdf\">Sc\u00e9nario de pr\u00e9sentation aux \u00e9l\u00e8ves<\/a><\/strong><\/li>\n<li><strong><a href=\"http:\/\/resnum.csdessommets.qc.ca\/wp-content\/uploads\/2015\/01\/util_ped_cartes.pdf\">Pistes p\u00e9dagogiques et utilisations des cartes<\/a><\/strong><\/li>\n<\/ul>\n<p>&nbsp;<\/p>\n<p><strong>Tutoriels en vid\u00e9o<\/strong><\/p>\n<ul>\n<li><strong><a href=\"http:\/\/zonemedia.csdessommets.qc.ca\/cinema\/219-mindomo-ma-premiere-carte-heuristique\" target=\"_blank\" rel=\"noopener noreferrer\">Cr\u00e9er rapidement une premi\u00e8re carte heuristique<\/a><\/strong>\u00a0par Yvan Lessard<\/li>\n<li><strong><a href=\"http:\/\/zonemedia.csdessommets.qc.ca\/cinema\/220-mindomo-ajouter-des-elements-multimedias\" target=\"_blank\" rel=\"noopener noreferrer\">Ajouter des \u00e9l\u00e9ments multim\u00e9dias \u00e0 votre carte heuristiqu<\/a>e<\/strong>\u00a0par Yvan Lessard<\/li>\n<li><strong><a href=\"http:\/\/zonemedia.csdessommets.qc.ca\/cinema\/221-mindomo-creer-un-cours\" target=\"_blank\" rel=\"noopener noreferrer\">Cr\u00e9er un\u00a0devoir et ajouter des \u00e9l\u00e8ves<\/a><\/strong>\u00a0par Yvan Lessard<\/li>\n<li><strong><a href=\"https:\/\/www.youtube.com\/watch?v=qT3hwX6uSCI\">Pr\u00e9sentation compl\u00e8te sur\u00a0Youtube<\/a><\/strong>\u00a0(Dominic Gagn\u00e9)<\/li>\n<\/ul>\n<p>&nbsp;<\/p>\n<p><strong>Lectures<\/strong><\/p>\n<ul>\n<li><strong><a href=\"http:\/\/www.ecolebranchee.com\/2013\/11\/05\/dossier-les-cartes-mentales-ou-lart-de-favoriser-la-reussite-des-eleves-en-se-simplifiant-la-vie\/\">DOSSIER de l&rsquo;\u00c9cole Branch\u00e9e: Les cartes mentales&#8230; ou l&rsquo;art de favoriser la r\u00e9ussite des \u00e9l\u00e8ves en se simplifiant la vie<\/a><\/strong><\/li>\n<li><strong><a href=\"http:\/\/www.eyrolles.com\/Chapitres\/9782212124484\/Chap-1_Delengaigne.pdf\">Groupe Eryolle &#8211; Efficacit\u00e9 des cartes<\/a><\/strong><\/li>\n<\/ul>\n\n","protected":false},"excerpt":{"rendered":"<p>Application servant \u00e0 r\u00e9aliser des cartes heuristiques collaboratives (mindmaps). L&rsquo;application comprend \u00e9galement une interface pour les classes. Plusieurs structures disponibles : organigrammes hauts et bas, ishikawa (cause\/effet), arbres logiques droits et gauches, cartes conceptuelles, etc.. On peut facilement inclure des liens internet, des images et des vid\u00e9os dans nos cartes mentales. Application multiplateforme (PC, MAC,&hellip;<\/p>\n","protected":false},"author":1281,"featured_media":0,"parent":0,"menu_order":0,"comment_status":"closed","ping_status":"closed","template":"","meta":{"footnotes":""},"class_list":["post-250","page","type-page","status-publish","hentry"],"_links":{"self":[{"href":"https:\/\/site.csdessommets.qc.ca\/brouillonresnum\/wp-json\/wp\/v2\/pages\/250","targetHints":{"allow":["GET"]}}],"collection":[{"href":"https:\/\/site.csdessommets.qc.ca\/brouillonresnum\/wp-json\/wp\/v2\/pages"}],"about":[{"href":"https:\/\/site.csdessommets.qc.ca\/brouillonresnum\/wp-json\/wp\/v2\/types\/page"}],"author":[{"embeddable":true,"href":"https:\/\/site.csdessommets.qc.ca\/brouillonresnum\/wp-json\/wp\/v2\/users\/1281"}],"replies":[{"embeddable":true,"href":"https:\/\/site.csdessommets.qc.ca\/brouillonresnum\/wp-json\/wp\/v2\/comments?post=250"}],"version-history":[{"count":4,"href":"https:\/\/site.csdessommets.qc.ca\/brouillonresnum\/wp-json\/wp\/v2\/pages\/250\/revisions"}],"predecessor-version":[{"id":349,"href":"https:\/\/site.csdessommets.qc.ca\/brouillonresnum\/wp-json\/wp\/v2\/pages\/250\/revisions\/349"}],"wp:attachment":[{"href":"https:\/\/site.csdessommets.qc.ca\/brouillonresnum\/wp-json\/wp\/v2\/media?parent=250"}],"curies":[{"name":"wp","href":"https:\/\/api.w.org\/{rel}","templated":true}]}}