{"id":274,"date":"2023-05-17T14:05:44","date_gmt":"2023-05-17T18:05:44","guid":{"rendered":"https:\/\/site.csdessommets.qc.ca\/brouillonresnum\/equipe-de-soutien-pedagonumerique\/"},"modified":"2025-11-12T11:37:13","modified_gmt":"2025-11-12T16:37:13","slug":"equipe-de-soutien-pedagonumerique","status":"publish","type":"page","link":"https:\/\/site.csdessommets.qc.ca\/brouillonresnum\/equipe-de-soutien-pedagonumerique\/","title":{"rendered":"\u00c9quipe de soutien p\u00e9dagonum\u00e9rique"},"content":{"rendered":"\n\n\t<p><strong>L&rsquo;\u00e9quipe de conseillers p\u00e9dagogiques<\/strong><\/p>\n\t<p>David Beaudry<\/p>\n\t\t\t\t<img decoding=\"async\" src=\"https:\/\/site.csdessommets.qc.ca\/brouillonresnum\/wp-content\/uploads\/sites\/504\/2023\/03\/David-150x150.jpg\" alt=\"David\" height=\"150\" width=\"150\" title=\"David\" loading='lazy' \/>\n<p>CP\u00a0R\u00c9CIT local<\/p>\n<p><a href=\"mailto:david.beaudry@cssds.gouv.qc.ca\">david.beaudry@cssds.gouv.qc.ca<\/a><\/p>\n<p>Agents DPN primaire<\/p>\n<p>Robotique<\/p>\n<p>\u00c9PI SMART<\/p>\n<p>Tap&rsquo;Touche<\/p>\n<p>\u00c9cole en r\u00e9seau<\/p>\n<p>R\u00e9pondant en sciences<\/p>\n\t<p>Laurent Mounaqui<\/p>\n\t\t\t\t<img decoding=\"async\" src=\"https:\/\/site.csdessommets.qc.ca\/brouillonresnum\/wp-content\/uploads\/sites\/504\/2025\/11\/IMG_5353-150x150.jpg\" alt=\"IMG_5353\" height=\"150\" width=\"150\" title=\"IMG_5353\" loading='lazy' \/>\n<p>CP\u00a0R\u00c9CIT local<\/p>\n<p><a href=\"mailto:laurent.mounaqui@cssds.gouv.qc.ca\" target=\"_blank\" rel=\"noopener\">laurent.mounaqui@cssds.gouv.qc.ca<\/a><\/p>\n<p>Agents DPN secondaire<\/p>\n<p>\u00c9preuves num\u00e9riques<\/p>\n\t<p>M\u00e9lanie Boulard<\/p>\n\t\t\t\t<img decoding=\"async\" src=\"https:\/\/site.csdessommets.qc.ca\/brouillonresnum\/wp-content\/plugins\/bb-plugin\/img\/pixel.png\" alt=\"\" loading='lazy' \/>\n\t\t\t\t<img decoding=\"async\" src=\"https:\/\/site.csdessommets.qc.ca\/brouillonresnum\/wp-content\/uploads\/sites\/504\/2025\/11\/photo-mel-150x150.jpg\" alt=\"photo mel\" height=\"150\" width=\"150\" title=\"photo mel\" loading='lazy' \/>\n<p>CP\u00a0R\u00c9CIT local<\/p>\n<p><a href=\"mailto:melanie.boulard@cssds.gouv.qc.ca\" target=\"_blank\" rel=\"noopener\">melanie.boulard@cssds.gouv.qc.ca<\/a><\/p>\n<p>Agents DPN primaire<\/p>\n\t\t\t\t<img decoding=\"async\" src=\"https:\/\/site.csdessommets.qc.ca\/brouillonresnum\/wp-content\/uploads\/sites\/504\/2023\/08\/Blanc-150x150.jpg\" alt=\"Blanc\" height=\"150\" width=\"150\" title=\"Blanc\" loading='lazy' \/>\n\n","protected":false},"excerpt":{"rendered":"<p>L&rsquo;\u00e9quipe de conseillers p\u00e9dagogiques David Beaudry CP\u00a0R\u00c9CIT local david.beaudry@cssds.gouv.qc.ca Agents DPN primaire Robotique \u00c9PI SMART Tap&rsquo;Touche \u00c9cole en r\u00e9seau R\u00e9pondant en sciences Laurent Mounaqui CP\u00a0R\u00c9CIT local laurent.mounaqui@cssds.gouv.qc.ca Agents DPN secondaire \u00c9preuves num\u00e9riques M\u00e9lanie Boulard CP\u00a0R\u00c9CIT local melanie.boulard@cssds.gouv.qc.ca Agents DPN primaire<\/p>\n","protected":false},"author":1281,"featured_media":0,"parent":0,"menu_order":0,"comment_status":"closed","ping_status":"closed","template":"","meta":{"footnotes":""},"class_list":["post-274","page","type-page","status-publish","hentry"],"_links":{"self":[{"href":"https:\/\/site.csdessommets.qc.ca\/brouillonresnum\/wp-json\/wp\/v2\/pages\/274","targetHints":{"allow":["GET"]}}],"collection":[{"href":"https:\/\/site.csdessommets.qc.ca\/brouillonresnum\/wp-json\/wp\/v2\/pages"}],"about":[{"href":"https:\/\/site.csdessommets.qc.ca\/brouillonresnum\/wp-json\/wp\/v2\/types\/page"}],"author":[{"embeddable":true,"href":"https:\/\/site.csdessommets.qc.ca\/brouillonresnum\/wp-json\/wp\/v2\/users\/1281"}],"replies":[{"embeddable":true,"href":"https:\/\/site.csdessommets.qc.ca\/brouillonresnum\/wp-json\/wp\/v2\/comments?post=274"}],"version-history":[{"count":18,"href":"https:\/\/site.csdessommets.qc.ca\/brouillonresnum\/wp-json\/wp\/v2\/pages\/274\/revisions"}],"predecessor-version":[{"id":496,"href":"https:\/\/site.csdessommets.qc.ca\/brouillonresnum\/wp-json\/wp\/v2\/pages\/274\/revisions\/496"}],"wp:attachment":[{"href":"https:\/\/site.csdessommets.qc.ca\/brouillonresnum\/wp-json\/wp\/v2\/media?parent=274"}],"curies":[{"name":"wp","href":"https:\/\/api.w.org\/{rel}","templated":true}]}}