{"id":3,"date":"2021-05-27T17:14:34","date_gmt":"2021-05-27T15:14:34","guid":{"rendered":"https:\/\/site.csdessommets.qc.ca\/brouillonresnum\/accueil\/"},"modified":"2023-11-06T14:23:36","modified_gmt":"2023-11-06T19:23:36","slug":"accueil","status":"publish","type":"page","link":"https:\/\/site.csdessommets.qc.ca\/brouillonresnum\/accueil\/","title":{"rendered":"Ressources num\u00e9riques du CSSDS"},"content":{"rendered":"\n\n\t<h2 id=\"taptouche\">Tap&rsquo;Touche<\/h2>\n\t<p><img loading=\"lazy\" decoding=\"async\" src=\"https:\/\/site.csdessommets.qc.ca\/brouillonresnum\/wp-content\/uploads\/sites\/504\/2021\/06\/tap_touche-300x216.png\" alt=\"\" width=\"300\" height=\"216\" \/><\/p>\n\t<p>Pour plus de d\u00e9tails et tutoriels<\/p>\n\t\t\t<a href=\"https:\/\/site.csdessommets.qc.ca\/brouillonresnum\/taptouche\/\" target=\"_blank\" rel=\"noopener\">\n\t\t\t\t\t\t\t<\/a>\n<h4>\n\t\tPour y acc\u00e9der\n\t<\/h4>\n\t<ul>\n<li>Il faut \u00e9crire un courriel \u00e0 David Beaudry en pr\u00e9cisant votre nom et le nom de votre \u00e9cole : <strong><a href=\"mailto:david.beaudry@cssds.gouv.qc.ca\">david.beaudry@cssds.gouv.qc.ca<\/a><\/strong>.<\/li>\n<li>Vous recevrez une r\u00e9ponse lorsque l&rsquo;acc\u00e8s vous sera accord\u00e9 ainsi que la proc\u00e9dure pour la cr\u00e9ation des comptes et l&rsquo;inscription des \u00e9l\u00e8ves.<\/li>\n<li>Le lien vers la ressource se retrouvera ensuite parmi les applications dans votre page d&rsquo;accueil <strong><a href=\"https:\/\/www.office.com\/?auth=2&amp;home=1\" target=\"_blank\" rel=\"noopener noreferrer\">Office 365<\/a><\/strong>\u00a0et celle de vos \u00e9l\u00e8ves.<\/li>\n<\/ul>\n\t<h2 id=\"mindomo\">Mindomo<\/h2>\n\t\t\t\t<img loading=\"lazy\" decoding=\"async\" src=\"https:\/\/site.csdessommets.qc.ca\/brouillonresnum\/wp-content\/uploads\/sites\/504\/2021\/06\/mindomo-150x150.png\" alt=\"mindomo\" height=\"150\" width=\"150\" title=\"mindomo\" \/>\n\t<p>Pour plus de d\u00e9tails et tutoriels<\/p>\n\t\t\t<a href=\"https:\/\/site.csdessommets.qc.ca\/brouillonresnum\/mindomo\/\" target=\"_blank\" rel=\"noopener\">\n\t\t\t\t\t\t\t<\/a>\n<h4>\n\t\tPour y acc\u00e9der\n\t<\/h4>\n\t<ul>\n<li>Ajouter cette ressource dans \u00ab\u00a0Mes ressources\u00a0\u00bb dans\u00a0<a href=\"https:\/\/mozaikportail.ca\/\" target=\"_blank\" rel=\"noopener noreferrer\"><strong>Moza\u00efk-Portail<\/strong><\/a>\u00a0enseignant, voici le lien vers une\u00a0<strong><a href=\"https:\/\/www.youtube.com\/watch?v=6p4W8Z_N8yU&amp;list=PLgVcq_pXyu-lPvwvUXxfNblye7Lg_9X7a&amp;index=6\" target=\"_blank\" rel=\"noopener noreferrer\">capsule vid\u00e9o<\/a>\u00a0<\/strong>pour savoir comment faire.<\/li>\n<li>Il est aussi possible de partager les ressources de votre organisation \u00e0 vos \u00e9l\u00e8ves via leur portail Moza\u00efk.<\/li>\n<\/ul>\n\t<h2 id=\"edumedia\">EduMedia<\/h2>\n\t<p><img loading=\"lazy\" decoding=\"async\" src=\"https:\/\/site.csdessommets.qc.ca\/brouillonresnum\/wp-content\/uploads\/sites\/504\/2023\/05\/Edu-Media2-300x140.jpg\" alt=\"\" width=\"300\" height=\"140\" \/><\/p>\n\t<p>Pour plus de d\u00e9tails et tutoriels<\/p>\n\t\t\t<a href=\"https:\/\/site.csdessommets.qc.ca\/brouillonresnum\/edu-media\/\" target=\"_blank\" rel=\"noopener\">\n\t\t\t\t\t\t\t<\/a>\n<h4>\n\t\tPour y acc\u00e9der\n\t<\/h4>\n\t<ul>\n<li>Ajouter cette ressource dans \u00ab\u00a0Mes ressources\u00a0\u00bb dans\u00a0<a href=\"https:\/\/mozaikportail.ca\/\" target=\"_blank\" rel=\"noopener noreferrer\"><strong>Moza\u00efk-Portail<\/strong><\/a>\u00a0enseignant, voici le lien vers une\u00a0<strong><a href=\"https:\/\/www.youtube.com\/watch?v=6p4W8Z_N8yU&amp;list=PLgVcq_pXyu-lPvwvUXxfNblye7Lg_9X7a&amp;index=6\" target=\"_blank\" rel=\"noopener noreferrer\">capsule vid\u00e9o<\/a>\u00a0<\/strong>pour savoir comment faire.<\/li>\n<li>Il est aussi possible de partager les ressources de votre organisation \u00e0 vos \u00e9l\u00e8ves via leur portail Moza\u00efk.<\/li>\n<\/ul>\n\t<h2 id=\"mindomo\">Universalis<\/h2>\n\t<p><img loading=\"lazy\" decoding=\"async\" src=\"https:\/\/site.csdessommets.qc.ca\/brouillonresnum\/wp-content\/uploads\/sites\/504\/2023\/05\/Universalis-junior-300x163.jpg\" alt=\"\" width=\"221\" height=\"120\" \/><\/p>\n<p><img loading=\"lazy\" decoding=\"async\" src=\"https:\/\/site.csdessommets.qc.ca\/brouillonresnum\/wp-content\/uploads\/sites\/504\/2023\/05\/Universalis-edu-1-300x161.jpg\" alt=\"\" width=\"224\" height=\"120\" \/><\/p>\n\t<p>Pour plus de d\u00e9tails et tutoriels<\/p>\n\t\t\t<a href=\"https:\/\/site.csdessommets.qc.ca\/brouillonresnum\/universalis-junior\/\" target=\"_blank\" rel=\"noopener\">\n\t\t\t\t\t\tUniversalis junior\n\t\t\t\t\t<\/a>\n\t\t\t<a href=\"https:\/\/site.csdessommets.qc.ca\/brouillonresnum\/universalis-edu\/\" target=\"_blank\" rel=\"noopener\">\n\t\t\t\t\t\tUniversalis edu\n\t\t\t\t\t<\/a>\n<h4>\n\t\tPour y acc\u00e9der\n\t<\/h4>\n\t<ul>\n<li>Y acc\u00e9der directement dans un navigateur internet si vous \u00eates physiquement au CSSDS.<\/li>\n<\/ul>\n<p><a href=\"https:\/\/junior.universalis-edu.com\/\" target=\"_blank\" rel=\"noopener\">Accueil &#8211; Univeralis Junior (universalis-edu.com)<\/a><\/p>\n<p><a href=\"https:\/\/www.universalis-edu.com\/\" target=\"_blank\" rel=\"noopener\">https:\/\/www.universalis-edu.com\/<\/a><\/p>\n<ul>\n<li>Ou, ajouter cette Universalis junior dans \u00ab Mes ressources \u00bb dans <a href=\"https:\/\/mozaikportail.ca\/\" target=\"_blank\" rel=\"noopener noreferrer\"><strong>Moza\u00efk-Portail<\/strong><\/a>\u00a0enseignant, voici le lien vers une\u00a0<strong><a href=\"https:\/\/www.youtube.com\/watch?v=6p4W8Z_N8yU&amp;list=PLgVcq_pXyu-lPvwvUXxfNblye7Lg_9X7a&amp;index=6\" target=\"_blank\" rel=\"noopener noreferrer\">capsule vid\u00e9o<\/a>\u00a0<\/strong>pour savoir comment faire.<\/li>\n<li>Il est aussi possible de partager les ressources de votre organisation \u00e0 vos \u00e9l\u00e8ves via leur portail Moza\u00efk.<\/li>\n<\/ul>\n\n","protected":false},"excerpt":{"rendered":"<p>Tap&rsquo;Touche Pour plus de d\u00e9tails et tutoriels Pour y acc\u00e9der Il faut \u00e9crire un courriel \u00e0 David Beaudry en pr\u00e9cisant votre nom et le nom de votre \u00e9cole : david.beaudry@cssds.gouv.qc.ca. Vous recevrez une r\u00e9ponse lorsque l&rsquo;acc\u00e8s vous sera accord\u00e9 ainsi que la proc\u00e9dure pour la cr\u00e9ation des comptes et l&rsquo;inscription des \u00e9l\u00e8ves. Le lien vers&hellip;<\/p>\n","protected":false},"author":1228,"featured_media":0,"parent":0,"menu_order":1,"comment_status":"closed","ping_status":"closed","template":"","meta":{"footnotes":""},"class_list":["post-3","page","type-page","status-publish","hentry"],"_links":{"self":[{"href":"https:\/\/site.csdessommets.qc.ca\/brouillonresnum\/wp-json\/wp\/v2\/pages\/3","targetHints":{"allow":["GET"]}}],"collection":[{"href":"https:\/\/site.csdessommets.qc.ca\/brouillonresnum\/wp-json\/wp\/v2\/pages"}],"about":[{"href":"https:\/\/site.csdessommets.qc.ca\/brouillonresnum\/wp-json\/wp\/v2\/types\/page"}],"author":[{"embeddable":true,"href":"https:\/\/site.csdessommets.qc.ca\/brouillonresnum\/wp-json\/wp\/v2\/users\/1228"}],"replies":[{"embeddable":true,"href":"https:\/\/site.csdessommets.qc.ca\/brouillonresnum\/wp-json\/wp\/v2\/comments?post=3"}],"version-history":[{"count":69,"href":"https:\/\/site.csdessommets.qc.ca\/brouillonresnum\/wp-json\/wp\/v2\/pages\/3\/revisions"}],"predecessor-version":[{"id":460,"href":"https:\/\/site.csdessommets.qc.ca\/brouillonresnum\/wp-json\/wp\/v2\/pages\/3\/revisions\/460"}],"wp:attachment":[{"href":"https:\/\/site.csdessommets.qc.ca\/brouillonresnum\/wp-json\/wp\/v2\/media?parent=3"}],"curies":[{"name":"wp","href":"https:\/\/api.w.org\/{rel}","templated":true}]}}