{"id":364,"date":"2023-08-15T10:49:43","date_gmt":"2023-08-15T14:49:43","guid":{"rendered":"https:\/\/site.csdessommets.qc.ca\/brouillonresnum\/outils-et-ressources-numeriques\/"},"modified":"2026-04-01T07:11:51","modified_gmt":"2026-04-01T11:11:51","slug":"outils-et-ressources-numeriques","status":"publish","type":"page","link":"https:\/\/site.csdessommets.qc.ca\/brouillonresnum\/outils-et-ressources-numeriques\/","title":{"rendered":"Outils et ressources num\u00e9riques"},"content":{"rendered":"\n\n\t<p><strong>Gestion des mots de passe des \u00e9l\u00e8ves<\/strong><\/p>\n\t\t\t<a href=\"https:\/\/mdpeleve.csdessommets.qc.ca\/#\/\" target=\"_blank\" rel=\"noopener\">\n\t\t\t\t\t\t\tSite de gestion des mots de passe\n\t\t\t\t\t<\/a>\n\t\t\t<a href=\"https:\/\/site.csdessommets.qc.ca\/brouillonresnum\/wp-content\/uploads\/sites\/504\/2023\/10\/Gestion-des-mots-de-passe-des-eleves.pdf\" target=\"_blank\" rel=\"noopener\">\n\t\t\t\t\t\t\tProc\u00e9dure pour les \u00e9l\u00e8ves\n\t\t\t\t\t<\/a>\n\t\t\t<a href=\"https:\/\/site.csdessommets.qc.ca\/brouillonresnum\/wp-content\/uploads\/sites\/504\/2023\/10\/Gestion-des-mots-de-passe-des-eleves-enseignant-8.5-\u00d7-14-po-8.5-\u00d7-11-po-8.5-\u00d7-14-po.pdf\" target=\"_blank\" rel=\"noopener\">\n\t\t\t\t\t\t\tProc\u00e9dure pour le personnel enseignant\n\t\t\t\t\t<\/a>\n\t<p><strong>Infonuagique (OneDrive &#8211; Teams &#8211; SharePoint)<\/strong><\/p>\n\t\t\t<a href=\"https:\/\/site.csdessommets.qc.ca\/brouillonresnum\/wp-content\/uploads\/sites\/504\/2026\/04\/Module-2_Proceduriers-infonuagique-OneDrive.pdf\" target=\"_blank\" rel=\"noopener\">\n\t\t\t\t\t\t\tMieux comprendre OneDrive\n\t\t\t\t\t<\/a>\n\t\t\t<a href=\"https:\/\/site.csdessommets.qc.ca\/brouillonresnum\/wp-content\/uploads\/sites\/504\/2026\/04\/Module-3_Procedurier-infonuagique-Teams.pdf\" target=\"_blank\" rel=\"noopener\">\n\t\t\t\t\t\t\tMieux comprendre Teams\n\t\t\t\t\t<\/a>\n\t\t\t<a href=\"https:\/\/site.csdessommets.qc.ca\/brouillonresnum\/wp-content\/uploads\/sites\/504\/2026\/04\/Module-9_Procedurier_Creer-dossier-partage-eleves.pdf\" target=\"_blank\" rel=\"noopener\">\n\t\t\t\t\t\t\tCr\u00e9er dossier partag\u00e9 avec \u00e9l\u00e8ve\n\t\t\t\t\t<\/a>\n\t<p><strong>Outils et ressources num\u00e9riques<\/strong><\/p>\n\t\t\t<a href=\"https:\/\/site.csdessommets.qc.ca\/eadistance\/\" target=\"_blank\" rel=\"noopener\">\n\t\t\t\t\t\tCapsules de formation Teams (EAD)\n\t\t\t\t\t<\/a>\n\t\t\t<a href=\"https:\/\/site.csdessommets.qc.ca\/brouillonresnum\/accueil\/?fl_builder&#038;fl_builder_ui\" target=\"_blank\" rel=\"noopener\">\n\t\t\t\t\t\tRessources num\u00e9riques du CSSDS\n\t\t\t\t\t<\/a>\n\n","protected":false},"excerpt":{"rendered":"<p>Gestion des mots de passe des \u00e9l\u00e8ves Site de gestion des mots de passe Proc\u00e9dure pour les \u00e9l\u00e8ves Proc\u00e9dure pour le personnel enseignant Infonuagique (OneDrive &#8211; Teams &#8211; SharePoint) Mieux comprendre OneDrive Mieux comprendre Teams Cr\u00e9er dossier partag\u00e9 avec \u00e9l\u00e8ve Outils et ressources num\u00e9riques Capsules de formation Teams (EAD) Ressources num\u00e9riques du CSSDS<\/p>\n","protected":false},"author":1281,"featured_media":0,"parent":0,"menu_order":0,"comment_status":"closed","ping_status":"closed","template":"","meta":{"footnotes":""},"class_list":["post-364","page","type-page","status-publish","hentry"],"_links":{"self":[{"href":"https:\/\/site.csdessommets.qc.ca\/brouillonresnum\/wp-json\/wp\/v2\/pages\/364","targetHints":{"allow":["GET"]}}],"collection":[{"href":"https:\/\/site.csdessommets.qc.ca\/brouillonresnum\/wp-json\/wp\/v2\/pages"}],"about":[{"href":"https:\/\/site.csdessommets.qc.ca\/brouillonresnum\/wp-json\/wp\/v2\/types\/page"}],"author":[{"embeddable":true,"href":"https:\/\/site.csdessommets.qc.ca\/brouillonresnum\/wp-json\/wp\/v2\/users\/1281"}],"replies":[{"embeddable":true,"href":"https:\/\/site.csdessommets.qc.ca\/brouillonresnum\/wp-json\/wp\/v2\/comments?post=364"}],"version-history":[{"count":11,"href":"https:\/\/site.csdessommets.qc.ca\/brouillonresnum\/wp-json\/wp\/v2\/pages\/364\/revisions"}],"predecessor-version":[{"id":520,"href":"https:\/\/site.csdessommets.qc.ca\/brouillonresnum\/wp-json\/wp\/v2\/pages\/364\/revisions\/520"}],"wp:attachment":[{"href":"https:\/\/site.csdessommets.qc.ca\/brouillonresnum\/wp-json\/wp\/v2\/media?parent=364"}],"curies":[{"name":"wp","href":"https:\/\/api.w.org\/{rel}","templated":true}]}}