{"id":238,"date":"2019-03-21T14:10:52","date_gmt":"2019-03-21T18:10:52","guid":{"rendered":"https:\/\/site.csdessommets.qc.ca\/carrefourpedagogique\/bim\/"},"modified":"2023-07-03T15:03:44","modified_gmt":"2023-07-03T19:03:44","slug":"bim","status":"publish","type":"page","link":"https:\/\/site.csdessommets.qc.ca\/carrefourpedagogique\/bim\/","title":{"rendered":"Banque d\u2019instruments de mesure (BIM)"},"content":{"rendered":"<h3>Votre Banque d\u2019instruments de mesure (BIM) fait peau neuve!<\/h3>\n<p><strong>\u00a0<img loading=\"lazy\" decoding=\"async\" class=\"alignright\" src=\"..\/wp-content\/uploads\/sites\/95\/2019\/03\/grics.png\" alt=\"\" width=\"147\" height=\"147\" \/><\/strong><\/p>\n<p>Depuis plusieurs ann\u00e9es, le site Web BIM en ligne permet au personnel scolaire d\u2019acc\u00e9der \u00e0 des centaines d\u2019outils d\u2019\u00e9valuation pour le primaire, pour le secondaire et pour la formation g\u00e9n\u00e9rale adulte. Comme vous le savez, les \u00e9preuves disponibles dans la Banque d\u2019instruments de mesure (BIM) sont cl\u00e9s en main et conformes aux orientations et encadrements du Minist\u00e8re de l\u2019\u00c9ducation.<\/p>\n<p>Il est important de vous faire savoir que le lien d\u2019acc\u00e8s a chang\u00e9 et que la plateforme du site a subi une cure de rajeunissement. Pour entrer dans la plateforme de BIM en ligne, cliquez sur le bouton ci-dessous:<\/p>\n<p><a role=\"button\" href=\"https:\/\/bim.grics.ca\/\" target=\"_blank\" rel=\"noopener\"><br \/>\nBIM<br \/>\n<\/a><\/p>\n<p><strong>\u00c0 partir du 1<sup>er<\/sup> avril 2019, le lien BimEnLigne sera retir\u00e9 d\u00e9finitivement du portail \u00c9dugroupe.<\/strong><\/p>\n<p>Pour vous aider \u00e0 naviguer dans les nouvelles fonctionnalit\u00e9s de BIM, vous pouvez consulter le proc\u00e9durier\u00a0: Guide BIM \u2013 CSS plus bas dans cette page.<\/p>\n<p><em>NOTE: Si vous avez des questions techniques, veuillez communiquer avec le service des ressources informatiques. Pour toutes questions sur le contenu p\u00e9dagogique, adressez-vous \u00e0 votre conseiller p\u00e9dagogique.<\/em><\/p>\n<h3>Guide BIM \u2013 CSS<\/h3>\n\n\t\t<div class=\"wppdfemb-frame-container-1\" style=\"-webkit-overflow-scrolling:auto;\">\n\t\t\t<iframe class=\"pdfembed-iframe nonfullscreen wppdf-emb-iframe-1\"\n\t\t\t\tsrc=\"https:\/\/site.csdessommets.qc.ca\/carrefourpedagogique\/?pdfemb-data=eyJ1cmwiOiJodHRwczpcL1wvc2l0ZS5jc2Rlc3NvbW1ldHMucWMuY2FcL2NhcnJlZm91cnBlZGFnb2dpcXVlXC93cC1jb250ZW50XC91cGxvYWRzXC9zaXRlc1wvOTVcLzIwMTlcLzAzXC9HdWlkZS1CSU0tQ1NTLnBkZiIsInRvb2xiYXIiOiJ0b3AiLCJ0b29sYmFyZml4ZWQiOiJvbiIsImluZGV4IjoxLCJwZGZJRCI6MjQzfQ\"\n\t\t\t\t\t\t\t\tdata-pdf-id=\"243\"\n\t\t\t\tdata-pdf-index=\"1\"\n\t\t\t\tstyle=\"border:none;width:100%;max-width:100%;height:100vh;\"\n\t\t\t\tscrolling=\"yes\">\n\t\t\t<\/iframe>\n\t\t<\/div>\n\n\t\t\n","protected":false},"excerpt":{"rendered":"<p>Votre Banque d\u2019instruments de mesure (BIM) fait peau neuve! \u00a0 Depuis plusieurs ann\u00e9es, le site Web BIM en ligne permet au personnel scolaire d\u2019acc\u00e9der \u00e0 des centaines d\u2019outils d\u2019\u00e9valuation pour le primaire, pour le secondaire et pour la formation g\u00e9n\u00e9rale adulte. Comme vous le savez, les \u00e9preuves disponibles dans la Banque d\u2019instruments de mesure (BIM)&hellip;<\/p>\n","protected":false},"author":4,"featured_media":0,"parent":0,"menu_order":0,"comment_status":"closed","ping_status":"closed","template":"","meta":{"footnotes":""},"class_list":["post-238","page","type-page","status-publish","hentry"],"_links":{"self":[{"href":"https:\/\/site.csdessommets.qc.ca\/carrefourpedagogique\/wp-json\/wp\/v2\/pages\/238","targetHints":{"allow":["GET"]}}],"collection":[{"href":"https:\/\/site.csdessommets.qc.ca\/carrefourpedagogique\/wp-json\/wp\/v2\/pages"}],"about":[{"href":"https:\/\/site.csdessommets.qc.ca\/carrefourpedagogique\/wp-json\/wp\/v2\/types\/page"}],"author":[{"embeddable":true,"href":"https:\/\/site.csdessommets.qc.ca\/carrefourpedagogique\/wp-json\/wp\/v2\/users\/4"}],"replies":[{"embeddable":true,"href":"https:\/\/site.csdessommets.qc.ca\/carrefourpedagogique\/wp-json\/wp\/v2\/comments?post=238"}],"version-history":[{"count":6,"href":"https:\/\/site.csdessommets.qc.ca\/carrefourpedagogique\/wp-json\/wp\/v2\/pages\/238\/revisions"}],"predecessor-version":[{"id":390,"href":"https:\/\/site.csdessommets.qc.ca\/carrefourpedagogique\/wp-json\/wp\/v2\/pages\/238\/revisions\/390"}],"wp:attachment":[{"href":"https:\/\/site.csdessommets.qc.ca\/carrefourpedagogique\/wp-json\/wp\/v2\/media?parent=238"}],"curies":[{"name":"wp","href":"https:\/\/api.w.org\/{rel}","templated":true}]}}