{"id":341,"date":"2023-01-11T11:40:43","date_gmt":"2023-01-11T16:40:43","guid":{"rendered":"https:\/\/site.csdessommets.qc.ca\/carrefourpedagogique\/ajat\/"},"modified":"2026-04-02T12:05:25","modified_gmt":"2026-04-02T16:05:25","slug":"ajat","status":"publish","type":"page","link":"https:\/\/site.csdessommets.qc.ca\/carrefourpedagogique\/ajat\/","title":{"rendered":"Accompagnement \u00ab\u00a0Juste \u00e0 temps\u00a0\u00bb (AJAT)"},"content":{"rendered":"\n\n\t<p><a href=\"https:\/\/teams.microsoft.com\/l\/meetup-join\/19%3a0qgiXCEhbaRdAcGK5yTYn-Qq2zy9XDmaaGCzNafy21c1%40thread.tacv2\/1724786049384?context=%7b%22Tid%22%3a%22cede1faa-9b42-4798-8ad0-2620f045f81d%22%2c%22Oid%22%3a%22654e2902-3db9-4dec-8592-78f587ca22aa%22%7d\"><strong>Accompagnement Juste \u00c0 Temps (AJAT)<\/strong><\/a><\/p>\n\t<h3>Service offert au personnel enseignant et professionnel afin d&rsquo;obtenir rapidement du soutien sur un sujet p\u00e9dagonum\u00e9rique ou pour r\u00e9soudre un probl\u00e8me.<\/h3>\n\t<h3>Afin de vous diriger vers le bon service, voici la r\u00e9partition du soutien informatique\/num\u00e9rique.<\/h3>\n<h2>\n\t\t\tAJAT\t<\/h2>\n\t<h4><strong>Besoins p\u00e9dagogiques<\/strong><\/h4>\n<ul>\n<li>Besoin de conseils pour int\u00e9grer le num\u00e9rique dans la planification d&rsquo;une s\u00e9quence d&rsquo;enseignement.<\/li>\n<li>\n<h4>Connaitre des ressources et outils num\u00e9riques \u00e0 utiliser.<\/h4>\n<\/li>\n<li>\n<h4>Savoir comment utiliser les ressources et outils num\u00e9riques.<\/h4>\n<\/li>\n<li>\n<h4>R\u00e9soudre des probl\u00e8mes relatifs aux ressources et outils num\u00e9riques.<\/h4>\n<\/li>\n<li>\n<h4>Microsoft 365<\/h4>\n<\/li>\n<li>\n<h4>Tap&rsquo;Touche<\/h4>\n<\/li>\n<li>\n<h4>TNI\/EPI<\/h4>\n<\/li>\n<li>\n<h4>Windows 10\/11<\/h4>\n<\/li>\n<li>\n<h4>Mdp \u00e9l\u00e8ves &#8211; GIF &#8211; SITE<\/h4>\n<\/li>\n<\/ul>\n<h2>\n\t\t\tPour obtenir du soutien, cliquer sur le bouton ci-bas.\t<\/h2>\n<h2>\n\t\t\tSERVICE INFORMATIQUE\t<\/h2>\n\t<h4><strong>Besoins techniques<\/strong><\/h4>\n<ul>\n<li>\n<h4>Mauvais fonctionnement du mat\u00e9riel informatique et de r\u00e9seautique.<\/h4>\n<\/li>\n<li>\n<h4>Perte d&rsquo;acc\u00e8s aux logiciels et applications sur les outils de travail.<\/h4>\n<\/li>\n<li>\n<h4>Conseils en lien avec la s\u00e9curit\u00e9 informatique<\/h4>\n<ul>\n<li>\n<h4>Authentification multifacteur (AMF)<\/h4>\n<\/li>\n<li>\n<h4>Capsule et pratique en lien avec l&rsquo;hame\u00e7onnage<\/h4>\n<\/li>\n<\/ul>\n<\/li>\n<li>\n<h4>Demande d&rsquo;une application ou l&rsquo;ouverture d&rsquo;un site Web.<\/h4>\n<\/li>\n<li>\n<h4>GRR<\/h4>\n<\/li>\n<\/ul>\n\t<p>Pour obtenir du soutien selon le niveau d&rsquo;urgence :<\/p>\n<ul>\n<li>\u00c9lev\u00e9 : t\u00e9l\u00e9phoner au 50 000<\/li>\n<li>Moyen: remplir le formulaire de requ\u00eate aide-techno<\/li>\n<li>Bas: remplir le formulaire de requ\u00eate aide-techno<\/li>\n<\/ul>\n\t<h3>Horaire<\/h3>\n<h4><strong>De 12 h \u00e0 16 h<\/strong><\/h4>\n\t<p><strong>Semaine du 30 mars 2026<\/strong><\/p>\n<table>\n<tbody>\n<tr>\n<td>Lundi<\/td>\n<td>Ferm\u00e9<\/td>\n<\/tr>\n<tr>\n<td>Mardi<\/td>\n<td><strong>Laurent Mounaqui<\/strong><\/td>\n<\/tr>\n<tr>\n<td>Merc.<\/td>\n<td>Ferm\u00e9<\/td>\n<\/tr>\n<tr>\n<td>Jeudi<\/td>\n<td><strong>David Beaudry<\/strong> (ferm\u00e9 de 13h \u00e0 13h45)<\/td>\n<\/tr>\n<tr>\n<td>Vend.<\/td>\n<td>Ferm\u00e9<\/td>\n<\/tr>\n<\/tbody>\n<\/table>\n<p>&nbsp;<\/p>\n\t<p><strong>Semaine du 6 avril 2026<\/strong><\/p>\n<table>\n<tbody>\n<tr>\n<td>Lundi<\/td>\n<td>Ferm\u00e9<\/td>\n<\/tr>\n<tr>\n<td>Mardi<\/td>\n<td>Ferm\u00e9<\/td>\n<\/tr>\n<tr>\n<td>Merc.<\/td>\n<td><strong>Laurent Mounaqui<\/strong><\/td>\n<\/tr>\n<tr>\n<td>Jeudi<\/td>\n<td>Ferm\u00e9<\/td>\n<\/tr>\n<tr>\n<td>Vend.<\/td>\n<td><strong>David Beaudry<\/strong><\/td>\n<\/tr>\n<\/tbody>\n<\/table>\n<p>&nbsp;<\/p>\n\t<p><strong>Semaine du 13 avril 2026<\/strong><\/p>\n<table>\n<tbody>\n<tr>\n<td>Lundi<\/td>\n<td>Ferm\u00e9<\/td>\n<\/tr>\n<tr>\n<td>Mardi<\/td>\n<td>Ferm\u00e9<\/td>\n<\/tr>\n<tr>\n<td>Merc.<\/td>\n<td><strong>Laurent Mounaqui<\/strong><\/td>\n<\/tr>\n<tr>\n<td>Jeudi<\/td>\n<td>Ferm\u00e9<\/td>\n<\/tr>\n<tr>\n<td>Vend.<\/td>\n<td><strong>David Beaudry<\/strong><\/td>\n<\/tr>\n<\/tbody>\n<\/table>\n<figure>\n\t\t\t\t<a href=\"https:\/\/teams.microsoft.com\/l\/meetup-join\/19%3a0qgiXCEhbaRdAcGK5yTYn-Qq2zy9XDmaaGCzNafy21c1%40thread.tacv2\/1724786049384?context=%7b%22Tid%22%3a%22cede1faa-9b42-4798-8ad0-2620f045f81d%22%2c%22Oid%22%3a%22654e2902-3db9-4dec-8592-78f587ca22aa%22%7d\" target=\"_blank\" rel=\"noopener\">\n\t\t\t\t<img decoding=\"async\" src=\"https:\/\/site.csdessommets.qc.ca\/carrefourpedagogique\/wp-content\/uploads\/sites\/95\/2023\/01\/iStock-1293449386-150x150.jpg\" alt=\"Cliquez sur l&#039;ic\u00f4ne pour acc\u00e9der \u00e0 une r\u00e9union Teams avec un CP R\u00c9CIT\" height=\"150\" width=\"150\" title=\"Cliquez sur l&#039;ic\u00f4ne pour acc\u00e9der \u00e0 une r\u00e9union Teams avec un CP r\u00e9cit\" loading=\"lazy\" \/>\n\t\t\t\t<\/a>\n\t\t<figcaption>Cliquez sur l&rsquo;ic\u00f4ne pour acc\u00e9der \u00e0 une r\u00e9union Teams avec un CP R\u00c9CIT<\/figcaption>\n\t<\/figure>\n\n","protected":false},"excerpt":{"rendered":"<p>Accompagnement Juste \u00c0 Temps (AJAT) Service offert au personnel enseignant et professionnel afin d&rsquo;obtenir rapidement du soutien sur un sujet p\u00e9dagonum\u00e9rique ou pour r\u00e9soudre un probl\u00e8me. Afin de vous diriger vers le bon service, voici la r\u00e9partition du soutien informatique\/num\u00e9rique. AJAT Besoins p\u00e9dagogiques Besoin de conseils pour int\u00e9grer le num\u00e9rique dans la planification d&rsquo;une s\u00e9quence&hellip;<\/p>\n","protected":false},"author":1281,"featured_media":0,"parent":0,"menu_order":0,"comment_status":"closed","ping_status":"closed","template":"","meta":{"footnotes":""},"class_list":["post-341","page","type-page","status-publish","hentry"],"_links":{"self":[{"href":"https:\/\/site.csdessommets.qc.ca\/carrefourpedagogique\/wp-json\/wp\/v2\/pages\/341","targetHints":{"allow":["GET"]}}],"collection":[{"href":"https:\/\/site.csdessommets.qc.ca\/carrefourpedagogique\/wp-json\/wp\/v2\/pages"}],"about":[{"href":"https:\/\/site.csdessommets.qc.ca\/carrefourpedagogique\/wp-json\/wp\/v2\/types\/page"}],"author":[{"embeddable":true,"href":"https:\/\/site.csdessommets.qc.ca\/carrefourpedagogique\/wp-json\/wp\/v2\/users\/1281"}],"replies":[{"embeddable":true,"href":"https:\/\/site.csdessommets.qc.ca\/carrefourpedagogique\/wp-json\/wp\/v2\/comments?post=341"}],"version-history":[{"count":12,"href":"https:\/\/site.csdessommets.qc.ca\/carrefourpedagogique\/wp-json\/wp\/v2\/pages\/341\/revisions"}],"predecessor-version":[{"id":705,"href":"https:\/\/site.csdessommets.qc.ca\/carrefourpedagogique\/wp-json\/wp\/v2\/pages\/341\/revisions\/705"}],"wp:attachment":[{"href":"https:\/\/site.csdessommets.qc.ca\/carrefourpedagogique\/wp-json\/wp\/v2\/media?parent=341"}],"curies":[{"name":"wp","href":"https:\/\/api.w.org\/{rel}","templated":true}]}}