{"id":504,"date":"2023-10-23T10:13:15","date_gmt":"2023-10-23T14:13:15","guid":{"rendered":"https:\/\/site.csdessommets.qc.ca\/carrefourpedagogique\/differenciation-2\/"},"modified":"2023-10-30T14:37:39","modified_gmt":"2023-10-30T18:37:39","slug":"differenciationdocs","status":"publish","type":"page","link":"https:\/\/site.csdessommets.qc.ca\/carrefourpedagogique\/differenciationdocs\/","title":{"rendered":"Documents diff\u00e9renciation"},"content":{"rendered":"\n\n\t<h1>Diff\u00e9renciation p\u00e9dagogique<\/h1>\n<h2>Documents \u00e0 consulter<\/h2>\n\t\t\t<a href=\"https:\/\/site.csdessommets.qc.ca\/carrefourpedagogique\/wp-content\/uploads\/sites\/95\/2023\/10\/A_PRESENTATION_La-differenciation.pdf\" target=\"_blank\" rel=\"noopener\">\n\t\t\t\t\t\tPr\u00e9sentation\n\t\t\t\t\t<\/a>\n\t\t\t<a href=\"https:\/\/site.csdessommets.qc.ca\/carrefourpedagogique\/wp-content\/uploads\/sites\/95\/2023\/10\/B_ArbreDecisionnel_modificationDesAttentes.pdf\" target=\"_blank\" rel=\"noopener\">\n\t\t\t\t\t\tArbre d\u00e9cisionnel\n\t\t\t\t\t<\/a>\n\t\t\t<a href=\"https:\/\/site.csdessommets.qc.ca\/carrefourpedagogique\/wp-content\/uploads\/sites\/95\/2023\/10\/C_Pistes-de-reflexion-mise-en-place-modification.pdf\" target=\"_blank\" rel=\"noopener\">\n\t\t\t\t\t\tPistes de r\u00e9flexion\n\t\t\t\t\t<\/a>\n\t\t\t<a href=\"https:\/\/site.csdessommets.qc.ca\/carrefourpedagogique\/wp-content\/uploads\/sites\/95\/2023\/10\/D_Modele-de-lettre_Explication-du-code-de-cours-modifie-aux-parents.pdf\" target=\"_blank\" rel=\"noopener\">\n\t\t\t\t\t\tMod\u00e8le de lettre\n\t\t\t\t\t<\/a>\n\t\t\t<a href=\"https:\/\/site.csdessommets.qc.ca\/carrefourpedagogique\/wp-content\/uploads\/sites\/95\/2023\/10\/E_Procedures_Modification.pdf\" target=\"_blank\" rel=\"noopener\">\n\t\t\t\t\t\tProc\u00e9dures de modification\n\t\t\t\t\t<\/a>\n\t\t\t<a href=\"https:\/\/site.csdessommets.qc.ca\/carrefourpedagogique\/wp-content\/uploads\/sites\/95\/2023\/10\/F_Portraits-visuels.pdf\" target=\"_blank\" rel=\"noopener\">\n\t\t\t\t\t\tIndicateurs visuels\n\t\t\t\t\t<\/a>\n\t\t\t<a href=\"https:\/\/site.csdessommets.qc.ca\/carrefourpedagogique\/wp-content\/uploads\/sites\/95\/2023\/10\/G_Bareme-Eval-modif_competences-eleves-.pdf\" target=\"_blank\" rel=\"noopener\">\n\t\t\t\t\t\tBar\u00eame d&rsquo;\u00e9valuation\n\t\t\t\t\t<\/a>\n\t\t\t<a href=\"https:\/\/site.csdessommets.qc.ca\/carrefourpedagogique\/wp-content\/uploads\/sites\/95\/2023\/10\/H_Resume-Portrait-pour-leleve.pdf\" target=\"_blank\" rel=\"noopener\">\n\t\t\t\t\t\tPortrait pour l&rsquo;\u00e9l\u00e8ve\n\t\t\t\t\t<\/a>\n\t\t\t<a href=\"https:\/\/site.csdessommets.qc.ca\/carrefourpedagogique\/wp-content\/uploads\/sites\/95\/2023\/10\/I_Resume-Portrait-pour-les-parents.pdf\" target=\"_blank\" rel=\"noopener\">\n\t\t\t\t\t\tPortrait pour le parent\n\t\t\t\t\t<\/a>\n\t\t\t<a href=\"https:\/\/site.csdessommets.qc.ca\/carrefourpedagogique\/wp-content\/uploads\/sites\/95\/2023\/10\/J_Resume-Portrait-pour-les-enseignants.pdf\" target=\"_blank\" rel=\"noopener\">\n\t\t\t\t\t\tPortrait pour l&rsquo;enseignant\n\t\t\t\t\t<\/a>\n\t\t\t<a href=\"https:\/\/site.csdessommets.qc.ca\/carrefourpedagogique\/wp-content\/uploads\/sites\/95\/2023\/10\/K_Exemples-de-Flexibilite_Adaptations_Modifications.pdf\" target=\"_blank\" rel=\"noopener\">\n\t\t\t\t\t\tFlexibilit\u00e9, Adaptation, Modification\n\t\t\t\t\t<\/a>\n\t\t\t<a href=\"https:\/\/site.csdessommets.qc.ca\/carrefourpedagogique\/wp-content\/uploads\/sites\/95\/2023\/10\/L_Fiche-zone-proximale-de-developpement-HEC.pdf\" target=\"_blank\" rel=\"noopener\">\n\t\t\t\t\t\tZone proximale de d\u00e9veloppement\n\t\t\t\t\t<\/a>\n\n","protected":false},"excerpt":{"rendered":"<p>Diff\u00e9renciation p\u00e9dagogique Documents \u00e0 consulter Pr\u00e9sentation Arbre d\u00e9cisionnel Pistes de r\u00e9flexion Mod\u00e8le de lettre Proc\u00e9dures de modification Indicateurs visuels Bar\u00eame d&rsquo;\u00e9valuation Portrait pour l&rsquo;\u00e9l\u00e8ve Portrait pour le parent Portrait pour l&rsquo;enseignant Flexibilit\u00e9, Adaptation, Modification Zone proximale de d\u00e9veloppement<\/p>\n","protected":false},"author":6362,"featured_media":0,"parent":0,"menu_order":0,"comment_status":"closed","ping_status":"closed","template":"","meta":{"footnotes":""},"class_list":["post-504","page","type-page","status-publish","hentry"],"_links":{"self":[{"href":"https:\/\/site.csdessommets.qc.ca\/carrefourpedagogique\/wp-json\/wp\/v2\/pages\/504","targetHints":{"allow":["GET"]}}],"collection":[{"href":"https:\/\/site.csdessommets.qc.ca\/carrefourpedagogique\/wp-json\/wp\/v2\/pages"}],"about":[{"href":"https:\/\/site.csdessommets.qc.ca\/carrefourpedagogique\/wp-json\/wp\/v2\/types\/page"}],"author":[{"embeddable":true,"href":"https:\/\/site.csdessommets.qc.ca\/carrefourpedagogique\/wp-json\/wp\/v2\/users\/6362"}],"replies":[{"embeddable":true,"href":"https:\/\/site.csdessommets.qc.ca\/carrefourpedagogique\/wp-json\/wp\/v2\/comments?post=504"}],"version-history":[{"count":4,"href":"https:\/\/site.csdessommets.qc.ca\/carrefourpedagogique\/wp-json\/wp\/v2\/pages\/504\/revisions"}],"predecessor-version":[{"id":526,"href":"https:\/\/site.csdessommets.qc.ca\/carrefourpedagogique\/wp-json\/wp\/v2\/pages\/504\/revisions\/526"}],"wp:attachment":[{"href":"https:\/\/site.csdessommets.qc.ca\/carrefourpedagogique\/wp-json\/wp\/v2\/media?parent=504"}],"curies":[{"name":"wp","href":"https:\/\/api.w.org\/{rel}","templated":true}]}}