{"id":686,"date":"2025-10-10T11:37:50","date_gmt":"2025-10-10T15:37:50","guid":{"rendered":"https:\/\/site.csdessommets.qc.ca\/carrefourpedagogique\/desole-le-sujet-nest-plus-couvert\/"},"modified":"2025-10-10T11:42:59","modified_gmt":"2025-10-10T15:42:59","slug":"desole-le-sujet-nest-plus-couvert","status":"publish","type":"page","link":"https:\/\/site.csdessommets.qc.ca\/carrefourpedagogique\/desole-le-sujet-nest-plus-couvert\/","title":{"rendered":"D\u00e9sol\u00e9"},"content":{"rendered":"\n\n\t<h2>D\u00e9sol\u00e9, le sujet n&rsquo;est plus couvert par une page sur ce site.<\/h2>\n\t\t\t<a href=\"https:\/\/site.csdessommets.qc.ca\/carrefourpedagogique\/\" target=\"_self\">\n\t\t\t\t\t\tRetour \u00e0 la page pr\u00e9c\u00e9dente\n\t\t\t\t\t<\/a>\n\n","protected":false},"excerpt":{"rendered":"<p>D\u00e9sol\u00e9, le sujet n&rsquo;est plus couvert par une page sur ce site. Retour \u00e0 la page pr\u00e9c\u00e9dente<\/p>\n","protected":false},"author":6362,"featured_media":0,"parent":0,"menu_order":0,"comment_status":"closed","ping_status":"closed","template":"","meta":{"footnotes":""},"class_list":["post-686","page","type-page","status-publish","hentry"],"_links":{"self":[{"href":"https:\/\/site.csdessommets.qc.ca\/carrefourpedagogique\/wp-json\/wp\/v2\/pages\/686","targetHints":{"allow":["GET"]}}],"collection":[{"href":"https:\/\/site.csdessommets.qc.ca\/carrefourpedagogique\/wp-json\/wp\/v2\/pages"}],"about":[{"href":"https:\/\/site.csdessommets.qc.ca\/carrefourpedagogique\/wp-json\/wp\/v2\/types\/page"}],"author":[{"embeddable":true,"href":"https:\/\/site.csdessommets.qc.ca\/carrefourpedagogique\/wp-json\/wp\/v2\/users\/6362"}],"replies":[{"embeddable":true,"href":"https:\/\/site.csdessommets.qc.ca\/carrefourpedagogique\/wp-json\/wp\/v2\/comments?post=686"}],"version-history":[{"count":2,"href":"https:\/\/site.csdessommets.qc.ca\/carrefourpedagogique\/wp-json\/wp\/v2\/pages\/686\/revisions"}],"predecessor-version":[{"id":691,"href":"https:\/\/site.csdessommets.qc.ca\/carrefourpedagogique\/wp-json\/wp\/v2\/pages\/686\/revisions\/691"}],"wp:attachment":[{"href":"https:\/\/site.csdessommets.qc.ca\/carrefourpedagogique\/wp-json\/wp\/v2\/media?parent=686"}],"curies":[{"name":"wp","href":"https:\/\/api.w.org\/{rel}","templated":true}]}}