{"id":17,"date":"2016-06-08T17:45:50","date_gmt":"2016-06-08T15:45:50","guid":{"rendered":"https:\/\/site.csdessommets.qc.ca\/comp_tic_primaire\/format-plan\/"},"modified":"2016-09-29T15:01:26","modified_gmt":"2016-09-29T19:01:26","slug":"format-plan","status":"publish","type":"page","link":"https:\/\/site.csdessommets.qc.ca\/comp_tic_primaire\/format-plan\/","title":{"rendered":"Carte de la comp\u00e9tence"},"content":{"rendered":"<p style=\"text-align: center\">*<em>Utilisez le + ou le &#8211; dans le bas de la page pour agrandir ou r\u00e9duire\u00a0la carte<\/em><\/p>\n<p>Your browser does not support frames. View this <a href=\"https:\/\/www.mindomo.com\/mindmap\/competence_tic_primaire-07c96f31506a43b2ae2b25e05e66dd37\" target=\"_blank\">mind map<\/a> on its original site. It was created using <a href=\"https:\/\/www.mindomo.com\" target=\"_blank\">Mindomo<\/a> mind mapping software.<br \/>\nCette carte a \u00e9t\u00e9 r\u00e9alis\u00e9e avec <a href=\"https:\/\/www.mindomo.com\/\" target=\"_blank\">Mindomo<\/a>.<\/p>\n","protected":false},"excerpt":{"rendered":"<p>*Utilisez le + ou le &#8211; dans le bas de la page pour agrandir ou r\u00e9duire\u00a0la carte Your browser does not support frames. View this mind map on its original site. It was created using Mindomo mind mapping software. Cette carte a \u00e9t\u00e9 r\u00e9alis\u00e9e avec Mindomo.<\/p>\n","protected":false},"author":3,"featured_media":0,"parent":0,"menu_order":0,"comment_status":"closed","ping_status":"closed","template":"","meta":{"footnotes":""},"class_list":["post-17","page","type-page","status-publish","hentry"],"_links":{"self":[{"href":"https:\/\/site.csdessommets.qc.ca\/comp_tic_primaire\/wp-json\/wp\/v2\/pages\/17","targetHints":{"allow":["GET"]}}],"collection":[{"href":"https:\/\/site.csdessommets.qc.ca\/comp_tic_primaire\/wp-json\/wp\/v2\/pages"}],"about":[{"href":"https:\/\/site.csdessommets.qc.ca\/comp_tic_primaire\/wp-json\/wp\/v2\/types\/page"}],"author":[{"embeddable":true,"href":"https:\/\/site.csdessommets.qc.ca\/comp_tic_primaire\/wp-json\/wp\/v2\/users\/3"}],"replies":[{"embeddable":true,"href":"https:\/\/site.csdessommets.qc.ca\/comp_tic_primaire\/wp-json\/wp\/v2\/comments?post=17"}],"version-history":[{"count":7,"href":"https:\/\/site.csdessommets.qc.ca\/comp_tic_primaire\/wp-json\/wp\/v2\/pages\/17\/revisions"}],"predecessor-version":[{"id":352,"href":"https:\/\/site.csdessommets.qc.ca\/comp_tic_primaire\/wp-json\/wp\/v2\/pages\/17\/revisions\/352"}],"wp:attachment":[{"href":"https:\/\/site.csdessommets.qc.ca\/comp_tic_primaire\/wp-json\/wp\/v2\/media?parent=17"}],"curies":[{"name":"wp","href":"https:\/\/api.w.org\/{rel}","templated":true}]}}