{"id":210,"date":"2016-09-21T13:48:48","date_gmt":"2016-09-21T17:48:48","guid":{"rendered":"https:\/\/site.csdessommets.qc.ca\/comp_tic_primaire\/gab1er\/"},"modified":"2016-10-02T07:47:07","modified_gmt":"2016-10-02T11:47:07","slug":"1er-cycle","status":"publish","type":"page","link":"https:\/\/site.csdessommets.qc.ca\/comp_tic_primaire\/1er-cycle\/","title":{"rendered":"1er cycle"},"content":{"rendered":"<h3>\n\t\tApprentissages  TIC au 1er cycle<br \/>\n\t<\/h3>\n<p><strong>L\u00e9gende<\/strong><br \/>\n\u2794Nouvel \u00e9l\u00e9ment d\u2019apprentissage<br \/>\n\u25ba\u00c9l\u00e9ment ayant \u00e9t\u00e9 vu \u00e0 l\u2019un des cycles pr\u00e9c\u00e9dents et qui est toujours en d\u00e9veloppement<br \/>\n<strong>\uf06f <\/strong>Un document d\u2019accompagnement portant sur cet \u00e9l\u00e9ment d\u2019apprentissage est disponible <br \/>\n* Apprentissage facultatif <br \/>\nLorsqu&rsquo;un terme appara\u00eet en hyperlien, une d\u00e9finition vous est propos\u00e9e.<\/p>\n<p>\t\t\tTECHNIQUE ET M\u00c9THODOLOGIE<\/p>\n<p>M\u00e9thodologie<\/p>\n<p><strong>Dossiers et fichiers<\/strong><br \/>\n<em><strong>Sauvegarde et archivage <\/strong>(voir <a href=\"https:\/\/site.csdessommets.qc.ca\/comp_tic_primaire\/wp-content\/uploads\/sites\/102\/2016\/06\/fichiers_dossiers.pdf\" target=\"_blank\">Fichiers et dossiers<\/a> ) <\/em><strong>\uf06f<\/strong><br \/>\n\u2794Enregistrer un fichier avec l\u2019aide de l\u2019enseignant<br \/>\n\u2794Enregistrer son travail d\u00e8s le d\u00e9but et tout au long d\u2019une r\u00e9alisation<\/p>\n<p><strong><em>Proc\u00e9duriers et r\u00e9f\u00e9rentiels<\/em><\/strong><br \/>\n\u2794Suivre un proc\u00e9durier sous forme de pictogrammes et de mots-cl\u00e9s<br \/>\n\u2794Consulter un r\u00e9f\u00e9rentiel (guide, manuel, etc.)<\/p>\n<p><em><strong>Strat\u00e9gies de d\u00e9pannage<\/strong><\/em><br \/>\n\u2794Consulter \u00e0 nouveau sa documentation<br \/>\n \u25ba Demander de l\u2019aide \u00e0 ses pairs ou \u00e0 un adulte<br \/>\n\u2794Annuler une t\u00e2che en cours avec la touche \u00ab \u00c9chap\u00bb<\/p>\n<p>Mat\u00e9riel<\/p>\n<p><strong> Ordinateur et ses composantes<\/strong><em> (voir <a href=\"https:\/\/site.csdessommets.qc.ca\/comp_tic_primaire\/wp-content\/uploads\/sites\/102\/2016\/06\/affiche-ordinateur-primaire.pdf\" target=\"_blank\">Affiche de l&rsquo;ordinateur<\/a>) <\/em><strong>\uf06f<\/strong><br \/>\n\u2794Connaitre l\u2019ordinateur et ses p\u00e9riph\u00e9riques<br \/>\n\u2794Brancher des \u00e9couteurs \u00e0 l\u2019ordinateur<br \/>\n \u25ba Situer le lecteur CD-DVD, l\u2019ouvrir et le fermer ad\u00e9quatement<\/p>\n<p><em><strong>Clavier et souris<\/strong><\/em><br \/>\n \u25ba Connaitre l\u2019emplacement des lettres et des chiffres <em> (voir <a href=\"https:\/\/site.csdessommets.qc.ca\/comp_tic_primaire\/wp-content\/uploads\/sites\/102\/2016\/06\/image_clavier.pdf\" target=\"_blank\">Image du clavier<\/a>) <\/em><strong>\uf06f<\/strong><br \/>\n \u25ba Utiliser la barre d\u2019espacement, les touches de retour, d\u2019effacement et les fl\u00e8ches de d\u00e9placement<br \/>\n\u2794Utiliser la majuscule et la minuscule, verrouiller la majuscule, les accents, les signes de ponctuation et certaines touches combin\u00e9es<em> (<a href=\"https:\/\/site.csdessommets.qc.ca\/comp_tic_primaire\/wp-content\/uploads\/sites\/102\/2016\/06\/livret_caracteres_speciaux.pdf\" target=\"_blank\">voir Livret d&rsquo;apprentissage des caract\u00e8res sp\u00e9ciaux<\/a>\u00a0) <\/em><strong>\uf06f<\/strong><strong><br \/>\n<\/strong>\u25ba Se d\u00e9placer dans la page en manipulant la souris<br \/>\n\u2794Placer le curseur \u00e0 un endroit sp\u00e9cifique<\/p>\n<p><strong>P\u00e9riph\u00e9riques<br \/>\n<\/strong><br \/>\n<em><strong>Imprimante<\/strong><\/em><br \/>\n\u2794Imprimer un document<\/p>\n<p><em><strong>TNI<\/strong><\/em><br \/>\n \u25ba Travailler au TNI avec son doigt ou avec le stylet<br \/>\n\u2794Explorer les outils du logiciel du TNI<\/p>\n<p><em><strong>Autres p\u00e9riph\u00e9riques*<\/strong><\/em><\/p>\n<p><strong>Appareil photo et cam\u00e9scope<\/strong><br \/>\n\u2794Utiliser un appareil photo num\u00e9rique<br \/>\n\u2794Utiliser un cam\u00e9scope num\u00e9rique*<\/p>\n<p><strong>Tablette*<\/strong><\/p>\n<p>Syst\u00e8me d&rsquo;exploitation <em>(voir <a href=\"https:\/\/site.csdessommets.qc.ca\/comp_tic_primaire\/documents-et-outils\/\" target=\"_blank\">documents TECHNIQUES ET M\u00c9THODOLOGIE<\/a> ) <\/em><em>\uf06f<\/em><br \/>\n \u25ba Ouvrir et fermer l\u2019ordinateur<br \/>\n \u25ba S\u2019identifier sur l\u2019ordinateur avec un compte g\u00e9n\u00e9rique<br \/>\n \u25ba D\u00e9marrer une application \u00e0 l\u2019aide des ic\u00f4nes sur le bureau<br \/>\n\u2794R\u00e9duire ou fermer une application<br \/>\n \u25ba Utiliser la barre de d\u00e9filement<br \/>\n\u25ba Utiliser la fonction \u00ab glisser-d\u00e9poser \u00bb<br \/>\n\u2794Utiliser les fonctions s\u00e9lectionner, couper, copier et coller<br \/>\n\u2794Utiliser la fonction d\u2019annulation de la derni\u00e8re action<\/p>\n<p>Lexique et vocabulaire\u00a0<em>(voir <a href=\"https:\/\/site.csdessommets.qc.ca\/comp_tic_primaire\/wp-content\/uploads\/sites\/102\/2016\/09\/lexique_TIC_2016.pdf\" target=\"_blank\">Lexique informatique<\/a>) \uf06f<\/em><\/p>\n<p>L\u2019apprentissage du langage informatique se d\u00e9veloppe tout au long du cheminement technologique de l\u2019\u00e9l\u00e8ve.<\/p>\n<p>\t\t\tCONSULTATION ET RECHERCHE<\/p>\n<p>Sources d\u2019informations num\u00e9riques<\/p>\n<p>\u25ba Utiliser les ressources selon le niveau et l\u2019\u00e2ge des \u00e9l\u00e8ves<\/p>\n<p><strong>M\u00e9thodes de recherche<\/strong><br \/>\n<em><strong>Moteurs de recherche<\/strong><\/em><br \/>\n\u2794Utiliser un moteur de recherche adapt\u00e9 au premier cycle<br \/>\nEx. de logiciel \u00e0 utiliser: BabyGo<\/p>\n<p>\t\t\tEXPLOITATION ET PRODUCTION<\/p>\n<p>Didacticiels ou ludiciels<\/p>\n<p>\u25ba Utiliser des didacticiels ou des ludiciels \u00e0 l\u2019ordinateur, en DVD ou en ligne pour d\u00e9velopper ou consolider des apprentissages<\/p>\n<p>Logiciels outils\u00a0<em>(voir <a href=\"https:\/\/site.csdessommets.qc.ca\/comp_tic_primaire\/wp-content\/uploads\/sites\/102\/2016\/06\/liste-logiciels_sommets2016.pdf\" target=\"_blank\">Logiciels de la CSS et proc\u00e9duriers<\/a>)\u00a0<strong>\uf06f<\/strong><\/em><\/p>\n<p><strong>Multim\u00e9dia<br \/>\n<\/strong><strong><em>Cr\u00e9ation et traitement de l\u2019image<br \/>\n<\/em><\/strong>\u25ba Cr\u00e9er des images \u00e0 l\u2019aide d\u2019un logiciel\u00a0 de dessin <u>matriciel<\/u>.<br \/>\nUtilisation du pinceau, des formes, des lignes et des couleurs.<br \/>\n+ Ajouter du texte<br \/>\n+ Ajouter ou modifier certains \u00e9l\u00e9ments<br \/>\nEx.\u00a0de logiciel \u00e0 utiliser: <a href=\"https:\/\/site.csdessommets.qc.ca\/comp_tic_primaire\/wp-content\/uploads\/sites\/102\/2016\/06\/liste-logiciels_sommets2016.pdf\" target=\"_blank\">Tux Paint<\/a><\/p>\n<p><strong>Bureautique<br \/>\n<\/strong><strong><em>Traitement de texte<br \/>\n<\/em><\/strong><strong>\u2794Initiation \u00e0 l\u2019\u00e9criture dans un traitement de texte<\/strong><\/p>\n<ul>\n<li>\u00c9crire un texte simple avec la police de caract\u00e8res Jacynthe <em>(voir Police Jacynthe)\u00a0<strong>\uf06f<\/strong><\/em><\/li>\n<li>Utiliser les majuscules et les minuscules<\/li>\n<li>Ajouter un saut de ligne (Entr\u00e9e)<\/li>\n<li>Apprendre diff\u00e9rentes touches dont l\u2019effacement, la suppression, le d\u00e9placement sans effacement avec les touches de direction, d&rsquo;espace et de point<\/li>\n<\/ul>\n<p>\t\t\tCOMMUNICATION ET DIFFUSION<\/p>\n<p>Portail et plateformes de diffusion<\/p>\n<p><strong>Portail p\u00e9dagogique de la CS\u00a0<\/strong><em>(voir <a href=\"https:\/\/site.csdessommets.qc.ca\/comp_tic_primaire\/wp-content\/uploads\/sites\/102\/2016\/06\/presentation_resnum.pdf\" target=\"_blank\">Liste des ressources num\u00e9riques CSS<\/a>)\u00a0\uf06f<\/em><br \/>\n\u2794Consulter certaines ressources du portail Ex. : <a href=\"https:\/\/site.csdessommets.qc.ca\/comp_tic_primaire\/wp-content\/uploads\/sites\/102\/2016\/06\/presentation_resnum.pdf\" target=\"_blank\">Universalis junior<\/a><\/p>\n<p><strong>Sites web<\/strong><br \/>\n\u25ba Acc\u00e9der \u00e0 des sites pr\u00e9s\u00e9lectionn\u00e9s<br \/>\n\u2794Naviguer dans un site Web (utiliser des hyperliens)<\/p>\n<p>\t\t\t\u00c9DUCATION \u00c0 LA VIE NUM\u00c9RIQUE<\/p>\n<p><strong>Dans le cadre de l\u2019axe portant sur l\u2019\u00e9ducation \u00e0 la vie num\u00e9rique plusieurs documents de soutien sont propos\u00e9s<\/strong><\/p>\n<p>\u2022 <a href=\"https:\/\/site.csdessommets.qc.ca\/comp_tic_primaire\/wp-content\/uploads\/sites\/102\/2016\/06\/PoliqueInformationnelleCSS.pdf\" target=\"_blank\">Politique informationnelle de la CSS<\/a><br \/>\n\u2022 <a href=\"https:\/\/site.csdessommets.qc.ca\/comp_tic_primaire\/wp-content\/uploads\/sites\/102\/2016\/06\/Code_conduite_primaire.pdf\" target=\"_blank\">Code de conduite pour les \u00e9l\u00e8ves du primaire<\/a><br \/>\n\u2022 <a href=\"https:\/\/site.csdessommets.qc.ca\/comp_tic_primaire\/wp-content\/uploads\/sites\/102\/2016\/06\/Guide_NETiquette.pdf\" target=\"_blank\">Guide de la \u00ab NETiquette<\/a> \u00bb<br \/>\n\u2022 Cadre \u00ab <a href=\"https:\/\/site.csdessommets.qc.ca\/comp_tic_primaire\/wp-content\/uploads\/sites\/102\/2016\/06\/Cadre_Utiliser-comprendre-et-cr%C3%A9er.pdf\" target=\"_blank\">Utiliser, comprendre et cr\u00e9er<\/a> \u00bb<br \/>\n\u2022 <a href=\"https:\/\/site.csdessommets.qc.ca\/comp_tic_primaire\/wp-content\/uploads\/sites\/102\/2016\/06\/Dossier-CYBERINTIMIDATION.pdf\" target=\"_blank\">Dossier et ressources Cyberintimidation<\/a><\/p>\n<p>Culture de r\u00e9seau<\/p>\n<p>La culture de r\u00e9seau am\u00e8ne l\u2019\u00e9l\u00e8ve \u00e0 d\u00e9velopper, tout au long de son parcours scolaire, un ensemble de comp\u00e9tences o\u00f9 le r\u00e9seau joue un r\u00f4le d\u00e9terminant. \u00ab Un individu qui adh\u00e8re \u00e0 une culture de r\u00e9seau est quelqu&rsquo;un qui ne travaille pas seul, utilise des ressources collectives et a le r\u00e9flexe d\u2019actualiser ses connaissances en allant chercher des ressources r\u00e9centes. Cette culture de r\u00e9seau se caract\u00e9rise aussi chez l\u2019individu par un partage des savoirs, des ressources,\u00a0\u00eatre actif dans le r\u00e9seau et construire avec les autres \u00bb<sup>1<\/sup> . La rentabilit\u00e9 du travail en r\u00e9seau n\u2019est plus \u00e0 d\u00e9montrer. Il faut maintenant amener l\u2019\u00e9l\u00e8ve \u00e0 construire en r\u00e9seau.<\/p>\n<hr \/>\n<p><sup>1<\/sup>Arcouet, M. (2000) \u00ab D\u00e9velopper la culture de r\u00e9seau et les r\u00e9seaux qu\u2019il faut dans les \u00e9coles \u00bb, &lt;http:\/\/recitmst.qc.ca\/documents\/culture_reseau\/culture.pdf&gt;, consult\u00e9 le 14 juillet 2016<\/p>\n<hr \/>\n<p>\u00a0<\/p>\n<p>\u00a0<\/p>\n<p>\u00a0<\/p>\n<p>\u00a0<\/p>\n<p>\u00a0<\/p>\n<p>\u00a0<\/p>\n<p>\u00a0<\/p>\n<p>\u00a0<\/p>\n<p>\u00a0<\/p>\n<p>\u00a0<\/p>\n<p>\u00a0<\/p>\n<p>\u00a0<\/p>\n<p>\u00a0<\/p>\n<p>\u00a0<\/p>\n<p>\u00a0<\/p>\n","protected":false},"excerpt":{"rendered":"<p>Apprentissages TIC au 1er cycle L\u00e9gende \u2794Nouvel \u00e9l\u00e9ment d\u2019apprentissage \u25ba\u00c9l\u00e9ment ayant \u00e9t\u00e9 vu \u00e0 l\u2019un des cycles pr\u00e9c\u00e9dents et qui est toujours en d\u00e9veloppement \uf06f Un document d\u2019accompagnement portant sur cet \u00e9l\u00e9ment d\u2019apprentissage est disponible * Apprentissage facultatif Lorsqu&rsquo;un terme appara\u00eet en hyperlien, une d\u00e9finition vous est propos\u00e9e. TECHNIQUE ET M\u00c9THODOLOGIE M\u00e9thodologie Dossiers et fichiers&hellip;<\/p>\n","protected":false},"author":3,"featured_media":0,"parent":0,"menu_order":0,"comment_status":"closed","ping_status":"closed","template":"","meta":{"footnotes":""},"class_list":["post-210","page","type-page","status-publish","hentry"],"_links":{"self":[{"href":"https:\/\/site.csdessommets.qc.ca\/comp_tic_primaire\/wp-json\/wp\/v2\/pages\/210","targetHints":{"allow":["GET"]}}],"collection":[{"href":"https:\/\/site.csdessommets.qc.ca\/comp_tic_primaire\/wp-json\/wp\/v2\/pages"}],"about":[{"href":"https:\/\/site.csdessommets.qc.ca\/comp_tic_primaire\/wp-json\/wp\/v2\/types\/page"}],"author":[{"embeddable":true,"href":"https:\/\/site.csdessommets.qc.ca\/comp_tic_primaire\/wp-json\/wp\/v2\/users\/3"}],"replies":[{"embeddable":true,"href":"https:\/\/site.csdessommets.qc.ca\/comp_tic_primaire\/wp-json\/wp\/v2\/comments?post=210"}],"version-history":[{"count":12,"href":"https:\/\/site.csdessommets.qc.ca\/comp_tic_primaire\/wp-json\/wp\/v2\/pages\/210\/revisions"}],"predecessor-version":[{"id":370,"href":"https:\/\/site.csdessommets.qc.ca\/comp_tic_primaire\/wp-json\/wp\/v2\/pages\/210\/revisions\/370"}],"wp:attachment":[{"href":"https:\/\/site.csdessommets.qc.ca\/comp_tic_primaire\/wp-json\/wp\/v2\/media?parent=210"}],"curies":[{"name":"wp","href":"https:\/\/api.w.org\/{rel}","templated":true}]}}