{"id":220,"date":"2016-09-21T14:02:00","date_gmt":"2016-09-21T18:02:00","guid":{"rendered":"https:\/\/site.csdessommets.qc.ca\/comp_tic_primaire\/?page_id=220"},"modified":"2016-10-02T07:46:07","modified_gmt":"2016-10-02T11:46:07","slug":"3e-cycle","status":"publish","type":"page","link":"https:\/\/site.csdessommets.qc.ca\/comp_tic_primaire\/3e-cycle\/","title":{"rendered":"3e cycle"},"content":{"rendered":"<h3>\n\t\tApprentissages TIC au 3e cycle<br \/>\n\t<\/h3>\n<p><strong>L\u00e9gende<\/strong><br \/>\n\u2794Nouvel \u00e9l\u00e9ment d\u2019apprentissage<br \/>\n\u25ba\u00c9l\u00e9ment ayant \u00e9t\u00e9 vu \u00e0 l\u2019un des cycles pr\u00e9c\u00e9dents et qui est toujours en d\u00e9veloppement<br \/>\n<strong>\uf06f <\/strong>Un document d\u2019accompagnement portant sur cet \u00e9l\u00e9ment d\u2019apprentissage est disponible <br \/>\n* Apprentissage facultatif <br \/>\nLorsqu&rsquo;un terme appara\u00eet en hyperlien, une d\u00e9finition vous est propos\u00e9e.<\/p>\n<p>\t\t\tTECHNIQUE ET M\u00c9THODOLOGIE<\/p>\n<p>M\u00e9thodologie<\/p>\n<p><strong>Dossiers et fichiers<\/strong><em>\u00a0(voir <a href=\"https:\/\/site.csdessommets.qc.ca\/comp_tic_primaire\/wp-content\/uploads\/sites\/102\/2016\/06\/fichiers_dossiers.pdf\" target=\"_blank\">Fichiers et dossiers<\/a>)<\/em><strong>\u00a0\uf06f<\/strong><br \/>\n<em><strong>Nomenclature et classement<br \/>\n<\/strong><\/em>\u2794 Nommer ou renommer des fichiers et des dossiers avec des noms courts et signifiants<br \/>\n\u2794 Cr\u00e9er et organiser des dossiers<br \/>\n\u2794 Classer des fichiers dans des dossiers<\/p>\n<p><em><strong>Sauvegarde et archivage<\/strong><\/em><br \/>\n\u25ba Enregistrer un fichier sur le disque dur de l\u2019ordinateur, sur le r\u00e9seau ou sur une unit\u00e9 de stockage externe (ex. : cl\u00e9 USB)<br \/>\n\u25ba Rep\u00e9rer l\u2019unit\u00e9 de stockage externe dans l\u2019explorateur Windows<br \/>\n\u2794 Identifier l\u2019unit\u00e9 de stockage externe (Ex. : nommer une cl\u00e9 USB)<br \/>\n\u2794 R\u00e9unir plusieurs fichiers dans une archive<br \/>\n\u25ba Enregistrer son travail d\u00e8s le d\u00e9but et tout au long d\u2019une r\u00e9alisation<br \/>\n\u2794 Conna\u00eetre et utiliser le raccourci-clavier CTRL + S<br \/>\n\u25ba Retrouver, s\u00e9lectionner et ouvrir un document existant<\/p>\n<p><em><strong>Proc\u00e9duriers et r\u00e9f\u00e9rentiels\u00a0\u00a0<\/strong>(voir <a href=\"https:\/\/site.csdessommets.qc.ca\/comp_tic_primaire\/wp-content\/uploads\/sites\/102\/2016\/06\/liste-logiciels_sommets2016.pdf\" target=\"_blank\">Logiciels de la CSS et proc\u00e9duriers<\/a>)<strong>\u00a0<\/strong><\/em><strong>\uf06f<\/strong><br \/>\n\u25ba Suivre un proc\u00e9durier<br \/>\n\u25ba Consulter un r\u00e9f\u00e9rentiel (guide, manuel, etc.)<\/p>\n<p><em><strong>Strat\u00e9gies de d\u00e9pannage<\/strong><\/em><br \/>\n\u25ba Consulter \u00e0 nouveau sa documentation<br \/>\n\u25ba Demander de l\u2019aide \u00e0 ses pairs ou \u00e0 un adulte<br \/>\n\u2794 Consulter l\u2019aide en ligne ou l\u2019aide du logiciel<br \/>\n\u25ba Annuler une t\u00e2che en cours avec la touche \u00ab \u00c9chap\u00bb<br \/>\n\u2794 Lors d\u2019une anomalie de fonctionnement, utiliser la combinaison de touches<br \/>\n\u00ab Ctrl \u00bb, \u00ab Alt \u00bb, \u00ab Suppr \u00bb afin de stopper une t\u00e2che<br \/>\n\u25ba Lors d\u2019un bogue, red\u00e9marrer l\u2019ordinateur<br \/>\nTechniques et m\u00e9thodologie (suite)<\/p>\n<p><em><strong>Raccourcis-clavier\u00a0\u00a0<\/strong>(voir <a href=\"https:\/\/site.csdessommets.qc.ca\/comp_tic_primaire\/wp-content\/uploads\/sites\/102\/2016\/06\/raccourcis_clavier.pdf\" target=\"_blank\">Raccourcis clavier<\/a>)<strong>\u00a0<\/strong><\/em><strong>\uf06f<\/strong><br \/>\n\u2794 Connaitre et utiliser les principaux raccourcis-clavier<\/p>\n<p>Mat\u00e9riel<\/p>\n<p><strong>Ordinateur et ses composantes\u00a0<em>\u00a0<\/em><\/strong><em>(voir <\/em><em><a href=\"https:\/\/site.csdessommets.qc.ca\/comp_tic_primaire\/wp-content\/uploads\/sites\/102\/2016\/06\/affiche-ordinateur-primaire.pdf\" target=\"_blank\">Affiche de l&rsquo;ordinateur<\/a>)<\/em>\u00a0<strong>\uf06f<\/strong><br \/>\n\u25ba Connaitre l\u2019ordinateur et ses p\u00e9riph\u00e9riques<br \/>\n\u25ba Brancher certains p\u00e9riph\u00e9riques \u00e0 l\u2019ordinateur (souris, \u00e9couteurs, microphone, etc.)<\/p>\n<p><em><strong>Clavier et souris<\/strong><\/em><br \/>\n\u25ba Connaitre l\u2019emplacement des lettres et des chiffres <em>\u00a0(voir <a href=\"https:\/\/site.csdessommets.qc.ca\/comp_tic_primaire\/wp-content\/uploads\/sites\/102\/2016\/06\/image_clavier.pdf\" target=\"_blank\">Image du clavier<\/a>)<\/em><strong>\u00a0\uf06f<\/strong><br \/>\n\u25ba Utiliser la barre d\u2019espacement, les touches de retour, d\u2019effacement et les fl\u00e8ches de d\u00e9placement<br \/>\n\u25ba Utiliser la majuscule et la minuscule, verrouiller la majuscule, les accents, les signes de ponctuation et certaines touches combin\u00e9es<br \/>\n\u25ba Connaitre les touches combin\u00e9es, les touches de tabulation, supprimer et retour arri\u00e8re\u00a0<em>\u00a0(voir <a href=\"https:\/\/site.csdessommets.qc.ca\/comp_tic_primaire\/wp-content\/uploads\/sites\/102\/2016\/06\/livret_caracteres_speciaux.pdf\" target=\"_blank\">Livret d&rsquo;apprentissage des caract\u00e8res sp\u00e9ciaux<\/a>)<\/em><strong>\u00a0\uf06f<\/strong><br \/>\n\u2794 D\u00e9velopper une technique de doigt\u00e9 de base\u00a0<em>(voir <a href=\"https:\/\/site.csdessommets.qc.ca\/comp_tic_primaire\/wp-content\/uploads\/sites\/102\/2016\/06\/clavier-doigte.pdf\" target=\"_blank\">Doigt\u00e9 au clavier<\/a>)<\/em><strong>\u00a0\uf06f<\/strong><br \/>\n\u25ba Cliquer \u00e0 droite pour avoir acc\u00e8s au menu contextuel<\/p>\n<p><em><strong>Imprimante<\/strong><\/em><br \/>\n\u25ba S\u00e9lectionner une imprimante*<\/p>\n<p><em><strong>TNI<\/strong><\/em><br \/>\n\u25ba Exploiter les fonctions avanc\u00e9es du logiciel de TNI<\/p>\n<p><em><strong>Unit\u00e9 de stockage externe<\/strong><\/em><br \/>\n\u25ba Ins\u00e9rer une unit\u00e9 de stockage externe et l\u2019\u00e9jecter ad\u00e9quatement<br \/>\n\u25ba Enregistrer et r\u00e9cup\u00e9rer un fichier sur une unit\u00e9 de stockage externe<\/p>\n<p><strong>Appareil photo et cam\u00e9scope<\/strong><br \/>\n\u2794 Transf\u00e9rer des photos \u00e0 un ordinateur<br \/>\n\u2794 Transf\u00e9rer des vid\u00e9os \u00e0 un ordinateur*<\/p>\n<p><strong>Tablette*<\/strong><\/p>\n<p>Syst\u00e8me d&rsquo;exploitation\u00a0<em>\u00a0(voir <a href=\"https:\/\/site.csdessommets.qc.ca\/comp_tic_primaire\/documents-et-outils\/\" target=\"_blank\">Documents TECHNIQUES ET M\u00c9THODOLOGIE<\/a>)<\/em><strong>\u00a0\uf06f<\/strong><br \/>\n\u25ba S\u2019identifier sur l\u2019ordinateur, dans un logiciel ou sur le web avec un compte \u00e9l\u00e8ve<br \/>\n\u25ba D\u00e9marrer une application \u00e0 partir du menu \u00ab Programme \u00bb<br \/>\n\u25ba Connaitre la structure d\u2019organisation de l\u2019ordinateur (lecteurs, fichiers et dossiers)<br \/>\n\u2794 Naviguer ais\u00e9ment dans la structure d\u2019organisation de l\u2019ordinateur<br \/>\n\u25ba Utiliser les barres de d\u00e9filement, de t\u00e2ches et de menu<br \/>\n\u25ba Passer d\u2019une application \u00e0 l\u2019autre \u00e0 l\u2019aide de la barre de t\u00e2ches<br \/>\n\u2794 Utiliser le menu contextuel<br \/>\n\u2794 Convertir un fichier d\u2019un format \u00e0 un autre*<\/p>\n<p>Lexique et vocabulaire\u00a0<em>(voir <a href=\"https:\/\/site.csdessommets.qc.ca\/comp_tic_primaire\/wp-content\/uploads\/sites\/102\/2016\/09\/lexique_TIC_2016.pdf\" target=\"_blank\">Lexique informatique<\/a>) \uf06f<\/em><\/p>\n<p>L\u2019apprentissage du langage informatique se d\u00e9veloppe tout au long du cheminement technologique de l\u2019\u00e9l\u00e8ve.<\/p>\n<p>\t\t\tCONSULTATION ET RECHERCHE<\/p>\n<p>Sources d\u2019informations num\u00e9riques\u00a0<em>(<a href=\"https:\/\/site.csdessommets.qc.ca\/comp_tic_primaire\/documents-et-outils\/\" target=\"_blank\">voir docs. CONSULTATION ET RECHERCHE<\/a>) <\/em><strong>\uf06f<\/strong><br \/>\n\u25ba Utiliser les ressources selon le niveau et l\u2019\u00e2ge des \u00e9l\u00e8ves<\/p>\n<p><strong>M\u00e9thodes de recherche<\/strong><br \/>\n<em><strong>Moteurs de recherche<\/strong><\/em><br \/>\n\u2794 Explorer les options de recherche avanc\u00e9e\u00a0<em>(voir <a href=\"https:\/\/site.csdessommets.qc.ca\/comp_tic_primaire\/wp-content\/uploads\/sites\/102\/2016\/06\/enseigner_recherche-avanceeGoogle.pdf\" target=\"_blank\">Recherche avanc\u00e9e de Google<\/a>) <\/em><strong>\uf06f<\/strong><br \/>\n\u2794 Valider une information trouv\u00e9e sur Internet<br \/>\n\u25ba Chercher et trouver de l\u2019information \u00e0 l\u2019aide de techniques efficaces <em>(voir <a href=\"https:\/\/site.csdessommets.qc.ca\/comp_tic_primaire\/wp-content\/uploads\/sites\/102\/2016\/06\/AgentBonChercheur_Trucs.pdf\" target=\"_blank\">Agent bon chercheur<\/a>) <\/em><strong>\uf06f<\/strong><\/p>\n<p><em><strong>Navigateurs web<\/strong><\/em><br \/>\n\u25ba Connaitre les principaux navigateurs web<\/p>\n<p><strong>Traitement de l\u2019information <\/strong><br \/>\n\u25ba S\u00e9lectionner l\u2019information pertinente, l\u2019int\u00e9grer dans un document ou une pr\u00e9sentation, la reformuler en ses mots<\/p>\n<p>\t\t\tEXPLOITATION ET PRODUCTION<\/p>\n<p>Didacticiels ou ludiciels<br \/>\n\u25ba Utiliser des didacticiels ou des ludiciels \u00e0 l\u2019ordinateur, en DVD ou en ligne pour d\u00e9velopper ou consolider des apprentissages<\/p>\n<p>Logiciels outils\u00a0\u00a0<em>(voir <a href=\"https:\/\/site.csdessommets.qc.ca\/comp_tic_primaire\/wp-content\/uploads\/sites\/102\/2016\/06\/liste-logiciels_sommets2016.pdf\" target=\"_blank\">Logiciels de la CSS et proc\u00e9duriers<\/a>) <\/em><strong>\uf06f<\/strong><br \/>\n<strong><br \/>\nMultim\u00e9dia<\/strong><br \/>\n<strong><em>Audio<\/em><\/strong><br \/>\n\u25ba Enregistrer et \u00e9couter une s\u00e9quence sonore Ex. de logiciel \u00e0 utiliser: Audacity \u00a0<em>(voir <a href=\"https:\/\/site.csdessommets.qc.ca\/comp_tic_primaire\/wp-content\/uploads\/sites\/102\/2016\/06\/liste-logiciels_sommets2016.pdf\" target=\"_blank\">Logiciels de la CSS et proc\u00e9duriers<\/a>) <\/em><strong>\uf06f<\/strong><br \/>\n<strong>\u2794<\/strong> Exporter une s\u00e9quence sonore au format MP3<\/p>\n<p><em><strong>Cr\u00e9ation et traitement de l\u2019image<\/strong><\/em><br \/>\n\u25ba Cr\u00e9er des images \u00e0 l\u2019aide d\u2019un logiciel de dessin matriciel.<br \/>\n<strong>\u2794<\/strong> Modifier des images existantes en fonction de ses besoins. Rogner, redimensionner ou apporter de l\u00e9g\u00e8res corrections \u00e0 une image (contraste, yeux rouges, etc.).<br \/>\nEx. de logiciel \u00e0 utiliser: Photofiltre, Pxlr\u00a0\u00a0<em>(voir <a href=\"https:\/\/site.csdessommets.qc.ca\/comp_tic_primaire\/wp-content\/uploads\/sites\/102\/2016\/06\/liste-logiciels_sommets2016.pdf\" target=\"_blank\">Logiciels de la CSS et proc\u00e9duriers<\/a>) <\/em><strong>\uf06f<\/strong><br \/>\n<strong>\u2794<\/strong> Exploiter un logiciel de dessin vectoriel afin de r\u00e9aliser une image en 2D ou 3D.<br \/>\nEx. de logiciel \u00e0 utiliser: Inkscape, Google Sketchup\u00a0\u00a0<em>(voir <a href=\"https:\/\/site.csdessommets.qc.ca\/comp_tic_primaire\/wp-content\/uploads\/sites\/102\/2016\/06\/liste-logiciels_sommets2016.pdf\" target=\"_blank\">Logiciels de la CSS et proc\u00e9duriers<\/a>) <\/em><strong>\uf06f<\/strong><\/p>\n<p><em><strong>Vid\u00e9o*<\/strong><\/em><\/p>\n<p><strong>Bureautique<\/strong><br \/>\n<em><strong>Traitement de texte<\/strong>\u00a0(voir <a href=\"https:\/\/site.csdessommets.qc.ca\/comp_tic_primaire\/wp-content\/uploads\/sites\/102\/2016\/06\/guide_word.pdf\" target=\"_blank\">Guide Word<\/a> et <a href=\"https:\/\/site.csdessommets.qc.ca\/comp_tic_primaire\/wp-content\/uploads\/sites\/102\/2016\/06\/Lexique-outils-word.pdf\" target=\"_blank\">Lexique outils de Word<\/a>)<strong> \uf06f<\/strong><\/em><br \/>\n<strong>\u2794<\/strong> Conna\u00eetre et utiliser des fonctions avanc\u00e9es du traitement de texte<br \/>\n\u2022 Ins\u00e9rer des puces et une num\u00e9rotation.<br \/>\n\u2022 Mise en page plus complexe (orientation du texte ou de la page, marges, colonnes, interlignes, etc.)<br \/>\n\u2022 Modifier les propri\u00e9t\u00e9s d\u2019une image (ordre de disposition, habillage, rogner, couleur, intensit\u00e9, etc.)<br \/>\n\u2022 Importer une image en provenance du web ou d\u2019un p\u00e9riph\u00e9rique (appareil photo ou num\u00e9riseur)\u00a0\u00a0<em>(voir Site <a href=\"https:\/\/site.csdessommets.qc.ca\/materiel_libre\/\" target=\"_blank\">Mat\u00e9riel Libre<\/a>) <\/em><strong>\uf06f<\/strong><br \/>\n\u2022 Modifier un tableau (ajouter des colonnes, fusionner des cellules, etc.)<br \/>\n\u2022 Exploiter le correcteur dans son ensemble<\/p>\n<p><em><strong>Logiciel de pr\u00e9sentation et de publication<\/strong><\/em><br \/>\n\u25ba R\u00e9aliser une pr\u00e9sentation simple. Ajouter du texte et des images<br \/>\nEx. de logiciel: Powerpoint <em>(voir <a href=\"https:\/\/site.csdessommets.qc.ca\/comp_tic_primaire\/wp-content\/uploads\/sites\/102\/2016\/06\/lexique-outils-ppt.pdf\" target=\"_blank\">Lexique outils PowerPoint<\/a>) <\/em><strong>\uf06f<\/strong><br \/>\n<strong>\u2794<\/strong> Ajouter des animations, des transitions et des effets sonores<br \/>\n<strong>\u2794<\/strong> Cr\u00e9er une publication \u00e9labor\u00e9e<br \/>\nEx. : D\u00e9pliant, calendrier<br \/>\n\u25ba Cr\u00e9er une publication simple telle qu\u2019une affiche, une \u00e9tiquette, etc.<br \/>\nEx. de logiciel \u00e0 utiliser: Publisher\u00a0<em>(voir <a href=\"https:\/\/site.csdessommets.qc.ca\/comp_tic_primaire\/wp-content\/uploads\/sites\/102\/2016\/06\/liste-logiciels_sommets2016.pdf\" target=\"_blank\">Logiciels de la CSS et proc\u00e9duriers<\/a>) <\/em><strong>\uf06f<\/strong><\/p>\n<p><em><strong>Tableur<\/strong><\/em><br \/>\n<strong>\u2794<\/strong> R\u00e9aliser un tableau simple et le transformer en graphique<br \/>\nEx. de logiciel \u00e0 utiliser: <a href=\"https:\/\/site.csdessommets.qc.ca\/comp_tic_primaire\/wp-content\/uploads\/sites\/102\/2016\/06\/liste-logiciels_sommets2016.pdf\" target=\"_blank\">Excel<\/a><\/p>\n<p>\t\t\tCOMMUNICATION ET DIFFUSION<\/p>\n<p>Communication \u00e9crite<\/p>\n<p><strong>Courriel\u00a0<\/strong><em>(voir infiormation courriel <a href=\"https:\/\/site.csdessommets.qc.ca\/comp_tic_primaire\/wp-content\/uploads\/sites\/102\/2016\/06\/courriel-edugroupe.pdf\" target=\"_blank\">\u00c9du-groupe<\/a> \u00a0\/ \u00a0<a href=\"https:\/\/site.csdessommets.qc.ca\/comp_tic_primaire\/wp-content\/uploads\/sites\/102\/2016\/06\/courriel-outlook.pdf\" target=\"_blank\">Outlook<\/a>) <\/em><strong>\uf06f<\/strong><br \/>\n<strong>\u2794\u00a0<\/strong>R\u00e9cup\u00e9rer et ajouter une pi\u00e8ce jointe \u00e0 un message<br \/>\n<strong>\u2794\u00a0<\/strong>Utiliser le carnet d\u2019adresses<\/p>\n<p><strong>Clavardage<\/strong><br \/>\n\u25ba Utiliser le clavardage lors d\u2019une activit\u00e9 de collaboration<\/p>\n<p><strong>Forum*<\/strong><em>\u00a0(voir <a href=\"https:\/\/site.csdessommets.qc.ca\/comp_tic_primaire\/wp-content\/uploads\/sites\/102\/2016\/06\/Guide_KnowledgeForum.pdf\" target=\"_blank\">Guide Knowledge forum<\/a>) <\/em><strong>\uf06f<\/strong><\/p>\n<p>Portail et plateformes de diffusion<\/p>\n<p><strong>Portail p\u00e9dagogique de la CS\u00a0<\/strong><em>(voir <a href=\"https:\/\/site.csdessommets.qc.ca\/comp_tic_primaire\/wp-content\/uploads\/sites\/102\/2016\/06\/presentation_resnum.pdf\" target=\"_blank\">Liste des ressources num\u00e9riques CSS<\/a>\u00a0et <a href=\"http:\/\/resnum.csdessommets.qc.ca\/\" target=\"_blank\">Site d&rsquo;aide sur les ressources num\u00e9riques CSS<\/a>)\u00a0<\/em><strong>\uf06f<\/strong><br \/>\n\u25ba Exploiter les ressources et les outils du portail dans ses apprentissages<br \/>\nEx. : <a href=\"http:\/\/resnum.csdessommets.qc.ca\/?p=116\" target=\"_blank\">Mindomo<\/a>, <a href=\"http:\/\/resnum.csdessommets.qc.ca\/?p=112\" target=\"_blank\">\u00c9dum\u00e9dia<\/a>, etc. Toutes les ressources sur le <a href=\"http:\/\/resnum.csdessommets.qc.ca\/\" target=\"_blank\">Site d&rsquo;aide sur les ressources num\u00e9riques CSS<em>\u00a0<\/em><\/a><strong>\uf06f<\/strong><\/p>\n<p><strong>Sites web<\/strong><br \/>\n\u25ba Chercher, trouver et consulter des sites Internet<br \/>\n<strong>\u2794\u00a0<\/strong>G\u00e9rer et utiliser les signets<\/p>\n<p><strong>Communaut\u00e9s*<\/strong><\/p>\n<p>Audio-vid\u00e9o<br \/>\n<strong><br \/>\nVisioconf\u00e9rence<\/strong><br \/>\n<strong>\u2794\u00a0<\/strong>Participer \u00e0 une activit\u00e9 de visioconf\u00e9rence\u00a0<em>(voir <a href=\"https:\/\/site.csdessommets.qc.ca\/comp_tic_primaire\/wp-content\/uploads\/sites\/102\/2016\/06\/Guide_Via.pdf\" target=\"_blank\">Guide d&rsquo;utilisation Via <\/a>et <a href=\"https:\/\/site.csdessommets.qc.ca\/comp_tic_primaire\/wp-content\/uploads\/sites\/102\/2016\/06\/Via_miniguide.pdf\" target=\"_blank\">Miniguide Via<\/a>) <\/em><strong>\uf06f<\/strong><\/p>\n<p><strong>R\u00e9seaux sociaux*\u00a0<\/strong><em>(voir \u00a0<a href=\"https:\/\/site.csdessommets.qc.ca\/comp_tic_primaire\/wp-content\/uploads\/sites\/102\/2016\/06\/Guide_Medias-Sociaux.pdf\" target=\"_blank\">Guide M\u00e9dias sociaux<\/a>, <a href=\"https:\/\/site.csdessommets.qc.ca\/comp_tic_primaire\/wp-content\/uploads\/sites\/102\/2016\/06\/UtilisationPed-medias-sociaux.pdf\" target=\"_blank\">Utilisations p\u00e9dagogiques des m\u00e9dias sociaux<\/a>, <a href=\"http:\/\/www.csdessommets.qc.ca\/csdessommets\/medias-sociaux\/\" target=\"_blank\">Site M\u00e9dias sociaux \u00e0 la CSS<\/a>) <\/em><strong>\uf06f<\/strong><\/p>\n<p><strong>Blogues*\u00a0<\/strong><em>(voir <a href=\"https:\/\/site.csdessommets.qc.ca\/comp_tic_primaire\/wp-content\/uploads\/sites\/102\/2016\/06\/info-Blogue.pdf\" target=\"_blank\">Information sur le blogue<\/a>) <\/em><strong>\uf06f<\/strong><\/p>\n<p>\t\t\t\u00c9DUCATION \u00c0 LA VIE NUM\u00c9RIQUE<\/p>\n<p><strong>Dans le cadre de l\u2019axe portant sur l\u2019\u00e9ducation \u00e0 la vie num\u00e9rique plusieurs documents de soutien sont propos\u00e9s:<\/strong><br \/>\n\u2022 <a href=\"https:\/\/site.csdessommets.qc.ca\/comp_tic_primaire\/wp-content\/uploads\/sites\/102\/2016\/06\/PoliqueInformationnelleCSS.pdf\" target=\"_blank\">Politique informationnelle de la CSS<\/a><br \/>\n\u2022 <a href=\"https:\/\/site.csdessommets.qc.ca\/comp_tic_primaire\/wp-content\/uploads\/sites\/102\/2016\/06\/Code_conduite_primaire.pdf\" target=\"_blank\">Code de conduite pour les \u00e9l\u00e8ves du primaire<\/a><br \/>\n\u2022<a href=\"https:\/\/site.csdessommets.qc.ca\/comp_tic_primaire\/wp-content\/uploads\/sites\/102\/2016\/06\/affiche-empreinte-num.pdf\" target=\"_blank\"> Affiche \u00ab Empreinte num\u00e9rique \u00bb<\/a><br \/>\n\u2022 <a href=\"https:\/\/site.csdessommets.qc.ca\/comp_tic_primaire\/wp-content\/uploads\/sites\/102\/2016\/06\/Guide_NETiquette.pdf\" target=\"_blank\">Guide de la \u00ab NETiquette \u00bb<\/a><br \/>\n\u2022 <a href=\"https:\/\/site.csdessommets.qc.ca\/comp_tic_primaire\/wp-content\/uploads\/sites\/102\/2016\/06\/Guide_Medias-Sociaux.pdf\" target=\"_blank\">Guide sur les m\u00e9dias sociaux<\/a><br \/>\n\u2022 <a href=\"https:\/\/site.csdessommets.qc.ca\/comp_tic_primaire\/wp-content\/uploads\/sites\/102\/2016\/06\/Medias-sociaux_Identite-Num.pdf\" target=\"_blank\">M\u00e9dias sociaux et identit\u00e9 num\u00e9rique<\/a><br \/>\n\u2022 <a href=\"https:\/\/site.csdessommets.qc.ca\/comp_tic_primaire\/wp-content\/uploads\/sites\/102\/2016\/06\/bonnes_pratiques_internet.pdf\" target=\"_blank\">Guide des bonnes pratiques sur Internet<\/a><br \/>\n\u2022 <a href=\"https:\/\/site.csdessommets.qc.ca\/comp_tic_primaire\/wp-content\/uploads\/sites\/102\/2016\/06\/Cadre_Utiliser-comprendre-et-cr%C3%A9er.pdf\" target=\"_blank\">Cadre de litt\u00e9ratie \u00ab Utiliser, comprendre et cr\u00e9er \u00bb<\/a><br \/>\n\u2022 <a href=\"https:\/\/site.csdessommets.qc.ca\/comp_tic_primaire\/wp-content\/uploads\/sites\/102\/2016\/06\/Dossier-CYBERINTIMIDATION.pdf\" target=\"_blank\">Dossier et ressources Cyberintimidation<\/a><br \/>\n\u2022 <a href=\"https:\/\/site.csdessommets.qc.ca\/comp_tic_primaire\/wp-content\/uploads\/sites\/102\/2016\/09\/Droits-auteur_info.pdf\" target=\"_blank\">Guide d\u2019\u00c9ducation aux droits d\u2019auteur<\/a><br \/>\n\u2022 <a href=\"http:\/\/www.csdessommets.qc.ca\/csdessommets\/medias-sociaux\/\" target=\"_blank\">Site M\u00e9dias sociaux \u00e0 la CSS<\/a><\/p>\n<p>S\u00e9curit\u00e9<br \/>\n<strong>Amener l\u2019\u00e9l\u00e8ve \u00e0 :<\/strong><br \/>\n\u25ba lire, signer et respecter le code de conduite de la Politique informationnelle de la CSS; <strong>\uf06f<\/strong><br \/>\n\u25ba garder confidentiels ses identifiants et ses mots de passe;<br \/>\n\u25ba faire attention aux informations personnelles divulgu\u00e9es sur Internet;<br \/>\n\u25ba faire preuve de vigilance \u00e0 l\u2019\u00e9gard des inconnus sur Internet;<br \/>\n<strong>\u2794\u00a0<\/strong>s\u2019assurer de la fiabilit\u00e9 des sources et des informations avant de les consulter et de les partager; <em>(voir <a href=\"https:\/\/site.csdessommets.qc.ca\/comp_tic_primaire\/documents-et-outils\/\" target=\"_blank\">Documents CONSULTATION ET RECHERCHE<\/a>) <\/em>\u00a0<strong>\uf06f<\/strong><\/p>\n<p>Identit\u00e9 num\u00e9rique<br \/>\nAmener l\u2019\u00e9l\u00e8ve \u00e0 :<br \/>\n<strong>\u2794 c<\/strong>onnaitre et appliquer les recommandations du Guide des bonnes pratiques sur Internet \u00bb <strong>\uf06f<\/strong><br \/>\n<strong>\u2794\u00a0<\/strong>faire attention aux traces qu\u2019il ou elle laisse sur Internet (Affiche Empreinte num\u00e9rique). <strong>\uf06f<\/strong><\/p>\n<p>\u00c9thique<br \/>\nAmener l\u2019\u00e9l\u00e8ve \u00e0 :<br \/>\n<strong>\u2794\u00a0<\/strong>adopter des comportements \u00e9thiques et respectueux (Guide \u00ab NETiquette \u00bb); <strong>\uf06f<\/strong><br \/>\n<strong>\u2794\u00a0<\/strong>\u00eatre sensible \u00e0 la cyberintimidation; <em>(voir Dossier et ressources Cyberintimidation)\u00a0<\/em><strong>\uf06f<\/strong><br \/>\n<strong>\u2794\u00a0<\/strong>respecter les personnes et leur vie priv\u00e9e.<\/p>\n<p>M\u00e9dias sociaux<br \/>\n<strong>\u2794\u00a0<\/strong>Connaitre les diff\u00e9rents m\u00e9dias sociaux, leurs avantages et leurs inconv\u00e9nients <em>(voir Documents M\u00e9dias sociaux)\u00a0<\/em><strong>\uf06f<\/strong><\/p>\n<p>Droits d&rsquo;auteur<br \/>\n<strong>\u2794\u00a0<\/strong>S\u2019informer sur les droits d\u2019auteur et Internet (guide d\u2019\u00c9ducation aux droits d&rsquo;auteur) <strong>\uf06f<\/strong><br \/>\n<strong>\u2794\u00a0<\/strong>Utiliser dans ses productions des textes, des images, des sons et des vid\u00e9os libres de droits et de diffusion (voir site : <a href=\"https:\/\/site.csdessommets.qc.ca\/materiel_libre\/\" target=\"_blank\">Mat\u00e9riel libre<\/a>)<\/p>\n<p>Culture de r\u00e9seau<\/p>\n<p>La culture de r\u00e9seau am\u00e8ne l\u2019\u00e9l\u00e8ve \u00e0 d\u00e9velopper, tout au long de son parcours scolaire, un ensemble de comp\u00e9tences o\u00f9 le r\u00e9seau joue un r\u00f4le d\u00e9terminant. \u00ab Un individu qui adh\u00e8re \u00e0 une culture de r\u00e9seau est quelqu&rsquo;un qui ne travaille pas seul, utilise des ressources collectives et a le r\u00e9flexe d\u2019actualiser ses connaissances en allant chercher des ressources r\u00e9centes. Cette culture de r\u00e9seau se caract\u00e9rise aussi chez l\u2019individu par un partage des savoirs, des ressources, \u00eatre actif dans le r\u00e9seau et construire avec les autres \u00bb<sup>1<\/sup>. La rentabilit\u00e9 du travail en r\u00e9seau n\u2019est plus \u00e0 d\u00e9montrer. Il faut maintenant amener l\u2019\u00e9l\u00e8ve \u00e0 construire en r\u00e9seau.<\/p>\n<hr \/>\n<p><sup>1<\/sup>Arcouet, M. (2000) \u00ab D\u00e9velopper la culture de r\u00e9seau et les r\u00e9seaux qu\u2019il faut dans les \u00e9coles \u00bb, &lt;http:\/\/recitmst.qc.ca\/documents\/culture_reseau\/culture.pdf&gt;, consult\u00e9 le 14 juillet 2016<\/p>\n<p>\u00a0<\/p>\n<p>\u00a0<\/p>\n<p>\u00a0<\/p>\n<p>\u00a0<\/p>\n<p>\u00a0<\/p>\n<p>\u00a0<\/p>\n<p>\u00a0<\/p>\n<p>\u00a0<\/p>\n<p>\u00a0<\/p>\n<p>\u00a0<\/p>\n<p>\u00a0<\/p>\n<p>\u00a0<\/p>\n<p>\u00a0<\/p>\n<p>\u00a0<\/p>\n<p>\u00a0<\/p>\n","protected":false},"excerpt":{"rendered":"<p>Apprentissages TIC au 3e cycle L\u00e9gende \u2794Nouvel \u00e9l\u00e9ment d\u2019apprentissage \u25ba\u00c9l\u00e9ment ayant \u00e9t\u00e9 vu \u00e0 l\u2019un des cycles pr\u00e9c\u00e9dents et qui est toujours en d\u00e9veloppement \uf06f Un document d\u2019accompagnement portant sur cet \u00e9l\u00e9ment d\u2019apprentissage est disponible * Apprentissage facultatif Lorsqu&rsquo;un terme appara\u00eet en hyperlien, une d\u00e9finition vous est propos\u00e9e. TECHNIQUE ET M\u00c9THODOLOGIE M\u00e9thodologie Dossiers et fichiers\u00a0(voir&hellip;<\/p>\n","protected":false},"author":3,"featured_media":0,"parent":0,"menu_order":0,"comment_status":"closed","ping_status":"closed","template":"","meta":{"footnotes":""},"class_list":["post-220","page","type-page","status-publish","hentry"],"_links":{"self":[{"href":"https:\/\/site.csdessommets.qc.ca\/comp_tic_primaire\/wp-json\/wp\/v2\/pages\/220","targetHints":{"allow":["GET"]}}],"collection":[{"href":"https:\/\/site.csdessommets.qc.ca\/comp_tic_primaire\/wp-json\/wp\/v2\/pages"}],"about":[{"href":"https:\/\/site.csdessommets.qc.ca\/comp_tic_primaire\/wp-json\/wp\/v2\/types\/page"}],"author":[{"embeddable":true,"href":"https:\/\/site.csdessommets.qc.ca\/comp_tic_primaire\/wp-json\/wp\/v2\/users\/3"}],"replies":[{"embeddable":true,"href":"https:\/\/site.csdessommets.qc.ca\/comp_tic_primaire\/wp-json\/wp\/v2\/comments?post=220"}],"version-history":[{"count":11,"href":"https:\/\/site.csdessommets.qc.ca\/comp_tic_primaire\/wp-json\/wp\/v2\/pages\/220\/revisions"}],"predecessor-version":[{"id":376,"href":"https:\/\/site.csdessommets.qc.ca\/comp_tic_primaire\/wp-json\/wp\/v2\/pages\/220\/revisions\/376"}],"wp:attachment":[{"href":"https:\/\/site.csdessommets.qc.ca\/comp_tic_primaire\/wp-json\/wp\/v2\/media?parent=220"}],"curies":[{"name":"wp","href":"https:\/\/api.w.org\/{rel}","templated":true}]}}