{"id":228,"date":"2016-09-21T14:45:57","date_gmt":"2016-09-21T18:45:57","guid":{"rendered":"https:\/\/site.csdessommets.qc.ca\/comp_tic_primaire\/?page_id=228"},"modified":"2016-09-30T12:49:42","modified_gmt":"2016-09-30T16:49:42","slug":"gab1er-2","status":"publish","type":"page","link":"https:\/\/site.csdessommets.qc.ca\/comp_tic_primaire\/gab1er-2\/","title":{"rendered":"Pr\u00e9scolaire"},"content":{"rendered":"<h3>\n\t\tApprentissages TIC au pr\u00e9scolaire<br \/>\n\t<\/h3>\n<p><strong>L\u00e9gende<\/strong><br \/>\n\u2794Nouvel \u00e9l\u00e9ment d\u2019apprentissage<br \/>\n\u25ba\u00c9l\u00e9ment ayant \u00e9t\u00e9 vu \u00e0 l\u2019un des cycles pr\u00e9c\u00e9dents et qui est toujours en d\u00e9veloppement<br \/>\n<strong>\uf06f <\/strong>Un document d\u2019accompagnement portant sur cet \u00e9l\u00e9ment d\u2019apprentissage est disponible <br \/>\n* Apprentissage facultatif <br \/>\nLorsqu&rsquo;un terme appara\u00eet en hyperlien, une d\u00e9finition vous est propos\u00e9e.<\/p>\n<p>\t\t\tTECHNIQUE ET M\u00c9THODOLOGIE<\/p>\n<p>M\u00e9thodologie<\/p>\n<p><strong>Proc\u00e9duriers et r\u00e9f\u00e9rentiels<em><br \/>\n<\/em><\/strong>\u2794 Suivre un proc\u00e9durier sous forme de pictogrammes<\/p>\n<p><strong>Strat\u00e9gies de d\u00e9pannage<\/strong><br \/>\n\u2794 Demander de l\u2019aide \u00e0 ses pairs ou \u00e0 un adulte<\/p>\n<p>Mat\u00e9riel<\/p>\n<p><strong>Ordinateur et ses composantes <\/strong><em>(voir<a href=\"https:\/\/site.csdessommets.qc.ca\/comp_tic_primaire\/wp-content\/uploads\/sites\/102\/2016\/06\/affiche-ordinateur_petits.pdf\" target=\"_blank\"> affiche de l\u2019ordinateur<\/a>)<\/em><strong>\u00a0\uf06f<\/strong><br \/>\n\u2794 Connaitre les parties de l\u2019ordinateur<br \/>\n\u2794 Situer le lecteur CD-DVD, l\u2019ouvrir et le fermer ad\u00e9quatement<\/p>\n<p><em><strong>Clavier et souris<\/strong><\/em><br \/>\n\u2794 Connaitre l\u2019emplacement des lettres et des chiffres <em>(Voir <a href=\"https:\/\/site.csdessommets.qc.ca\/comp_tic_primaire\/wp-content\/uploads\/sites\/102\/2016\/06\/image_clavier.pdf\" target=\"_blank\">Image du clavier<\/a>) <\/em><strong>\uf06f<\/strong><br \/>\n\u2794 Utiliser la barre d\u2019espacement, les touches de retour, d\u2019effacement et les fl\u00e8ches de d\u00e9placement<br \/>\n\u2794 Se d\u00e9placer dans la page en manipulant la souris<br \/>\n\u2794 Cliquer \u00e0 gauche et double-cliquer<\/p>\n<p><strong>P\u00e9riph\u00e9riques<br \/>\n<\/strong><em><strong>TNI<\/strong><\/em><br \/>\n\u2794 Op\u00e9rer le tableau avec ses doigts ou avec le stylet<\/p>\n<p><em><strong>Autres p\u00e9riph\u00e9riques*<\/strong><\/em><\/p>\n<p><strong>Tablette*<\/strong><\/p>\n<p>Syst\u00e8me d&rsquo;exploitation<br \/>\n\u2794 Ouvrir et fermer l\u2019ordinateur<br \/>\n\u2794 S\u2019identifier sur l\u2019ordinateur avec un compte g\u00e9n\u00e9rique<br \/>\n\u2794 D\u00e9marrer une application \u00e0 l\u2019aide des ic\u00f4nes sur le bureau<br \/>\n\u2794 Fermer une application (X)<br \/>\n\u2794 Utiliser la barre de d\u00e9filement<br \/>\n\u2794 Utiliser la fonction \u00ab glisser-d\u00e9poser \u00bb<\/p>\n<p>Lexique et vocabulaire\u00a0<em>(voir <a href=\"https:\/\/site.csdessommets.qc.ca\/comp_tic_primaire\/wp-content\/uploads\/sites\/102\/2016\/09\/lexique_TIC_2016.pdf\" target=\"_blank\">Lexique informatique<\/a>) \uf06f<\/em><\/p>\n<p>L\u2019apprentissage du langage informatique se d\u00e9veloppe tout au long du cheminement technologique de l\u2019\u00e9l\u00e8ve.<\/p>\n<p>\t\t\tCONSULTATION ET RECHERCHE<\/p>\n<p>Sources d\u2019informations num\u00e9riques<\/p>\n<p>\u2794 Utiliser les ressources selon le niveau et l\u2019\u00e2ge des \u00e9l\u00e8ves<\/p>\n<p>\t\t\tEXPLOITATION ET PRODUCTION<\/p>\n<p>Didacticiels ou ludiciels<br \/>\n\u2794 Utiliser des didacticiels ou des ludiciels \u00e0 l\u2019ordinateur, en DVD ou en ligne pour d\u00e9velopper ou consolider des apprentissages<\/p>\n<p>Logiciels outils <em>(Voir <a href=\"https:\/\/site.csdessommets.qc.ca\/comp_tic_primaire\/wp-content\/uploads\/sites\/102\/2016\/06\/liste-logiciels_sommets2016.pdf\" target=\"_blank\">logiciels de la CSS et proc\u00e9duriers<\/a>)<\/em>\u00a0<strong>\uf06f<\/strong><br \/>\n<strong><br \/>\nMultim\u00e9dia <\/strong><br \/>\n<em><strong>Cr\u00e9ation et traitement de l\u2019image<\/strong><\/em><br \/>\n\u2794 Cr\u00e9er des images \u00e0 l\u2019aide d\u2019un logiciel de dessin matriciel. Utilisation du pinceau, des formes, des lignes et des couleurs.<br \/>\nEx. de logiciel \u00e0 utiliser: <a href=\"https:\/\/site.csdessommets.qc.ca\/comp_tic_primaire\/wp-content\/uploads\/sites\/102\/2016\/06\/liste-logiciels_sommets2016.pdf\" target=\"_blank\">Tux Paint<\/a><\/p>\n<p><strong>Bureautique <\/strong><br \/>\n<em><strong>Traitement de texte <\/strong><\/em><br \/>\n\u2794 Explorer l\u2019\u00e9criture dans une application de traitement de texte<br \/>\n\u2022 Rep\u00e9rer les lettres sur le clavier\u00a0<em>(Voir <a href=\"https:\/\/site.csdessommets.qc.ca\/comp_tic_primaire\/wp-content\/uploads\/sites\/102\/2016\/06\/image_clavier.pdf\" target=\"_blank\">Image du clavier<\/a>)<\/em>\u00a0<strong>\uf06f<\/strong><br \/>\n\u2022 Taper un mot, une phrase, son nom, de m\u00e9moire ou avec un mod\u00e8le<br \/>\n\u2022 D\u00e9couvrir quelques touches utiles (touches d&rsquo;effacement et d&rsquo;espace)<br \/>\nEx. de logiciel \u00e0 utiliser: Word pad et police de caract\u00e8res Jacynthe <em>(Voir\u00a0Police Jacynthe)<\/em>\u00a0<strong>\uf06f<\/strong><\/p>\n<p>\t\t\tCOMMUNICATION ET DIFFUSION<\/p>\n<p>Portail et plateformes de diffusion<\/p>\n<p><strong>Sites web<\/strong><br \/>\n\u2794 Acc\u00e9der \u00e0 des sites pr\u00e9s\u00e9lectionn\u00e9s<\/p>\n<p>\t\t\t\u00c9DUCATION \u00c0 LA VIE NUM\u00c9RIQUE<\/p>\n<p>Les enfants de 5 ans ont une vision positive du monde. Ils sont plut\u00f4t cr\u00e9dules et acceptent facilement l\u2019autorit\u00e9. Ils sont port\u00e9s \u00e0 bien se conduire et \u00e0 faire confiance aux adultes. Dans ce contexte, il importe de bien soutenir ces petits qui peuvent parfois \u00eatre des victimes potentielles du Net.<\/p>\n<p>Au pr\u00e9scolaire, l\u2019enfant est capable de se servir d\u2019un ordinateur seul. Il peut aussi suivre certaines consignes, manipuler la souris et utiliser des applications ludo\u00e9ducatives en ligne ou non. Toutefois, il a encore besoin d\u2019un adulte ou d\u2019un accompagnateur plus \u00e2g\u00e9 que lui pour trouver des jeux, des vid\u00e9os et des sites Web. Il pourrait aussi avoir besoin d\u2019aide pour comprendre l\u2019information qu\u2019il consulte et pour communiquer avec les autres.<\/p>\n<p>D\u00e9j\u00e0 \u00e0 cet \u00e2ge, il faut faire attention \u00e0 l\u2019identit\u00e9 num\u00e9rique de l\u2019enfant. Entre autre, il faut \u00e9viter de mettre la photographie de chaque enfant isol\u00e9ment sur le web. On ne devrait jamais publier sur Internet le nom complet d\u2019un enfant surtout s\u2019il est accompagn\u00e9 d\u2019une photo. Privil\u00e9giez plut\u00f4t l\u2019usage du pr\u00e9nom seulement ainsi que les photos de groupe. On peut commencer \u00e0 lui apprendre \u00e0 respecter la confidentialit\u00e9 en ligne et \u00e0 ne jamais donner d\u2019informations personnelles sur le net sans d\u2019abord vous en informer. Bien qu\u2019il soit inappropri\u00e9 qu\u2019un enfant de 5 ans utilise les m\u00e9dias sociaux, il peut \u00e0 l\u2019occasion jouer dans des mondes virtuels qui permettent la socialisation entre les joueurs. Il faut donc commencer \u00e0 discuter avec l\u2019\u00e9l\u00e8ve du pr\u00e9scolaire de l\u2019importance de traiter les autres en ligne avec respect et gentillesse (Netiquette). Aussi, encouragez vos \u00e9l\u00e8ves \u00e0 venir vous voir si quelque chose sur Internet les effraie ou les met mal \u00e0 l\u2019aise.<\/p>\n<p>L\u2019enseignant peut publier sur le web du contenu en lien avec la vie de la classe si les parents de l\u2019\u00e9l\u00e8ve ont donn\u00e9 leur autorisation lors de son inscription \u00e0 la Commission scolaire. En principe, les secr\u00e9taires d\u2019\u00e9cole communiquent aux enseignants le nom des quelques enfants qui ne peuvent pas faire partie de photographies ou de publications web. Certains projets sp\u00e9ciaux demandent une autorisation particuli\u00e8re des parents. Dans le doute, il est toujours mieux de v\u00e9rifier aupr\u00e8s de sa direction<\/p>\n<p><strong><em>Consid\u00e9rez les \u00e9l\u00e9ments suivant en lien avec les enfants de cet \u00e2ge puisqu\u2019ils:<\/em><\/strong><\/p>\n<ul>\n<li>n\u2019ont pas le sens critique n\u00e9cessaire pour naviguer seuls;<\/li>\n<li>peuvent \u00eatre effray\u00e9s par des images m\u00e9diatiques, r\u00e9elles ou fictives ou par une pr\u00e9sentation r\u00e9aliste de menaces, violences et dangers divers;<\/li>\n<li>peuvent \u00eatre perturb\u00e9s par des comportements dont ils sont t\u00e9moins ou sont la cible lorsqu\u2019ils jouent dans des mondes virtuels;<\/li>\n<li>risquent de tomber sur des sites et du contenu inappropri\u00e9s en s\u2019amusant \u00e0 cliquer sur des liens ou lors d\u2019une recherche en ligne.<\/li>\n<\/ul>\n<p><strong><em>Voici quelques consignes pour l\u2019enseignant :<\/em><\/strong><\/p>\n<ul>\n<li>Ne laissez jamais des enfants seuls en ligne;<\/li>\n<li>Consid\u00e9rez les filtres Internet et les syst\u00e8mes de s\u00e9curit\u00e9 de la commission scolaire comme des compl\u00e9ments \u00e0 votre supervision;<\/li>\n<li>Prot\u00e9gez les enfants de l\u2019apparition de fen\u00eatres publicitaires (pop-up) \u00e0 l\u2019aide d\u2019un module de blocage dans le navigateur;<\/li>\n<li>Pr\u00e9f\u00e9rez une liste de liens v\u00e9rifi\u00e9s et pr\u00e9s\u00e9lectionn\u00e9s \u00e0 une navigation libre sur Internet;<\/li>\n<li>Proposez des moteurs de recherche pour enfants.<\/li>\n<\/ul>\n<p>\u00a0<\/p>\n<p>\u00a0<\/p>\n<p>\u00a0<\/p>\n<p>\u00a0<\/p>\n<p>\u00a0<\/p>\n<p>\u00a0<\/p>\n<p>\u00a0<\/p>\n<p>\u00a0<\/p>\n<p>\u00a0<\/p>\n<p>\u00a0<\/p>\n<p>\u00a0<\/p>\n<p>\u00a0<\/p>\n<p>\u00a0<\/p>\n<p>\u00a0<\/p>\n<p>\u00a0<\/p>\n","protected":false},"excerpt":{"rendered":"<p>Apprentissages TIC au pr\u00e9scolaire L\u00e9gende \u2794Nouvel \u00e9l\u00e9ment d\u2019apprentissage \u25ba\u00c9l\u00e9ment ayant \u00e9t\u00e9 vu \u00e0 l\u2019un des cycles pr\u00e9c\u00e9dents et qui est toujours en d\u00e9veloppement \uf06f Un document d\u2019accompagnement portant sur cet \u00e9l\u00e9ment d\u2019apprentissage est disponible * Apprentissage facultatif Lorsqu&rsquo;un terme appara\u00eet en hyperlien, une d\u00e9finition vous est propos\u00e9e. TECHNIQUE ET M\u00c9THODOLOGIE M\u00e9thodologie Proc\u00e9duriers et r\u00e9f\u00e9rentiels \u2794&hellip;<\/p>\n","protected":false},"author":3,"featured_media":0,"parent":0,"menu_order":0,"comment_status":"closed","ping_status":"closed","template":"","meta":{"footnotes":""},"class_list":["post-228","page","type-page","status-publish","hentry"],"_links":{"self":[{"href":"https:\/\/site.csdessommets.qc.ca\/comp_tic_primaire\/wp-json\/wp\/v2\/pages\/228","targetHints":{"allow":["GET"]}}],"collection":[{"href":"https:\/\/site.csdessommets.qc.ca\/comp_tic_primaire\/wp-json\/wp\/v2\/pages"}],"about":[{"href":"https:\/\/site.csdessommets.qc.ca\/comp_tic_primaire\/wp-json\/wp\/v2\/types\/page"}],"author":[{"embeddable":true,"href":"https:\/\/site.csdessommets.qc.ca\/comp_tic_primaire\/wp-json\/wp\/v2\/users\/3"}],"replies":[{"embeddable":true,"href":"https:\/\/site.csdessommets.qc.ca\/comp_tic_primaire\/wp-json\/wp\/v2\/comments?post=228"}],"version-history":[{"count":12,"href":"https:\/\/site.csdessommets.qc.ca\/comp_tic_primaire\/wp-json\/wp\/v2\/pages\/228\/revisions"}],"predecessor-version":[{"id":371,"href":"https:\/\/site.csdessommets.qc.ca\/comp_tic_primaire\/wp-json\/wp\/v2\/pages\/228\/revisions\/371"}],"wp:attachment":[{"href":"https:\/\/site.csdessommets.qc.ca\/comp_tic_primaire\/wp-json\/wp\/v2\/media?parent=228"}],"curies":[{"name":"wp","href":"https:\/\/api.w.org\/{rel}","templated":true}]}}