{"id":30,"date":"2016-06-08T19:39:26","date_gmt":"2016-06-08T17:39:26","guid":{"rendered":"https:\/\/site.csdessommets.qc.ca\/comp_tic_primaire\/documents-et-outils\/"},"modified":"2019-01-28T09:50:01","modified_gmt":"2019-01-28T14:50:01","slug":"documents-et-outils","status":"publish","type":"page","link":"https:\/\/site.csdessommets.qc.ca\/comp_tic_primaire\/documents-et-outils\/","title":{"rendered":"Documents et outils"},"content":{"rendered":"<h2>\n\t\tDocuments&nbsp;&nbsp;&nbsp;&nbsp;Ressources&nbsp;&nbsp;&nbsp;&nbsp;Proc\u00e9duriers<br \/>\n\t<\/h2>\n<h5>\n\t\tTechnique et m\u00e9thodologie<br \/>\n\t<\/h5>\n<ul>\n<li><a href=\"https:\/\/site.csdessommets.qc.ca\/comp_tic_primaire\/wp-content\/uploads\/sites\/102\/2016\/06\/affiche-ordinateur_petits.pdf\" target=\"_blank\">Affiche de l&rsquo;ordinateur (pr\u00e9sco)<\/a><\/li>\n<li><a href=\"https:\/\/site.csdessommets.qc.ca\/comp_tic_primaire\/wp-content\/uploads\/sites\/102\/2016\/06\/affiche-ordinateur-primaire.pdf\" target=\"_blank\">Affiche de l&rsquo;ordinateur (primaire)<\/a><\/li>\n<li><a href=\"https:\/\/site.csdessommets.qc.ca\/comp_tic_primaire\/wp-content\/uploads\/sites\/102\/2016\/06\/clavier-doigte.pdf\" target=\"_blank\">Doigt\u00e9 au clavier<\/a><\/li>\n<li><a href=\"https:\/\/site.csdessommets.qc.ca\/comp_tic_primaire\/wp-content\/uploads\/sites\/102\/2016\/06\/fichiers_dossiers.pdf\" target=\"_blank\">Fichiers et dossiers<\/a><\/li>\n<li><a href=\"https:\/\/site.csdessommets.qc.ca\/comp_tic_primaire\/wp-content\/uploads\/sites\/102\/2016\/06\/image_clavier.pdf\" target=\"_blank\">Image du clavier<\/a><\/li>\n<li><a href=\"https:\/\/site.csdessommets.qc.ca\/comp_tic_primaire\/wp-content\/uploads\/sites\/102\/2016\/09\/lexique_TIC_2016.pdf\" target=\"_blank\">Lexique informatique<\/a><\/li>\n<li><a href=\"https:\/\/site.csdessommets.qc.ca\/comp_tic_primaire\/wp-content\/uploads\/sites\/102\/2016\/06\/livret_caracteres_speciaux.pdf\" target=\"_blank\">Livret\u00a0d&rsquo;apprentissage des caract\u00e8res sp\u00e9ciaux<\/a><\/li>\n<li><a href=\"https:\/\/site.csdessommets.qc.ca\/comp_tic_primaire\/wp-content\/uploads\/sites\/102\/2016\/06\/raccourcis_clavier.pdf\" target=\"_blank\">Raccourcis clavier<\/a><\/li>\n<\/ul>\n<h5>\n\t\tConsultation et recherche<br \/>\n\t<\/h5>\n<ul>\n<li><a href=\"https:\/\/site.csdessommets.qc.ca\/comp_tic_primaire\/wp-content\/uploads\/sites\/102\/2016\/06\/Recherche_relges-d-or.pdf\" target=\"_blank\">4 r\u00e8gles d&rsquo;or de la recherche<\/a><\/li>\n<li><a href=\"https:\/\/site.csdessommets.qc.ca\/comp_tic_primaire\/wp-content\/uploads\/sites\/102\/2016\/06\/Recherche_affiche3QPOC.pdf\" target=\"_blank\">Affiche 3QPOC<\/a><\/li>\n<li><a href=\"https:\/\/site.csdessommets.qc.ca\/comp_tic_primaire\/wp-content\/uploads\/sites\/102\/2017\/04\/AgentBonChercheur_Trucs.pdf\" target=\"_blank\">Agent Bon chercheur &#8211; Trucs<\/a><\/li>\n<li><a href=\"https:\/\/site.csdessommets.qc.ca\/comp_tic_primaire\/wp-content\/uploads\/sites\/102\/2016\/06\/Recherche_Criteres-evaluer-site.pdf\" target=\"_blank\">Crit\u00e8res pour \u00e9valuer un site<\/a><\/li>\n<li><a href=\"https:\/\/site.csdessommets.qc.ca\/comp_tic_primaire\/wp-content\/uploads\/sites\/102\/2016\/06\/Recherche_faire-recherche-ca-sapprend.pdf\" target=\"_blank\">Faire une recherche, \u00e7a s&rsquo;apprend<\/a><\/li>\n<li><a href=\"https:\/\/site.csdessommets.qc.ca\/comp_tic_primaire\/wp-content\/uploads\/sites\/102\/2016\/06\/lire-adresseURL.pdf\" target=\"_blank\">Lire une adresse URL<\/a><\/li>\n<li><a href=\"https:\/\/site.csdessommets.qc.ca\/comp_tic_primaire\/wp-content\/uploads\/sites\/102\/2016\/06\/Plagiat_copie-colle.pdf\" target=\"_blank\">Plagiat et copi\u00e9-coll\u00e9<\/a><\/li>\n<li><a href=\"https:\/\/site.csdessommets.qc.ca\/comp_tic_primaire\/wp-content\/uploads\/sites\/102\/2016\/06\/Evaluer-les-Comp-Informationnelles-.pdf\" target=\"_blank\">\u00c9valuation des comp. informationnelles<\/a><\/li>\n<li><a href=\"https:\/\/site.csdessommets.qc.ca\/comp_tic_primaire\/wp-content\/uploads\/sites\/102\/2017\/04\/Conseils-enseigner_recherche-efficace_final.pdf\" target=\"_blank\">Conseils pour enseigner la recherche<\/a><\/li>\n<li><a href=\"https:\/\/site.csdessommets.qc.ca\/comp_tic_primaire\/wp-content\/uploads\/sites\/102\/2017\/04\/recherche-de-base_Google.pdf\" target=\"_blank\">Recherche de base avec\u00a0Google<\/a><\/li>\n<li><a href=\"https:\/\/site.csdessommets.qc.ca\/comp_tic_primaire\/wp-content\/uploads\/sites\/102\/2017\/04\/recherche-avancee_Google.pdf\" target=\"_blank\">Recherche avanc\u00e9e avec\u00a0Google<\/a><\/li>\n<li><a href=\"https:\/\/site.csdessommets.qc.ca\/comp_tic_primaire\/wp-content\/uploads\/sites\/102\/2017\/04\/recherche-image_Google.pdf\" target=\"_blank\">Recherche image avec Google<\/a><\/li>\n<\/ul>\n<h5>\n\t\tExploitation et production<br \/>\n\t<\/h5>\n<ul>\n<li><a href=\"https:\/\/site.csdessommets.qc.ca\/comp_tic_primaire\/wp-content\/uploads\/sites\/102\/2016\/06\/guide-activites-technocreatives.pdf\" target=\"_blank\">Activit\u00e9s technocr\u00e9atives<\/a><\/li>\n<li><a href=\"https:\/\/site.csdessommets.qc.ca\/comp_tic_primaire\/wp-content\/uploads\/sites\/102\/2016\/06\/guide_word.pdf\" target=\"_blank\">Guide pratique Word<\/a><\/li>\n<li><a href=\"https:\/\/site.csdessommets.qc.ca\/comp_tic_primaire\/wp-content\/uploads\/sites\/102\/2016\/06\/procedure_installation_police.pdf\" target=\"_blank\">Installation Police Jacinthe<\/a><\/li>\n<li><a href=\"https:\/\/site.csdessommets.qc.ca\/comp_tic_primaire\/wp-content\/uploads\/sites\/102\/2016\/06\/presentation_resnum.pdf\" target=\"_blank\">Liste des ress. num\u00e9riques CSS<\/a><\/li>\n<li><a href=\"https:\/\/site.csdessommets.qc.ca\/comp_tic_primaire\/wp-content\/uploads\/sites\/102\/2016\/06\/Lexique-outils-word.pdf\" target=\"_blank\">Lexique des outils Word<\/a><\/li>\n<li><a href=\"https:\/\/site.csdessommets.qc.ca\/comp_tic_primaire\/wp-content\/uploads\/sites\/102\/2016\/06\/lexique-outils-ppt.pdf\" target=\"_blank\">Lexique \u00a0des outils PowerPoint<\/a><\/li>\n<li><a href=\"https:\/\/site.csdessommets.qc.ca\/comp_tic_primaire\/wp-content\/uploads\/sites\/102\/2016\/06\/Liste-Logiciels_Sommets2016b.pdf\" target=\"_blank\">Logiciels de la CSS et proc\u00e9duriers<\/a><\/li>\n<li><a href=\"https:\/\/site.csdessommets.qc.ca\/comp_tic_primaire\/wp-content\/uploads\/sites\/102\/2016\/06\/polices_jacinthe.zip\">Police Jacynthe<\/a><\/li>\n<li><a href=\"http:\/\/resnum.csdessommets.qc.ca\/\" target=\"_blank\">Site d&rsquo;aide sur les ress. num\u00e9riques<\/a><\/li>\n<li><a href=\"https:\/\/site.csdessommets.qc.ca\/materiel_libre\/\" target=\"_blank\">Site Mat\u00e9riel libre<\/a><\/li>\n<\/ul>\n<h5>\n\t\tCommunication et diffusion<br \/>\n\t<\/h5>\n<ul>\n<li><a href=\"https:\/\/site.csdessommets.qc.ca\/comp_tic_primaire\/wp-content\/uploads\/sites\/102\/2016\/06\/Guide_KnowledgeForum.pdf\" target=\"_blank\">Guide du Knowledge Forum<\/a><\/li>\n<li><a href=\"https:\/\/site.csdessommets.qc.ca\/comp_tic_primaire\/wp-content\/uploads\/sites\/102\/2016\/06\/Guide_Via.pdf\" target=\"_blank\">Guide VIA<\/a><\/li>\n<li><a href=\"https:\/\/site.csdessommets.qc.ca\/comp_tic_primaire\/wp-content\/uploads\/sites\/102\/2016\/06\/courriel-edugroupe.pdf\" target=\"_blank\">Info sur le courriel \u00c9du-groupe<\/a><\/li>\n<li><a href=\"https:\/\/site.csdessommets.qc.ca\/comp_tic_primaire\/wp-content\/uploads\/sites\/102\/2016\/06\/info-Blogue.pdf\" target=\"_blank\">Information sur le blogue<\/a><\/li>\n<li><a href=\"https:\/\/site.csdessommets.qc.ca\/comp_tic_primaire\/wp-content\/uploads\/sites\/102\/2016\/06\/courriel-outlook.pdf\" target=\"_blank\">Info sur le courriel Outlook<\/a><\/li>\n<li><a href=\"https:\/\/site.csdessommets.qc.ca\/comp_tic_primaire\/wp-content\/uploads\/sites\/102\/2016\/06\/Via_miniguide.pdf\" target=\"_blank\">Miniguide VIA<\/a><\/li>\n<li><a href=\"https:\/\/site.csdessommets.qc.ca\/comp_tic_primaire\/wp-content\/uploads\/sites\/102\/2016\/06\/Potentiel-des-cartes.pdf\" target=\"_blank\">Potentiel des cartes euristiques<\/a><\/li>\n<li><a href=\"https:\/\/site.csdessommets.qc.ca\/comp_tic_primaire\/wp-content\/uploads\/sites\/102\/2016\/06\/Pistes-pedCartes.pdf\" target=\"_blank\">Pistes p\u00e9dagogiques des cartes<\/a><\/li>\n<li><a href=\"https:\/\/site.csdessommets.qc.ca\/comp_tic_primaire\/wp-content\/uploads\/sites\/102\/2016\/06\/UtilisationPed-medias-sociaux.pdf\" target=\"_blank\">Utilisations p\u00e9d. des m\u00e9dias sociaux<\/a><\/li>\n<\/ul>\n<h5>\n\t\t\u00c9ducation \u00e0 la vie num\u00e9rique<br \/>\n\t<\/h5>\n<ul>\n<li><a href=\"https:\/\/site.csdessommets.qc.ca\/comp_tic_primaire\/wp-content\/uploads\/sites\/102\/2016\/06\/affiche-empreinte-num.pdf\" target=\"_blank\">Affiche \u00ab\u00a0Empreinte num\u00e9rique<\/a><\/li>\n<li><a href=\"https:\/\/site.csdessommets.qc.ca\/comp_tic_primaire\/wp-content\/uploads\/sites\/102\/2016\/06\/Cadre_Utiliser-comprendre-et-cr\u00e9er.pdf\" target=\"_blank\">Cadre \u00ab\u00a0Utiliser, comprendre et cr\u00e9er\u00a0\u00bb<\/a><\/li>\n<li><a href=\"https:\/\/site.csdessommets.qc.ca\/comp_tic_primaire\/wp-content\/uploads\/sites\/102\/2016\/06\/Code_conduite_primaire.pdf\" target=\"_blank\">Code de conduite &#8211; \u00e9l\u00e8ve primaire<\/a><\/li>\n<li><a href=\"https:\/\/site.csdessommets.qc.ca\/comp_tic_primaire\/wp-content\/uploads\/sites\/102\/2016\/06\/Dossier-CYBERINTIMIDATION.pdf\" target=\"_blank\">Dossier et ressources Cyberintimidation<\/a><\/li>\n<li><a href=\"https:\/\/site.csdessommets.qc.ca\/comp_tic_primaire\/wp-content\/uploads\/sites\/102\/2016\/06\/Guide_Medias-Sociaux.pdf\" target=\"_blank\">Guide\u00a0M\u00e9dias sociaux<\/a><\/li>\n<li><a href=\"https:\/\/site.csdessommets.qc.ca\/comp_tic_primaire\/wp-content\/uploads\/sites\/102\/2016\/09\/Droits-auteur_info.pdf\" target=\"_blank\">Guide d&rsquo;\u00c9ducation aux droits d&rsquo;auteur<\/a><\/li>\n<li><a href=\"https:\/\/site.csdessommets.qc.ca\/comp_tic_primaire\/wp-content\/uploads\/sites\/102\/2016\/06\/bonnes_pratiques_internet.pdf\" target=\"_blank\">Guide des bonnes pratiques sur Internet<\/a><\/li>\n<li><a href=\"https:\/\/site.csdessommets.qc.ca\/comp_tic_primaire\/wp-content\/uploads\/sites\/102\/2016\/06\/Guide_NETiquette.pdf\" target=\"_blank\">Guide NETiquette<\/a><\/li>\n<li><a href=\"https:\/\/site.csdessommets.qc.ca\/comp_tic_primaire\/wp-content\/uploads\/sites\/102\/2016\/06\/Medias-sociaux_Identite-Num.pdf\" target=\"_blank\">M\u00e9dias sociaux et identit\u00e9 num\u00e9rique<\/a><\/li>\n<li><a href=\"https:\/\/site.csdessommets.qc.ca\/comp_tic_primaire\/wp-content\/uploads\/sites\/102\/2016\/06\/PoliqueInformationnelleCSS.pdf\" target=\"_blank\">Politique informationnelle CSS<\/a><\/li>\n<li><a href=\"http:\/\/www.csdessommets.qc.ca\/csdessommets\/medias-sociaux\/\" target=\"_blank\">Site\u00a0M\u00e9dias sociaux \u00e0 la CSS<\/a><\/li>\n<li><a href=\"https:\/\/site.csdessommets.qc.ca\/comp_tic_primaire\/wp-content\/uploads\/sites\/102\/2016\/06\/symboles_citoyennenteNum.pdf\" target=\"_blank\">Symboles Citoyennet\u00e9 num\u00e9rique<\/a><\/li>\n<\/ul>\n<p>Un outil pratique: <a href=\"https:\/\/site.csdessommets.qc.ca\/comp_tic_primaire\/wp-content\/uploads\/sites\/102\/2019\/01\/Cartes-D\u00e9fi-selon-les-cycles.pdf\" target=\"_blank\" rel=\"noopener\">Carte de v\u00e9rification des comp\u00e9tences TIC pour l&rsquo;\u00e9l\u00e8ve<\/a><br \/>\nCe document a \u00e9t\u00e9 r\u00e9alis\u00e9 par la\u00a0Commission Scolaire de la C\u00f4te-du-Sud<\/p>\n<p>\t\t\t\t<a href=\"https:\/\/site.csdessommets.qc.ca\/comp_tic_primaire\/wp-content\/uploads\/sites\/102\/2016\/06\/mediagraphie.pdf\" target=\"_blank\" rel=\"noopener\"><br \/>\n\t\t\t\t<img loading=\"lazy\" decoding=\"async\" src=\"https:\/\/site.csdessommets.qc.ca\/comp_tic_primaire\/wp-content\/uploads\/sites\/102\/2016\/06\/doigt_final_80.png\" alt=\"doigt_final_80\" height=\"79\" width=\"80\" title=\"doigt_final_80\" \/><br \/>\n\t\t\t\t<\/a><\/p>\n<h4>\n\t\t<a href=\"https:\/\/site.csdessommets.qc.ca\/comp_tic_primaire\/wp-content\/uploads\/sites\/102\/2016\/06\/mediagraphie.pdf\" title=\"M\u00e9diagraphie et r\u00e9f\u00e9rences\" target=\"_blank\" rel=\"noopener\"><br \/>\n\t\tM\u00e9diagraphie et r\u00e9f\u00e9rences<br \/>\n\t\t<\/a><br \/>\n\t<\/h4>\n","protected":false},"excerpt":{"rendered":"<p>Documents&nbsp;&nbsp;&nbsp;&nbsp;Ressources&nbsp;&nbsp;&nbsp;&nbsp;Proc\u00e9duriers Technique et m\u00e9thodologie Affiche de l&rsquo;ordinateur (pr\u00e9sco) Affiche de l&rsquo;ordinateur (primaire) Doigt\u00e9 au clavier Fichiers et dossiers Image du clavier Lexique informatique Livret\u00a0d&rsquo;apprentissage des caract\u00e8res sp\u00e9ciaux Raccourcis clavier Consultation et recherche 4 r\u00e8gles d&rsquo;or de la recherche Affiche 3QPOC Agent Bon chercheur &#8211; Trucs Crit\u00e8res pour \u00e9valuer un site Faire une recherche, \u00e7a s&rsquo;apprend&hellip;<\/p>\n","protected":false},"author":3,"featured_media":0,"parent":0,"menu_order":0,"comment_status":"closed","ping_status":"closed","template":"","meta":{"footnotes":""},"class_list":["post-30","page","type-page","status-publish","hentry"],"_links":{"self":[{"href":"https:\/\/site.csdessommets.qc.ca\/comp_tic_primaire\/wp-json\/wp\/v2\/pages\/30","targetHints":{"allow":["GET"]}}],"collection":[{"href":"https:\/\/site.csdessommets.qc.ca\/comp_tic_primaire\/wp-json\/wp\/v2\/pages"}],"about":[{"href":"https:\/\/site.csdessommets.qc.ca\/comp_tic_primaire\/wp-json\/wp\/v2\/types\/page"}],"author":[{"embeddable":true,"href":"https:\/\/site.csdessommets.qc.ca\/comp_tic_primaire\/wp-json\/wp\/v2\/users\/3"}],"replies":[{"embeddable":true,"href":"https:\/\/site.csdessommets.qc.ca\/comp_tic_primaire\/wp-json\/wp\/v2\/comments?post=30"}],"version-history":[{"count":46,"href":"https:\/\/site.csdessommets.qc.ca\/comp_tic_primaire\/wp-json\/wp\/v2\/pages\/30\/revisions"}],"predecessor-version":[{"id":437,"href":"https:\/\/site.csdessommets.qc.ca\/comp_tic_primaire\/wp-json\/wp\/v2\/pages\/30\/revisions\/437"}],"wp:attachment":[{"href":"https:\/\/site.csdessommets.qc.ca\/comp_tic_primaire\/wp-json\/wp\/v2\/media?parent=30"}],"curies":[{"name":"wp","href":"https:\/\/api.w.org\/{rel}","templated":true}]}}