{"id":3,"date":"2023-08-18T16:14:42","date_gmt":"2023-08-18T14:14:42","guid":{"rendered":"https:\/\/site.csdessommets.qc.ca\/competencesinformationnelles\/accueil\/"},"modified":"2026-03-11T13:56:02","modified_gmt":"2026-03-11T17:56:02","slug":"accueil","status":"publish","type":"page","link":"https:\/\/site.csdessommets.qc.ca\/competencesinformationnelles\/","title":{"rendered":"Accueil"},"content":{"rendered":"\n\n\t<h1>Qu&rsquo;est-ce que les comp\u00e9tences informationnelles?<\/h1>\n\t\t\t<a href=\"https:\/\/continuumci.ca\/continuum\/\" target=\"_blank\" rel=\"noopener\">\n\t\t\t\t\t\tContinuum des comp\u00e9tences informationnelles\n\t\t\t\t\t<\/a>\n\t<h4>D\u00e9finition:<\/h4>\n<p><em>Ensemble des savoirs, des savoir-\u00eatre et des savoir-faire qui permettent de d\u00e9finir un besoin d&rsquo;information, de chercher efficacement, d&rsquo;analyser l&rsquo;information trouv\u00e9e et de l&rsquo;utiliser de fa\u00e7on \u00e9thique.<\/em><\/p>\n<h4>Comment \u00e7a se traduit?<\/h4>\n<p>Les comp\u00e9tences informationnelles sont synonymes de raisonnement et m\u00e9thode.<\/p>\n<p>C&rsquo;est une discipline de cirque pour les intellectuels. C&rsquo;est l&rsquo;art de jongler avec des mots et des concepts et de faire de l&rsquo;acrobatie avec des outils informationnels comme les m\u00e9dias imprim\u00e9s et les moteurs de recherche informatique.<\/p>\n<p>La mise en oeuvre des comp\u00e9tences informationnelles n&rsquo;est pas une d\u00e9marche strictement s\u00e9quentielle. On peut la percevoir comme le <a href=\"https:\/\/youtu.be\/LwLABSm0yYc?si=y_8BTXVmYsZdeEzx\" target=\"_blank\" rel=\"noopener\">Bol\u00e9ro de Ravel<\/a>, c&rsquo;est-\u00e0-dire une progression musicale o\u00f9 chaque instrument prends sa place de mani\u00e8re s\u00e9quentielle mais reste pr\u00e9sent afin de supporter l&rsquo;oeuvre. Au final, un \u00e9l\u00e8ve habile fera des allers-retours entre les quatre \u00e9tapes durant le processus.<\/p>\n<h4>But de ce site:<\/h4>\n<p>Pr\u00e9senter les comp\u00e9tences informationnelles aux enseignants de mani\u00e8re claire. Souligner les occasions o\u00f9 elles sont ou peuvent \u00eatre enseign\u00e9es dans une pratique habituelle d&rsquo;enseignement. Donner les pistes et les outils pour qu&rsquo;il puisse nuancer sa pratique en y ajoutant la dimension des comp\u00e9tences informationnelles.<\/p>\n<h4>Approche :<\/h4>\n<p>Nous reconnaissons la comp\u00e9tence de l&rsquo;enseignant et nous faisons confiance \u00e0 son esprit d&rsquo;innovation. Nous pr\u00f4nons une fa\u00e7on de faire d&rsquo;\u00e9gal \u00e0 \u00e9gal avec l&rsquo;intention de soutenir et accompagner les enseignants dans une d\u00e9marche d&rsquo;am\u00e9lioration de leur pratique.<\/p>\n<h4>Comment ce site peut vous aider:<\/h4>\n<p>Chaque page repr\u00e9sentant une comp\u00e9tence est structur\u00e9e de cette mani\u00e8re:<\/p>\n<ul>\n<li>Une pr\u00e9sentation vulgaris\u00e9e de la comp\u00e9tence afin de comprendre l&rsquo;id\u00e9e sur laquelle est bas\u00e9e la comp\u00e9tence;<\/li>\n<li>Une \u00e9num\u00e9ration d&rsquo;exemples o\u00f9 la comp\u00e9tence est enseign\u00e9e et l&rsquo;introduction de pistes d&rsquo;inspiration afin d&rsquo;\u00e9tablir un focus sur l&rsquo;enseignement de celle-ci;<\/li>\n<li>Des liens vers le site du Continuum des comp\u00e9tences informationnelles o\u00f9 la comp\u00e9tence est situ\u00e9e dans le processus d&rsquo;apprentissage de l&rsquo;\u00e9l\u00e8ve pour valider la pratique d&rsquo;enseigement dans le parcours de l&rsquo;\u00e9l\u00e8ve vis\u00e9e par cette pratique.<\/li>\n<\/ul>\n\t<h2><a href=\"https:\/\/site.csdessommets.qc.ca\/competencesinformationnelles\/planifier\/\">Planifier<\/a><\/h2>\n<figure>\n\t\t\t\t<a href=\"https:\/\/site.csdessommets.qc.ca\/comptencesinformationnelles\/utiliser\/planifier\/\" target=\"_self\">\n\t\t\t\t<img decoding=\"async\" src=\"https:\/\/site.csdessommets.qc.ca\/competencesinformationnelles\/wp-content\/uploads\/sites\/521\/2023\/08\/CI-Planifier.png\" alt=\"CI-Planifier\" height=\"500\" width=\"500\" title=\"CI-Planifier\" loading=\"lazy\" \/>\n\t\t\t\t<\/a>\n\t<\/figure>\n\t<h2><a href=\"https:\/\/site.csdessommets.qc.ca\/competencesinformationnelles\/chercher\/\">Chercher<\/a><\/h2>\n<figure>\n\t\t\t\t<a href=\"https:\/\/site.csdessommets.qc.ca\/competencesinformationnelles\/chercher\/\" target=\"_self\">\n\t\t\t\t<img decoding=\"async\" src=\"https:\/\/site.csdessommets.qc.ca\/competencesinformationnelles\/wp-content\/uploads\/sites\/521\/2023\/08\/CI-Chercher.png\" alt=\"CI-Chercher\" height=\"500\" width=\"500\" title=\"CI-Chercher\" loading=\"lazy\" \/>\n\t\t\t\t<\/a>\n\t<\/figure>\n\t<h2><a href=\"https:\/\/site.csdessommets.qc.ca\/competencesinformationnelles\/analyser\/\">Analyser<\/a><\/h2>\n<figure>\n\t\t\t\t<a href=\"https:\/\/site.csdessommets.qc.ca\/competencesinformationnelles\/analyser\/\" target=\"_self\">\n\t\t\t\t<img decoding=\"async\" src=\"https:\/\/site.csdessommets.qc.ca\/competencesinformationnelles\/wp-content\/uploads\/sites\/521\/2023\/08\/CI-Analyser.png\" alt=\"CI-Analyser\" height=\"500\" width=\"500\" title=\"CI-Analyser\" loading=\"lazy\" \/>\n\t\t\t\t<\/a>\n\t<\/figure>\n\t<h2><a href=\"https:\/\/site.csdessommets.qc.ca\/comptencesinformationnelles\/utiliser\/\">Utiliser<\/a><\/h2>\n<figure>\n\t\t\t\t<a href=\"https:\/\/site.csdessommets.qc.ca\/competencesinformationnelles\/utiliser\/\" target=\"_self\">\n\t\t\t\t<img decoding=\"async\" src=\"https:\/\/site.csdessommets.qc.ca\/competencesinformationnelles\/wp-content\/uploads\/sites\/521\/2023\/08\/CI-Utiliser.png\" alt=\"CI-Utiliser\" height=\"500\" width=\"500\" title=\"CI-Utiliser\" loading=\"lazy\" \/>\n\t\t\t\t<\/a>\n\t<\/figure>\n<figure>\n\t\t\t\t<img decoding=\"async\" src=\"https:\/\/site.csdessommets.qc.ca\/competencesinformationnelles\/wp-content\/plugins\/bb-plugin\/img\/pixel.png\" alt=\"\" loading=\"lazy\" \/>\n\t<\/figure>\n\n","protected":false},"excerpt":{"rendered":"<p>Qu&rsquo;est-ce que les comp\u00e9tences informationnelles? Continuum des comp\u00e9tences informationnelles D\u00e9finition: Ensemble des savoirs, des savoir-\u00eatre et des savoir-faire qui permettent de d\u00e9finir un besoin d&rsquo;information, de chercher efficacement, d&rsquo;analyser l&rsquo;information trouv\u00e9e et de l&rsquo;utiliser de fa\u00e7on \u00e9thique. Comment \u00e7a se traduit? Les comp\u00e9tences informationnelles sont synonymes de raisonnement et m\u00e9thode. C&rsquo;est une discipline de cirque&hellip;<\/p>\n","protected":false},"author":6362,"featured_media":0,"parent":0,"menu_order":1,"comment_status":"closed","ping_status":"closed","template":"","meta":{"footnotes":""},"class_list":["post-3","page","type-page","status-publish","hentry"],"_links":{"self":[{"href":"https:\/\/site.csdessommets.qc.ca\/competencesinformationnelles\/wp-json\/wp\/v2\/pages\/3","targetHints":{"allow":["GET"]}}],"collection":[{"href":"https:\/\/site.csdessommets.qc.ca\/competencesinformationnelles\/wp-json\/wp\/v2\/pages"}],"about":[{"href":"https:\/\/site.csdessommets.qc.ca\/competencesinformationnelles\/wp-json\/wp\/v2\/types\/page"}],"author":[{"embeddable":true,"href":"https:\/\/site.csdessommets.qc.ca\/competencesinformationnelles\/wp-json\/wp\/v2\/users\/6362"}],"replies":[{"embeddable":true,"href":"https:\/\/site.csdessommets.qc.ca\/competencesinformationnelles\/wp-json\/wp\/v2\/comments?post=3"}],"version-history":[{"count":12,"href":"https:\/\/site.csdessommets.qc.ca\/competencesinformationnelles\/wp-json\/wp\/v2\/pages\/3\/revisions"}],"predecessor-version":[{"id":158,"href":"https:\/\/site.csdessommets.qc.ca\/competencesinformationnelles\/wp-json\/wp\/v2\/pages\/3\/revisions\/158"}],"wp:attachment":[{"href":"https:\/\/site.csdessommets.qc.ca\/competencesinformationnelles\/wp-json\/wp\/v2\/media?parent=3"}],"curies":[{"name":"wp","href":"https:\/\/api.w.org\/{rel}","templated":true}]}}