{"id":84,"date":"2023-09-20T15:28:29","date_gmt":"2023-09-20T19:28:29","guid":{"rendered":"https:\/\/site.csdessommets.qc.ca\/competencesinformationnelles\/?page_id=84"},"modified":"2023-12-18T11:16:57","modified_gmt":"2023-12-18T16:16:57","slug":"analyser","status":"publish","type":"page","link":"https:\/\/site.csdessommets.qc.ca\/competencesinformationnelles\/analyser\/","title":{"rendered":"Analyser"},"content":{"rendered":"\n\n\t\t\t\t<img loading=\"lazy\" decoding=\"async\" src=\"https:\/\/site.csdessommets.qc.ca\/competencesinformationnelles\/wp-content\/uploads\/sites\/521\/2023\/08\/CI-Analyser.png\" alt=\"CI-Analyser\" height=\"500\" width=\"500\" title=\"CI-Analyser\" \/>\n<h1>\n\t\tAnalyser\n\t<\/h1>\n\t<h3>Introduction \u00e0 la comp\u00e9tence \u00abAnalyser\u00bb<\/h3>\n<p>C&rsquo;est la fonction intellectuelle par excellence. On se sert de notre cerveau pour prendre ce que l&rsquo;on a trouv\u00e9 et d\u00e9cider de sa validit\u00e9 en le confrontant avec ce que l&rsquo;on sait, ce que l&rsquo;on croit et de qui nous la dit. Mettre chacun des morceaux dans la moulinette et les comparer les uns aux autres. Discerner les faits et les opinions en cherchant toujours l&rsquo;angle de l&rsquo;auteur.<\/p>\n<p>Donc ce n&rsquo;est plus une question de curiosit\u00e9, c&rsquo;est une question de choix.<\/p>\n<p>C&rsquo;est \u00e0 cette \u00e9tape qu&rsquo;entre en jeu les termes les plus bruyants: cr\u00e9dibilit\u00e9, intention, pertinence, etc.<\/p>\n<p>&nbsp;<\/p>\n\t<div style=\"width: 640px;\" class=\"wp-video\"><video class=\"wp-video-shortcode\" id=\"video-84-1\" width=\"640\" height=\"360\" preload=\"metadata\" controls=\"controls\"><source type=\"video\/mp4\" src=\"https:\/\/site.csdessommets.qc.ca\/competencesinformationnelles\/wp-content\/uploads\/sites\/521\/2023\/12\/Analyser-Comment-enseigner-les-CI.mp4?_=1\" \/><a href=\"https:\/\/site.csdessommets.qc.ca\/competencesinformationnelles\/wp-content\/uploads\/sites\/521\/2023\/12\/Analyser-Comment-enseigner-les-CI.mp4\">https:\/\/site.csdessommets.qc.ca\/competencesinformationnelles\/wp-content\/uploads\/sites\/521\/2023\/12\/Analyser-Comment-enseigner-les-CI.mp4<\/a><\/video><\/div>\n\t\t\t<a href=\"https:\/\/continuumci.ca\/continuum\/analyser\/\" target=\"_blank\" rel=\"noopener\">\n\t\t\t\t\t\tANALYSER sur le Continuum des comp\u00e9tences informationnelles\n\t\t\t\t\t<\/a>\n\t<h3>Pour l&rsquo;enseignant<\/h3>\n<p>Contrairement \u00e0 ce que l&rsquo;on pourrait croire, l&rsquo;\u00e9l\u00e8ve, comme toute personne dans la soci\u00e9t\u00e9, ne fait pas beaucoup de choix. Dans une op\u00e9ration d&rsquo;analyse, l&rsquo;\u00e9l\u00e8ve doit porter des jugements en tenant compte de plusieurs facteurs et poser les gestes appropri\u00e9s \u00e0 son choix.<\/p>\n<h4>Lui faire r\u00e9aliser le travail qu&rsquo;il fait dans sa t\u00eate<\/h4>\n<p>Discuter avec l&rsquo;\u00e9l\u00e8ve de ce qui se passe dans sa t\u00eate quand il est en train de penser. Comparer les diff\u00e9rentes avenues emprunt\u00e9 lors de la r\u00e9solution de probl\u00e8mes. Pr\u00e9cisez ce qui est connu, ce qui devrait l&rsquo;\u00eatre et comment la connaissance peut \u00eatre produite. Laissez l&rsquo;\u00e9l\u00e8ve penser tout haut, le laisser verbaliser sa pens\u00e9e. Encouragez l&rsquo;\u00e9l\u00e8ve \u00e0 porter attention \u00e0 leur propre processus mental.<\/p>\n<h4>Fait ou opinion<\/h4>\n<p>Faire la diff\u00e9rence entre le fait ou l&rsquo;opinion est un exercice tr\u00e8s difficile \u00e0 faire. Derri\u00e8re toute diffusion d&rsquo;information, il y a une intention. Le communicateur a un biais, conscient ou non, et le receveur de la communication \u00e0 aussi un biais, conscient ou non. Avec l&rsquo;exp\u00e9rience, on est moins na\u00eff.<\/p>\n<p>Aider vos \u00e9l\u00e8ves \u00e0 creuser les sources pour identifier l&rsquo;intention de l&rsquo;auteur ou du producteur de l&rsquo;information.<\/p>\n<p><strong>Gardez en t\u00eate que leur sch\u00e8me de r\u00e9f\u00e9rences peut \u00eatre fragile et qu&rsquo;il peut-\u00eatre plus rassurant pour eux d&rsquo;ignorer une information qui contredit leur croyance.<\/strong><\/p>\n<h4>\u00c9valuer le contenu, virtuel et \u00ab\u00a0papier-tuel\u00a0\u00bb<\/h4>\n<p>En passant, n&rsquo;importe quel zouin-zouin est capable de faire un site internet \u00e0 l&rsquo;allure professionnelle. Donc la pr\u00e9sentation de l&rsquo;information, n&rsquo;est pas un bon indice pour juger de la cr\u00e9dibilit\u00e9 de l&rsquo;information.<\/p>\n<p>Sur le site du continuum des CI, il y a des grilles d&rsquo;analyse de site internet tr\u00e8s compl\u00e8tes. En laissant tomber quelques crit\u00e8res plus techniques, on peut se servir de ces grilles pour analyser des livres ou des revues. <em>Du contenu reste du contenu, qu&rsquo;il soit sur un \u00e9cran ou sur du papier&#8230;<\/em><\/p>\n<p>&nbsp;<\/p>\n\n","protected":false},"excerpt":{"rendered":"<p>Analyser Introduction \u00e0 la comp\u00e9tence \u00abAnalyser\u00bb C&rsquo;est la fonction intellectuelle par excellence. On se sert de notre cerveau pour prendre ce que l&rsquo;on a trouv\u00e9 et d\u00e9cider de sa validit\u00e9 en le confrontant avec ce que l&rsquo;on sait, ce que l&rsquo;on croit et de qui nous la dit. Mettre chacun des morceaux dans la moulinette&hellip;<\/p>\n","protected":false},"author":6362,"featured_media":0,"parent":0,"menu_order":0,"comment_status":"closed","ping_status":"closed","template":"","meta":{"footnotes":""},"class_list":["post-84","page","type-page","status-publish","hentry"],"_links":{"self":[{"href":"https:\/\/site.csdessommets.qc.ca\/competencesinformationnelles\/wp-json\/wp\/v2\/pages\/84","targetHints":{"allow":["GET"]}}],"collection":[{"href":"https:\/\/site.csdessommets.qc.ca\/competencesinformationnelles\/wp-json\/wp\/v2\/pages"}],"about":[{"href":"https:\/\/site.csdessommets.qc.ca\/competencesinformationnelles\/wp-json\/wp\/v2\/types\/page"}],"author":[{"embeddable":true,"href":"https:\/\/site.csdessommets.qc.ca\/competencesinformationnelles\/wp-json\/wp\/v2\/users\/6362"}],"replies":[{"embeddable":true,"href":"https:\/\/site.csdessommets.qc.ca\/competencesinformationnelles\/wp-json\/wp\/v2\/comments?post=84"}],"version-history":[{"count":9,"href":"https:\/\/site.csdessommets.qc.ca\/competencesinformationnelles\/wp-json\/wp\/v2\/pages\/84\/revisions"}],"predecessor-version":[{"id":152,"href":"https:\/\/site.csdessommets.qc.ca\/competencesinformationnelles\/wp-json\/wp\/v2\/pages\/84\/revisions\/152"}],"wp:attachment":[{"href":"https:\/\/site.csdessommets.qc.ca\/competencesinformationnelles\/wp-json\/wp\/v2\/media?parent=84"}],"curies":[{"name":"wp","href":"https:\/\/api.w.org\/{rel}","templated":true}]}}