{"id":86,"date":"2023-09-20T15:29:46","date_gmt":"2023-09-20T19:29:46","guid":{"rendered":"https:\/\/site.csdessommets.qc.ca\/competencesinformationnelles\/?page_id=86"},"modified":"2024-05-13T15:06:41","modified_gmt":"2024-05-13T19:06:41","slug":"utiliser","status":"publish","type":"page","link":"https:\/\/site.csdessommets.qc.ca\/competencesinformationnelles\/utiliser\/","title":{"rendered":"Utiliser"},"content":{"rendered":"\n\n\t\t\t\t<img loading=\"lazy\" decoding=\"async\" src=\"https:\/\/site.csdessommets.qc.ca\/competencesinformationnelles\/wp-content\/uploads\/sites\/521\/2023\/08\/CI-Utiliser-300x300.png\" alt=\"CI-Utiliser\" height=\"300\" width=\"300\" title=\"CI-Utiliser\" \/>\n<h1>\n\t\tUtiliser l&rsquo;information\n\t<\/h1>\n\t<h3>Introduction \u00e0 la comp\u00e9tence \u00ab Utiliser \u00bb<\/h3>\n<p>La comp\u00e9tence \u00ab\u00a0utiliser l&rsquo;information\u00a0\u00bb se r\u00e9sume en trois mots: Pertinence, structure et \u00e9thique. Nous savons ce que l&rsquo;on veut faire, nous avons tous les ingr\u00e9dients, alors on cuisine!\u00a0Par contre contrairement \u00e0 un g\u00e2teau, un travail scolaire, doit se faire de mani\u00e8re \u00e9thique. Sinon il devient indigeste&#8230;<\/p>\n\t\t\t<h2>Cette capsule est en cours de d\u00e9veloppement.\u00a0<\/h2>\t\t\n\t\t\t<h2>Utiliser l&rsquo;information de mani\u00e8re \u00e9thique et structur\u00e9e.\u00a0<\/h2>\t\t\n\t\t\t<a href=\"https:\/\/continuumci.ca\/continuum\/utiliser\/\" target=\"_blank\" rel=\"noopener\">\n\t\t\t\t\t\tUTILISER sur le Continuum des comp\u00e9tences informationnelles\n\t\t\t\t\t<\/a>\n\t<h4>Pour l&rsquo;enseignant<\/h4>\n<p>Le fait de rassembler les informations et de d\u00e9cider de ce qui est important est un travail intellectuel complexe et vos \u00e9l\u00e8ves restent inexp\u00e9riment\u00e9s dans ce domaine. Il est donc important de rester \u00e0 l&rsquo;aff\u00fbt de o\u00f9 se situe l&rsquo;\u00e9l\u00e8ve dans le processus.<\/p>\n<p>Pour un enseignant disciplinaire du secondaire, c&rsquo;est l&rsquo;occasion de faire valoir les usages de son champs d&rsquo;expertise puisque la m\u00e9thodologie que vous avez apprise, vous pouvez maintenant l&rsquo;enseigner.<\/p>\n<h4>Rassembler les informations pertinentes<\/h4>\n<p>Le plan de travail, s&rsquo;il a \u00e9t\u00e9 bien fait, est le squelette du document qui sera cr\u00e9\u00e9 par l&rsquo;\u00e9l\u00e8ve. Amenez l&rsquo;\u00e9l\u00e8ve \u00e0 trouver sa m\u00e9thode id\u00e9ale pour prendre des notes pour que \u00e7a soit plus facile de s&rsquo;en servir pour ajouter de la chair sur l&rsquo;os.<\/p>\n<h4>L&rsquo;\u00e9thique<\/h4>\n<p>Vos \u00e9l\u00e8ves ont grandit dans une soci\u00e9t\u00e9 o\u00f9 on n&rsquo;ach\u00e8te plus de disques et o\u00f9 la grande majorit\u00e9 des publications qu&rsquo;ils voient d\u00e9filer sur leur profil de r\u00e9seau social, sont des repartages. De plus, leurs parents ont connu les copies de CD et de cassettes et le t\u00e9l\u00e9chargement de musique via Napster.<\/p>\n<p>Les notions du droit d&rsquo;auteur, de propri\u00e9t\u00e9 intellectuelle ne font pas partie de leur \u00ab\u00a0culture populaire\u00a0\u00bb<\/p>\n<p>Plus on valorise le cr\u00e9ateur de contenu, plus on donne de l&rsquo;importance au respect de son oeuvre.<\/p>\n<h4>La structure d&rsquo;un document<\/h4>\n<p>On concentre souvent nos \u00e9nergies sur la recherche de documents mais la recherche dans le document est souvent laiss\u00e9 de c\u00f4t\u00e9. Un document bien construit, devrait avoir une table des mati\u00e8res, des chapitres, un index et quelques autres \u00e9l\u00e9ments qui permettent de trouver l&rsquo;information \u00e0 l&rsquo;int\u00e9rieur du document.<\/p>\n<p>\u00c7a peut \u00eatre une bonne strat\u00e9gie d&rsquo;attirer leur attention sur la structure des documents. Les faire allumer sur les documents qui \u00e9taient plus faciles \u00e0 lire ou ceux, \u00e0 l&rsquo;inverse, qui \u00e9taient difficile \u00e0 suivre.<\/p>\n<p>L&rsquo;\u00e9l\u00e8ve devrait savoir que si un texte est bien construit, l&rsquo;id\u00e9e principale est au d\u00e9but du paragraphe et elle est expliqu\u00e9e ensuite. L&rsquo;id\u00e9e est ensuite r\u00e9sum\u00e9e dans une phrase \u00e0 la fin de paragraphe.<\/p>\n<p>Les tableaux, les parties en gras, ont aussi une importance dans le texte puisqu&rsquo;ils sont choisis d\u00e9lib\u00e9r\u00e9ment par l&rsquo;auteur pour soutenir son propos.<\/p>\n<h4>L&rsquo;\u00e9thique<\/h4>\n<p>Vos \u00e9l\u00e8ves ont grandit dans une soci\u00e9t\u00e9 o\u00f9 on n&rsquo;ach\u00e8te plus de disques et o\u00f9 la grande\u00a0 majorit\u00e9 des publications qu&rsquo;ils voient d\u00e9filer sur leur profil de r\u00e9seau social, sont des repartages. Les notions du droit d&rsquo;auteur, de propri\u00e9t\u00e9 intellectuelle ne font pas partie de le cadre de r\u00e9f\u00e9rence.<\/p>\n\n","protected":false},"excerpt":{"rendered":"<p>Utiliser l&rsquo;information Introduction \u00e0 la comp\u00e9tence \u00ab Utiliser \u00bb La comp\u00e9tence \u00ab\u00a0utiliser l&rsquo;information\u00a0\u00bb se r\u00e9sume en trois mots: Pertinence, structure et \u00e9thique. Nous savons ce que l&rsquo;on veut faire, nous avons tous les ingr\u00e9dients, alors on cuisine!\u00a0Par contre contrairement \u00e0 un g\u00e2teau, un travail scolaire, doit se faire de mani\u00e8re \u00e9thique. Sinon il devient indigeste&#8230;&hellip;<\/p>\n","protected":false},"author":6362,"featured_media":0,"parent":0,"menu_order":0,"comment_status":"closed","ping_status":"closed","template":"","meta":{"footnotes":""},"class_list":["post-86","page","type-page","status-publish","hentry"],"_links":{"self":[{"href":"https:\/\/site.csdessommets.qc.ca\/competencesinformationnelles\/wp-json\/wp\/v2\/pages\/86","targetHints":{"allow":["GET"]}}],"collection":[{"href":"https:\/\/site.csdessommets.qc.ca\/competencesinformationnelles\/wp-json\/wp\/v2\/pages"}],"about":[{"href":"https:\/\/site.csdessommets.qc.ca\/competencesinformationnelles\/wp-json\/wp\/v2\/types\/page"}],"author":[{"embeddable":true,"href":"https:\/\/site.csdessommets.qc.ca\/competencesinformationnelles\/wp-json\/wp\/v2\/users\/6362"}],"replies":[{"embeddable":true,"href":"https:\/\/site.csdessommets.qc.ca\/competencesinformationnelles\/wp-json\/wp\/v2\/comments?post=86"}],"version-history":[{"count":11,"href":"https:\/\/site.csdessommets.qc.ca\/competencesinformationnelles\/wp-json\/wp\/v2\/pages\/86\/revisions"}],"predecessor-version":[{"id":156,"href":"https:\/\/site.csdessommets.qc.ca\/competencesinformationnelles\/wp-json\/wp\/v2\/pages\/86\/revisions\/156"}],"wp:attachment":[{"href":"https:\/\/site.csdessommets.qc.ca\/competencesinformationnelles\/wp-json\/wp\/v2\/media?parent=86"}],"curies":[{"name":"wp","href":"https:\/\/api.w.org\/{rel}","templated":true}]}}