{"id":117,"date":"2020-09-03T08:54:56","date_gmt":"2020-09-03T12:54:56","guid":{"rendered":"https:\/\/site.csdessommets.qc.ca\/eadistance\/accueil-2\/"},"modified":"2022-01-23T19:17:54","modified_gmt":"2022-01-24T00:17:54","slug":"accueil-2","status":"publish","type":"page","link":"https:\/\/site.csdessommets.qc.ca\/eadistance\/","title":{"rendered":"Accueil"},"content":{"rendered":"\n\n\t<p>Le site web \u00ab\u00a0Enseignement et apprentissage \u00e0 distance\u00a0\u00bb a \u00e9t\u00e9 mis en place afin de faciliter le travail des \u00e9l\u00e8ves, des parents et des enseignants en cas de confinement li\u00e9 \u00e0 la pand\u00e9mie ou de tout autre inconv\u00e9nient majeur faisant en sorte que les \u00e9l\u00e8ves doivent demeurer \u00e0 la maison et continuer leurs apprentissages. Nous avons donc d\u00e9velopp\u00e9 des ressources pouvant aider chacun \u00e0 bien jouer son r\u00f4le dans un tel contexte.<\/p>\n<h2>\n\t\t<a href=\"https:\/\/site.csdessommets.qc.ca\/eadistance\/eleves\/\" title=\"\u00c9l\u00e8ves\" target=\"_self\" rel=\"noopener\">\n\t\t\u00c9l\u00e8ves\n\t\t<\/a>\n\t<\/h2>\n\t\t\t\t<a href=\"https:\/\/site.csdessommets.qc.ca\/eadistance\/eleves\/\" target=\"_self\" rel=\"noopener\">\n\t\t\t\t<img loading=\"lazy\" decoding=\"async\" src=\"https:\/\/site.csdessommets.qc.ca\/eadistance\/wp-content\/uploads\/sites\/486\/2020\/09\/ipad-1721500_1920.jpg\" alt=\"ipad-1721500_1920\" height=\"1342\" width=\"1920\" title=\"ipad-1721500_1920\" \/>\n\t\t\t\t<\/a>\n<h2>\n\t\t<a href=\"https:\/\/site.csdessommets.qc.ca\/eadistance\/accueil\/\" title=\"Enseignants\" target=\"_self\" rel=\"noopener\">\n\t\tEnseignants\n\t\t<\/a>\n\t<\/h2>\n\t\t\t\t<a href=\"https:\/\/site.csdessommets.qc.ca\/eadistance\/accueil\/\" target=\"_self\" rel=\"noopener\">\n\t\t\t\t<img loading=\"lazy\" decoding=\"async\" src=\"https:\/\/site.csdessommets.qc.ca\/eadistance\/wp-content\/uploads\/sites\/486\/2020\/09\/116535384_s.jpg\" alt=\"Young confident man speaker talking on digital camera recording vlog sitting at desk with laptop, male vlogger or business trainer speaking shooting blog filming reportage advertising video, coaching\" height=\"565\" width=\"848\" title=\"Young confident man speaker talking on digital camera recording vlog\" \/>\n\t\t\t\t<\/a>\n<h2>\n\t\t<a href=\"https:\/\/site.csdessommets.qc.ca\/eadistance\/parents\/\" title=\"Parents\" target=\"_self\" rel=\"noopener\">\n\t\tParents\n\t\t<\/a>\n\t<\/h2>\n\t\t\t\t<a href=\"https:\/\/site.csdessommets.qc.ca\/eadistance\/parents\/\" target=\"_self\" rel=\"noopener\">\n\t\t\t\t<img loading=\"lazy\" decoding=\"async\" src=\"https:\/\/site.csdessommets.qc.ca\/eadistance\/wp-content\/uploads\/sites\/486\/2020\/09\/112982320_s.jpg\" alt=\"education, family and learning concept - mother and daughter with tablet pc computer doing homework together at home\" height=\"565\" width=\"848\" title=\"mother and daughter with tablet pc doing homework\" \/>\n\t\t\t\t<\/a>\n\n","protected":false},"excerpt":{"rendered":"<p>Le site web \u00ab\u00a0Enseignement et apprentissage \u00e0 distance\u00a0\u00bb a \u00e9t\u00e9 mis en place afin de faciliter le travail des \u00e9l\u00e8ves, des parents et des enseignants en cas de confinement li\u00e9 \u00e0 la pand\u00e9mie ou de tout autre inconv\u00e9nient majeur faisant en sorte que les \u00e9l\u00e8ves doivent demeurer \u00e0 la maison et continuer leurs apprentissages. Nous&hellip;<\/p>\n","protected":false},"author":3,"featured_media":0,"parent":0,"menu_order":0,"comment_status":"closed","ping_status":"closed","template":"","meta":{"footnotes":""},"class_list":["post-117","page","type-page","status-publish","hentry"],"_links":{"self":[{"href":"https:\/\/site.csdessommets.qc.ca\/eadistance\/wp-json\/wp\/v2\/pages\/117","targetHints":{"allow":["GET"]}}],"collection":[{"href":"https:\/\/site.csdessommets.qc.ca\/eadistance\/wp-json\/wp\/v2\/pages"}],"about":[{"href":"https:\/\/site.csdessommets.qc.ca\/eadistance\/wp-json\/wp\/v2\/types\/page"}],"author":[{"embeddable":true,"href":"https:\/\/site.csdessommets.qc.ca\/eadistance\/wp-json\/wp\/v2\/users\/3"}],"replies":[{"embeddable":true,"href":"https:\/\/site.csdessommets.qc.ca\/eadistance\/wp-json\/wp\/v2\/comments?post=117"}],"version-history":[{"count":9,"href":"https:\/\/site.csdessommets.qc.ca\/eadistance\/wp-json\/wp\/v2\/pages\/117\/revisions"}],"predecessor-version":[{"id":787,"href":"https:\/\/site.csdessommets.qc.ca\/eadistance\/wp-json\/wp\/v2\/pages\/117\/revisions\/787"}],"wp:attachment":[{"href":"https:\/\/site.csdessommets.qc.ca\/eadistance\/wp-json\/wp\/v2\/media?parent=117"}],"curies":[{"name":"wp","href":"https:\/\/api.w.org\/{rel}","templated":true}]}}