{"id":235,"date":"2020-09-04T09:14:44","date_gmt":"2020-09-04T13:14:44","guid":{"rendered":"https:\/\/site.csdessommets.qc.ca\/eadistance\/netiquette\/"},"modified":"2020-11-24T08:40:56","modified_gmt":"2020-11-24T13:40:56","slug":"netiquette","status":"publish","type":"page","link":"https:\/\/site.csdessommets.qc.ca\/eadistance\/netiquette\/","title":{"rendered":"Pour une visioconf\u00e9rence r\u00e9ussie \u00e9l\u00e8ves"},"content":{"rendered":"\n\t<p>Dans ta classe en pr\u00e9sentiel, tu dois te comporter afin que tous puissent vivre des apprentissages de qualit\u00e9.\u00a0 C&rsquo;est la m\u00eame chose pour ce qui est de ta classe en ligne. Voici donc quelques rappels des comportements \u00e0 adopter lors que tu participes \u00e0 une s\u00e9ance de travail \u00e0 distance.<\/p>\n\t\t\t\t<img loading=\"lazy\" decoding=\"async\" src=\"https:\/\/site.csdessommets.qc.ca\/eadistance\/wp-content\/uploads\/sites\/486\/2020\/11\/1-V17_Pratiques_efficaces_Apprenant_VF-scaled-1.jpg\" alt=\"1-V17_Pratiques_efficaces_Apprenant_VF-scaled\" height=\"2560\" width=\"1280\" title=\"1-V17_Pratiques_efficaces_Apprenant_VF-scaled\" \/>\n\t\t\t\t<img loading=\"lazy\" decoding=\"async\" src=\"https:\/\/site.csdessommets.qc.ca\/eadistance\/wp-content\/uploads\/sites\/486\/2020\/11\/3-V14_Apprenant_Visioconference_VF-scaled-1.jpg\" alt=\"3-V14_Apprenant_Visioconference_VF-scaled\" height=\"2560\" width=\"1280\" title=\"3-V14_Apprenant_Visioconference_VF-scaled\" \/>\n","protected":false},"excerpt":{"rendered":"<p>Dans ta classe en pr\u00e9sentiel, tu dois te comporter afin que tous puissent vivre des apprentissages de qualit\u00e9.\u00a0 C&rsquo;est la m\u00eame chose pour ce qui est de ta classe en ligne. Voici donc quelques rappels des comportements \u00e0 adopter lors que tu participes \u00e0 une s\u00e9ance de travail \u00e0 distance.<\/p>\n","protected":false},"author":3,"featured_media":0,"parent":0,"menu_order":0,"comment_status":"closed","ping_status":"closed","template":"","meta":{"footnotes":""},"class_list":["post-235","page","type-page","status-publish","hentry"],"_links":{"self":[{"href":"https:\/\/site.csdessommets.qc.ca\/eadistance\/wp-json\/wp\/v2\/pages\/235","targetHints":{"allow":["GET"]}}],"collection":[{"href":"https:\/\/site.csdessommets.qc.ca\/eadistance\/wp-json\/wp\/v2\/pages"}],"about":[{"href":"https:\/\/site.csdessommets.qc.ca\/eadistance\/wp-json\/wp\/v2\/types\/page"}],"author":[{"embeddable":true,"href":"https:\/\/site.csdessommets.qc.ca\/eadistance\/wp-json\/wp\/v2\/users\/3"}],"replies":[{"embeddable":true,"href":"https:\/\/site.csdessommets.qc.ca\/eadistance\/wp-json\/wp\/v2\/comments?post=235"}],"version-history":[{"count":8,"href":"https:\/\/site.csdessommets.qc.ca\/eadistance\/wp-json\/wp\/v2\/pages\/235\/revisions"}],"predecessor-version":[{"id":615,"href":"https:\/\/site.csdessommets.qc.ca\/eadistance\/wp-json\/wp\/v2\/pages\/235\/revisions\/615"}],"wp:attachment":[{"href":"https:\/\/site.csdessommets.qc.ca\/eadistance\/wp-json\/wp\/v2\/media?parent=235"}],"curies":[{"name":"wp","href":"https:\/\/api.w.org\/{rel}","templated":true}]}}