{"id":236,"date":"2020-09-04T09:15:20","date_gmt":"2020-09-04T13:15:20","guid":{"rendered":"https:\/\/site.csdessommets.qc.ca\/eadistance\/ressources-complementaires\/"},"modified":"2021-02-26T10:28:27","modified_gmt":"2021-02-26T15:28:27","slug":"ressources-complementaires","status":"publish","type":"page","link":"https:\/\/site.csdessommets.qc.ca\/eadistance\/ressources-complementaires\/","title":{"rendered":"Ressources compl\u00e9mentaires"},"content":{"rendered":"\n\n\t\n<h2>\n\t\t<a href=\"https:\/\/ecolebranchee.com\/famille\/?mc_cid=3034966271&amp;mc_eid=75754e6c5f\" title=\"Guide pratique pour les parents - \u00c9cole branch\u00e9e (f\u00e9v. 2021)\" target=\"_blank\" rel=\"noopener\">\n\t\tGuide pratique pour les parents &#8211; \u00c9cole branch\u00e9e (f\u00e9v. 2021)\n\t\t<\/a>\n\t<\/h2>\n\t\n\t\n\t\n\t\n\t\n\t\n\n","protected":false},"excerpt":{"rendered":"<p>Guide pratique pour les parents &#8211; \u00c9cole branch\u00e9e (f\u00e9v. 2021)<\/p>\n","protected":false},"author":3,"featured_media":0,"parent":0,"menu_order":0,"comment_status":"closed","ping_status":"closed","template":"","meta":{"footnotes":""},"class_list":["post-236","page","type-page","status-publish","hentry"],"_links":{"self":[{"href":"https:\/\/site.csdessommets.qc.ca\/eadistance\/wp-json\/wp\/v2\/pages\/236","targetHints":{"allow":["GET"]}}],"collection":[{"href":"https:\/\/site.csdessommets.qc.ca\/eadistance\/wp-json\/wp\/v2\/pages"}],"about":[{"href":"https:\/\/site.csdessommets.qc.ca\/eadistance\/wp-json\/wp\/v2\/types\/page"}],"author":[{"embeddable":true,"href":"https:\/\/site.csdessommets.qc.ca\/eadistance\/wp-json\/wp\/v2\/users\/3"}],"replies":[{"embeddable":true,"href":"https:\/\/site.csdessommets.qc.ca\/eadistance\/wp-json\/wp\/v2\/comments?post=236"}],"version-history":[{"count":11,"href":"https:\/\/site.csdessommets.qc.ca\/eadistance\/wp-json\/wp\/v2\/pages\/236\/revisions"}],"predecessor-version":[{"id":702,"href":"https:\/\/site.csdessommets.qc.ca\/eadistance\/wp-json\/wp\/v2\/pages\/236\/revisions\/702"}],"wp:attachment":[{"href":"https:\/\/site.csdessommets.qc.ca\/eadistance\/wp-json\/wp\/v2\/media?parent=236"}],"curies":[{"name":"wp","href":"https:\/\/api.w.org\/{rel}","templated":true}]}}