{"id":3,"date":"2020-08-13T19:48:33","date_gmt":"2020-08-13T17:48:33","guid":{"rendered":"https:\/\/site.csdessommets.qc.ca\/eadistance\/accueil\/"},"modified":"2022-09-22T10:21:20","modified_gmt":"2022-09-22T14:21:20","slug":"accueil","status":"publish","type":"page","link":"https:\/\/site.csdessommets.qc.ca\/eadistance\/accueil\/","title":{"rendered":"Accueil-Enseignants"},"content":{"rendered":"\n\n\t<p><strong>Attention<\/strong><\/p>\n<p><strong>Maintenant disponibles: conseils pour enseigner \u00e0 distance \u00e0 des \u00e9l\u00e8ves en classe dans la section<\/strong> <a href=\"https:\/\/site.csdessommets.qc.ca\/eadistance\/bonnes-pratiques\/\" target=\"_blank\" rel=\"noopener\"><strong>P\u00e9dagogie en ligne.<\/strong><\/a><\/p>\n<p>&nbsp;<\/p>\n\t\t\t\t<a href=\"https:\/\/site.csdessommets.qc.ca\/eadistance\/bonnes-pratiques\/\" target=\"_self\" rel=\"noopener\">\n\t\t\t\t<img loading=\"lazy\" decoding=\"async\" src=\"https:\/\/site.csdessommets.qc.ca\/eadistance\/wp-content\/uploads\/sites\/486\/2022\/01\/comodal-1024x576.jpg\" alt=\"comodal\" height=\"576\" width=\"1024\" title=\"comodal\" \/>\n\t\t\t\t<\/a>\n\t<p>Pour avoir toutes les derni\u00e8res nouvelles \u00e0 propos de plusieurs outils, rejoignez l&rsquo;\u00e9quipe Teams <em><strong>Enseigner avec les TICS <\/strong><\/em>(code pour la rejoindre: v7sysjx).<\/p>\n\t<p>Vos conseill\u00e8res p\u00e9dagogiques pour les outils technop\u00e9dagogiques sont:\u00a0<\/p>\n<table>\n<tbody>\n<tr>\n<td>Julie Bergeron<\/td>\n<td>Nathalie B\u00e9dard<\/td>\n<\/tr>\n<tr>\n<td>Repr\u00e9sentante du R\u00c9CIT local\nPr\u00e9scolaire, primaire<\/td>\n<td>Repr\u00e9sentante du R\u00c9CIT local\nSecondaire<\/td>\n<\/tr>\n<\/tbody>\n<\/table>\n<table>\n<tbody>\n<tr>\n<td>julie.bergeron@cssds.gouv.qc.ca<\/td>\n<td>&nbsp;\n<p>nathalie.bedard@cssds.gouv.qc.ca<\/p>\n&nbsp;<\/td>\n<\/tr>\n<\/tbody>\n<\/table>\n<p>&nbsp;<\/p>\n\t<p><img loading=\"lazy\" decoding=\"async\" src=\"https:\/\/site.csdessommets.qc.ca\/eadistance\/wp-content\/uploads\/sites\/486\/2020\/09\/virus-4937553_640-300x160.jpg\" alt=\"\" width=\"274\" height=\"146\" \/>Lors du confinement d\u00fb \u00e0 l&rsquo;\u00e9closion de la COVID19 au printemps 2020, plusieurs d&rsquo;entre vous ont \u00e9t\u00e9 press\u00e9s de se former aux technologies propres \u00e0 l&rsquo;enseignement \u00e0 distance. Cela n&rsquo;a pas \u00e9t\u00e9 facile, mais tous ont r\u00e9ussi dans une certaine mesure \u00e0 communiquer et \u00e0 enseigner \u00e0 l&rsquo;aide des technologies. Toutefois, plusieurs ont pu constater que leur comp\u00e9tence \u00e0 enseigner et \u00e0 apprendre \u00e0 distance pouvait \u00eatre am\u00e9lior\u00e9e. \u00a0Il devient donc imp\u00e9ratif que toutes et tous soient bien outill\u00e9s en cas d&rsquo;un prochain confinement partiel ou total. La pr\u00e9sente d\u00e9marche va en ce sens.<\/p>\n\t<p>Dans ce contexte, il vous est demand\u00e9 de participer \u00e0 l&rsquo;op\u00e9ration \u00ab Mise \u00e0 niveau en enseignement-apprentissage \u00e0 distance \u00bb. L&rsquo;op\u00e9ration se d\u00e9roulera en trois temps :<\/p>\n<ul>\n<li>Se former aux outils n\u00e9cessaires \u00e0 l&rsquo;enseignement \u00e0 distance<\/li>\n<li>Former ses \u00e9l\u00e8ves aux outils d&rsquo;apprentissage \u00e0 distance et se pratiquer \u00e0 l&rsquo;enseignement \u00e0 distance en classe<\/li>\n<\/ul>\n<p><strong>\u00a0<\/strong>L&rsquo;op\u00e9ration \u00ab Mise \u00e0 niveau en enseignement-apprentissage \u00e0 distance \u00bb est accompagn\u00e9e d&rsquo;outils de plusieurs types (PDF, vid\u00e9os, images, etc.) afin d&rsquo;aider les enseignants(es) et leurs \u00e9l\u00e8ves \u00e0 acqu\u00e9rir et maintenir leur comp\u00e9tence num\u00e9rique en ligne.<\/p>\n<p>&nbsp;<\/p>\n<p>Merci de votre collaboration!<\/p>\n\n","protected":false},"excerpt":{"rendered":"<p>Attention Maintenant disponibles: conseils pour enseigner \u00e0 distance \u00e0 des \u00e9l\u00e8ves en classe dans la section P\u00e9dagogie en ligne. &nbsp; Pour avoir toutes les derni\u00e8res nouvelles \u00e0 propos de plusieurs outils, rejoignez l&rsquo;\u00e9quipe Teams Enseigner avec les TICS (code pour la rejoindre: v7sysjx). Vos conseill\u00e8res p\u00e9dagogiques pour les outils technop\u00e9dagogiques sont:\u00a0 Julie Bergeron Nathalie B\u00e9dard&hellip;<\/p>\n","protected":false},"author":3,"featured_media":0,"parent":0,"menu_order":1,"comment_status":"closed","ping_status":"closed","template":"","meta":{"footnotes":""},"class_list":["post-3","page","type-page","status-publish","hentry"],"_links":{"self":[{"href":"https:\/\/site.csdessommets.qc.ca\/eadistance\/wp-json\/wp\/v2\/pages\/3","targetHints":{"allow":["GET"]}}],"collection":[{"href":"https:\/\/site.csdessommets.qc.ca\/eadistance\/wp-json\/wp\/v2\/pages"}],"about":[{"href":"https:\/\/site.csdessommets.qc.ca\/eadistance\/wp-json\/wp\/v2\/types\/page"}],"author":[{"embeddable":true,"href":"https:\/\/site.csdessommets.qc.ca\/eadistance\/wp-json\/wp\/v2\/users\/3"}],"replies":[{"embeddable":true,"href":"https:\/\/site.csdessommets.qc.ca\/eadistance\/wp-json\/wp\/v2\/comments?post=3"}],"version-history":[{"count":114,"href":"https:\/\/site.csdessommets.qc.ca\/eadistance\/wp-json\/wp\/v2\/pages\/3\/revisions"}],"predecessor-version":[{"id":802,"href":"https:\/\/site.csdessommets.qc.ca\/eadistance\/wp-json\/wp\/v2\/pages\/3\/revisions\/802"}],"wp:attachment":[{"href":"https:\/\/site.csdessommets.qc.ca\/eadistance\/wp-json\/wp\/v2\/media?parent=3"}],"curies":[{"name":"wp","href":"https:\/\/api.w.org\/{rel}","templated":true}]}}