{"id":311,"date":"2020-09-09T15:28:20","date_gmt":"2020-09-09T19:28:20","guid":{"rendered":"https:\/\/site.csdessommets.qc.ca\/eadistance\/formation-niveau-2\/"},"modified":"2020-09-16T13:46:43","modified_gmt":"2020-09-16T17:46:43","slug":"formation-niveau-2","status":"publish","type":"page","link":"https:\/\/site.csdessommets.qc.ca\/eadistance\/formation-niveau-2\/","title":{"rendered":"Formation &#8211; niveau 2"},"content":{"rendered":"<h2>\n\t\tFormation &#8211; Niveau 2\n\t<\/h2>\n\tSalut!\u00a0 Ton enseignant(e) t&rsquo;a demand\u00e9 de faire quelques cours en ligne? Il est d&rsquo;abord pr\u00e9f\u00e9rable de consulter la page \u00ab\u00a0N\u00e9tiquette\u00a0\u00bb\u00a0avant de t&rsquo;attaquer \u00e0 la formation technique.\u00a0 Il faut se rappeler que les r\u00e8gles s&rsquo;appliquant \u00e0 l&rsquo;apprentissage \u00e0 distance sont les m\u00eames que lorsque tu es \u00e0 l&rsquo;\u00e9cole.\u00a0 N&rsquo;oublie pas \u00e9galement que tout ce que tu fais ou \u00e9crit\u00a0sur internet, laisse des traces!\u00a0 Sur ce, bonne formation!\n\t<a href=\"#fair_rem_trav\">Faire et remettre un devoir<\/a><br \/>\n<a href=\"#voir_cor_dev\">Voir la correction des devoirs<\/a><br \/>\n<a href=\"#rej_eq\">Rejoindre une \u00e9quipe avec un code g\u00e9n\u00e9rique<\/a><br \/>\n<a href=\"#part_ecr\">Partager son \u00e9cran<\/a>\n\t\t\t\t<img loading=\"lazy\" decoding=\"async\" src=\"https:\/\/site.csdessommets.qc.ca\/eadistance\/wp-content\/uploads\/sites\/486\/2020\/09\/certificat2b.png\" alt=\"certificat2b\" height=\"463\" width=\"577\" title=\"certificat2b\" \/>\n<h3>\n\t\tFaire et remettre un devoir\n\t<\/h3>\n\t<div style=\"width: 100px;\" class=\"wp-video\"><video class=\"wp-video-shortcode\" id=\"video-311-1\" width=\"100\" height=\"100\" poster=\"https:\/\/site.csdessommets.qc.ca\/eadistance\/wp-content\/uploads\/sites\/486\/2020\/09\/Instantan\u00e9_faire-remettre-devoir.png\" preload=\"none\" controls=\"controls\"><source type=\"video\/mp4\" src=\"https:\/\/site.csdessommets.qc.ca\/eadistance\/wp-content\/uploads\/sites\/486\/2020\/09\/el_faire_remettre_dev.mp4?_=1\" \/><a href=\"https:\/\/site.csdessommets.qc.ca\/eadistance\/wp-content\/uploads\/sites\/486\/2020\/09\/el_faire_remettre_dev.mp4\">https:\/\/site.csdessommets.qc.ca\/eadistance\/wp-content\/uploads\/sites\/486\/2020\/09\/el_faire_remettre_dev.mp4<\/a><\/video><\/div>\n\t<p><strong>Marche \u00e0 suivre<\/strong><\/p>\n<p>&nbsp;<\/p>\n<h3>\n\t\tVoir la correction des devoirs\n\t<\/h3>\n\t<div style=\"width: 100px;\" class=\"wp-video\"><video class=\"wp-video-shortcode\" id=\"video-311-2\" width=\"100\" height=\"100\" poster=\"https:\/\/site.csdessommets.qc.ca\/eadistance\/wp-content\/uploads\/sites\/486\/2020\/09\/Instantan\u00e9_voir_dev_corrige.png\" preload=\"none\" controls=\"controls\"><source type=\"video\/mp4\" src=\"https:\/\/site.csdessommets.qc.ca\/eadistance\/wp-content\/uploads\/sites\/486\/2020\/09\/el-voir_dev_corrige.mp4?_=2\" \/><a href=\"https:\/\/site.csdessommets.qc.ca\/eadistance\/wp-content\/uploads\/sites\/486\/2020\/09\/el-voir_dev_corrige.mp4\">https:\/\/site.csdessommets.qc.ca\/eadistance\/wp-content\/uploads\/sites\/486\/2020\/09\/el-voir_dev_corrige.mp4<\/a><\/video><\/div>\n\t<p><strong>Marche \u00e0 suivre<\/strong><\/p>\n<p>&nbsp;<\/p>\n<h3>\n\t\tRejoindre une \u00e9quipe avec un code g\u00e9n\u00e9rique\n\t<\/h3>\n\t<div style=\"width: 100px;\" class=\"wp-video\"><video class=\"wp-video-shortcode\" id=\"video-311-3\" width=\"100\" height=\"100\" poster=\"https:\/\/site.csdessommets.qc.ca\/eadistance\/wp-content\/uploads\/sites\/486\/2020\/09\/Instantan\u00e9_rejoindre_equipe.png\" preload=\"none\" controls=\"controls\"><source type=\"video\/mp4\" src=\"https:\/\/site.csdessommets.qc.ca\/eadistance\/wp-content\/uploads\/sites\/486\/2020\/09\/el-rejoindre_equipe.mp4?_=3\" \/><a href=\"https:\/\/site.csdessommets.qc.ca\/eadistance\/wp-content\/uploads\/sites\/486\/2020\/09\/el-rejoindre_equipe.mp4\">https:\/\/site.csdessommets.qc.ca\/eadistance\/wp-content\/uploads\/sites\/486\/2020\/09\/el-rejoindre_equipe.mp4<\/a><\/video><\/div>\n\t<p><strong>Marche \u00e0 suivre<\/strong><\/p>\n<p>&nbsp;<\/p>\n<h3>\n\t\tPartager son \u00e9cran\n\t<\/h3>\n\t<div style=\"width: 100px;\" class=\"wp-video\"><video class=\"wp-video-shortcode\" id=\"video-311-4\" width=\"100\" height=\"100\" poster=\"https:\/\/site.csdessommets.qc.ca\/eadistance\/wp-content\/uploads\/sites\/486\/2020\/09\/Instantan\u00e9_partage_ecran.png\" preload=\"none\" controls=\"controls\"><source type=\"video\/mp4\" src=\"https:\/\/site.csdessommets.qc.ca\/eadistance\/wp-content\/uploads\/sites\/486\/2020\/09\/e_partage_ecran.mp4?_=4\" \/><a href=\"https:\/\/site.csdessommets.qc.ca\/eadistance\/wp-content\/uploads\/sites\/486\/2020\/09\/e_partage_ecran.mp4\">https:\/\/site.csdessommets.qc.ca\/eadistance\/wp-content\/uploads\/sites\/486\/2020\/09\/e_partage_ecran.mp4<\/a><\/video><\/div>\n\t<p><strong>Marche \u00e0 suivre<\/strong><\/p>\n<ol>\n<li>Lorsque vous \u00eates avec une ou plusieurs personnes en rencontre vid\u00e9o Teams, \u00ab\u00a0Ouvrir le Bac de partage\u00a0\u00bb en cliquant sur l&rsquo;ic\u00f4ne situ\u00e9e au centre de la barre flottante, \u00e0 la droite du microphone.<\/li>\n<li>Partager le \u00ab\u00a0Bureau\u00a0\u00bb pour que le ou les participants voient tout ce qui se passe \u00e0 l&rsquo;\u00e9cran de votre ordinateur;<\/li>\n<li>Partager une \u00ab\u00a0Fen\u00eatre\u00a0\u00bb pour que le ou les participants voient uniquement le contenu de cette derni\u00e8re;<\/li>\n<li>Cliquer sur la \u00ab\u00a0Tableau blanc collaboratif\u00a0\u00bb afin de r\u00e9aliser un document visuel de groupe;<\/li>\n<li>Cliquer sur un \u00ab\u00a0PowerPoint\u00a0\u00bb de la liste pour le pr\u00e9senter \u00e0 vos \u00e9l\u00e8ves. Ce dernier doit avoir \u00e9t\u00e9 ouvert au pr\u00e9alable. Il est pr\u00e9f\u00e9rable d&rsquo;avoir ajout\u00e9 vos PowerPoint dans le OneDrive.<\/li>\n<li>Cliquer sur \u00ab\u00a0Inclure l&rsquo;audio du syst\u00e8me\u00a0\u00bb lorsque vous voulez que les participants entendent le son de votre ordinateur. Ex.: Lors de l&rsquo;\u00e9coute d&rsquo;une vid\u00e9o ou d&rsquo;une s\u00e9quence sonore.<\/li>\n<li>Arr\u00eater le partage en cliquant sur l&rsquo;ic\u00f4ne \u00e0 droite du microphone situ\u00e9e sous la fen\u00eatre miniature en bas \u00e0 droite de l&rsquo;\u00e9cran.<\/li>\n<\/ol>\n","protected":false},"excerpt":{"rendered":"<p>Formation &#8211; Niveau 2 Salut!\u00a0 Ton enseignant(e) t&rsquo;a demand\u00e9 de faire quelques cours en ligne? Il est d&rsquo;abord pr\u00e9f\u00e9rable de consulter la page \u00ab\u00a0N\u00e9tiquette\u00a0\u00bb\u00a0avant de t&rsquo;attaquer \u00e0 la formation technique.\u00a0 Il faut se rappeler que les r\u00e8gles s&rsquo;appliquant \u00e0 l&rsquo;apprentissage \u00e0 distance sont les m\u00eames que lorsque tu es \u00e0 l&rsquo;\u00e9cole.\u00a0 N&rsquo;oublie pas \u00e9galement que&hellip;<\/p>\n","protected":false},"author":3,"featured_media":0,"parent":0,"menu_order":0,"comment_status":"closed","ping_status":"closed","template":"","meta":{"footnotes":""},"class_list":["post-311","page","type-page","status-publish","hentry"],"_links":{"self":[{"href":"https:\/\/site.csdessommets.qc.ca\/eadistance\/wp-json\/wp\/v2\/pages\/311","targetHints":{"allow":["GET"]}}],"collection":[{"href":"https:\/\/site.csdessommets.qc.ca\/eadistance\/wp-json\/wp\/v2\/pages"}],"about":[{"href":"https:\/\/site.csdessommets.qc.ca\/eadistance\/wp-json\/wp\/v2\/types\/page"}],"author":[{"embeddable":true,"href":"https:\/\/site.csdessommets.qc.ca\/eadistance\/wp-json\/wp\/v2\/users\/3"}],"replies":[{"embeddable":true,"href":"https:\/\/site.csdessommets.qc.ca\/eadistance\/wp-json\/wp\/v2\/comments?post=311"}],"version-history":[{"count":12,"href":"https:\/\/site.csdessommets.qc.ca\/eadistance\/wp-json\/wp\/v2\/pages\/311\/revisions"}],"predecessor-version":[{"id":433,"href":"https:\/\/site.csdessommets.qc.ca\/eadistance\/wp-json\/wp\/v2\/pages\/311\/revisions\/433"}],"wp:attachment":[{"href":"https:\/\/site.csdessommets.qc.ca\/eadistance\/wp-json\/wp\/v2\/media?parent=311"}],"curies":[{"name":"wp","href":"https:\/\/api.w.org\/{rel}","templated":true}]}}