{"id":383,"date":"2020-09-16T09:25:07","date_gmt":"2020-09-16T13:25:07","guid":{"rendered":"https:\/\/site.csdessommets.qc.ca\/eadistance\/liste-des-capsules\/"},"modified":"2022-01-11T12:57:31","modified_gmt":"2022-01-11T17:57:31","slug":"liste-des-capsules","status":"publish","type":"page","link":"https:\/\/site.csdessommets.qc.ca\/eadistance\/liste-des-capsules\/","title":{"rendered":"Liste des capsules"},"content":{"rendered":"\n\n\tListe des capsules de la formation technique des enseignants<br \/>\n<em><strong>NOTE:<\/strong> Nous jugeons essentiel, pour un enseignement en ligne de qualit\u00e9, que vous r\u00e9alisiez les niveaux 1 et 2 de la formation technique.<\/em>\n<p>&nbsp;<\/p>\n<p><a href=\"https:\/\/site.csdessommets.qc.ca\/eadistance\/formation-1\/\"><strong>Formation technique Niveau 1<\/strong><\/a><\/p>\n<a href=\"https:\/\/site.csdessommets.qc.ca\/eadistance\/formation-1\/#con_teams\">Se connecter \u00e0 Office 365<\/a><br \/>\n<a href=\"https:\/\/site.csdessommets.qc.ca\/eadistance\/formation-1\/#tel_teams\">T\u00e9l\u00e9charge Teams<\/a><br \/>\n<a href=\"https:\/\/site.csdessommets.qc.ca\/eadistance\/formation-1\/#cr_eq\">Cr\u00e9er une \u00e9quipe<\/a><br \/>\n<a href=\"https:\/\/site.csdessommets.qc.ca\/eadistance\/formation-1\/#aj_el\">Ajouter des \u00e9l\u00e8ves<\/a><br \/>\n<a href=\"https:\/\/site.csdessommets.qc.ca\/eadistance\/formation-1\/#pl_re\">Planifier une r\u00e9union<\/a><br \/>\n<a href=\"https:\/\/site.csdessommets.qc.ca\/eadistance\/formation-1\/#rej_renc\">Rejoindre une rencontre Teams<\/a>\n<a href=\"https:\/\/site.csdessommets.qc.ca\/eadistance\/formation-1\/#parametre_periph\">Changer les param\u00e8tres vid\u00e9os et audios<\/a><br \/>\n<a href=\"https:\/\/site.csdessommets.qc.ca\/eadistance\/formation-1\/#com_elev\">Communiquer avec les \u00e9l\u00e8ves<\/a><br \/>\n<a href=\"https:\/\/site.csdessommets.qc.ca\/eadistance\/formation-1\/#dep_fich\">D\u00e9poser des fichiers (lecture seule)<\/a><br \/>\n<a href=\"https:\/\/site.csdessommets.qc.ca\/eadistance\/formation-1\/#cons_doc\">Consulter un document<\/a><br \/>\n<a href=\"https:\/\/site.csdessommets.qc.ca\/eadistance\/formation-1\/#dr_parole\">Droits de parole (lever et baisser la main)<\/a><br \/>\n<a href=\"https:\/\/site.csdessommets.qc.ca\/eadistance\/formation-1\/#coup_mic\">D\u00e9sactiver les micros<\/a>\n<a href=\"#ajouter_partici\">Ajouter des participants en cours de r\u00e9union<\/a><br \/>\n<a href=\"https:\/\/site.csdessommets.qc.ca\/eadistance\/formation-1\/#part_ecr\">Partager son \u00e9cran<\/a><br \/>\n<a href=\"https:\/\/site.csdessommets.qc.ca\/eadistance\/formation-1\/#enr_renc\">Enregistrer une rencontre<\/a><br \/>\n<a href=\"https:\/\/site.csdessommets.qc.ca\/eadistance\/formation-1\/#acc_renc\">Acc\u00e9der \u00e0 l&rsquo;enregistrement des r\u00e9unions Teams (OneDrive)<\/a><br \/>\n<a href=\"https:\/\/site.csdessommets.qc.ca\/eadistance\/formation-1\/#out_red\">Courrier Outlook &#8211; R\u00e9diger et envoyer un message<\/a><br \/>\n<a href=\"https:\/\/site.csdessommets.qc.ca\/eadistance\/formation-1\/#out_fich\">Courrier Outlook &#8211; Fichier joint (devoir ou travail)<\/a><br \/>\n<a href=\"https:\/\/site.csdessommets.qc.ca\/eadistance\/formation-1\/#out_rec\">Courrier Outlook &#8211; R\u00e9ception des messages<\/a>\n\t<p><a href=\"https:\/\/site.csdessommets.qc.ca\/eadistance\/2-2-niveau-2\/\"><strong>Formation technique Niveau 2<\/strong><\/a><\/p>\n<a href=\"https:\/\/site.csdessommets.qc.ca\/eadistance\/2-2-niveau-2\/#env_dev\">Envoyer des devoirs (fichiers)<\/a><br \/>\n<a href=\"https:\/\/site.csdessommets.qc.ca\/eadistance\/2-2-niveau-2\/#cor_trav\">Corriger un travail<\/a><br \/>\n<a href=\"https:\/\/site.csdessommets.qc.ca\/eadistance\/2-2-niveau-2\/#empecher_micro\">Emp\u00eacher les \u00e9l\u00e8ves d&rsquo;activer leur micro<\/a><br \/>\n<a href=\"https:\/\/site.csdessommets.qc.ca\/eadistance\/2-2-niveau-2\/#cr_cod_gen\">Cr\u00e9er un code g\u00e9n\u00e9rique pour la classe<\/a><br \/>\n<a href=\"https:\/\/site.csdessommets.qc.ca\/eadistance\/2-2-niveau-2\/#inv_part_cour\">Inviter un participant en cours de r\u00e9union<\/a><br \/>\n<a href=\"https:\/\/site.csdessommets.qc.ca\/eadistance\/2-2-niveau-2\/#exp_part\">Expulser un \u00e9l\u00e8ve d&rsquo;une r\u00e9union<\/a><br \/>\n<a href=\"https:\/\/site.csdessommets.qc.ca\/eadistance\/2-2-niveau-2\/#cr_ann\">Cr\u00e9er des annonces dans la discussion de l&rsquo;\u00e9quipe<\/a><br \/>\n<a href=\"https:\/\/site.csdessommets.qc.ca\/eadistance\/2-2-niveau-2\/#mod_opt\">Modifier les options de la r\u00e9union<\/a>\n<a href=\"https:\/\/site.csdessommets.qc.ca\/eadistance\/2-2-niveau-2\/#renc_par\">Cr\u00e9er une rencontre de parents<\/a><br \/>\n<a href=\"https:\/\/site.csdessommets.qc.ca\/eadistance\/2-2-niveau-2\/#bloc_convo\">Bloquer une conversation<\/a><br \/>\n<a href=\"https:\/\/site.csdessommets.qc.ca\/eadistance\/2-2-niveau-2\/#creer_can\">Cr\u00e9er des canaux<\/a><br \/>\n<a href=\"https:\/\/site.csdessommets.qc.ca\/eadistance\/2-2-niveau-2\/#fin_renc\">Mettre fin \u00e0 une rencontre<\/a><br \/>\n<a href=\"https:\/\/site.csdessommets.qc.ca\/eadistance\/2-2-niveau-2\/#tel_list\">T\u00e9l\u00e9charger la liste des pr\u00e9sences<\/a>\n<a href=\"https:\/\/site.csdessommets.qc.ca\/eadistance\/2-2-niveau-2\/#invit_reu\">Invitation \u00e0 joindre une r\u00e9union<\/a><br \/>\n<a href=\"https:\/\/site.csdessommets.qc.ca\/eadistance\/2-2-niveau-2\/#don_cont\">Donner le contr\u00f4le<\/a><br \/>\n<a href=\"https:\/\/site.csdessommets.qc.ca\/eadistance\/2-2-niveau-2\/#des_mic\">D\u00e9sactiver les micros<\/a><br \/>\n<a href=\"https:\/\/site.csdessommets.qc.ca\/eadistance\/2-2-niveau-2\/#ar_el\">D\u00e9terminer le moment d&rsquo;arriv\u00e9e des \u00e9l\u00e8ves<\/a><br \/>\n<a href=\"https:\/\/site.csdessommets.qc.ca\/eadistance\/2-2-niveau-2\/#quest_forms\">Cr\u00e9er un questionnaire Forms<\/a><br \/>\n<a href=\"https:\/\/site.csdessommets.qc.ca\/eadistance\/2-2-niveau-2\/#effet_arriere_plan\">Ajouter un effet d&rsquo;arri\u00e8re-plan<\/a><br \/>\n<a href=\"https:\/\/site.csdessommets.qc.ca\/eadistance\/2-2-niveau-2\/#mode_affichage\">Modifier l&rsquo;affichage des \u00e9l\u00e8ves et la vue qu&rsquo;ils peuvent avoir<\/a><br \/>\n<a href=\"https:\/\/site.csdessommets.qc.ca\/eadistance\/2-2-niveau-2\/#salles\">Salles pour petits groupes<\/a>\n\t<p><strong>Autres autoformations gratuites disponibles<\/strong><\/p>\n<p><strong><a href=\"https:\/\/campus.recit.qc.ca\/\" target=\"_blank\" rel=\"noopener\">Campus R\u00c9CIT<\/a><\/strong><\/p>\n<p><strong><a href=\"https:\/\/www.cadre21.org\/\" target=\"_blank\" rel=\"noopener\">Cadre 21 <\/a><\/strong><\/p>\n<p>Formations gratuites pour les enseignants canadiens francophones, il suffit de s&rsquo;inscrire avec son adresse courriel du centre de services scolaire.<\/p>\n<p><strong><a href=\"https:\/\/www.cadre21.org\/badges\/eduquer-a-la-cybersecurite-1-explorateur\/\" target=\"_blank\" rel=\"noopener\">\u00c9duquer \u00e0 la cybers\u00e9curit\u00e9<\/a><\/strong><\/p>\n<p>Proc\u00e9durier <strong>\u00ab\u00a0<a href=\"https:\/\/site.csdessommets.qc.ca\/eadistance\/wp-content\/uploads\/sites\/486\/2021\/07\/Fin-dannee-et-equipe-Teams-classe.pdf\" target=\"_blank\" rel=\"noopener\">Changement d&rsquo;ann\u00e9e scolaire et \u00e9quipe Teams classe<\/a>\u00ab\u00a0<\/strong><\/p>\n\n","protected":false},"excerpt":{"rendered":"<p>Liste des capsules de la formation technique des enseignants NOTE: Nous jugeons essentiel, pour un enseignement en ligne de qualit\u00e9, que vous r\u00e9alisiez les niveaux 1 et 2 de la formation technique. &nbsp; Formation technique Niveau 1 Se connecter \u00e0 Office 365 T\u00e9l\u00e9charge Teams Cr\u00e9er une \u00e9quipe Ajouter des \u00e9l\u00e8ves Planifier une r\u00e9union Rejoindre une&hellip;<\/p>\n","protected":false},"author":3,"featured_media":0,"parent":0,"menu_order":0,"comment_status":"closed","ping_status":"closed","template":"","meta":{"footnotes":""},"class_list":["post-383","page","type-page","status-publish","hentry"],"_links":{"self":[{"href":"https:\/\/site.csdessommets.qc.ca\/eadistance\/wp-json\/wp\/v2\/pages\/383","targetHints":{"allow":["GET"]}}],"collection":[{"href":"https:\/\/site.csdessommets.qc.ca\/eadistance\/wp-json\/wp\/v2\/pages"}],"about":[{"href":"https:\/\/site.csdessommets.qc.ca\/eadistance\/wp-json\/wp\/v2\/types\/page"}],"author":[{"embeddable":true,"href":"https:\/\/site.csdessommets.qc.ca\/eadistance\/wp-json\/wp\/v2\/users\/3"}],"replies":[{"embeddable":true,"href":"https:\/\/site.csdessommets.qc.ca\/eadistance\/wp-json\/wp\/v2\/comments?post=383"}],"version-history":[{"count":36,"href":"https:\/\/site.csdessommets.qc.ca\/eadistance\/wp-json\/wp\/v2\/pages\/383\/revisions"}],"predecessor-version":[{"id":769,"href":"https:\/\/site.csdessommets.qc.ca\/eadistance\/wp-json\/wp\/v2\/pages\/383\/revisions\/769"}],"wp:attachment":[{"href":"https:\/\/site.csdessommets.qc.ca\/eadistance\/wp-json\/wp\/v2\/media?parent=383"}],"curies":[{"name":"wp","href":"https:\/\/api.w.org\/{rel}","templated":true}]}}