{"id":6,"date":"2020-08-13T13:51:35","date_gmt":"2020-08-13T17:51:35","guid":{"rendered":"https:\/\/site.csdessommets.qc.ca\/eadistance\/outils-complementaires\/"},"modified":"2021-11-19T14:29:25","modified_gmt":"2021-11-19T19:29:25","slug":"outils-complementaires","status":"publish","type":"page","link":"https:\/\/site.csdessommets.qc.ca\/eadistance\/outils-complementaires\/","title":{"rendered":"Outils compl\u00e9mentaires"},"content":{"rendered":"\n\n\t<p>Lorsque l&rsquo;on enseigne \u00e0 distance, l&rsquo;utilisation d&rsquo;une plateforme est un incontournable. Pour les \u00e9coles rattach\u00e9es au Centre de service des Sommets, c&rsquo;est TEAMS qui est propos\u00e9. Toutefois, TEAMS ne peut r\u00e9pondre \u00e0 tous les besoins. C&rsquo;est pourquoi plusieurs enseignants utilisent aussi d&rsquo;autres logiciels, applications et sites web pour compl\u00e9ter leur attirail technop\u00e9dagogique.<\/p>\n<p><strong>\u00c0 noter que les <\/strong><strong><a href=\"https:\/\/resnum.csdessommets.qc.ca\/\" target=\"_blank\" rel=\"noopener\">ressources \u00e9ducatives num\u00e9riques<\/a><\/strong><strong> (Usito, Universalis, \u00c9duM\u00e9dia, etc.) qui \u00e9taient d\u00e9j\u00e0 disponibles dans notre Centre de services avant la pand\u00e9mie sont toujours utiles pour enseigner \u00e0 distance. Maintenant que \u00c9du-groupe n&rsquo;est plus, ces ressources sont soit:<\/strong><\/p>\n<ul>\n<li>\u00e0 ajouter dans \u00ab\u00a0<strong>Mes ressources<\/strong>\u00a0\u00bb dans <a href=\"https:\/\/mozaikportail.ca\/\" target=\"_blank\" rel=\"noopener\"><strong>Moza\u00efk-Portail<\/strong><\/a> enseignant, voici le lien vers une <strong><a href=\"https:\/\/www.youtube.com\/watch?v=6p4W8Z_N8yU&amp;list=PLgVcq_pXyu-lPvwvUXxfNblye7Lg_9X7a&amp;index=6\">capsule vid\u00e9o<\/a> <\/strong>pour savoir comment faire;<\/li>\n<li>il est aussi possible de partager les ressources de votre organisation \u00e0 vos \u00e9l\u00e8ves via leur portail Moza\u00efk;<\/li>\n<li>ou si vous vous \u00eates d\u00e9j\u00e0 connect\u00e9 \u00e0 ces applications avec votre compte Microsoft Office 365, elles s&rsquo;ajouteront en lien dans \u00ab\u00a0Toutes les applications\u00a0\u00bb dans la page d&rsquo;accueil <strong><a href=\"https:\/\/www.office.com\/?auth=2&amp;home=1\" target=\"_blank\" rel=\"noopener\">Office 365.<\/a><\/strong><\/li>\n<\/ul>\n<p>Voici le lien vers le <strong><a href=\"https:\/\/espaceformation.grics.ca\/login\/index.php\" target=\"_blank\" rel=\"noopener\">site de formation de Moza\u00efk-Portail<\/a> <\/strong>pour en savoir plus \u00e0 propos des diff\u00e9rentes fonctionnalit\u00e9s et nouveaut\u00e9s offertes. Une fois entr\u00e9 dans l&rsquo;Espace formation, je vous sugg\u00e8re de cliquer sur le menu <strong>Formations<\/strong> (en haut) puis de choisir <strong>Moza\u00efk-Portail &#8211; Les essentiels<\/strong>.<\/p>\n<p>&nbsp;<\/p>\n<p><strong>Voici quelques exemples d&rsquo;outils technop\u00e9dagogiques et \u00e0 quoi ils servent:<\/strong><\/p>\n<h4>\n\t\tOutil\n\t<\/h4>\n<h4>\n\t\tDescription\n\t<\/h4>\n<h4>\n\t\tExemples d&rsquo;exploitation p\u00e9dagogique\n\t<\/h4>\n\t<p><a href=\"https:\/\/site.csdessommets.qc.ca\/biblio_prim\/biblius\/\" target=\"_blank\" rel=\"noopener\"><strong>Biblius<\/strong><\/a><\/p>\n<p>&nbsp;<\/p>\n\t<p>Biblioth\u00e8que de livres num\u00e9riques. Plusieurs livres disponibles gratuitement, nombre de pr\u00eats illimit\u00e9s. Accessible dans votre Moza\u00efk-portail et celui des \u00e9l\u00e8ves.<\/p>\n\t<ul>\n<li>Lecture d&rsquo;un album au groupe en partage d&rsquo;\u00e9cran ou au TNI (permis si la rencontre n&rsquo;est pas enregistr\u00e9e);<\/li>\n<li>Assigner des lectures au groupe pour qu&rsquo;ils puissent lire de la maison;<\/li>\n<li>Lecture sur tous les types d&rsquo;appareils;<\/li>\n<li>Synth\u00e8se vocale int\u00e9gr\u00e9e.<\/li>\n<\/ul>\n\t<p><strong>OneNote<\/strong><\/p>\n<p><img loading=\"lazy\" decoding=\"async\" src=\"https:\/\/site.csdessommets.qc.ca\/eadistance\/wp-content\/uploads\/sites\/486\/2020\/08\/b2ap3_large_one_note_benefits_400.jpg\" alt=\"\" width=\"95\" height=\"95\" \/><\/p>\n\t<p>OneNote offre de nombreuses fonctions, comme l&rsquo;insertion de texte, d&rsquo;images, de sons, de l&rsquo;\u00e9criture manuscrite et m\u00eame des captures d&rsquo;\u00e9crans. Les blocs-notes OneNote pour la classe contiennent un espace de travail personnel pour chaque \u00e9tudiant, une biblioth\u00e8que de contenu pour les documents et un espace de collaboration pour les cours et les activit\u00e9s cr\u00e9atives. OneNote fait partie de vos outils Office 365. <a href=\"https:\/\/campus.recit.qc.ca\/course\/view.php?id=280\">Autoformation<\/a><\/p>\n\t<ul>\n<li>Planifier vos cours;<\/li>\n<li>Enseigner en classe;<\/li>\n<li>Enseigner \u00e0 distance;<\/li>\n<li>Envoyer des devoirs \u00e0 vos \u00e9l\u00e8ves;<\/li>\n<li>Recevoir les travaux d&rsquo;\u00e9l\u00e8ves faits en \u00e9quipe ou individuellement;<\/li>\n<li>Garder des traces des travaux;<\/li>\n<li>\u00c9crire sur des pdfs et les \u00e9l\u00e8ves aussi;<\/li>\n<li>Donner de la r\u00e9troaction \u00e9crite, orale ou vid\u00e9o;<\/li>\n<li>G\u00e9rer les dossiers d&rsquo;\u00e9l\u00e8ves.<\/li>\n<\/ul>\n\t<p><strong>Stream<\/strong><\/p>\n<p><img loading=\"lazy\" decoding=\"async\" src=\"https:\/\/site.csdessommets.qc.ca\/eadistance\/wp-content\/uploads\/sites\/486\/2020\/08\/1200px-Microsoft_Stream.svg-1024x1024.png\" alt=\"\" width=\"76\" height=\"76\" \/><\/p>\n\t<p>Stream d&rsquo;Office 365 est un service de diffusion en continu (streaming) similaire \u00e0 YouTube, toutefois les visionnements sont restreints aux utilisateurs de notre organisation. Il est possible dans Stream de cr\u00e9er une cha\u00eene ou un canal qui permet de rassembler sous une cat\u00e9gorie les publications en un m\u00eame endroit. Il est aussi possible de filmer facilement des capsules \u00e0 partir de Stream (votre \u00e9cran et votre voix avec votre visage en bas).<\/p>\n\t<p>Mini-le\u00e7ons ou d\u00e9monstration enregistr\u00e9es en vid\u00e9o que vous d\u00e9posez \u00e0 l&rsquo;intention des \u00e9l\u00e8ves.<\/p>\n\t<p><strong>Forms<\/strong><\/p>\n<p><img loading=\"lazy\" decoding=\"async\" src=\"https:\/\/site.csdessommets.qc.ca\/eadistance\/wp-content\/uploads\/sites\/486\/2020\/08\/1200px-Microsoft_Forms_2019-present.svg-1024x952.png\" alt=\"\" width=\"104\" height=\"96\" \/><\/p>\n\t<p>Forms permet \u00e0 l&rsquo;enseignant et \u00e0 ses \u00e9l\u00e8ves de cr\u00e9er rapidement et facilement des questionnaires, enqu\u00eates, sondages, etc. Une fois le formulaire r\u00e9alis\u00e9, vous invitez d&rsquo;autres personnes \u00e0 y r\u00e9pondre \u00e0 l&rsquo;aide d&rsquo;un navigateur web. Vous pouvez ensuite utiliser les fonctionnalit\u00e9s d&rsquo;analyse int\u00e9gr\u00e9es pour \u00e9valuer les r\u00e9ponses. Les donn\u00e9es des formulaires, comme les r\u00e9sultats des questionnaires, peuvent \u00eatre facilement export\u00e9es vers Excel pour effectuer une analyse ou une \u00e9valuation plus approfondie. Le <em>Lecteur immersif<\/em> \u00e9tant inclus dans cette application, l&rsquo;\u00e9l\u00e8ve peut se faire lire les questions et les choix de r\u00e9ponses. Forms fait partie de vos outils Office 365. <a href=\"https:\/\/campus.recit.qc.ca\/course\/view.php?id=137\">Autoformation<\/a><\/p>\n\t<ul>\n<li>Cr\u00e9ation de sondage;<\/li>\n<li>Cr\u00e9ation de questionnaire auto-correcteur ou non;<\/li>\n<li>Peut servir pour faire une \u00e9valuation diagnostique (en d\u00e9but de s\u00e9quence) ou formative (en cours de s\u00e9quence), ou m\u00eame pour faire l&rsquo;int\u00e9gration \u00e0 la fin d&rsquo;un cours;<\/li>\n<li>Rend l&rsquo;\u00e9l\u00e8ve actif durant un cours \u00e0 distance.<\/li>\n<\/ul>\n\t<p><a href=\"https:\/\/www.mindomo.com\/fr\/dashboard\" target=\"_blank\" rel=\"noopener\"><strong>Mindomo<\/strong><\/a><\/p>\n<p><img loading=\"lazy\" decoding=\"async\" src=\"https:\/\/site.csdessommets.qc.ca\/eadistance\/wp-content\/uploads\/sites\/486\/2020\/08\/mindomo_icon.png\" alt=\"\" width=\"95\" height=\"94\" \/><\/p>\n\t<p>Mindomo est un outil en ligne qui permet de cr\u00e9er facilement, seul ou avec vos \u00e9l\u00e8ves, des mind maps ou cartes heuristiques (mots, images, vid\u00e9os, liens internet). Il se distingue par une utilisation relativement simple qui le met \u00e0 la port\u00e9e de tous et des outils de partage tr\u00e8s pratiques. Avec Mindomo, vous pouvez cr\u00e9er une activit\u00e9, la distribuer et recevoir ensuite les cartes r\u00e9alis\u00e9es par les \u00e9l\u00e8ves. On acc\u00e8de \u00e0 Mindomo par la page de <em>Toutes les applications <\/em>Office 365.<\/p>\n\t<p>Pr\u00e9senter les th\u00e8mes d&rsquo;une recherche, les \u00e9tapes d&rsquo;un projet ou tout autre information \u00e0 l&rsquo;aide d&rsquo;une carte. Divisez la classe en \u00e9quipes et demandez \u00e0 chaque \u00e9quipe de cr\u00e9er une carte mentale et de proposer 7 id\u00e9es de r\u00e9ponse \u00e0 un probl\u00e8me sp\u00e9cifique. Demandez aux groupes de pr\u00e9senter 9 faits sur un personnage historique. Demandez \u00e0 chaque \u00e9quipe de dresser une carte mentale et de conjuguer les verbes s\u00e9lectionn\u00e9s par l&rsquo;enseignant \u00e0 des temps diff\u00e9rents. Cr\u00e9er une histoire collaborative du genre \u00ab\u00a0histoire dont vous \u00eates le h\u00e9ros\u00a0\u00bb.<\/p>\n<p>Peut \u00eatre utilis\u00e9 en classe et \u00e0 distance.<\/p>\n\t<p><a href=\"https:\/\/kahoot.com\/schools-u\/\" target=\"_blank\" rel=\"noopener\"><strong>Kahoot<\/strong><\/a><\/p>\n<p><img loading=\"lazy\" decoding=\"async\" src=\"https:\/\/site.csdessommets.qc.ca\/eadistance\/wp-content\/uploads\/sites\/486\/2020\/08\/kahoot-logo-4-Square.jpg\" alt=\"\" width=\"122\" height=\"69\" \/><\/p>\n<p><a href=\"https:\/\/quizizz.com\/join\" target=\"_blank\" rel=\"noopener\"><strong>Quizizz<\/strong><\/a><\/p>\n\t<p>Kahoot et Quizizz permettent de cr\u00e9er facilement des questionnaires (quiz) \u00e0 choix multiples, des discussions ou encore des sondages. Il existe une belle banque de quiz d\u00e9j\u00e0 pr\u00eats que l&rsquo;on peut utiliser ou modifier. En mode quiz, des points sont attribu\u00e9s \u00e0 chaque \u00e9l\u00e8ve selon la r\u00e9ponse choisie et la vitesse de r\u00e9ponse. De plus, il est possible pour l&rsquo;enseignante ou l&rsquo;enseignant d&rsquo;observer le nombre de bonnes r\u00e9ponses obtenues par l&rsquo;ensemble de la classe \u00e0 chacune des questions. Il est possible d&rsquo;ajouter des images dans les questions et les r\u00e9ponses.<\/p>\n\t<ul>\n<li>Cr\u00e9er des questionnaires interactifs;<\/li>\n<li>Utiliser une banque de questions pour former ses propres questionnaires;<\/li>\n<li>Peut \u00eatre utilis\u00e9 en classe ou \u00e0 distance;<\/li>\n<li>Peut servir pour faire une \u00e9valuation diagnostique (en d\u00e9but de s\u00e9quence) ou formative (en cours de s\u00e9quence), ou m\u00eame pour faire l&rsquo;int\u00e9gration \u00e0 la fin d&rsquo;un cours;<\/li>\n<li>Rend l&rsquo;\u00e9l\u00e8ve actif durant un cours \u00e0 distance.<\/li>\n<\/ul>\n\t<p><a href=\"https:\/\/wordwall.net\/fr\/\" target=\"_blank\" rel=\"noopener\"><strong>Wordwall<\/strong><\/a><\/p>\n<p><img loading=\"lazy\" decoding=\"async\" src=\"https:\/\/site.csdessommets.qc.ca\/eadistance\/wp-content\/uploads\/sites\/486\/2020\/11\/Wordwall.png\" alt=\"\" width=\"159\" height=\"127\" \/><\/p>\n\t<p>Wordwall permet de cr\u00e9er des quiz pour les \u00e9l\u00e8ves. La version gratuite offre 18 mod\u00e8les de questionnaires. L&rsquo;\u00e9l\u00e8ve doit souvent d\u00e9placer un mot (rectangle color\u00e9) parmi une banque de r\u00e9ponses possibles et le placer au bon endroit. Il est possible de ne pas donner de temps limite aux \u00e9l\u00e8ves.<\/p>\n\t<ul>\n<li>Cr\u00e9er des questionnaires interactifs;<\/li>\n<li>Peut \u00eatre utilis\u00e9 en classe ou \u00e0 distance;<\/li>\n<li>Peut servir pour faire une \u00e9valuation diagnostique (en d\u00e9but de s\u00e9quence) ou formative (en cours de s\u00e9quence), ou m\u00eame pour faire l&rsquo;int\u00e9gration \u00e0 la fin d&rsquo;un cours;<\/li>\n<li>Rend l&rsquo;\u00e9l\u00e8ve actif durant un cours \u00e0 distance.<\/li>\n<\/ul>\n\t<p><a href=\"https:\/\/agora-quiz.education\/\" target=\"_blank\" rel=\"noopener\"><img loading=\"lazy\" decoding=\"async\" src=\"https:\/\/site.csdessommets.qc.ca\/eadistance\/wp-content\/uploads\/sites\/486\/2021\/01\/agoraquiz.png\" alt=\"\" width=\"244\" height=\"85\" \/><\/a><\/p>\n\t<p>AgoraQuiz permet \u00e0 l&rsquo;enseignant de se cr\u00e9er un compte classe et d&rsquo;y ajouter des sujets. Les \u00e9l\u00e8ves sont alors invit\u00e9s \u00e0 rejoindre ce groupe et \u00e0 cr\u00e9er des questions. Une fois que l&rsquo;enseignant a approuv\u00e9 assez de questions, les \u00e9l\u00e8ves peuvent se donner des d\u00e9fis 1 contre 1. C&rsquo;est un peu sur le principe de jeu vid\u00e9o. <a href=\"https:\/\/www.youtube.com\/watch?v=kIVAuJWAm64\">Voici des vid\u00e9os tutoriels.<\/a><\/p>\n\t<ul>\n<li>Permettre aux \u00e9l\u00e8ves de r\u00e9viser une notion en d\u00e9fiant un ami;<\/li>\n<li>Cr\u00e9er des questionnaires interactifs;<\/li>\n<li>Peut \u00eatre utilis\u00e9 en classe ou \u00e0 distance;<\/li>\n<li>Rend l&rsquo;\u00e9l\u00e8ve actif durant un cours \u00e0 distance.<\/li>\n<\/ul>\n\t<p><a href=\"https:\/\/www.wooclap.com\/fr\/\" target=\"_blank\" rel=\"noopener\"><strong>wooclap<\/strong><\/a><\/p>\n<p><img loading=\"lazy\" decoding=\"async\" src=\"https:\/\/site.csdessommets.qc.ca\/eadistance\/wp-content\/uploads\/sites\/486\/2021\/01\/wooclap.png\" alt=\"\" width=\"64\" height=\"67\" \/><a href=\"http:\/\/mentimeter.com\" target=\"_blank\" rel=\"noopener\"><strong>Mentimeter<\/strong><\/a><\/p>\n\t<p>wooclap (site en fran\u00e7ais) et Mentimeter (site en anglais) sont deux outils pour cr\u00e9er des sondages ou questionnaires pour rendre les \u00e9l\u00e8ves actifs et afficher les r\u00e9sultats imm\u00e9diatement. On peut les utiliser en classe ou \u00e0 distance. Des moyens rapides et faciles de t\u00e2ter le pouls des \u00e9l\u00e8ves de connaitre leur avis sur un sujet.<\/p>\n\t<ul>\n<li>Cr\u00e9er des sondages ou questionnaires rapides (1 question);<\/li>\n<li>R\u00e9sultats anonymes affich\u00e9s imm\u00e9diatement et avec un visuel int\u00e9ressant;<\/li>\n<li>Rend l&rsquo;\u00e9l\u00e8ve actif durant un cours \u00e0 distance, change le rythme.<\/li>\n<\/ul>\n\t<p><a href=\"https:\/\/eer.qc.ca\/activites-en-reseau\" target=\"_blank\" rel=\"noopener\"><strong>Activit\u00e9s <\/strong><\/a><\/p>\n<p><a href=\"https:\/\/eer.qc.ca\/activites-en-reseau\"><strong>\u00c9cole en r\u00e9seau<\/strong><\/a><\/p>\n<p><a href=\"https:\/\/eer.qc.ca\/\"><img loading=\"lazy\" decoding=\"async\" src=\"https:\/\/site.csdessommets.qc.ca\/eadistance\/wp-content\/uploads\/sites\/486\/2020\/11\/\u00c9er.png\" alt=\"\" width=\"158\" height=\"73\" \/><\/a><\/p>\n<p>&nbsp;<\/p>\n\t<p>L&rsquo;\u00c9cole en r\u00e9seau permet de vivre des activit\u00e9s gratuites avec des invit\u00e9s sp\u00e9ciaux (scientifiques, auteurs, etc.) et d&rsquo;\u00e9changer et collaborer avec d&rsquo;autres classes. Un des partenaires de ce r\u00e9seau est Parcs Canada. Les activit\u00e9s propos\u00e9es peuvent enrichir votre enseignement tant en classe qu&rsquo;\u00e0 distance tout en all\u00e9geant votre temps de planification.<\/p>\n<p>Si vous d\u00e9sirez vivre certaines activit\u00e9s de l&rsquo;\u00c9cole en r\u00e9seau, nous vous invitons \u00e0 vous inscrire gratuitement \u00e0 l&rsquo;aide de <a href=\"https:\/\/docs.google.com\/forms\/d\/e\/1FAIpQLSeoPY0QXskWtM0H1cJsRtfm2c81Jy7qhAn5j5UCge7mUqMNSQ\/viewform\">ce lien<\/a> pour avoir acc\u00e8s \u00e0 tous leurs outils (Knowledge Forum et Via). France Boisjoli est la conseill\u00e8re p\u00e9dagogique responsable et elle peut vous aider avec les outils de l&rsquo;\u00c9cole en r\u00e9seau.<\/p>\n\t<p>Il y a des activit\u00e9s pour le pr\u00e9scolaire, le primaire et le secondaire. Voici quelques exemples : \u00ab\u00a0Dialogue scientifique avec Adelphine Bonneau Arch\u00e9o-g\u00e9om\u00e8tre\u00a0\u00bb (sciences et technologies), \u00ab\u00a0La quarantaine \u00e0 Grosse-\u00cele: 105 ans de sciences\u00a0\u00bb (univers social), \u00ab\u00a0Tintin, cercle de lecture virtuel\u00a0\u00bb (art dramatique, arts plastiques, fran\u00e7ais, robotique, univers social, math\u00e9matiques, sciences et technologies), \u00ab\u00a0Namast-\u00c9ER\u00a0\u00bb(pleine conscience et yoga en classe (\u00e9ducation physique et \u00e0 la sant\u00e9, fran\u00e7ais).<\/p>\n\t<p><strong>\u00c9diteur d&rsquo;image Greenshot<\/strong><\/p>\n<p><img loading=\"lazy\" decoding=\"async\" src=\"https:\/\/site.csdessommets.qc.ca\/eadistance\/wp-content\/uploads\/sites\/486\/2020\/11\/greenshot.png\" alt=\"\" width=\"74\" height=\"61\" \/><\/p>\n<p>&nbsp;<\/p>\n\t<p>Greenshot est un outil de capture d&rsquo;\u00e9cran qui s&rsquo;active en appuyant sur la touche <em><strong>Impr \u00e9cran<\/strong><\/em> de votre clavier. Il est possible d&rsquo;ouvrir l&rsquo;image avec diff\u00e9rents logiciels, notamment l&rsquo;\u00e9diteur d&rsquo;image de Greenshot. Ce logiciel permet d&rsquo;aller facilement ajouter des formes ou du texte \u00e0 une image.<\/p>\n\t<p>Peut \u00eatre utile et simple si des \u00e9l\u00e8ves nous remettent des photos de leurs travaux et que l&rsquo;on veut leur faire une r\u00e9troaction.<\/p>\n\t<p><strong>SITE<\/strong><\/p>\n<p><img loading=\"lazy\" decoding=\"async\" src=\"https:\/\/site.csdessommets.qc.ca\/eadistance\/wp-content\/uploads\/sites\/486\/2020\/08\/logo_site.png\" alt=\"\" width=\"92\" height=\"85\" \/><\/p>\n\t<p>SITE est la plateforme de cr\u00e9ation de sites web propos\u00e9e aux enseignants et \u00e9l\u00e8ves rattach\u00e9s au Centre de service des Sommets. Comme pour tout site web, vous pouvez cr\u00e9er plusieurs pages et y ajouter du texte, des images et m\u00eame des vid\u00e9os et des s\u00e9quences audio en plus de plusieurs autres fonctionnalit\u00e9s. SITE propose des mises en page vari\u00e9es et plusieurs styles de disposition et d&rsquo;animation de vos ajouts.<\/p>\n\t<p>L&rsquo;enseignant peut pr\u00e9senter sa classe, publier son plan de la semaine, proposer des dict\u00e9es, publier des r\u00e9alisations d&rsquo;\u00e9l\u00e8ves et tout cela au m\u00eame endroit! Il peut afficher des informations pour les \u00e9l\u00e8ves ou les parents, consignes, r\u00e8glements, dates, ressources, etc.<\/p>\n\t<p><a href=\"https:\/\/manycam.com\/features\/#whiteboard\" target=\"_blank\" rel=\"noopener\"><b>Manycam<\/b><\/a><\/p>\n<p><a href=\"https:\/\/prezi.com\/education\/?click_source=logged_element&amp;page_location=header&amp;element_text=education\" target=\"_blank\" rel=\"noopener\"><b>Prezi video<\/b><\/a><\/p>\n<p>&nbsp;<\/p>\n\t<p>Deux outils pour rendre vos visioconf\u00e9rences plus dynamiques, m\u00eame durant un partage d&rsquo;\u00e9cran. Ces outils permettent que vos \u00e9l\u00e8ves vous voient toujours, dans un format int\u00e9ressant, durant le partage d&rsquo;\u00e9cran. Ces outils sont payants mais comportent des versions d&rsquo;essai gratuites.<\/p>\n\t<p>Avec Manycam, vous pouvez aussi afficher une minuterie et \u00e9crire sur vos documents. Id\u00e9al pour attirer l&rsquo;attention sur une partie du document.<\/p>\n<p>Avec Prezi video, c&rsquo;est votre pr\u00e9sentation Prezi ou Powerpoint qui se retrouve \u00e0 c\u00f4t\u00e9 de votre visage et qui est bien dynamique. Id\u00e9al pour garder les \u00e9l\u00e8ves bien attentifs. Cet outil propose des canevas de base \u00e0 compl\u00e9ter et est donc facile d&rsquo;utilisation. <a href=\"https:\/\/www.youtube.com\/watch?v=6zkzaBKOURE\" target=\"_blank\" rel=\"noopener\">Vid\u00e9o de pr\u00e9sentation de Prezi video<\/a>.<\/p>\n\n","protected":false},"excerpt":{"rendered":"<p>Lorsque l&rsquo;on enseigne \u00e0 distance, l&rsquo;utilisation d&rsquo;une plateforme est un incontournable. Pour les \u00e9coles rattach\u00e9es au Centre de service des Sommets, c&rsquo;est TEAMS qui est propos\u00e9. Toutefois, TEAMS ne peut r\u00e9pondre \u00e0 tous les besoins. C&rsquo;est pourquoi plusieurs enseignants utilisent aussi d&rsquo;autres logiciels, applications et sites web pour compl\u00e9ter leur attirail technop\u00e9dagogique. \u00c0 noter que&hellip;<\/p>\n","protected":false},"author":3,"featured_media":0,"parent":0,"menu_order":0,"comment_status":"closed","ping_status":"closed","template":"","meta":{"footnotes":""},"class_list":["post-6","page","type-page","status-publish","hentry"],"_links":{"self":[{"href":"https:\/\/site.csdessommets.qc.ca\/eadistance\/wp-json\/wp\/v2\/pages\/6","targetHints":{"allow":["GET"]}}],"collection":[{"href":"https:\/\/site.csdessommets.qc.ca\/eadistance\/wp-json\/wp\/v2\/pages"}],"about":[{"href":"https:\/\/site.csdessommets.qc.ca\/eadistance\/wp-json\/wp\/v2\/types\/page"}],"author":[{"embeddable":true,"href":"https:\/\/site.csdessommets.qc.ca\/eadistance\/wp-json\/wp\/v2\/users\/3"}],"replies":[{"embeddable":true,"href":"https:\/\/site.csdessommets.qc.ca\/eadistance\/wp-json\/wp\/v2\/comments?post=6"}],"version-history":[{"count":30,"href":"https:\/\/site.csdessommets.qc.ca\/eadistance\/wp-json\/wp\/v2\/pages\/6\/revisions"}],"predecessor-version":[{"id":765,"href":"https:\/\/site.csdessommets.qc.ca\/eadistance\/wp-json\/wp\/v2\/pages\/6\/revisions\/765"}],"wp:attachment":[{"href":"https:\/\/site.csdessommets.qc.ca\/eadistance\/wp-json\/wp\/v2\/media?parent=6"}],"curies":[{"name":"wp","href":"https:\/\/api.w.org\/{rel}","templated":true}]}}