{"id":92,"date":"2020-08-26T15:19:16","date_gmt":"2020-08-26T19:19:16","guid":{"rendered":"https:\/\/site.csdessommets.qc.ca\/eadistance\/eleves\/"},"modified":"2021-02-26T10:21:48","modified_gmt":"2021-02-26T15:21:48","slug":"eleves","status":"publish","type":"page","link":"https:\/\/site.csdessommets.qc.ca\/eadistance\/eleves\/","title":{"rendered":"\u00c9l\u00e8ves"},"content":{"rendered":"\n<h2>\n\t\tFormation &#8211; Niveau 1\n\t<\/h2>\n\tSalut!\u00a0 Ton enseignant(e) t&rsquo;a demand\u00e9 de faire quelques cours en ligne? Il est d&rsquo;abord pr\u00e9f\u00e9rable de consulter la page \u00ab\u00a0N\u00e9tiquette\u00a0\u00bb\u00a0avant de t&rsquo;attaquer \u00e0 la formation technique.\u00a0 Il faut se rappeler que les r\u00e8gles s&rsquo;appliquant \u00e0 l&rsquo;apprentissage \u00e0 distance sont les m\u00eames que lorsque tu es \u00e0 l&rsquo;\u00e9cole.\u00a0 N&rsquo;oublie pas \u00e9galement que tout ce que tu fais ou \u00e9crit\u00a0sur internet, laisse des traces!\u00a0 Sur ce, bonne formation!\n\t<a href=\"#con_teams\">Se connecter \u00e0 Office 365<\/a><br \/>\n<a href=\"#tel_teams\">T\u00e9l\u00e9charger Teams<\/a><br \/>\n<a href=\"#com_teams\">Communiquer dans Teams<\/a><br \/>\n<a href=\"#cons_doc\">Consulter un document<\/a><br \/>\n<a href=\"#dr_parole\">Droits de parole (lever et baisser la main)<\/a><br \/>\n<a href=\"#effet_arriere_plan\">Ajouter un effet d&rsquo;arri\u00e8re-plan<\/a>\n<a href=\"#out_red\">Courrier Outlook &#8211; R\u00e9diger et envoyer un message<\/a><br \/>\n<a href=\"#out_fich\">Courrier Outlook &#8211; Fichier joint (devoir ou travail)<\/a><br \/>\n<a href=\"#out_rec\">Courrier Outlook &#8211; R\u00e9ception des messages<\/a>\n\t\t\t\t<img loading=\"lazy\" decoding=\"async\" src=\"https:\/\/site.csdessommets.qc.ca\/eadistance\/wp-content\/uploads\/sites\/486\/2020\/09\/certificat1.png\" alt=\"certificat1\" height=\"467\" width=\"541\" title=\"certificat1\" \/>\n<h3>\n\t\tSe connecter \u00e0 Office 365\n\t<\/h3>\n\t<div style=\"width: 640px;\" class=\"wp-video\"><video class=\"wp-video-shortcode\" id=\"video-92-1\" width=\"640\" height=\"360\" poster=\"https:\/\/site.csdessommets.qc.ca\/eadistance\/wp-content\/uploads\/sites\/486\/2020\/09\/Instantan\u00e9_connexion_o365.png\" preload=\"none\" controls=\"controls\"><source type=\"video\/mp4\" src=\"https:\/\/site.csdessommets.qc.ca\/eadistance\/wp-content\/uploads\/sites\/486\/2020\/09\/el-connexion_o365.mp4?_=1\" \/><a href=\"https:\/\/site.csdessommets.qc.ca\/eadistance\/wp-content\/uploads\/sites\/486\/2020\/09\/el-connexion_o365.mp4\">https:\/\/site.csdessommets.qc.ca\/eadistance\/wp-content\/uploads\/sites\/486\/2020\/09\/el-connexion_o365.mp4<\/a><\/video><\/div>\n\t\n<ol>\n<li>Te rendre sur le site du Centre de service des Sommets \u00e0 l&rsquo;adresse: csdessommets.qc.ca<\/li>\n<li>Cliquer sur l&rsquo;ic\u00f4ne Office 365 dans le bas de la page<\/li>\n<li>S\u00e9lectionner ton nom dans la liste qui appara\u00eetra sinon, inscrire ton adresse de courriel. ATTENTION: Tu dois utiliser l&rsquo;adresse de courriel finissant par @csdessommets.qc.ca et le mot de passe que ton enseignant ou ton enseignante t&rsquo;a fournis.<\/li>\n<li>Cliquer sur suivant et entrer ton mot de passe<\/li>\n<li>Cliquer sur l&rsquo;application de ton choix<\/li>\n<\/ol>\n<h3>\n\t\tT\u00e9l\u00e9charger Teams\n\t<\/h3>\n\t<div style=\"width: 640px;\" class=\"wp-video\"><video class=\"wp-video-shortcode\" id=\"video-92-2\" width=\"640\" height=\"360\" poster=\"https:\/\/site.csdessommets.qc.ca\/eadistance\/wp-content\/uploads\/sites\/486\/2020\/09\/Instantan\u00e9_telecharge_teams.png\" preload=\"none\" controls=\"controls\"><source type=\"video\/mp4\" src=\"https:\/\/site.csdessommets.qc.ca\/eadistance\/wp-content\/uploads\/sites\/486\/2020\/09\/e-el-telecharger_teams.mp4?_=2\" \/><a href=\"https:\/\/site.csdessommets.qc.ca\/eadistance\/wp-content\/uploads\/sites\/486\/2020\/09\/e-el-telecharger_teams.mp4\">https:\/\/site.csdessommets.qc.ca\/eadistance\/wp-content\/uploads\/sites\/486\/2020\/09\/e-el-telecharger_teams.mp4<\/a><\/video><\/div>\n\t\n<ol>\n<li>Dans Office 365, cliquer sur Teams;<\/li>\n<li>Cliquer sur votre ic\u00f4ne (initiales ou photo) en haut \u00e0 droite;<\/li>\n<li>Cliquer sur \u00ab\u00a0T\u00e9l\u00e9charger l&rsquo;application de bureau\u00a0\u00bb;<\/li>\n<li>Cliquer sur le document t\u00e9l\u00e9charg\u00e9 dans le bas de votre \u00e9cran ou dans votre dossier de t\u00e9l\u00e9chargement;<\/li>\n<li>Suivre les instructions d&rsquo;installation.<\/li>\n<\/ol>\n<h3>\n\t\tCommuniquer dans Teams\n\t<\/h3>\n\t<div style=\"width: 640px;\" class=\"wp-video\"><video class=\"wp-video-shortcode\" id=\"video-92-3\" width=\"640\" height=\"360\" poster=\"https:\/\/site.csdessommets.qc.ca\/eadistance\/wp-content\/uploads\/sites\/486\/2020\/09\/Instantan\u00e9-_com_teams.png\" preload=\"none\" controls=\"controls\"><source type=\"video\/mp4\" src=\"https:\/\/site.csdessommets.qc.ca\/eadistance\/wp-content\/uploads\/sites\/486\/2020\/09\/e-el-com_teams.mp4?_=3\" \/><a href=\"https:\/\/site.csdessommets.qc.ca\/eadistance\/wp-content\/uploads\/sites\/486\/2020\/09\/e-el-com_teams.mp4\">https:\/\/site.csdessommets.qc.ca\/eadistance\/wp-content\/uploads\/sites\/486\/2020\/09\/e-el-com_teams.mp4<\/a><\/video><\/div>\n\t\n<ol>\n<li>Pour clavarder, cliquer sur l&rsquo;ic\u00f4ne conversation dans la colonne de gauche e Teams;<\/li>\n<li>Chercher un nom \u00e0 partir de la fen\u00eatre de recherche en haut de la page;<\/li>\n<li>Cliquer sur le nom d\u00e9sir\u00e9 dans la liste et d\u00e9buter ou continuer une conversation avec cette personne;<\/li>\n<li>\u00c9crire le texte dans la fen\u00eatre au bas de l&rsquo;\u00e9cran et cliquer sur \u00ab\u00a0Retour\u00a0\u00bb ou sur le triangle en bas \u00e0 droite pour envoyer le message;<\/li>\n<li>On peut ajouter un fichier, un \u00e9moji, etc. \u00e0 un message, les ic\u00f4nes d&rsquo;options apparaissent sous la fen\u00eatre de message au bas de l&rsquo;\u00e9cran.<\/li>\n<li>Pour une conversation vid\u00e9o ou audio, cliquer sur l&rsquo;ic\u00f4ne de votre choix en haut \u00e0 droite de l&rsquo;\u00e9cran. V\u00e9rifier le statut de la personne (petite bulle de couleur au c\u00f4t\u00e9 de son identifiant) afin de savoir si elle est disponible.<\/li>\n<\/ol>\n<h3>\n\t\tConsulter un document\n\t<\/h3>\n\t<div style=\"width: 640px;\" class=\"wp-video\"><video class=\"wp-video-shortcode\" id=\"video-92-4\" width=\"640\" height=\"360\" poster=\"https:\/\/site.csdessommets.qc.ca\/eadistance\/wp-content\/uploads\/sites\/486\/2020\/09\/Instantan\u00e9_consulter_doc.png\" preload=\"none\" controls=\"controls\"><source type=\"video\/mp4\" src=\"https:\/\/site.csdessommets.qc.ca\/eadistance\/wp-content\/uploads\/sites\/486\/2020\/09\/el-e-consulter_doc.mp4?_=4\" \/><a href=\"https:\/\/site.csdessommets.qc.ca\/eadistance\/wp-content\/uploads\/sites\/486\/2020\/09\/el-e-consulter_doc.mp4\">https:\/\/site.csdessommets.qc.ca\/eadistance\/wp-content\/uploads\/sites\/486\/2020\/09\/el-e-consulter_doc.mp4<\/a><\/video><\/div>\n\t\n<ol>\n<li>Se rendre dans l&rsquo;\u00e9quipe d\u00e9sir\u00e9e;<\/li>\n<li>Cliquer sur \u00ab\u00a0Fichiers\u00a0\u00bb en haut de l&rsquo;\u00e9cran;<\/li>\n<li>Cliquer sur \u00ab\u00a0Supports de cours\u00a0\u00bb afin d&rsquo;acc\u00e9der aux fichiers \u00ab\u00a0non modifiables\u00a0\u00bb que l&rsquo;enseignant(e) a d\u00e9pos\u00e9s;<\/li>\n<li>Cliquer sur un autre dossier au besoin;<\/li>\n<li>Enregistrer un fichier sur ton ordinateur, modifier le fichier (compl\u00e9ter le devoir) et le remettre dans le dossier pr\u00e9vu \u00e0 cette fin;<\/li>\n<li>Cliquer sur l&rsquo;ic\u00f4ne \u00ab\u00a0Conversation\u00a0\u00bb en haut \u00e0 droite de la page afin de poser des questions en lien avec le document en cours.<\/li>\n<\/ol>\n<h3>\n\t\tDroits de parole (lever et baisser la main)\n\t<\/h3>\n\t<div style=\"width: 640px;\" class=\"wp-video\"><video class=\"wp-video-shortcode\" id=\"video-92-5\" width=\"640\" height=\"360\" poster=\"https:\/\/site.csdessommets.qc.ca\/eadistance\/wp-content\/uploads\/sites\/486\/2020\/09\/Instantan\u00e9_droits_parole.png\" preload=\"none\" controls=\"controls\"><source type=\"video\/mp4\" src=\"https:\/\/site.csdessommets.qc.ca\/eadistance\/wp-content\/uploads\/sites\/486\/2020\/09\/e-el_droits_paroles.mp4?_=5\" \/><a href=\"https:\/\/site.csdessommets.qc.ca\/eadistance\/wp-content\/uploads\/sites\/486\/2020\/09\/e-el_droits_paroles.mp4\">https:\/\/site.csdessommets.qc.ca\/eadistance\/wp-content\/uploads\/sites\/486\/2020\/09\/e-el_droits_paroles.mp4<\/a><\/video><\/div>\n\t\n<ol>\n<li>Participant: Depuis la barre flottante de Teams (appara\u00eet lorsque l&rsquo;on bouge la souris), cliquer sur la main afin de la lever et de demander le droit de parole. Cliquer de nouveau sur la main pour la baisser;<\/li>\n<li>Animateur: Cliquer sur \u00ab\u00a0Participants\u00a0\u00bb de la barre flottante pour voir qui veut la parole ou pour \u00ab\u00a0Baisser la main\u00a0\u00bb d&rsquo;un participant en cliquant sur les trois petits points \u00e0 la droite de son nom.<\/li>\n<\/ol>\n<p>*La liste de participants qui ont lev\u00e9 leur main appara\u00eet en ordre de priorit\u00e9 du haut vers le bas.<\/p>\n<h3>\n\t\tAjouter un effet d&rsquo;arri\u00e8re-plan\n\t<\/h3>\n\t<div style=\"width: 640px;\" class=\"wp-video\"><video class=\"wp-video-shortcode\" id=\"video-92-6\" width=\"640\" height=\"360\" poster=\"https:\/\/site.csdessommets.qc.ca\/eadistance\/wp-content\/uploads\/sites\/486\/2020\/11\/Instantan\u00e9_effet_arriere_plan.png\" preload=\"none\" controls=\"controls\"><source type=\"video\/mp4\" src=\"https:\/\/site.csdessommets.qc.ca\/eadistance\/wp-content\/uploads\/sites\/486\/2020\/11\/Effet-arri\u00e8re-plan.mp4?_=6\" \/><a href=\"https:\/\/site.csdessommets.qc.ca\/eadistance\/wp-content\/uploads\/sites\/486\/2020\/11\/Effet-arri\u00e8re-plan.mp4\">https:\/\/site.csdessommets.qc.ca\/eadistance\/wp-content\/uploads\/sites\/486\/2020\/11\/Effet-arri\u00e8re-plan.mp4<\/a><\/video><\/div>\n\t\n<ol>\n<li><\/li>\n<\/ol>\n<h3>\n\t\tCourrier Outlook &#8211; R\u00e9diger et envoyer un message\n\t<\/h3>\n\t<div style=\"width: 640px;\" class=\"wp-video\"><video class=\"wp-video-shortcode\" id=\"video-92-7\" width=\"640\" height=\"360\" poster=\"https:\/\/site.csdessommets.qc.ca\/eadistance\/wp-content\/uploads\/sites\/486\/2020\/09\/outlook_rediger-envoyer.png\" preload=\"none\" controls=\"controls\"><source type=\"video\/mp4\" src=\"https:\/\/site.csdessommets.qc.ca\/eadistance\/wp-content\/uploads\/sites\/486\/2020\/09\/2-sap_rediger_envoyer2.mp4?_=7\" \/><a href=\"https:\/\/site.csdessommets.qc.ca\/eadistance\/wp-content\/uploads\/sites\/486\/2020\/09\/2-sap_rediger_envoyer2.mp4\">https:\/\/site.csdessommets.qc.ca\/eadistance\/wp-content\/uploads\/sites\/486\/2020\/09\/2-sap_rediger_envoyer2.mp4<\/a><\/video><\/div>\n\t\n<ol>\n<li>Cliquer sur \u00ab\u00a0Nouveau\u00a0\u00bb<\/li>\n<li>Ajouter un ou des destinataires<\/li>\n<li>Ajouter l&rsquo;Objet du message (sujet)<\/li>\n<li>Cliquer sur \u00ab\u00a0Envoyer\u00a0\u00bb<\/li>\n<\/ol>\n<p>*Plusieurs options sont pr\u00e9sent\u00e9es dans la vid\u00e9o<\/p>\n<h3>\n\t\tCourrier Outlook &#8211; Fichier joint (devoir ou travail)\n\t<\/h3>\n\t<div style=\"width: 640px;\" class=\"wp-video\"><video class=\"wp-video-shortcode\" id=\"video-92-8\" width=\"640\" height=\"360\" poster=\"https:\/\/site.csdessommets.qc.ca\/eadistance\/wp-content\/uploads\/sites\/486\/2020\/09\/outlook_fichier.png\" preload=\"none\" controls=\"controls\"><source type=\"video\/mp4\" src=\"https:\/\/site.csdessommets.qc.ca\/eadistance\/wp-content\/uploads\/sites\/486\/2020\/09\/4-sap_piece_jointe_3_final.mp4?_=8\" \/><a href=\"https:\/\/site.csdessommets.qc.ca\/eadistance\/wp-content\/uploads\/sites\/486\/2020\/09\/4-sap_piece_jointe_3_final.mp4\">https:\/\/site.csdessommets.qc.ca\/eadistance\/wp-content\/uploads\/sites\/486\/2020\/09\/4-sap_piece_jointe_3_final.mp4<\/a><\/video><\/div>\n\t\n<ol>\n<li>Cliquer sur \u00ab\u00a0Joindre\u00a0\u00bb en haut du message en cours de r\u00e9daction ou sur le trombone dans le bas de la fen\u00eatre<\/li>\n<li>S\u00e9lectionner le fichier sur l&rsquo;ordinateur ou dans le nuage (en ligne)<\/li>\n<li>Lors de l&rsquo;ajout d&rsquo;un fichier en ligne, vous devrez d\u00e9terminer si vous voulez joindre une copie du fichier joint ou un lien vers ce fichier situ\u00e9 dans votre OneDrive. Dans le dernier cas, le destinataire pourra voir les transformations futures du document. Il pourra aussi le modifier.<\/li>\n<\/ol>\n<p>*D&rsquo;autres options sont pr\u00e9sent\u00e9es dans la vid\u00e9o.<\/p>\n<h3>\n\t\tCourrier Outlook &#8211; R\u00e9ception des messages\n\t<\/h3>\n\t<div style=\"width: 640px;\" class=\"wp-video\"><video class=\"wp-video-shortcode\" id=\"video-92-9\" width=\"640\" height=\"360\" poster=\"https:\/\/site.csdessommets.qc.ca\/eadistance\/wp-content\/uploads\/sites\/486\/2020\/09\/outlook_reception.png\" preload=\"none\" controls=\"controls\"><source type=\"video\/mp4\" src=\"https:\/\/site.csdessommets.qc.ca\/eadistance\/wp-content\/uploads\/sites\/486\/2020\/09\/3-sap_reception.mp4?_=9\" \/><a href=\"https:\/\/site.csdessommets.qc.ca\/eadistance\/wp-content\/uploads\/sites\/486\/2020\/09\/3-sap_reception.mp4\">https:\/\/site.csdessommets.qc.ca\/eadistance\/wp-content\/uploads\/sites\/486\/2020\/09\/3-sap_reception.mp4<\/a><\/video><\/div>\n\t\n<ol>\n<li>Consulter vos messages \u00e0 partir de la boite de r\u00e9ception \u00ab\u00a0Prioritaire\u00a0\u00bb, de la boite de r\u00e9ception \u00ab\u00a0Autres\u00a0\u00bb ou directement dans la boite \u00ab\u00a0R\u00e9ception\u00a0\u00bb si vous n&rsquo;utilisez pas le syst\u00e8me des courriels prioritaires.<\/li>\n<li>R\u00e9pondre au message selon les options propos\u00e9es: r\u00e9pondre \u00e0 l&rsquo;exp\u00e9diteur, r\u00e9pondre \u00e0 tous, transf\u00e9rer le message ou autres options<\/li>\n<li>Dans la fen\u00eatre de lecture du message, si ce dernier contient un fichier joint, un triangle pointant vers le bas vous permet d&rsquo;en voir l&rsquo;aper\u00e7u, d&rsquo;enregistrer le fichier dans votre OneDrive ou de le t\u00e9l\u00e9charger dans votre ordinateur.<\/li>\n<\/ol>\n<p>*D&rsquo;autres options sot pr\u00e9sent\u00e9es dans la vid\u00e9o.<\/p>\n\n","protected":false},"excerpt":{"rendered":"<p>Formation &#8211; Niveau 1 Salut!\u00a0 Ton enseignant(e) t&rsquo;a demand\u00e9 de faire quelques cours en ligne? Il est d&rsquo;abord pr\u00e9f\u00e9rable de consulter la page \u00ab\u00a0N\u00e9tiquette\u00a0\u00bb\u00a0avant de t&rsquo;attaquer \u00e0 la formation technique.\u00a0 Il faut se rappeler que les r\u00e8gles s&rsquo;appliquant \u00e0 l&rsquo;apprentissage \u00e0 distance sont les m\u00eames que lorsque tu es \u00e0 l&rsquo;\u00e9cole.\u00a0 N&rsquo;oublie pas \u00e9galement que&hellip;<\/p>\n","protected":false},"author":3,"featured_media":0,"parent":0,"menu_order":0,"comment_status":"closed","ping_status":"closed","template":"","meta":{"footnotes":""},"class_list":["post-92","page","type-page","status-publish","hentry"],"_links":{"self":[{"href":"https:\/\/site.csdessommets.qc.ca\/eadistance\/wp-json\/wp\/v2\/pages\/92","targetHints":{"allow":["GET"]}}],"collection":[{"href":"https:\/\/site.csdessommets.qc.ca\/eadistance\/wp-json\/wp\/v2\/pages"}],"about":[{"href":"https:\/\/site.csdessommets.qc.ca\/eadistance\/wp-json\/wp\/v2\/types\/page"}],"author":[{"embeddable":true,"href":"https:\/\/site.csdessommets.qc.ca\/eadistance\/wp-json\/wp\/v2\/users\/3"}],"replies":[{"embeddable":true,"href":"https:\/\/site.csdessommets.qc.ca\/eadistance\/wp-json\/wp\/v2\/comments?post=92"}],"version-history":[{"count":31,"href":"https:\/\/site.csdessommets.qc.ca\/eadistance\/wp-json\/wp\/v2\/pages\/92\/revisions"}],"predecessor-version":[{"id":695,"href":"https:\/\/site.csdessommets.qc.ca\/eadistance\/wp-json\/wp\/v2\/pages\/92\/revisions\/695"}],"wp:attachment":[{"href":"https:\/\/site.csdessommets.qc.ca\/eadistance\/wp-json\/wp\/v2\/media?parent=92"}],"curies":[{"name":"wp","href":"https:\/\/api.w.org\/{rel}","templated":true}]}}