{"id":94,"date":"2020-08-26T15:19:37","date_gmt":"2020-08-26T19:19:37","guid":{"rendered":"https:\/\/site.csdessommets.qc.ca\/eadistance\/parents\/"},"modified":"2021-02-26T10:27:29","modified_gmt":"2021-02-26T15:27:29","slug":"parents","status":"publish","type":"page","link":"https:\/\/site.csdessommets.qc.ca\/eadistance\/parents\/","title":{"rendered":"Parents"},"content":{"rendered":"\n<h2>\n\t\t<a href=\"https:\/\/ecolebranchee.com\/famille\/?mc_cid=3034966271&amp;mc_eid=75754e6c5f\" title=\"Guide pratique pour les parents - \u00c9cole branch\u00e9e (f\u00e9v. 2021)\" target=\"_blank\" rel=\"noopener\">\n\t\tGuide pratique pour les parents &#8211; \u00c9cole branch\u00e9e (f\u00e9v. 2021)\n\t\t<\/a>\n\t<\/h2>\n\t<p>Le contexte de la pand\u00e9mie de la Covid19 nous oblige \u00e0 pr\u00e9voir un confinement \u00e9ventuel des \u00e9l\u00e8ves et des enseignants du CS des Sommets. C&rsquo;est pourquoi nous avons pens\u00e9 \u00e0 vous chers parents qui avez \u00e0 accompagner \u00e0 l&rsquo;occasion votre enfant dans sa t\u00e2che d&rsquo;apprentissage \u00e0 distance. Voici donc quelques ressources et capsules de formation s&rsquo;adressant souvent \u00e0 l&rsquo;\u00e9l\u00e8ve, mais qui vous permettront de mieux savoir comment l&rsquo;aider \u00e0 se rendre et \u00e0 bien fonctionner dans sa classe en ligne.<\/p>\n\t\n\n\n<h3>\n\t\tSe connecter \u00e0 Office 365\n\t<\/h3>\n\t<div style=\"width: 640px;\" class=\"wp-video\"><video class=\"wp-video-shortcode\" id=\"video-94-1\" width=\"640\" height=\"360\" poster=\"https:\/\/site.csdessommets.qc.ca\/eadistance\/wp-content\/uploads\/sites\/486\/2020\/09\/Instantan\u00e9_connexion_o365.png\" preload=\"none\" controls=\"controls\"><source type=\"video\/mp4\" src=\"https:\/\/site.csdessommets.qc.ca\/eadistance\/wp-content\/uploads\/sites\/486\/2020\/09\/el-connexion_o365.mp4?_=1\" \/><a href=\"https:\/\/site.csdessommets.qc.ca\/eadistance\/wp-content\/uploads\/sites\/486\/2020\/09\/el-connexion_o365.mp4\">https:\/\/site.csdessommets.qc.ca\/eadistance\/wp-content\/uploads\/sites\/486\/2020\/09\/el-connexion_o365.mp4<\/a><\/video><\/div>\n\t\n<ol>\n<li>Aller sur le site <a href=\"http:\/\/csdessommets.qc.ca\">csdessommets.qc.ca;<\/a><\/li>\n<li>Cliquer sur Office 365;<\/li>\n<li>Entrer son adresse courriel et son mot de passe;<\/li>\n<li>Cliquer sur \u00ab\u00a0Se connecter\u00a0\u00bb.<\/li>\n<\/ol>\n<h3>\n\t\tT\u00e9l\u00e9charger Teams\n\t<\/h3>\n\t<div style=\"width: 640px;\" class=\"wp-video\"><video class=\"wp-video-shortcode\" id=\"video-94-2\" width=\"640\" height=\"360\" poster=\"https:\/\/site.csdessommets.qc.ca\/eadistance\/wp-content\/uploads\/sites\/486\/2020\/09\/Instantan\u00e9_telecharge_teams.png\" preload=\"none\" controls=\"controls\"><source type=\"video\/mp4\" src=\"https:\/\/site.csdessommets.qc.ca\/eadistance\/wp-content\/uploads\/sites\/486\/2020\/09\/e-el-telecharger_teams.mp4?_=2\" \/><a href=\"https:\/\/site.csdessommets.qc.ca\/eadistance\/wp-content\/uploads\/sites\/486\/2020\/09\/e-el-telecharger_teams.mp4\">https:\/\/site.csdessommets.qc.ca\/eadistance\/wp-content\/uploads\/sites\/486\/2020\/09\/e-el-telecharger_teams.mp4<\/a><\/video><\/div>\n\t\n<ol>\n<li>Dans Office 365, cliquer sur Teams;<\/li>\n<li>Cliquer sur votre ic\u00f4ne (initiales ou photo) en haut \u00e0 droite;<\/li>\n<li>Cliquer sur \u00ab\u00a0T\u00e9l\u00e9charger l&rsquo;application de bureau\u00a0\u00bb;<\/li>\n<li>Cliquer sur le document t\u00e9l\u00e9charg\u00e9 dans le bas de votre \u00e9cran ou dans votre dossier de t\u00e9l\u00e9chargement;<\/li>\n<li>Suivre les instructions d&rsquo;installation.<\/li>\n<\/ol>\n<h3>\n\t\tConsulter un document\n\t<\/h3>\n\t<div style=\"width: 640px;\" class=\"wp-video\"><video class=\"wp-video-shortcode\" id=\"video-94-3\" width=\"640\" height=\"360\" poster=\"https:\/\/site.csdessommets.qc.ca\/eadistance\/wp-content\/uploads\/sites\/486\/2020\/09\/Instantan\u00e9_consulter_doc.png\" preload=\"none\" controls=\"controls\"><source type=\"video\/mp4\" src=\"https:\/\/site.csdessommets.qc.ca\/eadistance\/wp-content\/uploads\/sites\/486\/2020\/09\/el-e-consulter_doc.mp4?_=3\" \/><a href=\"https:\/\/site.csdessommets.qc.ca\/eadistance\/wp-content\/uploads\/sites\/486\/2020\/09\/el-e-consulter_doc.mp4\">https:\/\/site.csdessommets.qc.ca\/eadistance\/wp-content\/uploads\/sites\/486\/2020\/09\/el-e-consulter_doc.mp4<\/a><\/video><\/div>\n\t\n<ol>\n<li>Se rendre dans l&rsquo;\u00e9quipe d\u00e9sir\u00e9e;<\/li>\n<li>Cliquer sur \u00ab\u00a0Fichiers\u00a0\u00bb en haut de l&rsquo;\u00e9cran;<\/li>\n<li>Cliquer sur \u00ab\u00a0Supports de cours\u00a0\u00bb afin d&rsquo;acc\u00e9der aux fichiers \u00ab\u00a0non modifiables\u00a0\u00bb que l&rsquo;enseignant(e) a d\u00e9pos\u00e9s;<\/li>\n<li>Cliquer sur un autre dossier au besoin;<\/li>\n<li>Enregistrer un fichier sur ton ordinateur, modifier le fichier (compl\u00e9ter le devoir) et le remettre dans le dossier pr\u00e9vu \u00e0 cette fin;<\/li>\n<li>Cliquer sur l&rsquo;ic\u00f4ne \u00ab\u00a0Conversation\u00a0\u00bb en haut \u00e0 droite de la page afin de poser des questions en lien avec le document en cours.<\/li>\n<\/ol>\n\n","protected":false},"excerpt":{"rendered":"<p>Guide pratique pour les parents &#8211; \u00c9cole branch\u00e9e (f\u00e9v. 2021) Le contexte de la pand\u00e9mie de la Covid19 nous oblige \u00e0 pr\u00e9voir un confinement \u00e9ventuel des \u00e9l\u00e8ves et des enseignants du CS des Sommets. C&rsquo;est pourquoi nous avons pens\u00e9 \u00e0 vous chers parents qui avez \u00e0 accompagner \u00e0 l&rsquo;occasion votre enfant dans sa t\u00e2che d&rsquo;apprentissage&hellip;<\/p>\n","protected":false},"author":3,"featured_media":0,"parent":0,"menu_order":0,"comment_status":"closed","ping_status":"closed","template":"","meta":{"footnotes":""},"class_list":["post-94","page","type-page","status-publish","hentry"],"_links":{"self":[{"href":"https:\/\/site.csdessommets.qc.ca\/eadistance\/wp-json\/wp\/v2\/pages\/94","targetHints":{"allow":["GET"]}}],"collection":[{"href":"https:\/\/site.csdessommets.qc.ca\/eadistance\/wp-json\/wp\/v2\/pages"}],"about":[{"href":"https:\/\/site.csdessommets.qc.ca\/eadistance\/wp-json\/wp\/v2\/types\/page"}],"author":[{"embeddable":true,"href":"https:\/\/site.csdessommets.qc.ca\/eadistance\/wp-json\/wp\/v2\/users\/3"}],"replies":[{"embeddable":true,"href":"https:\/\/site.csdessommets.qc.ca\/eadistance\/wp-json\/wp\/v2\/comments?post=94"}],"version-history":[{"count":14,"href":"https:\/\/site.csdessommets.qc.ca\/eadistance\/wp-json\/wp\/v2\/pages\/94\/revisions"}],"predecessor-version":[{"id":701,"href":"https:\/\/site.csdessommets.qc.ca\/eadistance\/wp-json\/wp\/v2\/pages\/94\/revisions\/701"}],"wp:attachment":[{"href":"https:\/\/site.csdessommets.qc.ca\/eadistance\/wp-json\/wp\/v2\/media?parent=94"}],"curies":[{"name":"wp","href":"https:\/\/api.w.org\/{rel}","templated":true}]}}